{"id":2512,"date":"2021-03-15T09:35:33","date_gmt":"2021-03-15T08:35:33","guid":{"rendered":"https:\/\/www.camping-florac.com\/accueil\/"},"modified":"2024-02-28T16:50:45","modified_gmt":"2024-02-28T15:50:45","slug":"home","status":"publish","type":"page","link":"https:\/\/www.camping-florac.com\/nl\/","title":{"rendered":"Accueil"},"content":{"rendered":"<section id=\"section-65df35fcc1d7e\"\" class=\"section bloc-home-gerants bg-color3\" \/><div class=\"container  extralarge\"><div class=\"colonnes-wrap valign-middle \"><div class=\"element colonne w-20\"><div class=\"element images\"><div class=\"image\"><img decoding=\"async\" src=\"https:\/\/www.camping-florac.com\/wp-content\/uploads\/2024\/02\/654dffb13002f_Camping-Le-Pont-du-Tarn-Gerant-100x100.webp\" data-src=\"https:\/\/www.camping-florac.com\/wp-content\/uploads\/2024\/02\/654dffb13002f_Camping-Le-Pont-du-Tarn-Gerant.webp\" alt=\"Photo g\u00e9rants\" class=\"images_image\" \/><\/div><\/div><\/div><div class=\"element colonne w-80\"><div class=\"div-titre left\"><h2 class=\"element section-title \">Welkom bij Christine &#038; Claude<\/h2><\/div><div class=\"element bloc-text left \">\n\t<div class=\"h2 d-down-md-none\">\u00ab Wees welkom in onze gezellige familiekamping op het kruispunt van talrijke prachtige landschappen! \u00bb<\/div>\n<p id=\"camping_opening_dates\">De camping opent zijn deuren van <strong>06\/04\/2024 tot 29\/09\/2024<\/strong><\/p>\n<\/div><\/div><\/div><\/div><\/section>\n\n<section id=\"section-604f5c84a4406\"\" class=\"section first-home bg-white p-b-0\" \/><div class=\"container  extralarge\"><div class=\"div-titre left deco-h1\"><h1 class=\"element section-title \">Welkom bij camping Le Pont du Tarn<\/h1><\/div><div class=\"element bloc-text center m-t-4\">\n\t<p>Bericht aan de liefhebbers van <strong class=\"bold color2\">grote natuurgebieden<\/strong>, familiegeest, zachte levenswijze, kwaliteitsdiensten, comfort en onvergetelijke herinneringen&#8230; Kom en ontdek <strong class=\"bold color2\">5 hectare geluk<\/strong> in Florac Trois Rivi\u00e8res in de Cevennen, in Occitani\u00eb! <\/p>\n<p><strong class=\"bold color2\">In het hart van het Nationaal Park van de Cevennen, puur genot!<\/strong><\/p>\n<\/div><\/div><\/section>\n\n<section id=\"section-604f5c84a466a\"\" class=\"section bg-white p-t-0\" \/><div class=\"container  extralarge\"><div class=\"colonnes-wrap valign-top \"><div class=\"element colonne p-l-0\"><div class=\"div-titre justify grey\"><h2 class=\"element section-title \">Diensten en pizzeria<\/h2><\/div><div class=\"element bloc-text justify \">\n\t<p>Camping Le Pont du Tarn is een <strong class=\"bold color2\">echte oase van charme<\/strong>, frisheid, rust, ontspanning. Genesteld aan de voet van de Causse M\u00e9jean en omzoomd door het heldere water van de Tarn, is alles ontworpen voor het <strong class=\"bold color2\">geluk van de vakantiegangers<\/strong> en iedereen zal zijn eigen kleine <strong class=\"bold color2\">natuurlijke en comfortabele plekje<\/strong> vinden.<\/p>\n<p>Aan de oevers van de Tarn bieden onze voorzieningen u <strong class=\"bold color2\">momenten van gezinsplezier<\/strong>: zwembad, aquaspeeltuin en verwarmd peuterbad, kinderclub, gezinsanimatie, wekelijkse avond, bibliotheek en spelotheek, toeristische informatie, brooddepot, sportvelden&#8230;<\/p>\n<p><a href=\"\/nl\/camping-restaurant-lozere\/\">De pizzeria<\/a>, in de schaduw van de platanen, zeer dicht bij de Tarn, biedt u &#8217;s avonds, <strong class=\"bold color2\">zijn pizza-menu<\/strong> en ook een <strong class=\"bold color2\">warme en koude dranken service<\/strong>, cocktails en ijsjes.<\/p>\n<\/div><\/div><div class=\"element colonne \"><div class=\"element call-to-action  call-to-action--style-1 call-to-action--big\"><a href=\"https:\/\/www.camping-florac.com\/nl\/camping-restaurant-lozere\/\"  class=\"call-to-action_link\" title=\"En savoir plus sur de diensten\"><div class=\"call-to-action_image\"><img decoding=\"async\" src=\"https:\/\/www.camping-florac.com\/wp-content\/uploads\/2021\/03\/restaurant-pizza-100x56.jpg\" data-src=\"https:\/\/www.camping-florac.com\/wp-content\/uploads\/2021\/03\/restaurant-pizza.jpg\" alt=\"restaurant pizza\" class=\"big\" \/><\/div><div class=\"call-to-action_contenu\"><div class=\"call-to-action_titre\">De diensten<\/div><\/div><\/a><\/div><\/div><div class=\"element colonne p-t-8\"><div class=\"element call-to-action  call-to-action--style-1 call-to-action--big\"><a href=\"https:\/\/www.camping-florac.com\/nl\/camping-animaties-lozere\/\"  class=\"call-to-action_link\" title=\"En savoir plus sur de animaties\"><div class=\"call-to-action_image\"><img decoding=\"async\" src=\"https:\/\/www.camping-florac.com\/wp-content\/uploads\/2021\/03\/animations-tarn-100x56.jpg\" data-src=\"https:\/\/www.camping-florac.com\/wp-content\/uploads\/2021\/03\/animations-tarn.jpg\" alt=\"animations tarn\" class=\"big\" \/><\/div><div class=\"call-to-action_contenu\"><div class=\"call-to-action_titre\">De animaties<\/div><\/div><\/a><\/div><\/div><\/div><div class=\"element bloc-text center \">\n\t<p>Op Camping Le Pont du Tarn, bieden wij een programma van <a href=\"\/nl\/camping-animaties-lozere\/\">familie animaties<\/a> : kinderclub van 5 tot 11 jaar, 1 wekelijkse avond, petanquewedstrijden en tafeltennistoernooien&#8230; Ook zullen externe dienstverleners u <strong class=\"bold color2\">initiaties riviervissen<\/strong> aanbieden, <strong class=\"bold color2\">begeleide tochten<\/strong> op elektrisch ondersteunde mountainbikes, <strong class=\"bold color2\">canyoning<\/strong> en alle <strong class=\"bold color2\">natuuractiviteiten<\/strong> die u in staat stellen de Gorges du Tarn, de Cevennen en de hele Loz\u00e8re te ontdekken, anders dan met de auto&#8230;<\/p>\n<p>Voor een <strong class=\"bold color2\">rustige vakantie in het hart van de Cevennen<\/strong>, is ons animatieprogramma bedoeld om licht en zen te zijn, de nachtanimaties eindigen ten laatste om middernacht.<\/p>\n<p>De camping is vlak, hij is aangepast voor personen met beperkte mobiliteit en wij beschikken over aangepast sanitair: 2 toilethokjes, met douche en wastafel, en 2 toiletten. De toegang tot onze accommodatie, het zwembad en de rivier zijn niet aangepast.<\/p>\n<\/div><\/div><\/section>\n\n<a href=\"https:\/\/www.camping-florac.com\/nl\/camping-zwembad-lozere\/\" class=\"section-link\"><section id=\"section-604f7ec991c1e\"\" class=\"section second-home bg-black section--has-bg-img\" \/><img decoding=\"async\" src=\"https:\/\/www.camping-florac.com\/wp-content\/uploads\/2021\/03\/camping-piscine-tarn-100x31.jpg\" data-src=\"https:\/\/www.camping-florac.com\/wp-content\/uploads\/2021\/03\/camping-piscine-tarn.jpg\" alt=\"camping piscine tarn\" class=\"section_bg-img\" data-opacite=\"0.4\"\/><div class=\"container  extralarge\"><div class=\"colonnes-wrap valign-bottom \"><div class=\"element colonne w-50 border p-6\"><div class=\"div-titre justify\"><h2 class=\"element section-title \">Zwemmen op de camping en in de rivier<\/h2><\/div><div class=\"element bloc-text justify \">\n\t<p>Wanneer u terugkomt van uw wandelingen in Florac of uw uitstapjes in de Loz\u00e8re en het Aigoual gebergte, vindt u op camping le Pont du Tarn, de keuze voor uw <strong class=\"bold color3\">kleine gezin om zich te verfrissen en te ontspannen<\/strong> rond het aqualudic gebied of bij de rivier.<\/p>\n<p>De Tarn, met zijn groene en heldere water, biedt u direct vanaf de camping Le Pont du Tarn, <strong class=\"bold color3\">2 natuurlijke en wilde stranden<\/strong> voor plezierige familiezwemmen en zoete momenten van luiheid.<\/p>\n<\/div><\/div><\/div><\/div><\/section><\/a>\n\n<section id=\"section-604f7ec991e4a\"\" class=\"section bg-white\" \/><div class=\"container  extralarge\"><div class=\"div-titre justify deco-h2 deco-o underlinerange underline\"><h2 class=\"element section-title \">De accommodaties van onze camping<\/h2><\/div><div class=\"element bloc-text center \">\n\t<p>Ontdek ons <a href=\"\/nl\/locatie-mobil-huis-tarn\/\">aanbod van accommodatie<\/a> voor een verblijf in Florac Trois Rivi\u00e8res, <strong class=\"bold color2\">met z&#8217;n tweetjes<\/strong>, <strong class=\"bold color2\">met het gezin<\/strong> of <strong class=\"bold color2\">met z&#8217;n tweetjes<\/strong>. <\/p>\n<p>Verblijf op een van <a href=\"\/nl\/locatie-berg-tarn\/\">onze kampeerplaatsen<\/a>, in een <strong class=\"bold color2\">natuurlijk en beschermd gebied<\/strong>. <\/p>\n<\/div><div class=\"colonnes-wrap valign-middle \"><div class=\"element colonne \"><div class=\"element call-to-action  call-to-action--style-1 call-to-action--big\"><a href=\"https:\/\/www.camping-florac.com\/nl\/locatie-mobil-huis-tarn\/\"  class=\"call-to-action_link\" title=\"En savoir plus sur onze huurverblijven\"><div class=\"call-to-action_image\"><img decoding=\"async\" src=\"https:\/\/www.camping-florac.com\/wp-content\/uploads\/2021\/03\/lodge-location-sweetflower-83x100.jpg\" data-src=\"https:\/\/www.camping-florac.com\/wp-content\/uploads\/2021\/03\/lodge-location-sweetflower.jpg\" alt=\"lodge location sweetflower\" class=\"big\" \/><\/div><div class=\"call-to-action_contenu\"><div class=\"call-to-action_titre\">Onze huurverblijven<\/div><\/div><\/a><\/div><\/div><div class=\"element colonne \"><div class=\"element call-to-action  call-to-action--style-1 call-to-action--big\"><a href=\"https:\/\/www.camping-florac.com\/nl\/locatie-berg-tarn\/\"  class=\"call-to-action_link\" title=\"En savoir plus sur onze locaties\"><div class=\"call-to-action_image\"><img decoding=\"async\" src=\"https:\/\/www.camping-florac.com\/wp-content\/uploads\/2021\/03\/camping-amis-1-100x95.jpg\" data-src=\"https:\/\/www.camping-florac.com\/wp-content\/uploads\/2021\/03\/camping-amis-1.jpg\" alt=\"camping amis\" class=\"big\" \/><\/div><div class=\"call-to-action_contenu\"><div class=\"call-to-action_titre\">Onze locaties<\/div><\/div><\/a><\/div><\/div><\/div><\/div><\/section>\n\n<section id=\"section-65df4267e256d\"\" class=\"section bloc-galerie-home bg-white\" \/><div class=\"container  extralarge\"><div class=\"div-titre center\"><h2 class=\"element section-title \">Fotogalerij<\/h2><\/div><div class=\"colonnes-wrap valign-top \"><div class=\"element colonne wp-30\"><div class=\"element images\"><div class=\"image\"><img decoding=\"async\" src=\"https:\/\/www.camping-florac.com\/wp-content\/uploads\/2023\/07\/camping-ecologique-acces-riviere-100x75.jpg\" data-src=\"https:\/\/www.camping-florac.com\/wp-content\/uploads\/2023\/07\/camping-ecologique-acces-riviere.jpg\" alt=\"De rivier\" class=\"images_image\" \/><\/div><\/div><div class=\"element images\"><div class=\"image\"><img decoding=\"async\" src=\"https:\/\/www.camping-florac.com\/wp-content\/uploads\/2021\/03\/piscine-gorges-du-tarn-91x100.jpg\" data-src=\"https:\/\/www.camping-florac.com\/wp-content\/uploads\/2021\/03\/piscine-gorges-du-tarn.jpg\" alt=\"Het zwembad\" class=\"images_image\" \/><\/div><\/div><div class=\"element images\"><div class=\"image\"><img decoding=\"async\" src=\"https:\/\/www.camping-florac.com\/wp-content\/uploads\/2023\/07\/restaurant-camping-ecologique-lozere-100x75.jpg\" data-src=\"https:\/\/www.camping-florac.com\/wp-content\/uploads\/2023\/07\/restaurant-camping-ecologique-lozere.jpg\" alt=\"De barbecue\" class=\"images_image\" \/><\/div><\/div><\/div><div class=\"element colonne wp-30\"><div class=\"element images\"><div class=\"image\"><img decoding=\"async\" src=\"https:\/\/www.camping-florac.com\/wp-content\/uploads\/2023\/07\/aire-de-jeux-camping-ecologique-lozere-100x75.jpg\" data-src=\"https:\/\/www.camping-florac.com\/wp-content\/uploads\/2023\/07\/aire-de-jeux-camping-ecologique-lozere.jpg\" alt=\"Het kinderspeelplein\" class=\"images_image\" \/><\/div><\/div><div class=\"element images\"><div class=\"image\"><img decoding=\"async\" src=\"https:\/\/www.camping-florac.com\/wp-content\/uploads\/2022\/03\/peche-camping-lozere-1-1-100x90.png\" data-src=\"https:\/\/www.camping-florac.com\/wp-content\/uploads\/2022\/03\/peche-camping-lozere-1-1.png\" alt=\"Vissen activiteit\" class=\"images_image\" \/><\/div><\/div><div class=\"element images\"><div class=\"image\"><img decoding=\"async\" src=\"https:\/\/www.camping-florac.com\/wp-content\/uploads\/2021\/03\/coco-sweet-camping-100x97.jpg\" data-src=\"https:\/\/www.camping-florac.com\/wp-content\/uploads\/2021\/03\/coco-sweet-camping.jpg\" alt=\"Verblijven\" class=\"images_image\" \/><\/div><\/div><\/div><div class=\"element colonne wp-30\"><div class=\"element images\"><div class=\"image\"><img decoding=\"async\" src=\"https:\/\/www.camping-florac.com\/wp-content\/uploads\/2021\/04\/animation--100x75.png\" data-src=\"https:\/\/www.camping-florac.com\/wp-content\/uploads\/2021\/04\/animation-.png\" alt=\"Fietsen activiteit\" class=\"images_image\" \/><\/div><\/div><div class=\"element images\"><div class=\"image\"><img decoding=\"async\" src=\"https:\/\/www.camping-florac.com\/wp-content\/uploads\/2021\/03\/abri-table-100x97.jpg\" data-src=\"https:\/\/www.camping-florac.com\/wp-content\/uploads\/2021\/03\/abri-table.jpg\" alt=\"Overdekte standplaats\" class=\"images_image\" \/><\/div><\/div><div class=\"element images\"><div class=\"image\"><img decoding=\"async\" src=\"https:\/\/www.camping-florac.com\/wp-content\/uploads\/2021\/03\/randonnee-aigoual-90x100.jpg\" data-src=\"https:\/\/www.camping-florac.com\/wp-content\/uploads\/2021\/03\/randonnee-aigoual.jpg\" alt=\"Wandelen activiteit\" class=\"images_image\" \/><\/div><\/div><\/div><\/div><\/div><\/section>\n\n<section id=\"section-604f7ec992137\"\" class=\"section grid-home bg-color3\" \/><div class=\"container  extralarge\"><div class=\"div-titre center deco-h2 deco-vert\"><h2 class=\"element section-title \">Ontdek de omgeving en onze mooie streek<\/h2><\/div><div class=\"colonnes-wrap valign-top \"><div class=\"element colonne grid\"><div class=\"element call-to-action  call-to-action--style-1 call-to-action--big\"><a href=\"https:\/\/www.camping-florac.com\/nl\/camping-gorges-du-tarn\/\"  class=\"call-to-action_link\" title=\"En savoir plus sur de gorges du tarn\"><div class=\"call-to-action_image\"><img decoding=\"async\" src=\"https:\/\/www.camping-florac.com\/wp-content\/uploads\/2021\/03\/gorges-du-tarn-1-88x100.jpg\" data-src=\"https:\/\/www.camping-florac.com\/wp-content\/uploads\/2021\/03\/gorges-du-tarn-1.jpg\" alt=\"Deux personnes faisant du Kayak au gorge du tarn\" class=\"big\" \/><\/div><div class=\"call-to-action_contenu\"><div class=\"call-to-action_titre\">De Gorges du Tarn<\/div><\/div><\/a><\/div><div class=\"element call-to-action  call-to-action--style-1 call-to-action--big call-to-action--style-1 call-to-action--big\"><a href=\"https:\/\/www.camping-florac.com\/nl\/camping-de-grands-causses\/\"  class=\"call-to-action_link\" title=\"En savoir plus sur de grote causses\"><div class=\"call-to-action_image\"><img decoding=\"async\" src=\"https:\/\/www.camping-florac.com\/wp-content\/uploads\/2021\/03\/grands-causses-tarn-88x100.jpg\" data-src=\"https:\/\/www.camping-florac.com\/wp-content\/uploads\/2021\/03\/grands-causses-tarn.jpg\" alt=\"grands causses tarn\" class=\"big\" \/><\/div><div class=\"call-to-action_contenu\"><div class=\"call-to-action_titre\">De grote Causses<\/div><\/div><\/a><\/div><div class=\"element call-to-action  call-to-action--style-1 call-to-action--big call-to-action--style-1 call-to-action--big call-to-action--style-1 call-to-action--big\"><a href=\"https:\/\/www.camping-florac.com\/nl\/camping-cevennes\/\"  class=\"call-to-action_link\" title=\"En savoir plus sur de cevennen\"><div class=\"call-to-action_image\"><img decoding=\"async\" src=\"https:\/\/www.camping-florac.com\/wp-content\/uploads\/2021\/03\/cevennes-100x37.jpg\" data-src=\"https:\/\/www.camping-florac.com\/wp-content\/uploads\/2021\/03\/cevennes.jpg\" alt=\"cevennes\" class=\"big\" \/><\/div><div class=\"call-to-action_contenu\"><div class=\"call-to-action_titre\">De Cevennen<\/div><\/div><\/a><\/div><div class=\"element call-to-action  call-to-action--style-1 call-to-action--big call-to-action--style-1 call-to-action--big call-to-action--style-1 call-to-action--big call-to-action--style-1 call-to-action--big\"><a href=\"https:\/\/www.camping-florac.com\/nl\/camping-gorges-de-la-jonte\/\"  class=\"call-to-action_link\" title=\"En savoir plus sur de jonte gorges\"><div class=\"call-to-action_image\"><img decoding=\"async\" src=\"https:\/\/www.camping-florac.com\/wp-content\/uploads\/2021\/03\/gorges-jontes-100x75.jpg\" data-src=\"https:\/\/www.camping-florac.com\/wp-content\/uploads\/2021\/03\/gorges-jontes.jpg\" alt=\"gorges jontes\" class=\"big\" \/><\/div><div class=\"call-to-action_contenu\"><div class=\"call-to-action_titre\">De Jonte Gorges<\/div><\/div><\/a><\/div><div class=\"element call-to-action  call-to-action--style-1 call-to-action--big call-to-action--style-1 call-to-action--big call-to-action--style-1 call-to-action--big call-to-action--style-1 call-to-action--big call-to-action--style-1 call-to-action--big\"><a href=\"https:\/\/www.camping-florac.com\/nl\/camping-mont-aigoual\/\"  class=\"call-to-action_link\" title=\"En savoir plus sur de berg aigoual\"><div class=\"call-to-action_image\"><img decoding=\"async\" src=\"https:\/\/www.camping-florac.com\/wp-content\/uploads\/2021\/03\/mont-aigoual-observatoire-100x56.jpg\" data-src=\"https:\/\/www.camping-florac.com\/wp-content\/uploads\/2021\/03\/mont-aigoual-observatoire.jpg\" alt=\"mont aigoual observatoire\" class=\"big\" \/><\/div><div class=\"call-to-action_contenu\"><div class=\"call-to-action_titre\">De berg Aigoual<\/div><\/div><\/a><\/div><div class=\"element call-to-action  call-to-action--style-1 call-to-action--big call-to-action--style-1 call-to-action--big call-to-action--style-1 call-to-action--big call-to-action--style-1 call-to-action--big call-to-action--style-1 call-to-action--big call-to-action--style-1 call-to-action--big\"><a href=\"https:\/\/www.camping-florac.com\/nl\/camping-mont-lozere\/\"  class=\"call-to-action_link\" title=\"En savoir plus sur de berg lozere\"><div class=\"call-to-action_image\"><img decoding=\"async\" src=\"https:\/\/www.camping-florac.com\/wp-content\/uploads\/2021\/03\/mont-lozere-tarn-1-100x75.jpg\" data-src=\"https:\/\/www.camping-florac.com\/wp-content\/uploads\/2021\/03\/mont-lozere-tarn-1.jpg\" alt=\"mont lozere tarn\" class=\"big\" \/><\/div><div class=\"call-to-action_contenu\"><div class=\"call-to-action_titre\">De berg Lozere<\/div><\/div><\/a><\/div><div class=\"element bloc-text justify p-4 border\">\n\t<p>Ontdek in Loz\u00e8re de <a href=\"\/nl\/camping-gorges-du-tarn\/\">Gorges du Tarn<\/a>, een <strong class=\"bold color2\">supermooie kloof<\/strong> uitgesleten door de Tarn tussen de Causse M\u00e9jean en de Causse Sauveterre!<\/p>\n<p>Camping Le Pont du Tarn is ideaal gelegen in Florac, hoofdstad van het <a href=\"\/nl\/camping-cevennes\/\">Cevennes National Park<\/a>, een reservaat van <strong class=\"bold color2\">rijke biodiversiteit<\/strong>, met wilde en ongerepte landschappen.<\/p>\n<p>De <a href=\"\/nl\/camping-gorges-de-la-jonte\/\">Gorges de la Jonte<\/a> zijn de thuisbasis van <strong class=\"bold color2\">weldadige kliffen<\/strong> en <strong class=\"bold color2\">uitzonderlijke landschappen<\/strong>. Ontdek via de vele wandelingen en trektochten de natuurlijke habitat van de vele roofvogels en gieren!<\/p>\n<p>Laat u betoveren door het <strong class=\"bold color2\"> adembenemende panorama<\/strong> van het <a href=\"\/nl\/camping-mont-aigoual\/\">mont Aigoual<\/a>, dat u een breed overzicht biedt dat 13 departementen omvat.<\/p>\n<p><a href=\"\/nl\/camping-mont-lozere\/\">Mont Loz\u00e8re<\/a> biedt u een sublieme uitnodiging, door de <strong class=\"bold color2\">unieke landschappen<\/strong> om de oorsprong van de Sources du Tarn te ontdekken.<\/p>\n<\/div><\/div><\/div><\/div><\/section>\n\n<section id=\"section-604f7ec99243a\"\" class=\"section bg-black section--has-bg-img\" \/><img decoding=\"async\" src=\"https:\/\/www.camping-florac.com\/wp-content\/uploads\/2021\/03\/camping-riviere-tarn-100x31.jpg\" data-src=\"https:\/\/www.camping-florac.com\/wp-content\/uploads\/2021\/03\/camping-riviere-tarn.jpg\" alt=\"camping riviere tarn\" class=\"section_bg-img\" data-opacite=\"0.4\"\/><div class=\"container  extralarge\"><div class=\"div-titre center deco-h2 deco-white underline\"><h2 class=\"element section-title \">De diensten van de camping<\/h2><div class=\"sub-title\">Vakantie in alle rust<\/div><\/div><div class=\"colonnes-wrap valign-top services\"><div class=\"element colonne tarn-snack\"><div class=\"element bloc-text justify \">\n\t<p>Pizzeria<\/p>\n<\/div><\/div><div class=\"element colonne tarn-laverie\"><div class=\"element bloc-text justify \">\n\t<p>Wasserij<\/p>\n<\/div><\/div><div class=\"element colonne tarn-cocktail\"><div class=\"element bloc-text justify \">\n\t<p>Versnapering stand<\/p>\n<\/div><\/div><div class=\"element colonne tarn-glaces\"><div class=\"element bloc-text justify \">\n\t<p>Ijs<\/p>\n<\/div><\/div><div class=\"element colonne tarn-pain\"><div class=\"element bloc-text justify \">\n\t<p>Brood en Weens gebak<\/p>\n<\/div><\/div><div class=\"element colonne tarn-wifi\"><div class=\"element bloc-text justify \">\n\t<p>wifi<\/p>\n<\/div><\/div><\/div><\/div><\/section>","protected":false},"excerpt":{"rendered":"","protected":false},"author":1,"featured_media":0,"parent":0,"menu_order":0,"comment_status":"closed","ping_status":"closed","template":"","meta":{"_acf_changed":false,"footnotes":""},"class_list":["post-2512","page","type-page","status-publish","hentry"],"acf":[],"yoast_head":"<!-- This site is optimized with the Yoast SEO plugin v22.2 - https:\/\/yoast.com\/wordpress\/plugins\/seo\/ -->\n<title>Camping Pont du Tarn | Camping bij Florac in Loz\u00e8re | Gorges du Tarn<\/title>\n<meta name=\"description\" content=\"Kamperen in Loz\u00e8re, vind plezier in zijn puurste vorm op Camping le Pont du Tarn voor uw voordelige verblijf in Loz\u00e8re.\" \/>\n<meta name=\"robots\" content=\"index, follow, max-snippet:-1, max-image-preview:large, max-video-preview:-1\" \/>\n<link rel=\"canonical\" href=\"https:\/\/www.camping-florac.com\/nl\/\" \/>\n<meta property=\"og:locale\" content=\"nl_NL\" \/>\n<meta property=\"og:type\" content=\"article\" \/>\n<meta property=\"og:title\" content=\"Camping Pont du Tarn | Camping bij Florac in Loz\u00e8re | Gorges du Tarn\" \/>\n<meta property=\"og:description\" content=\"Kamperen in Loz\u00e8re, vind plezier in zijn puurste vorm op Camping le Pont du Tarn voor uw voordelige verblijf in Loz\u00e8re.\" \/>\n<meta property=\"og:url\" content=\"https:\/\/www.camping-florac.com\/nl\/\" \/>\n<meta property=\"og:site_name\" content=\"Camping Pont du Tarn\" \/>\n<meta property=\"article:modified_time\" content=\"2024-02-28T15:50:45+00:00\" \/>\n<meta name=\"twitter:card\" content=\"summary_large_image\" \/>\n<script type=\"application\/ld+json\" class=\"yoast-schema-graph\">{\"@context\":\"https:\/\/schema.org\",\"@graph\":[{\"@type\":\"WebPage\",\"@id\":\"https:\/\/www.camping-florac.com\/nl\/\",\"url\":\"https:\/\/www.camping-florac.com\/nl\/\",\"name\":\"Camping Pont du Tarn | Camping bij Florac in Loz\u00e8re | Gorges du Tarn\",\"isPartOf\":{\"@id\":\"https:\/\/www.camping-florac.com\/nl\/#website\"},\"datePublished\":\"2021-03-15T08:35:33+00:00\",\"dateModified\":\"2024-02-28T15:50:45+00:00\",\"description\":\"Kamperen in Loz\u00e8re, vind plezier in zijn puurste vorm op Camping le Pont du Tarn voor uw voordelige verblijf in Loz\u00e8re.\",\"breadcrumb\":{\"@id\":\"https:\/\/www.camping-florac.com\/nl\/#breadcrumb\"},\"inLanguage\":\"nl-NL\",\"potentialAction\":[{\"@type\":\"ReadAction\",\"target\":[\"https:\/\/www.camping-florac.com\/nl\/\"]}]},{\"@type\":\"BreadcrumbList\",\"@id\":\"https:\/\/www.camping-florac.com\/nl\/#breadcrumb\",\"itemListElement\":[{\"@type\":\"ListItem\",\"position\":1,\"name\":\"Camping Loz\u00e8re\",\"item\":\"https:\/\/www.camping-florac.com\/nl\/\"},{\"@type\":\"ListItem\",\"position\":2,\"name\":\"Accueil\"}]},{\"@type\":\"WebSite\",\"@id\":\"https:\/\/www.camping-florac.com\/nl\/#website\",\"url\":\"https:\/\/www.camping-florac.com\/nl\/\",\"name\":\"Camping Pont du Tarn\",\"description\":\"\",\"potentialAction\":[{\"@type\":\"SearchAction\",\"target\":{\"@type\":\"EntryPoint\",\"urlTemplate\":\"https:\/\/www.camping-florac.com\/nl\/?s={search_term_string}\"},\"query-input\":\"required name=search_term_string\"}],\"inLanguage\":\"nl-NL\"}]}<\/script>\n<!-- \/ Yoast SEO plugin. -->","yoast_head_json":{"title":"Camping Pont du Tarn | Camping bij Florac in Loz\u00e8re | Gorges du Tarn","description":"Kamperen in Loz\u00e8re, vind plezier in zijn puurste vorm op Camping le Pont du Tarn voor uw voordelige verblijf in Loz\u00e8re.","robots":{"index":"index","follow":"follow","max-snippet":"max-snippet:-1","max-image-preview":"max-image-preview:large","max-video-preview":"max-video-preview:-1"},"canonical":"https:\/\/www.camping-florac.com\/nl\/","og_locale":"nl_NL","og_type":"article","og_title":"Camping Pont du Tarn | Camping bij Florac in Loz\u00e8re | Gorges du Tarn","og_description":"Kamperen in Loz\u00e8re, vind plezier in zijn puurste vorm op Camping le Pont du Tarn voor uw voordelige verblijf in Loz\u00e8re.","og_url":"https:\/\/www.camping-florac.com\/nl\/","og_site_name":"Camping Pont du Tarn","article_modified_time":"2024-02-28T15:50:45+00:00","twitter_card":"summary_large_image","schema":{"@context":"https:\/\/schema.org","@graph":[{"@type":"WebPage","@id":"https:\/\/www.camping-florac.com\/nl\/","url":"https:\/\/www.camping-florac.com\/nl\/","name":"Camping Pont du Tarn | Camping bij Florac in Loz\u00e8re | Gorges du Tarn","isPartOf":{"@id":"https:\/\/www.camping-florac.com\/nl\/#website"},"datePublished":"2021-03-15T08:35:33+00:00","dateModified":"2024-02-28T15:50:45+00:00","description":"Kamperen in Loz\u00e8re, vind plezier in zijn puurste vorm op Camping le Pont du Tarn voor uw voordelige verblijf in Loz\u00e8re.","breadcrumb":{"@id":"https:\/\/www.camping-florac.com\/nl\/#breadcrumb"},"inLanguage":"nl-NL","potentialAction":[{"@type":"ReadAction","target":["https:\/\/www.camping-florac.com\/nl\/"]}]},{"@type":"BreadcrumbList","@id":"https:\/\/www.camping-florac.com\/nl\/#breadcrumb","itemListElement":[{"@type":"ListItem","position":1,"name":"Camping Loz\u00e8re","item":"https:\/\/www.camping-florac.com\/nl\/"},{"@type":"ListItem","position":2,"name":"Accueil"}]},{"@type":"WebSite","@id":"https:\/\/www.camping-florac.com\/nl\/#website","url":"https:\/\/www.camping-florac.com\/nl\/","name":"Camping Pont du Tarn","description":"","potentialAction":[{"@type":"SearchAction","target":{"@type":"EntryPoint","urlTemplate":"https:\/\/www.camping-florac.com\/nl\/?s={search_term_string}"},"query-input":"required name=search_term_string"}],"inLanguage":"nl-NL"}]}},"_links":{"self":[{"href":"https:\/\/www.camping-florac.com\/nl\/wp-json\/wp\/v2\/pages\/2512","targetHints":{"allow":["GET"]}}],"collection":[{"href":"https:\/\/www.camping-florac.com\/nl\/wp-json\/wp\/v2\/pages"}],"about":[{"href":"https:\/\/www.camping-florac.com\/nl\/wp-json\/wp\/v2\/types\/page"}],"author":[{"embeddable":true,"href":"https:\/\/www.camping-florac.com\/nl\/wp-json\/wp\/v2\/users\/1"}],"replies":[{"embeddable":true,"href":"https:\/\/www.camping-florac.com\/nl\/wp-json\/wp\/v2\/comments?post=2512"}],"version-history":[{"count":22,"href":"https:\/\/www.camping-florac.com\/nl\/wp-json\/wp\/v2\/pages\/2512\/revisions"}],"predecessor-version":[{"id":5999,"href":"https:\/\/www.camping-florac.com\/nl\/wp-json\/wp\/v2\/pages\/2512\/revisions\/5999"}],"wp:attachment":[{"href":"https:\/\/www.camping-florac.com\/nl\/wp-json\/wp\/v2\/media?parent=2512"}],"curies":[{"name":"wp","href":"https:\/\/api.w.org\/{rel}","templated":true}]}}