{"id":2415,"date":"2021-03-15T10:13:13","date_gmt":"2021-03-15T09:13:13","guid":{"rendered":"https:\/\/www.camping-florac.com\/camping-cevennes\/"},"modified":"2021-11-11T15:01:12","modified_gmt":"2021-11-11T14:01:12","slug":"camping-cevennes","status":"publish","type":"page","link":"https:\/\/www.camping-florac.com\/nl\/camping-cevennes\/","title":{"rendered":"Visiter &#8211; Unesco : Les cevennes"},"content":{"rendered":"<section id=\"section-604f24cbc089b\"\" class=\"section bg-white p-b-0\" \/><div class=\"container \"><div class=\"div-titre center deco-h1\"><h1 class=\"element section-title \">Camping bij de Cevennen<\/h1><\/div><div class=\"div-titre center\"><h2 class=\"element section-title \">Bezoek de Cevennen<\/h2><\/div><div class=\"element bloc-text center \">\n\t<p>De <a href=\"\/nl\/\">Bloemencamping Le Pont du Tarn<\/a> is ideaal gelegen in <strong class=\"bold color2\">Florac groene toeristische badplaats<\/strong> en <strong class=\"bold color2\">Hoofdstad van het Cevennes Nationaal Park<\/strong>, in het hart van de Causses en Cevennes landschappen en aan de voet van de Causse M\u00e9jean kliffen!<\/p>\n<p>De Cevennen, <strong class=\"bold color2\">geclassificeerd als Unesco Werelderfgoed<\/strong>, bieden een palet van opmerkelijke en gevarieerde landschappen die u niet mag missen tijdens uw verblijf in Loz\u00e8re. <\/p>\n<\/div><\/div><\/section>\n\n<section id=\"section-60507fed83ef3\"\" class=\"section bg-white p-t-0 p-b-0\" \/><div class=\"container  extralarge\"><div class=\"colonnes-wrap valign-middle \"><div class=\"element colonne \"><div class=\"element bloc-text justify \">\n\t<p>Camping le Pont du Tarn biedt <strong class=\"bold color2\">verschillende bezoeken en activiteiten<\/strong> tijdens uw verblijf op de camping om alle geheimen en landschappen van de Cevennen te ontdekken.  <\/p>\n<p><strong class=\"bold color2\">Uitgestrekt gebied<\/strong>, het heeft geen gebrek aan troeven. Ontdek Anduze, een klein stadje waar het goed slenteren is door de smalle straatjes en de beroemde pottenbakkerijen van Anduze.<\/p>\n<p>Een kort uitstapje naar Saint-Jean-du-Gard met de Cevennes Stoomtrein, die een stop biedt aan de beroemde Bambouserais geclassificeerd onder de <strong class=\"bold color2\">de mooiste tuinen in Frankrijk<\/strong>. <\/p>\n<p>Ontdek de <strong class=\"bold color2\">rijkdom van een uitzonderlijk erfgoed<\/strong>, de bestemming bij uitstek van de Cevennen of niet minder dan <strong class=\"bold color2\">8 grote sites zijn geclassificeerd als Unesco Werelderfgoed<\/strong> en dit alles in een straal vlakbij uw huuraccommodatie op Camping le Pont du Tarn. <\/p>\n<\/div><\/div><div class=\"element colonne \"><div class=\"element images\"><div class=\"image\"><img decoding=\"async\" src=\"https:\/\/www.camping-florac.com\/wp-content\/uploads\/2021\/03\/cevennes-paysages-91x100.jpg\" data-src=\"https:\/\/www.camping-florac.com\/wp-content\/uploads\/2021\/03\/cevennes-paysages.jpg\" alt=\"cevennes paysages\" class=\"images_image\" \/><\/div><\/div><\/div><div class=\"element colonne p-t-8\"><div class=\"element images\"><div class=\"image\"><img decoding=\"async\" src=\"https:\/\/www.camping-florac.com\/wp-content\/uploads\/2021\/03\/train-vapeur-cevennes-90x100.jpg\" data-src=\"https:\/\/www.camping-florac.com\/wp-content\/uploads\/2021\/03\/train-vapeur-cevennes.jpg\" alt=\"train vapeur cevennes\" class=\"images_image\" \/><\/div><\/div><\/div><\/div><\/div><\/section>\n\n<section id=\"section-second\"\" class=\"section bg-white p-t-0 p-b-0\" \/><div class=\"container  extralarge\"><div class=\"colonnes-wrap valign-middle \"><div class=\"element colonne p-t-8\"><div class=\"element images\"><div class=\"image\"><img decoding=\"async\" src=\"https:\/\/www.camping-florac.com\/wp-content\/uploads\/2021\/03\/bambouseraie-90x100.jpg\" data-src=\"https:\/\/www.camping-florac.com\/wp-content\/uploads\/2021\/03\/bambouseraie.jpg\" alt=\"bambouseraie\" class=\"images_image\" \/><\/div><\/div><\/div><div class=\"element colonne \"><div class=\"element images\"><div class=\"image\"><img decoding=\"async\" src=\"https:\/\/www.camping-florac.com\/wp-content\/uploads\/2021\/03\/montagnes-cevennes-91x100.jpg\" data-src=\"https:\/\/www.camping-florac.com\/wp-content\/uploads\/2021\/03\/montagnes-cevennes.jpg\" alt=\"montagnes cevennes\" class=\"images_image\" \/><\/div><\/div><\/div><div class=\"element colonne \"><div class=\"div-titre justify\"><h2 class=\"element section-title \">De must-sees in de Cevennen<\/h2><\/div><div class=\"element bloc-text justify \">\n\t<p>Of u nu wilt wandelen, <strong class=\"bold color2\">zwemmen in de vele rivieren<\/strong>, gebruik wilt maken van de vele outdoor-activiteiten, of gewoon wilt ontspannen op Camping le Pont du Tarn terwijl u geniet van het landschap, het zwembad of zelfs de rivier.<\/p>\n<p>Laat u, net als de jonge Stevenson 140 jaar geleden, betoveren door deze wilde, mooie en rebelse natuur. Wandel over het beroemde pad van Stevenson, ontdek het enige <strong class=\"bold color2\">Nationaal Park van Frankrijk<\/strong> waar fauna, flora en bewoners in harmonie samenleven in de <strong class=\"bold color2\">mooie valleien van de Cevennen<\/strong>, land van kastanjes en paillardons.  <\/p>\n<p>In 2018 wordt <strong class=\"bold color2\">het Nationaal Park van de Cevennen<\/strong> het grootste sterreservaat van Europa. Kom slapen op Camping le Pont du Tarn, en verdwaal in de sterrenhemel!<\/p>\n<\/div><\/div><\/div><div class=\"element bloc-text center \">\n\t<p>Neem contact op met <strong class=\"bold color2\">het toeristenbureau van de Gorges du Tarn Causses C\u00e9vennes<\/strong> voor meer informatie over wat er te doen is tijdens uw verblijf.<\/p>\n<\/div><\/div><\/section>\n\n<section id=\"section-60507fed84214\"\" class=\"section bg-white\" \/><div class=\"container  full\"><div class=\"element images\"><div class=\"image\"><img decoding=\"async\" src=\"https:\/\/www.camping-florac.com\/wp-content\/uploads\/2021\/03\/chateau-prades-100x95.jpg\" data-src=\"https:\/\/www.camping-florac.com\/wp-content\/uploads\/2021\/03\/chateau-prades.jpg\" alt=\"chateau prades\" class=\"images_image\" \/><\/div><div class=\"image\"><img decoding=\"async\" src=\"https:\/\/www.camping-florac.com\/wp-content\/uploads\/2021\/03\/falaise-jonte-100x95.jpg\" data-src=\"https:\/\/www.camping-florac.com\/wp-content\/uploads\/2021\/03\/falaise-jonte.jpg\" alt=\"falaise jonte\" class=\"images_image\" \/><\/div><div class=\"image\"><img decoding=\"async\" src=\"https:\/\/www.camping-florac.com\/wp-content\/uploads\/2021\/03\/garde-guerin-vue-100x95.jpg\" data-src=\"https:\/\/www.camping-florac.com\/wp-content\/uploads\/2021\/03\/garde-guerin-vue.jpg\" alt=\"garde guerin vue\" class=\"images_image\" \/><\/div><div class=\"image\"><img decoding=\"async\" src=\"https:\/\/www.camping-florac.com\/wp-content\/uploads\/2021\/03\/castelbouc-village2-100x95.jpg\" data-src=\"https:\/\/www.camping-florac.com\/wp-content\/uploads\/2021\/03\/castelbouc-village2.jpg\" alt=\"castelbouc village\" class=\"images_image\" \/><\/div><\/div><\/div><\/section>\n\n<section id=\"section-60507fed84658\"\" class=\"section bg-white p-t-0 p-b-0\" \/><div class=\"container  extralarge\"><div class=\"colonnes-wrap valign-middle \"><div class=\"element colonne \"><div class=\"div-titre left\"><h2 class=\"element section-title \">Camping bij de Cevennen<\/h2><\/div><div class=\"element bloc-text justify \">\n\t<p>Na het ontdekken van de <strong class=\"bold color2\">rijkdommen die de Cevennen herbergen<\/strong>, vindt u uw stacaravan of kampeerplaats te huur op de camping Pont du Tarn om te genieten van <strong class=\"bold color2\">ontspannende momenten met uw gezin<\/strong>.<\/p>\n<p>De <strong class=\"bold color2\">hete zomerdagen<\/strong> zullen u zeker zin doen krijgen in een laatste duik in ons zwembad om af te koelen of een paar baantjes te trekken.<\/p>\n<p>Aan het eind van de dag heeft u de gelegenheid om <strong class=\"bold color2\">een heerlijke pizza<\/strong> te proeven op het terras van de pizzeria, vlakbij de brug. <\/p>\n<p>Met een verblijf op onze camping in de buurt van de Cevennen beleeft u ongetwijfeld een <strong class=\"bold color2\">onvergetelijk familieverblijf<\/strong>.<\/p>\n<\/div><\/div><div class=\"element colonne \"><div class=\"element images\"><div class=\"image\"><img decoding=\"async\" src=\"https:\/\/www.camping-florac.com\/wp-content\/uploads\/2021\/03\/paysage-anduze-91x100.jpg\" data-src=\"https:\/\/www.camping-florac.com\/wp-content\/uploads\/2021\/03\/paysage-anduze.jpg\" alt=\"paysage anduze\" class=\"images_image\" \/><\/div><\/div><\/div><div class=\"element colonne p-t-8\"><div class=\"element images\"><div class=\"image\"><img decoding=\"async\" src=\"https:\/\/www.camping-florac.com\/wp-content\/uploads\/2021\/03\/cascade-de-runes-91x100.jpg\" data-src=\"https:\/\/www.camping-florac.com\/wp-content\/uploads\/2021\/03\/cascade-de-runes.jpg\" alt=\"cascade de runes\" class=\"images_image\" \/><\/div><\/div><\/div><\/div><\/div><\/section>\n\n<section id=\"section-6050a6d7a33d2\"\" class=\"section bg-white\" \/><div class=\"container  extralarge\"><div class=\"div-titre center deco-h2\"><div class=\"element section-title \">De omgeving van de Cevennen<\/div><\/div><ul class=\"liste-de-page\"><li class=\"element call-to-action carre call-to-action--style-1 call-to-action--normal\"><a href=\"https:\/\/www.camping-florac.com\/nl\/camping-gorges-du-tarn\/\"  class=\"call-to-action_link\" title=\"En savoir plus sur de gorges du tarn\"><div class=\"call-to-action_image\"><img decoding=\"async\" src=\"https:\/\/www.camping-florac.com\/wp-content\/uploads\/2021\/03\/vue-point-sublime-100x56.jpg\" data-src=\"https:\/\/www.camping-florac.com\/wp-content\/uploads\/2021\/03\/vue-point-sublime.jpg\" alt=\"vue point sublime\" class=\"normal\" \/><\/div><div class=\"call-to-action_contenu\"><div class=\"call-to-action_titre\">De Gorges du Tarn<\/div><\/div><\/a><\/li><li class=\"element call-to-action carre call-to-action--style-1 call-to-action--normal call-to-action--style-1 call-to-action--normal\"><a href=\"https:\/\/www.camping-florac.com\/nl\/camping-de-grands-causses\/\"  class=\"call-to-action_link\" title=\"En savoir plus sur de grote causses\"><div class=\"call-to-action_image\"><img decoding=\"async\" src=\"https:\/\/www.camping-florac.com\/wp-content\/uploads\/2021\/03\/grand-casses-tourisme-100x56.jpg\" data-src=\"https:\/\/www.camping-florac.com\/wp-content\/uploads\/2021\/03\/grand-casses-tourisme.jpg\" alt=\"grand casses tourisme\" class=\"normal\" \/><\/div><div class=\"call-to-action_contenu\"><div class=\"call-to-action_titre\">De grote Causses<\/div><\/div><\/a><\/li><li class=\"element call-to-action carre call-to-action--style-1 call-to-action--normal call-to-action--style-1 call-to-action--normal call-to-action--style-1 call-to-action--normal\"><a href=\"https:\/\/www.camping-florac.com\/nl\/toerisme-lozere\/\"  class=\"call-to-action_link\" title=\"En savoir plus sur andere belangen\"><div class=\"call-to-action_image\"><img decoding=\"async\" src=\"https:\/\/www.camping-florac.com\/wp-content\/uploads\/2021\/03\/tourisme-lozere-100x56.jpg\" data-src=\"https:\/\/www.camping-florac.com\/wp-content\/uploads\/2021\/03\/tourisme-lozere.jpg\" alt=\"tourisme lozere\" class=\"normal\" \/><\/div><div class=\"call-to-action_contenu\"><div class=\"call-to-action_titre\">Andere belangen<\/div><\/div><\/a><\/li><li class=\"element call-to-action carre call-to-action--style-1 call-to-action--normal call-to-action--style-1 call-to-action--normal call-to-action--style-1 call-to-action--normal call-to-action--style-1 call-to-action--normal\"><a href=\"https:\/\/www.camping-florac.com\/nl\/camping-gorges-de-la-jonte\/\"  class=\"call-to-action_link\" title=\"En savoir plus sur de jonte gorges\"><div class=\"call-to-action_image\"><img decoding=\"async\" src=\"https:\/\/www.camping-florac.com\/wp-content\/uploads\/2021\/03\/vue-gorges-jonte-100x56.jpg\" data-src=\"https:\/\/www.camping-florac.com\/wp-content\/uploads\/2021\/03\/vue-gorges-jonte.jpg\" alt=\"vue gorges jonte\" class=\"normal\" \/><\/div><div class=\"call-to-action_contenu\"><div class=\"call-to-action_titre\">De Jonte Gorges<\/div><\/div><\/a><\/li><li class=\"element call-to-action carre call-to-action--style-1 call-to-action--normal call-to-action--style-1 call-to-action--normal call-to-action--style-1 call-to-action--normal call-to-action--style-1 call-to-action--normal call-to-action--style-1 call-to-action--normal\"><a href=\"https:\/\/www.camping-florac.com\/nl\/camping-mont-aigoual\/\"  class=\"call-to-action_link\" title=\"En savoir plus sur de berg aigoual\"><div class=\"call-to-action_image\"><img decoding=\"async\" src=\"https:\/\/www.camping-florac.com\/wp-content\/uploads\/2021\/03\/mont-aigoual-observatoire-100x56.jpg\" data-src=\"https:\/\/www.camping-florac.com\/wp-content\/uploads\/2021\/03\/mont-aigoual-observatoire.jpg\" alt=\"mont aigoual observatoire\" class=\"normal\" \/><\/div><div class=\"call-to-action_contenu\"><div class=\"call-to-action_titre\">De berg Aigoual<\/div><\/div><\/a><\/li><li class=\"element call-to-action carre call-to-action--style-1 call-to-action--normal call-to-action--style-1 call-to-action--normal call-to-action--style-1 call-to-action--normal call-to-action--style-1 call-to-action--normal call-to-action--style-1 call-to-action--normal call-to-action--style-1 call-to-action--normal\"><a href=\"https:\/\/www.camping-florac.com\/nl\/camping-mont-lozere\/\"  class=\"call-to-action_link\" title=\"En savoir plus sur de berg lozere\"><div class=\"call-to-action_image\"><img decoding=\"async\" src=\"https:\/\/www.camping-florac.com\/wp-content\/uploads\/2021\/03\/mont-lozere-village-100x66.jpg\" data-src=\"https:\/\/www.camping-florac.com\/wp-content\/uploads\/2021\/03\/mont-lozere-village.jpg\" alt=\"mont lozere village\" class=\"normal\" \/><\/div><div class=\"call-to-action_contenu\"><div class=\"call-to-action_titre\">De berg Lozere<\/div><\/div><\/a><\/li><\/ul><\/div><\/section>","protected":false},"excerpt":{"rendered":"","protected":false},"author":1,"featured_media":976,"parent":0,"menu_order":0,"comment_status":"closed","ping_status":"closed","template":"","meta":{"_acf_changed":false,"footnotes":""},"class_list":["post-2415","page","type-page","status-publish","has-post-thumbnail","hentry"],"acf":[],"yoast_head":"<!-- This site is optimized with the Yoast SEO plugin v22.2 - https:\/\/yoast.com\/wordpress\/plugins\/seo\/ -->\n<title>Bezoek de Cevennen | Kamperen in de buurt van de Cevennen<\/title>\n<meta name=\"robots\" content=\"index, follow, max-snippet:-1, max-image-preview:large, max-video-preview:-1\" \/>\n<link rel=\"canonical\" href=\"https:\/\/www.camping-florac.com\/nl\/camping-cevennes\/\" \/>\n<meta property=\"og:locale\" content=\"nl_NL\" \/>\n<meta property=\"og:type\" content=\"article\" \/>\n<meta property=\"og:title\" content=\"Bezoek de Cevennen | Kamperen in de buurt van de Cevennen\" \/>\n<meta property=\"og:url\" content=\"https:\/\/www.camping-florac.com\/nl\/camping-cevennes\/\" \/>\n<meta property=\"og:site_name\" content=\"Camping Pont du Tarn\" \/>\n<meta property=\"article:modified_time\" content=\"2021-11-11T14:01:12+00:00\" \/>\n<meta property=\"og:image\" content=\"https:\/\/www.camping-florac.com\/wp-content\/uploads\/2021\/03\/vue-cevennes.jpg\" \/>\n\t<meta property=\"og:image:width\" content=\"1904\" \/>\n\t<meta property=\"og:image:height\" content=\"450\" \/>\n\t<meta property=\"og:image:type\" content=\"image\/jpeg\" \/>\n<meta name=\"twitter:card\" content=\"summary_large_image\" \/>\n<script type=\"application\/ld+json\" class=\"yoast-schema-graph\">{\"@context\":\"https:\/\/schema.org\",\"@graph\":[{\"@type\":\"WebPage\",\"@id\":\"https:\/\/www.camping-florac.com\/nl\/camping-cevennes\/\",\"url\":\"https:\/\/www.camping-florac.com\/nl\/camping-cevennes\/\",\"name\":\"Bezoek de Cevennen | Kamperen in de buurt van de Cevennen\",\"isPartOf\":{\"@id\":\"https:\/\/www.camping-florac.com\/nl\/#website\"},\"primaryImageOfPage\":{\"@id\":\"https:\/\/www.camping-florac.com\/nl\/camping-cevennes\/#primaryimage\"},\"image\":{\"@id\":\"https:\/\/www.camping-florac.com\/nl\/camping-cevennes\/#primaryimage\"},\"thumbnailUrl\":\"https:\/\/www.camping-florac.com\/wp-content\/uploads\/2021\/03\/vue-cevennes.jpg\",\"datePublished\":\"2021-03-15T09:13:13+00:00\",\"dateModified\":\"2021-11-11T14:01:12+00:00\",\"breadcrumb\":{\"@id\":\"https:\/\/www.camping-florac.com\/nl\/camping-cevennes\/#breadcrumb\"},\"inLanguage\":\"nl-NL\",\"potentialAction\":[{\"@type\":\"ReadAction\",\"target\":[\"https:\/\/www.camping-florac.com\/nl\/camping-cevennes\/\"]}]},{\"@type\":\"ImageObject\",\"inLanguage\":\"nl-NL\",\"@id\":\"https:\/\/www.camping-florac.com\/nl\/camping-cevennes\/#primaryimage\",\"url\":\"https:\/\/www.camping-florac.com\/wp-content\/uploads\/2021\/03\/vue-cevennes.jpg\",\"contentUrl\":\"https:\/\/www.camping-florac.com\/wp-content\/uploads\/2021\/03\/vue-cevennes.jpg\",\"width\":1904,\"height\":450,\"caption\":\"C\u00e9vennes - Vue depuis le bord du causse M\u00e9jean : Florac, le Baug\u00e8s, la vall\u00e9e de la Mimente\"},{\"@type\":\"BreadcrumbList\",\"@id\":\"https:\/\/www.camping-florac.com\/nl\/camping-cevennes\/#breadcrumb\",\"itemListElement\":[{\"@type\":\"ListItem\",\"position\":1,\"name\":\"Camping Loz\u00e8re\",\"item\":\"https:\/\/www.camping-florac.com\/nl\/\"},{\"@type\":\"ListItem\",\"position\":2,\"name\":\"Kamperen in de Cevennen\"}]},{\"@type\":\"WebSite\",\"@id\":\"https:\/\/www.camping-florac.com\/nl\/#website\",\"url\":\"https:\/\/www.camping-florac.com\/nl\/\",\"name\":\"Camping Pont du Tarn\",\"description\":\"\",\"potentialAction\":[{\"@type\":\"SearchAction\",\"target\":{\"@type\":\"EntryPoint\",\"urlTemplate\":\"https:\/\/www.camping-florac.com\/nl\/?s={search_term_string}\"},\"query-input\":\"required name=search_term_string\"}],\"inLanguage\":\"nl-NL\"}]}<\/script>\n<!-- \/ Yoast SEO plugin. -->","yoast_head_json":{"title":"Bezoek de Cevennen | Kamperen in de buurt van de Cevennen","robots":{"index":"index","follow":"follow","max-snippet":"max-snippet:-1","max-image-preview":"max-image-preview:large","max-video-preview":"max-video-preview:-1"},"canonical":"https:\/\/www.camping-florac.com\/nl\/camping-cevennes\/","og_locale":"nl_NL","og_type":"article","og_title":"Bezoek de Cevennen | Kamperen in de buurt van de Cevennen","og_url":"https:\/\/www.camping-florac.com\/nl\/camping-cevennes\/","og_site_name":"Camping Pont du Tarn","article_modified_time":"2021-11-11T14:01:12+00:00","og_image":[{"width":1904,"height":450,"url":"https:\/\/www.camping-florac.com\/wp-content\/uploads\/2021\/03\/vue-cevennes.jpg","type":"image\/jpeg"}],"twitter_card":"summary_large_image","schema":{"@context":"https:\/\/schema.org","@graph":[{"@type":"WebPage","@id":"https:\/\/www.camping-florac.com\/nl\/camping-cevennes\/","url":"https:\/\/www.camping-florac.com\/nl\/camping-cevennes\/","name":"Bezoek de Cevennen | Kamperen in de buurt van de Cevennen","isPartOf":{"@id":"https:\/\/www.camping-florac.com\/nl\/#website"},"primaryImageOfPage":{"@id":"https:\/\/www.camping-florac.com\/nl\/camping-cevennes\/#primaryimage"},"image":{"@id":"https:\/\/www.camping-florac.com\/nl\/camping-cevennes\/#primaryimage"},"thumbnailUrl":"https:\/\/www.camping-florac.com\/wp-content\/uploads\/2021\/03\/vue-cevennes.jpg","datePublished":"2021-03-15T09:13:13+00:00","dateModified":"2021-11-11T14:01:12+00:00","breadcrumb":{"@id":"https:\/\/www.camping-florac.com\/nl\/camping-cevennes\/#breadcrumb"},"inLanguage":"nl-NL","potentialAction":[{"@type":"ReadAction","target":["https:\/\/www.camping-florac.com\/nl\/camping-cevennes\/"]}]},{"@type":"ImageObject","inLanguage":"nl-NL","@id":"https:\/\/www.camping-florac.com\/nl\/camping-cevennes\/#primaryimage","url":"https:\/\/www.camping-florac.com\/wp-content\/uploads\/2021\/03\/vue-cevennes.jpg","contentUrl":"https:\/\/www.camping-florac.com\/wp-content\/uploads\/2021\/03\/vue-cevennes.jpg","width":1904,"height":450,"caption":"C\u00e9vennes - Vue depuis le bord du causse M\u00e9jean : Florac, le Baug\u00e8s, la vall\u00e9e de la Mimente"},{"@type":"BreadcrumbList","@id":"https:\/\/www.camping-florac.com\/nl\/camping-cevennes\/#breadcrumb","itemListElement":[{"@type":"ListItem","position":1,"name":"Camping Loz\u00e8re","item":"https:\/\/www.camping-florac.com\/nl\/"},{"@type":"ListItem","position":2,"name":"Kamperen in de Cevennen"}]},{"@type":"WebSite","@id":"https:\/\/www.camping-florac.com\/nl\/#website","url":"https:\/\/www.camping-florac.com\/nl\/","name":"Camping Pont du Tarn","description":"","potentialAction":[{"@type":"SearchAction","target":{"@type":"EntryPoint","urlTemplate":"https:\/\/www.camping-florac.com\/nl\/?s={search_term_string}"},"query-input":"required name=search_term_string"}],"inLanguage":"nl-NL"}]}},"_links":{"self":[{"href":"https:\/\/www.camping-florac.com\/nl\/wp-json\/wp\/v2\/pages\/2415","targetHints":{"allow":["GET"]}}],"collection":[{"href":"https:\/\/www.camping-florac.com\/nl\/wp-json\/wp\/v2\/pages"}],"about":[{"href":"https:\/\/www.camping-florac.com\/nl\/wp-json\/wp\/v2\/types\/page"}],"author":[{"embeddable":true,"href":"https:\/\/www.camping-florac.com\/nl\/wp-json\/wp\/v2\/users\/1"}],"replies":[{"embeddable":true,"href":"https:\/\/www.camping-florac.com\/nl\/wp-json\/wp\/v2\/comments?post=2415"}],"version-history":[{"count":4,"href":"https:\/\/www.camping-florac.com\/nl\/wp-json\/wp\/v2\/pages\/2415\/revisions"}],"predecessor-version":[{"id":3482,"href":"https:\/\/www.camping-florac.com\/nl\/wp-json\/wp\/v2\/pages\/2415\/revisions\/3482"}],"wp:featuredmedia":[{"embeddable":true,"href":"https:\/\/www.camping-florac.com\/nl\/wp-json\/wp\/v2\/media\/976"}],"wp:attachment":[{"href":"https:\/\/www.camping-florac.com\/nl\/wp-json\/wp\/v2\/media?parent=2415"}],"curies":[{"name":"wp","href":"https:\/\/api.w.org\/{rel}","templated":true}]}}