{"id":2401,"date":"2021-03-15T10:13:04","date_gmt":"2021-03-15T09:13:04","guid":{"rendered":"https:\/\/www.camping-florac.com\/camping-gorges-du-tarn\/"},"modified":"2021-11-11T14:50:09","modified_gmt":"2021-11-11T13:50:09","slug":"camping-gorges-du-tarn","status":"publish","type":"page","link":"https:\/\/www.camping-florac.com\/nl\/camping-gorges-du-tarn\/","title":{"rendered":"Visiter &#8211; Unesco : Gorges du Tarn"},"content":{"rendered":"<section id=\"section-604f24cbc089b\"\" class=\"section bg-white p-b-0\" \/><div class=\"container \"><div class=\"div-titre center deco-h1\"><h1 class=\"element section-title \">Camping bij de Gorges du Tarn<\/h1><\/div><div class=\"div-titre center\"><h2 class=\"element section-title \">Ontdek de Gorges du Tarn<\/h2><\/div><div class=\"element bloc-text center \">\n\t<p>Op slechts een paar kilometer van <a href=\"\/nl\/\">Camping Le Pont du Tarn in Loz\u00e8re<\/a>, bieden de Gorges du Tarn een spectaculair landschap, onderbroken door <strong class=\"bold color2\">opvallende plaatsen en adembenemende uitzichten<\/strong>! <\/p>\n<\/div><\/div><\/section>\n\n<section id=\"section-60507fed83ef3\"\" class=\"section bg-white p-t-0 p-b-0\" \/><div class=\"container  extralarge\"><div class=\"colonnes-wrap valign-middle \"><div class=\"element colonne \"><div class=\"element bloc-text justify \">\n\t<p>Duizelingwekkende kalkstenen kliffen tot 500 m hoog, de loop van de <strong class=\"bold color2\">rivier de Tarn<\/strong> afwisselend kalm en snel water, rotsachtige chaos en wilde keteldalen, maar ook kasteel en Romaanse kerk, gehuchten en typische dorpjes die de reputatie van dit ongerepte gebied maken!<\/p>\n<p>Om <strong class=\"bold color2\">de juweeltjes van de Gorges du Tarn<\/strong> in de buurt van de Camping le Pont du Tarn te bewonderen zijn er verschillende mogelijkheden: met de auto, motor, fiets of zelfs te voet langs het pad dat kriskras door de linkeroever loopt. Het ideale blijft om ze te ontdekken <strong class=\"bold color2\">per kano-kajak<\/strong> met onze partner de Moulin de la Mal\u00e8ne vanuit Sainte-Enimie of La Mal\u00e8ne.<\/p>\n<p>Ontdek onderweg unieke plaatsen zoals de middeleeuwse brug van Qu\u00e9zac en zijn beroemde bron, het troglodietendorp Castelbouc, het kasteel van Prades op zijn rotsachtige uitloper die de Tarn in Loz\u00e8re domineert.<\/p>\n<\/div><\/div><div class=\"element colonne \"><div class=\"element images\"><div class=\"image\"><img decoding=\"async\" src=\"https:\/\/www.camping-florac.com\/wp-content\/uploads\/2021\/03\/gorges-du-tarn-90x100.jpg\" data-src=\"https:\/\/www.camping-florac.com\/wp-content\/uploads\/2021\/03\/gorges-du-tarn.jpg\" alt=\"gorges du tarn\" class=\"images_image\" \/><\/div><\/div><\/div><div class=\"element colonne p-t-8\"><div class=\"element images\"><div class=\"image\"><img decoding=\"async\" src=\"https:\/\/www.camping-florac.com\/wp-content\/uploads\/2021\/03\/village-tarn-91x100.jpg\" data-src=\"https:\/\/www.camping-florac.com\/wp-content\/uploads\/2021\/03\/village-tarn.jpg\" alt=\"village tarn\" class=\"images_image\" \/><\/div><\/div><\/div><\/div><\/div><\/section>\n\n<section id=\"section-second\"\" class=\"section bg-white p-t-0 p-b-0\" \/><div class=\"container  extralarge\"><div class=\"colonnes-wrap valign-middle \"><div class=\"element colonne p-t-8\"><div class=\"element images\"><div class=\"image\"><img decoding=\"async\" src=\"https:\/\/www.camping-florac.com\/wp-content\/uploads\/2021\/03\/st-enimie-90x100.jpg\" data-src=\"https:\/\/www.camping-florac.com\/wp-content\/uploads\/2021\/03\/st-enimie.jpg\" alt=\"st enimie\" class=\"images_image\" \/><\/div><\/div><\/div><div class=\"element colonne \"><div class=\"element images\"><div class=\"image\"><img decoding=\"async\" src=\"https:\/\/www.camping-florac.com\/wp-content\/uploads\/2021\/03\/canoe-tarn-90x100.jpg\" data-src=\"https:\/\/www.camping-florac.com\/wp-content\/uploads\/2021\/03\/canoe-tarn.jpg\" alt=\"camping baignade riviere tarn\" class=\"images_image\" \/><\/div><\/div><\/div><div class=\"element colonne \"><div class=\"element bloc-text justify \">\n\t<p>Mis niet een <strong class=\"bold color2\">bezoek aan Sainte-Enimie<\/strong>, een middeleeuws dorp geklasseerd als \u00e9\u00e9n van de mooiste dorpen van Frankrijk, de keteldalen van Saint Ch\u00e9ly du Tarn en Pougnadoire, de <strong class=\"bold color2\">romantiek van het Ch\u00e2teau de la Case<\/strong>, het pittoreske dorpje La Mal\u00e8ne en geniet van een moeiteloze en culturele rit met de Bateliers de la Mal\u00e8ne die u het keteldal van de Baume en zijn geheimen laten ontdekken!<\/p>\n<p>Bij deze ontdekkingsplaatsen komen nog de <strong class=\"bold color2\">telbare majestueuze uitkijkpunten en belvederes<\/strong> zoals de Roc des Hourtous en de Point sublime! Genoeg om liefhebbers van <strong class=\"bold color2\">wilde natuur en typisch gebouwd erfgoed<\/strong> te bekoren!  <\/p>\n<p>Na een <strong class=\"bold color2\">mooie dag om de Gorges du Tarn<\/strong> te ontdekken, keert u terug naar uw accommodatie op onze camping en geniet u van een ontspannende avond met uw gezin.<\/p>\n<\/div><\/div><\/div><\/div><\/section>\n\n<section id=\"section-60507fed84214\"\" class=\"section bg-white\" \/><div class=\"container  full\"><div class=\"element images\"><div class=\"image\"><img decoding=\"async\" src=\"https:\/\/www.camping-florac.com\/wp-content\/uploads\/2021\/03\/saint-chely-100x95.jpg\" data-src=\"https:\/\/www.camping-florac.com\/wp-content\/uploads\/2021\/03\/saint-chely.jpg\" alt=\"saint chely\" class=\"images_image\" \/><\/div><div class=\"image\"><img decoding=\"async\" src=\"https:\/\/www.camping-florac.com\/wp-content\/uploads\/2021\/03\/saint-jean-du-gard-vilage-100x95.jpg\" data-src=\"https:\/\/www.camping-florac.com\/wp-content\/uploads\/2021\/03\/saint-jean-du-gard-vilage.jpg\" alt=\"saint jean du gard vilage\" class=\"images_image\" \/><\/div><div class=\"image\"><img decoding=\"async\" src=\"https:\/\/www.camping-florac.com\/wp-content\/uploads\/2021\/03\/vilalge-tarn-100x95.jpg\" data-src=\"https:\/\/www.camping-florac.com\/wp-content\/uploads\/2021\/03\/vilalge-tarn.jpg\" alt=\"village tarn\" class=\"images_image\" \/><\/div><div class=\"image\"><img decoding=\"async\" src=\"https:\/\/www.camping-florac.com\/wp-content\/uploads\/2021\/03\/saint-jean-du-gard-centre-100x95.jpg\" data-src=\"https:\/\/www.camping-florac.com\/wp-content\/uploads\/2021\/03\/saint-jean-du-gard-centre.jpg\" alt=\"saint jean du gard centre\" class=\"images_image\" \/><\/div><\/div><\/div><\/section>\n\n<section id=\"section-60507fed84658\"\" class=\"section bg-white p-t-0 p-b-0\" \/><div class=\"container  extralarge\"><div class=\"colonnes-wrap valign-middle \"><div class=\"element colonne \"><div class=\"div-titre left\"><h2 class=\"element section-title \">Camping bij de Gorges du Tarn<\/h2><\/div><div class=\"element bloc-text justify \">\n\t<p>U zult ongetwijfeld <strong class=\"bold color2\">geleerd en verblind<\/strong> worden door de schoonheid van de Gorges du Tarn. De charmante plaatsen die u kunt bezoeken zullen u <strong class=\"bold color2\">herinneringen in uw hoofd<\/strong> bezorgen voordat u terugkeert naar de camping voor een gezellige avond met uw gezin, vrienden of echtgenoot.<\/p>\n<p>Neem een pauze en geniet van een van onze pizza&#8217;s om u te vullen na een drukke dag. Daarna keert u terug naar uw accommodatie voor een beetje rust en ontspanning voordat u op pad gaat om <strong class=\"bold color2\">andere plaatsen in onze mooie regio<\/strong> te ontdekken. <\/p>\n<\/div><\/div><div class=\"element colonne \"><div class=\"element images\"><div class=\"image\"><img decoding=\"async\" src=\"https:\/\/www.camping-florac.com\/wp-content\/uploads\/2021\/03\/village-garde-guerin-91x100.jpg\" data-src=\"https:\/\/www.camping-florac.com\/wp-content\/uploads\/2021\/03\/village-garde-guerin.jpg\" alt=\"village- garde guerin\" class=\"images_image\" \/><\/div><\/div><\/div><div class=\"element colonne p-t-8\"><div class=\"element images\"><div class=\"image\"><img decoding=\"async\" src=\"https:\/\/www.camping-florac.com\/wp-content\/uploads\/2021\/03\/riviere-tarn-1-91x100.jpg\" data-src=\"https:\/\/www.camping-florac.com\/wp-content\/uploads\/2021\/03\/riviere-tarn-1.jpg\" alt=\"riviere tarn\" class=\"images_image\" \/><\/div><\/div><\/div><\/div><\/div><\/section>\n\n<section id=\"section-6050a6d7a33d2\"\" class=\"section bg-white\" \/><div class=\"container  extralarge\"><div class=\"div-titre center deco-h2\"><div class=\"element section-title \">Andere bezienswaardigheden rond de camping<\/div><\/div><ul class=\"liste-de-page\"><li class=\"element call-to-action carre call-to-action--style-1 call-to-action--normal\"><a href=\"https:\/\/www.camping-florac.com\/nl\/camping-de-grands-causses\/\"  class=\"call-to-action_link\" title=\"En savoir plus sur de grote causses\"><div class=\"call-to-action_image\"><img decoding=\"async\" src=\"https:\/\/www.camping-florac.com\/wp-content\/uploads\/2021\/03\/grand-casses-tourisme-100x56.jpg\" data-src=\"https:\/\/www.camping-florac.com\/wp-content\/uploads\/2021\/03\/grand-casses-tourisme.jpg\" alt=\"grand casses tourisme\" class=\"normal\" \/><\/div><div class=\"call-to-action_contenu\"><div class=\"call-to-action_titre\">De grote Causses<\/div><\/div><\/a><\/li><li class=\"element call-to-action carre call-to-action--style-1 call-to-action--normal call-to-action--style-1 call-to-action--normal\"><a href=\"https:\/\/www.camping-florac.com\/nl\/camping-cevennes\/\"  class=\"call-to-action_link\" title=\"En savoir plus sur de cevennen\"><div class=\"call-to-action_image\"><img decoding=\"async\" src=\"https:\/\/www.camping-florac.com\/wp-content\/uploads\/2021\/03\/montagne-cevennes-100x56.jpg\" data-src=\"https:\/\/www.camping-florac.com\/wp-content\/uploads\/2021\/03\/montagne-cevennes.jpg\" alt=\"montagne cevennes\" class=\"normal\" \/><\/div><div class=\"call-to-action_contenu\"><div class=\"call-to-action_titre\">De Cevennen<\/div><\/div><\/a><\/li><li class=\"element call-to-action carre call-to-action--style-1 call-to-action--normal call-to-action--style-1 call-to-action--normal call-to-action--style-1 call-to-action--normal\"><a href=\"https:\/\/www.camping-florac.com\/nl\/toerisme-lozere\/\"  class=\"call-to-action_link\" title=\"En savoir plus sur andere belangen\"><div class=\"call-to-action_image\"><img decoding=\"async\" src=\"https:\/\/www.camping-florac.com\/wp-content\/uploads\/2021\/03\/tourisme-lozere-100x56.jpg\" data-src=\"https:\/\/www.camping-florac.com\/wp-content\/uploads\/2021\/03\/tourisme-lozere.jpg\" alt=\"tourisme lozere\" class=\"normal\" \/><\/div><div class=\"call-to-action_contenu\"><div class=\"call-to-action_titre\">Andere belangen<\/div><\/div><\/a><\/li><li class=\"element call-to-action carre call-to-action--style-1 call-to-action--normal call-to-action--style-1 call-to-action--normal call-to-action--style-1 call-to-action--normal call-to-action--style-1 call-to-action--normal\"><a href=\"https:\/\/www.camping-florac.com\/nl\/camping-gorges-de-la-jonte\/\"  class=\"call-to-action_link\" title=\"En savoir plus sur de jonte gorges\"><div class=\"call-to-action_image\"><img decoding=\"async\" src=\"https:\/\/www.camping-florac.com\/wp-content\/uploads\/2021\/03\/vue-gorges-jonte-100x56.jpg\" data-src=\"https:\/\/www.camping-florac.com\/wp-content\/uploads\/2021\/03\/vue-gorges-jonte.jpg\" alt=\"vue gorges jonte\" class=\"normal\" \/><\/div><div class=\"call-to-action_contenu\"><div class=\"call-to-action_titre\">De Jonte Gorges<\/div><\/div><\/a><\/li><li class=\"element call-to-action carre call-to-action--style-1 call-to-action--normal call-to-action--style-1 call-to-action--normal call-to-action--style-1 call-to-action--normal call-to-action--style-1 call-to-action--normal call-to-action--style-1 call-to-action--normal\"><a href=\"https:\/\/www.camping-florac.com\/nl\/camping-mont-aigoual\/\"  class=\"call-to-action_link\" title=\"En savoir plus sur de berg aigoual\"><div class=\"call-to-action_image\"><img decoding=\"async\" src=\"https:\/\/www.camping-florac.com\/wp-content\/uploads\/2021\/03\/mont-aigoual-observatoire-100x56.jpg\" data-src=\"https:\/\/www.camping-florac.com\/wp-content\/uploads\/2021\/03\/mont-aigoual-observatoire.jpg\" alt=\"mont aigoual observatoire\" class=\"normal\" \/><\/div><div class=\"call-to-action_contenu\"><div class=\"call-to-action_titre\">De berg Aigoual<\/div><\/div><\/a><\/li><li class=\"element call-to-action carre call-to-action--style-1 call-to-action--normal call-to-action--style-1 call-to-action--normal call-to-action--style-1 call-to-action--normal call-to-action--style-1 call-to-action--normal call-to-action--style-1 call-to-action--normal call-to-action--style-1 call-to-action--normal\"><a href=\"https:\/\/www.camping-florac.com\/nl\/camping-mont-lozere\/\"  class=\"call-to-action_link\" title=\"En savoir plus sur de berg lozere\"><div class=\"call-to-action_image\"><img decoding=\"async\" src=\"https:\/\/www.camping-florac.com\/wp-content\/uploads\/2021\/03\/mont-lozere-village-100x66.jpg\" data-src=\"https:\/\/www.camping-florac.com\/wp-content\/uploads\/2021\/03\/mont-lozere-village.jpg\" alt=\"mont lozere village\" class=\"normal\" \/><\/div><div class=\"call-to-action_contenu\"><div class=\"call-to-action_titre\">De berg Lozere<\/div><\/div><\/a><\/li><\/ul><\/div><\/section>","protected":false},"excerpt":{"rendered":"","protected":false},"author":1,"featured_media":960,"parent":0,"menu_order":0,"comment_status":"closed","ping_status":"closed","template":"","meta":{"_acf_changed":false,"footnotes":""},"class_list":["post-2401","page","type-page","status-publish","has-post-thumbnail","hentry"],"acf":[],"yoast_head":"<!-- This site is optimized with the Yoast SEO plugin v22.2 - https:\/\/yoast.com\/wordpress\/plugins\/seo\/ -->\n<title>Ontdek de Gorges du Tarn | Camping in de buurt van de Gorges du Tarn<\/title>\n<meta name=\"robots\" content=\"index, follow, max-snippet:-1, max-image-preview:large, max-video-preview:-1\" \/>\n<link rel=\"canonical\" href=\"https:\/\/www.camping-florac.com\/nl\/camping-gorges-du-tarn\/\" \/>\n<meta property=\"og:locale\" content=\"nl_NL\" \/>\n<meta property=\"og:type\" content=\"article\" \/>\n<meta property=\"og:title\" content=\"Ontdek de Gorges du Tarn | Camping in de buurt van de Gorges du Tarn\" \/>\n<meta property=\"og:url\" content=\"https:\/\/www.camping-florac.com\/nl\/camping-gorges-du-tarn\/\" \/>\n<meta property=\"og:site_name\" content=\"Camping Pont du Tarn\" \/>\n<meta property=\"article:modified_time\" content=\"2021-11-11T13:50:09+00:00\" \/>\n<meta property=\"og:image\" content=\"https:\/\/www.camping-florac.com\/wp-content\/uploads\/2021\/03\/point-sublime-gorges-tarn.jpg\" \/>\n\t<meta property=\"og:image:width\" content=\"1903\" \/>\n\t<meta property=\"og:image:height\" content=\"450\" \/>\n\t<meta property=\"og:image:type\" content=\"image\/jpeg\" \/>\n<meta name=\"twitter:card\" content=\"summary_large_image\" \/>\n<script type=\"application\/ld+json\" class=\"yoast-schema-graph\">{\"@context\":\"https:\/\/schema.org\",\"@graph\":[{\"@type\":\"WebPage\",\"@id\":\"https:\/\/www.camping-florac.com\/nl\/camping-gorges-du-tarn\/\",\"url\":\"https:\/\/www.camping-florac.com\/nl\/camping-gorges-du-tarn\/\",\"name\":\"Ontdek de Gorges du Tarn | Camping in de buurt van de Gorges du Tarn\",\"isPartOf\":{\"@id\":\"https:\/\/www.camping-florac.com\/nl\/#website\"},\"primaryImageOfPage\":{\"@id\":\"https:\/\/www.camping-florac.com\/nl\/camping-gorges-du-tarn\/#primaryimage\"},\"image\":{\"@id\":\"https:\/\/www.camping-florac.com\/nl\/camping-gorges-du-tarn\/#primaryimage\"},\"thumbnailUrl\":\"https:\/\/www.camping-florac.com\/wp-content\/uploads\/2021\/03\/point-sublime-gorges-tarn.jpg\",\"datePublished\":\"2021-03-15T09:13:04+00:00\",\"dateModified\":\"2021-11-11T13:50:09+00:00\",\"breadcrumb\":{\"@id\":\"https:\/\/www.camping-florac.com\/nl\/camping-gorges-du-tarn\/#breadcrumb\"},\"inLanguage\":\"nl-NL\",\"potentialAction\":[{\"@type\":\"ReadAction\",\"target\":[\"https:\/\/www.camping-florac.com\/nl\/camping-gorges-du-tarn\/\"]}]},{\"@type\":\"ImageObject\",\"inLanguage\":\"nl-NL\",\"@id\":\"https:\/\/www.camping-florac.com\/nl\/camping-gorges-du-tarn\/#primaryimage\",\"url\":\"https:\/\/www.camping-florac.com\/wp-content\/uploads\/2021\/03\/point-sublime-gorges-tarn.jpg\",\"contentUrl\":\"https:\/\/www.camping-florac.com\/wp-content\/uploads\/2021\/03\/point-sublime-gorges-tarn.jpg\",\"width\":1903,\"height\":450,\"caption\":\"point sublime gorges tarn\"},{\"@type\":\"BreadcrumbList\",\"@id\":\"https:\/\/www.camping-florac.com\/nl\/camping-gorges-du-tarn\/#breadcrumb\",\"itemListElement\":[{\"@type\":\"ListItem\",\"position\":1,\"name\":\"Camping Loz\u00e8re\",\"item\":\"https:\/\/www.camping-florac.com\/nl\/\"},{\"@type\":\"ListItem\",\"position\":2,\"name\":\"Camping bij de Gorges du Tarn\"}]},{\"@type\":\"WebSite\",\"@id\":\"https:\/\/www.camping-florac.com\/nl\/#website\",\"url\":\"https:\/\/www.camping-florac.com\/nl\/\",\"name\":\"Camping Pont du Tarn\",\"description\":\"\",\"potentialAction\":[{\"@type\":\"SearchAction\",\"target\":{\"@type\":\"EntryPoint\",\"urlTemplate\":\"https:\/\/www.camping-florac.com\/nl\/?s={search_term_string}\"},\"query-input\":\"required name=search_term_string\"}],\"inLanguage\":\"nl-NL\"}]}<\/script>\n<!-- \/ Yoast SEO plugin. -->","yoast_head_json":{"title":"Ontdek de Gorges du Tarn | Camping in de buurt van de Gorges du Tarn","robots":{"index":"index","follow":"follow","max-snippet":"max-snippet:-1","max-image-preview":"max-image-preview:large","max-video-preview":"max-video-preview:-1"},"canonical":"https:\/\/www.camping-florac.com\/nl\/camping-gorges-du-tarn\/","og_locale":"nl_NL","og_type":"article","og_title":"Ontdek de Gorges du Tarn | Camping in de buurt van de Gorges du Tarn","og_url":"https:\/\/www.camping-florac.com\/nl\/camping-gorges-du-tarn\/","og_site_name":"Camping Pont du Tarn","article_modified_time":"2021-11-11T13:50:09+00:00","og_image":[{"width":1903,"height":450,"url":"https:\/\/www.camping-florac.com\/wp-content\/uploads\/2021\/03\/point-sublime-gorges-tarn.jpg","type":"image\/jpeg"}],"twitter_card":"summary_large_image","schema":{"@context":"https:\/\/schema.org","@graph":[{"@type":"WebPage","@id":"https:\/\/www.camping-florac.com\/nl\/camping-gorges-du-tarn\/","url":"https:\/\/www.camping-florac.com\/nl\/camping-gorges-du-tarn\/","name":"Ontdek de Gorges du Tarn | Camping in de buurt van de Gorges du Tarn","isPartOf":{"@id":"https:\/\/www.camping-florac.com\/nl\/#website"},"primaryImageOfPage":{"@id":"https:\/\/www.camping-florac.com\/nl\/camping-gorges-du-tarn\/#primaryimage"},"image":{"@id":"https:\/\/www.camping-florac.com\/nl\/camping-gorges-du-tarn\/#primaryimage"},"thumbnailUrl":"https:\/\/www.camping-florac.com\/wp-content\/uploads\/2021\/03\/point-sublime-gorges-tarn.jpg","datePublished":"2021-03-15T09:13:04+00:00","dateModified":"2021-11-11T13:50:09+00:00","breadcrumb":{"@id":"https:\/\/www.camping-florac.com\/nl\/camping-gorges-du-tarn\/#breadcrumb"},"inLanguage":"nl-NL","potentialAction":[{"@type":"ReadAction","target":["https:\/\/www.camping-florac.com\/nl\/camping-gorges-du-tarn\/"]}]},{"@type":"ImageObject","inLanguage":"nl-NL","@id":"https:\/\/www.camping-florac.com\/nl\/camping-gorges-du-tarn\/#primaryimage","url":"https:\/\/www.camping-florac.com\/wp-content\/uploads\/2021\/03\/point-sublime-gorges-tarn.jpg","contentUrl":"https:\/\/www.camping-florac.com\/wp-content\/uploads\/2021\/03\/point-sublime-gorges-tarn.jpg","width":1903,"height":450,"caption":"point sublime gorges tarn"},{"@type":"BreadcrumbList","@id":"https:\/\/www.camping-florac.com\/nl\/camping-gorges-du-tarn\/#breadcrumb","itemListElement":[{"@type":"ListItem","position":1,"name":"Camping Loz\u00e8re","item":"https:\/\/www.camping-florac.com\/nl\/"},{"@type":"ListItem","position":2,"name":"Camping bij de Gorges du Tarn"}]},{"@type":"WebSite","@id":"https:\/\/www.camping-florac.com\/nl\/#website","url":"https:\/\/www.camping-florac.com\/nl\/","name":"Camping Pont du Tarn","description":"","potentialAction":[{"@type":"SearchAction","target":{"@type":"EntryPoint","urlTemplate":"https:\/\/www.camping-florac.com\/nl\/?s={search_term_string}"},"query-input":"required name=search_term_string"}],"inLanguage":"nl-NL"}]}},"_links":{"self":[{"href":"https:\/\/www.camping-florac.com\/nl\/wp-json\/wp\/v2\/pages\/2401","targetHints":{"allow":["GET"]}}],"collection":[{"href":"https:\/\/www.camping-florac.com\/nl\/wp-json\/wp\/v2\/pages"}],"about":[{"href":"https:\/\/www.camping-florac.com\/nl\/wp-json\/wp\/v2\/types\/page"}],"author":[{"embeddable":true,"href":"https:\/\/www.camping-florac.com\/nl\/wp-json\/wp\/v2\/users\/1"}],"replies":[{"embeddable":true,"href":"https:\/\/www.camping-florac.com\/nl\/wp-json\/wp\/v2\/comments?post=2401"}],"version-history":[{"count":7,"href":"https:\/\/www.camping-florac.com\/nl\/wp-json\/wp\/v2\/pages\/2401\/revisions"}],"predecessor-version":[{"id":3453,"href":"https:\/\/www.camping-florac.com\/nl\/wp-json\/wp\/v2\/pages\/2401\/revisions\/3453"}],"wp:featuredmedia":[{"embeddable":true,"href":"https:\/\/www.camping-florac.com\/nl\/wp-json\/wp\/v2\/media\/960"}],"wp:attachment":[{"href":"https:\/\/www.camping-florac.com\/nl\/wp-json\/wp\/v2\/media?parent=2401"}],"curies":[{"name":"wp","href":"https:\/\/api.w.org\/{rel}","templated":true}]}}