{"id":2397,"date":"2021-03-17T09:44:57","date_gmt":"2021-03-17T08:44:57","guid":{"rendered":"https:\/\/www.camping-florac.com\/activites-lozere\/"},"modified":"2022-01-13T16:29:16","modified_gmt":"2022-01-13T15:29:16","slug":"activiteiten-lozere","status":"publish","type":"page","link":"https:\/\/www.camping-florac.com\/nl\/activiteiten-lozere\/","title":{"rendered":"Visite : Activit\u00e9s aux alentours"},"content":{"rendered":"<section id=\"section-604f24cbc089b\"\" class=\"section bg-white p-b-0\" \/><div class=\"container \"><div class=\"div-titre center deco-h1\"><h1 class=\"element section-title \">Activiteiten in en rond Florac<\/h1><\/div><div class=\"element bloc-text center \">\n\t<p>La Loz\u00e8re is een <strong class=\"bold color2\">uitzonderlijk groot avonturen terrein<\/strong> voor al uw vrijetijdsbesteding wensen en passies.<\/p>\n<p>Van <strong class=\"bold color2\">natuuractiviteiten<\/strong> tot gezinsuitstapjes, La Loz\u00e8re opent de deuren voor een oneindig scala aan sportieve of ludieke ontdekkingen!<\/p>\n<p>De gevarieerde landschappen van de vier natuurgebieden van La Loz\u00e8re, vormen een <strong class=\"bold color2\">uniek en uitzonderlijk kader<\/strong> om te genieten van de vele <strong class=\"bold color2\">natuuractiviteiten<\/strong> die worden aangeboden.<\/p>\n<p>Kano\u00ebn in de Gorges du Tarn, canyoning in de Gorges du Tapoul vlakbij de <a href=\"\/nl\/\">camping in Florac Trois Rivi\u00e8res<\/a>, via ferrata op de kronen van de Causse M\u00e9jean, klimparcours, bungeejumpen, zweefvliegen of paragliden, speleologie&#8230; <\/p>\n<p><strong class=\"bold color2\">Het palet is breed en aangepast aan alle niveaus.<\/strong> <\/p>\n<\/div><\/div><\/section>\n\n<section id=\"section-60507fed83ef3\"\" class=\"section bg-white p-t-0 p-b-0\" \/><div class=\"container  extralarge\"><div class=\"colonnes-wrap valign-middle \"><div class=\"element colonne \"><div class=\"div-titre justify\"><h2 class=\"element section-title \">Wandelen in Florac<\/h2><\/div><div class=\"element bloc-text justify \">\n\t<p>Liefhebbers van <strong class=\"bold color2\">grote wandeltochten<\/strong> kunnen in de voetsporen treden van Robert Louis Stevenson op de GR70, of op een van de <strong class=\"bold color2\">andere grote bekende routes<\/strong>: het pad van Saint Guilhem, van Urbain V, het pad op de linkeroever van de Gorges du Tarn, de Causse M\u00e9jean, de Mont Loz\u00e8re&#8230;<\/p>\n<p>Van lussen van een halve of een hele dag, <strong class=\"bold color2\">tot ontdekkingstochten<\/strong>, met het gezin of onder sporters, iedereen kan in zijn eigen tempo de <strong class=\"bold color2\">grote ruimtes van Lozere<\/strong> ontdekken op bewegwijzerde en onderhouden paden. <\/p>\n<\/div><div class=\"div-titre justify m-t-4\"><h2 class=\"element section-title \">Vissen in Lozere<\/h2><\/div><div class=\"element bloc-text justify \">\n\t<p>De beekjes en rivieren van het <strong class=\"bold color2\">Parc National des C\u00e9vennes<\/strong> bieden u min of meer sportieve parcours. Meestal ingedeeld in de 1e categorie, vist u in onze beken op forel, shingles, minnows en andere vandoises.<\/p>\n<p>Voor <strong class=\"bold color2\">gezinsvissen<\/strong>, biedt het meer van Barrandon op de Mont Loz\u00e8re u de garantie om een mooie vangst mee te nemen voor het <strong class=\"bold color2\">plezier van de kleintjes maar ook van de groten<\/strong> ! <\/p>\n<\/div><\/div><div class=\"element colonne \"><div class=\"element images\"><div class=\"image\"><img decoding=\"async\" src=\"https:\/\/www.camping-florac.com\/wp-content\/uploads\/2021\/03\/amis-randonne-91x100.jpg\" data-src=\"https:\/\/www.camping-florac.com\/wp-content\/uploads\/2021\/03\/amis-randonne.jpg\" alt=\"amis randonn\u00e9e\" class=\"images_image\" \/><\/div><\/div><\/div><div class=\"element colonne p-t-8\"><div class=\"element images\"><div class=\"image\"><img decoding=\"async\" src=\"https:\/\/www.camping-florac.com\/wp-content\/uploads\/2021\/03\/peche-tarn-91x100.jpg\" data-src=\"https:\/\/www.camping-florac.com\/wp-content\/uploads\/2021\/03\/peche-tarn.jpg\" alt=\"peche tarn\" class=\"images_image\" \/><\/div><\/div><\/div><\/div><\/div><\/section>\n\n<section id=\"section-60507fed84214\"\" class=\"section bg-white\" \/><div class=\"container  full\"><div class=\"element images\"><div class=\"image\"><img decoding=\"async\" src=\"https:\/\/www.camping-florac.com\/wp-content\/uploads\/2021\/03\/loup-gevaudan-100x95.jpg\" data-src=\"https:\/\/www.camping-florac.com\/wp-content\/uploads\/2021\/03\/loup-gevaudan.jpg\" alt=\"loup gevaudan\" class=\"images_image\" \/><\/div><div class=\"image\"><img decoding=\"async\" src=\"https:\/\/www.camping-florac.com\/wp-content\/uploads\/2021\/03\/parc-aventure-tarn-100x95.jpg\" data-src=\"https:\/\/www.camping-florac.com\/wp-content\/uploads\/2021\/03\/parc-aventure-tarn.jpg\" alt=\"parc aventure tarn\" class=\"images_image\" \/><\/div><div class=\"image\"><img decoding=\"async\" src=\"https:\/\/www.camping-florac.com\/wp-content\/uploads\/2021\/03\/velo-animation-lozere-100x96.jpg\" data-src=\"https:\/\/www.camping-florac.com\/wp-content\/uploads\/2021\/03\/velo-animation-lozere.jpg\" alt=\"v\u00e9lo animation Loz\u00e8re\" class=\"images_image\" \/><\/div><div class=\"image\"><img decoding=\"async\" src=\"https:\/\/www.camping-florac.com\/wp-content\/uploads\/2021\/03\/balade-grands-causses-100x96.jpg\" data-src=\"https:\/\/www.camping-florac.com\/wp-content\/uploads\/2021\/03\/balade-grands-causses.jpg\" alt=\"balade grands causses\" class=\"images_image\" \/><\/div><\/div><\/div><\/section>\n\n<section id=\"section-60507fed84658\"\" class=\"section bg-white p-t-0 p-b-0\" \/><div class=\"container  extralarge\"><div class=\"colonnes-wrap valign-middle \"><div class=\"element colonne p-t-8\"><div class=\"element images\"><div class=\"image\"><img decoding=\"async\" src=\"https:\/\/www.camping-florac.com\/wp-content\/uploads\/2021\/03\/batisses-grands-causses-90x100.jpg\" data-src=\"https:\/\/www.camping-florac.com\/wp-content\/uploads\/2021\/03\/batisses-grands-causses.jpg\" alt=\"batisses grands causses\" class=\"images_image\" \/><\/div><\/div><\/div><div class=\"element colonne \"><div class=\"element images\"><div class=\"image\"><img decoding=\"async\" src=\"https:\/\/www.camping-florac.com\/wp-content\/uploads\/2021\/03\/accrobranche-tarn-91x100.jpg\" data-src=\"https:\/\/www.camping-florac.com\/wp-content\/uploads\/2021\/03\/accrobranche-tarn.jpg\" alt=\"accrobranche tarn\" class=\"images_image\" \/><\/div><\/div><\/div><div class=\"element colonne \"><div class=\"div-titre justify deco-h2 deco-vert\"><h2 class=\"element section-title \">Activiteiten met het gezin<\/h2><\/div><div class=\"element bloc-text justify \">\n\t<p>Rondom Florac Trois Loz\u00e8re, in Occitanie, zijn veel activiteiten aangepast aan kinderen en intergenerationeel. Een <strong class=\"bold color2\">playful<\/strong>, <strong class=\"bold color2\">cultural<\/strong> of <strong class=\"bold color2\">sporting<\/strong> manier om samen vreugdevolle momenten te delen.<\/p>\n<p><strong class=\"bold color2\">Een paar idee\u00ebn onder velen<\/strong>: <\/p>\n<ul>\n<li>Ga op <strong class=\"bold color2\">ontdekking van de Vallon du Villaret<\/strong>, een uniek park waar spel, kunst en natuur harmonieus samengaan voor een geweldige dag vol plezier en gelach!\n<li><strong class=\"bold color2\">Utopix<\/strong>, op de Causse de Sauveterre is een atypische, po\u00ebtische en speelse site: stenen dinosaurus, midgetgolf, doolhof. U bezoekt de <strong class=\"bold color2\">huisstijl &#8220;barbapapa&#8221;<\/strong> waarin de meester van de plaats het hele jaar woont<\/li>\n<\/ul>\n<\/div><\/div><\/div><\/div><\/section>\n\n<section id=\"section-60507fed84aa5\"\" class=\"section bg-white\" \/><div class=\"container  extralarge\"><div class=\"colonnes-wrap valign-middle \"><div class=\"element colonne \"><div class=\"element bloc-text justify \">\n\t<ul>\n<li><strong class=\"bold color2\">Het avonturenpark in Florac<\/strong> of elders, boerderijbezoeken, ritjes met ezels&#8230;<\/li>\n<li>Of anders <strong class=\"bold color2\">het ExplorGame van de stad van stenen<\/strong>..<\/li>\n<li>En ook het <strong class=\"bold color2\">parc des Loups du G\u00e9vaudan<\/strong> nodigt u uit om dit mythische dier dat de wolf is te ontdekken.<\/li>\n<\/ul>\n<p><strong class=\"bold color2\">In Loz\u00e8re beleeft u het avontuur met uw gezin voor onvergetelijke herinneringen!<\/strong><\/p>\n<\/div><\/div><div class=\"element colonne \"><div class=\"element images\"><div class=\"image\"><img decoding=\"async\" src=\"https:\/\/www.camping-florac.com\/wp-content\/uploads\/2021\/03\/parc-accrobranche-tarn-91x100.jpg\" data-src=\"https:\/\/www.camping-florac.com\/wp-content\/uploads\/2021\/03\/parc-accrobranche-tarn.jpg\" alt=\"parc accrobranche tarn\" class=\"images_image\" \/><\/div><\/div><\/div><div class=\"element colonne p-t-8\"><div class=\"element images\"><div class=\"image\"><img decoding=\"async\" src=\"https:\/\/www.camping-florac.com\/wp-content\/uploads\/2021\/03\/parc-loup-tarn-91x100.jpg\" data-src=\"https:\/\/www.camping-florac.com\/wp-content\/uploads\/2021\/03\/parc-loup-tarn.jpg\" alt=\"parc loup tarn\" class=\"images_image\" \/><\/div><\/div><\/div><\/div><\/div><\/section>\n\n<section id=\"section-6050a6d7a33d2\"\" class=\"section bg-white\" \/><div class=\"container  extralarge\"><div class=\"div-titre center deco-h2\"><div class=\"element section-title \">De omgeving van de camping te ontdekken<\/div><\/div><ul class=\"liste-de-page\"><li class=\"element call-to-action carre call-to-action--style-1 call-to-action--normal\"><a href=\"https:\/\/www.camping-florac.com\/nl\/camping-gorges-du-tarn\/\"  class=\"call-to-action_link\" title=\"En savoir plus sur de gorges du tarn\"><div class=\"call-to-action_image\"><img decoding=\"async\" src=\"https:\/\/www.camping-florac.com\/wp-content\/uploads\/2021\/03\/vue-point-sublime-100x56.jpg\" data-src=\"https:\/\/www.camping-florac.com\/wp-content\/uploads\/2021\/03\/vue-point-sublime.jpg\" alt=\"vue point sublime\" class=\"normal\" \/><\/div><div class=\"call-to-action_contenu\"><div class=\"call-to-action_titre\">De Gorges du Tarn<\/div><\/div><\/a><\/li><li class=\"element call-to-action carre call-to-action--style-1 call-to-action--normal call-to-action--style-1 call-to-action--normal\"><a href=\"https:\/\/www.camping-florac.com\/nl\/camping-de-grands-causses\/\"  class=\"call-to-action_link\" title=\"En savoir plus sur de grote causses\"><div class=\"call-to-action_image\"><img decoding=\"async\" src=\"https:\/\/www.camping-florac.com\/wp-content\/uploads\/2021\/03\/grand-casses-tourisme-100x56.jpg\" data-src=\"https:\/\/www.camping-florac.com\/wp-content\/uploads\/2021\/03\/grand-casses-tourisme.jpg\" alt=\"grand casses tourisme\" class=\"normal\" \/><\/div><div class=\"call-to-action_contenu\"><div class=\"call-to-action_titre\">De grote Causses<\/div><\/div><\/a><\/li><li class=\"element call-to-action carre call-to-action--style-1 call-to-action--normal call-to-action--style-1 call-to-action--normal call-to-action--style-1 call-to-action--normal\"><a href=\"https:\/\/www.camping-florac.com\/nl\/camping-cevennes\/\"  class=\"call-to-action_link\" title=\"En savoir plus sur de cevennen\"><div class=\"call-to-action_image\"><img decoding=\"async\" src=\"https:\/\/www.camping-florac.com\/wp-content\/uploads\/2021\/03\/montagne-cevennes-100x56.jpg\" data-src=\"https:\/\/www.camping-florac.com\/wp-content\/uploads\/2021\/03\/montagne-cevennes.jpg\" alt=\"montagne cevennes\" class=\"normal\" \/><\/div><div class=\"call-to-action_contenu\"><div class=\"call-to-action_titre\">De Cevennen<\/div><\/div><\/a><\/li><li class=\"element call-to-action carre call-to-action--style-1 call-to-action--normal call-to-action--style-1 call-to-action--normal call-to-action--style-1 call-to-action--normal call-to-action--style-1 call-to-action--normal\"><a href=\"https:\/\/www.camping-florac.com\/nl\/camping-gorges-de-la-jonte\/\"  class=\"call-to-action_link\" title=\"En savoir plus sur de jonte gorges\"><div class=\"call-to-action_image\"><img decoding=\"async\" src=\"https:\/\/www.camping-florac.com\/wp-content\/uploads\/2021\/03\/vue-gorges-jonte-100x56.jpg\" data-src=\"https:\/\/www.camping-florac.com\/wp-content\/uploads\/2021\/03\/vue-gorges-jonte.jpg\" alt=\"vue gorges jonte\" class=\"normal\" \/><\/div><div class=\"call-to-action_contenu\"><div class=\"call-to-action_titre\">De Jonte Gorges<\/div><\/div><\/a><\/li><li class=\"element call-to-action carre call-to-action--style-1 call-to-action--normal call-to-action--style-1 call-to-action--normal call-to-action--style-1 call-to-action--normal call-to-action--style-1 call-to-action--normal call-to-action--style-1 call-to-action--normal\"><a href=\"https:\/\/www.camping-florac.com\/nl\/camping-mont-aigoual\/\"  class=\"call-to-action_link\" title=\"En savoir plus sur de berg aigoual\"><div class=\"call-to-action_image\"><img decoding=\"async\" src=\"https:\/\/www.camping-florac.com\/wp-content\/uploads\/2021\/03\/mont-aigoual-observatoire-100x56.jpg\" data-src=\"https:\/\/www.camping-florac.com\/wp-content\/uploads\/2021\/03\/mont-aigoual-observatoire.jpg\" alt=\"mont aigoual observatoire\" class=\"normal\" \/><\/div><div class=\"call-to-action_contenu\"><div class=\"call-to-action_titre\">De berg Aigoual<\/div><\/div><\/a><\/li><li class=\"element call-to-action carre call-to-action--style-1 call-to-action--normal call-to-action--style-1 call-to-action--normal call-to-action--style-1 call-to-action--normal call-to-action--style-1 call-to-action--normal call-to-action--style-1 call-to-action--normal call-to-action--style-1 call-to-action--normal\"><a href=\"https:\/\/www.camping-florac.com\/nl\/camping-mont-lozere\/\"  class=\"call-to-action_link\" title=\"En savoir plus sur de berg lozere\"><div class=\"call-to-action_image\"><img decoding=\"async\" src=\"https:\/\/www.camping-florac.com\/wp-content\/uploads\/2021\/03\/mont-lozere-village-100x66.jpg\" data-src=\"https:\/\/www.camping-florac.com\/wp-content\/uploads\/2021\/03\/mont-lozere-village.jpg\" alt=\"mont lozere village\" class=\"normal\" \/><\/div><div class=\"call-to-action_contenu\"><div class=\"call-to-action_titre\">De berg Lozere<\/div><\/div><\/a><\/li><\/ul><\/div><\/section>","protected":false},"excerpt":{"rendered":"","protected":false},"author":1,"featured_media":1658,"parent":0,"menu_order":0,"comment_status":"closed","ping_status":"closed","template":"","meta":{"_acf_changed":false,"footnotes":""},"class_list":["post-2397","page","type-page","status-publish","has-post-thumbnail","hentry"],"acf":[],"yoast_head":"<!-- This site is optimized with the Yoast SEO plugin v22.2 - https:\/\/yoast.com\/wordpress\/plugins\/seo\/ -->\n<title>Aktivit\u00e4ten in der Loz\u00e8re | Top-Aktivit\u00e4ten in Loz\u00e8re<\/title>\n<meta name=\"robots\" content=\"index, follow, max-snippet:-1, max-image-preview:large, max-video-preview:-1\" \/>\n<link rel=\"canonical\" href=\"https:\/\/www.camping-florac.com\/nl\/activiteiten-lozere\/\" \/>\n<meta property=\"og:locale\" content=\"nl_NL\" \/>\n<meta property=\"og:type\" content=\"article\" \/>\n<meta property=\"og:title\" content=\"Aktivit\u00e4ten in der Loz\u00e8re | Top-Aktivit\u00e4ten in Loz\u00e8re\" \/>\n<meta property=\"og:url\" content=\"https:\/\/www.camping-florac.com\/nl\/activiteiten-lozere\/\" \/>\n<meta property=\"og:site_name\" content=\"Camping Pont du Tarn\" \/>\n<meta property=\"article:modified_time\" content=\"2022-01-13T15:29:16+00:00\" \/>\n<meta property=\"og:image\" content=\"https:\/\/www.camping-florac.com\/wp-content\/uploads\/2021\/03\/activite-tarn.jpg\" \/>\n\t<meta property=\"og:image:width\" content=\"1903\" \/>\n\t<meta property=\"og:image:height\" content=\"500\" \/>\n\t<meta property=\"og:image:type\" content=\"image\/jpeg\" \/>\n<meta name=\"twitter:card\" content=\"summary_large_image\" \/>\n<script type=\"application\/ld+json\" class=\"yoast-schema-graph\">{\"@context\":\"https:\/\/schema.org\",\"@graph\":[{\"@type\":\"WebPage\",\"@id\":\"https:\/\/www.camping-florac.com\/nl\/activiteiten-lozere\/\",\"url\":\"https:\/\/www.camping-florac.com\/nl\/activiteiten-lozere\/\",\"name\":\"Aktivit\u00e4ten in der Loz\u00e8re | Top-Aktivit\u00e4ten in Loz\u00e8re\",\"isPartOf\":{\"@id\":\"https:\/\/www.camping-florac.com\/nl\/#website\"},\"primaryImageOfPage\":{\"@id\":\"https:\/\/www.camping-florac.com\/nl\/activiteiten-lozere\/#primaryimage\"},\"image\":{\"@id\":\"https:\/\/www.camping-florac.com\/nl\/activiteiten-lozere\/#primaryimage\"},\"thumbnailUrl\":\"https:\/\/www.camping-florac.com\/wp-content\/uploads\/2021\/03\/activite-tarn.jpg\",\"datePublished\":\"2021-03-17T08:44:57+00:00\",\"dateModified\":\"2022-01-13T15:29:16+00:00\",\"breadcrumb\":{\"@id\":\"https:\/\/www.camping-florac.com\/nl\/activiteiten-lozere\/#breadcrumb\"},\"inLanguage\":\"nl-NL\",\"potentialAction\":[{\"@type\":\"ReadAction\",\"target\":[\"https:\/\/www.camping-florac.com\/nl\/activiteiten-lozere\/\"]}]},{\"@type\":\"ImageObject\",\"inLanguage\":\"nl-NL\",\"@id\":\"https:\/\/www.camping-florac.com\/nl\/activiteiten-lozere\/#primaryimage\",\"url\":\"https:\/\/www.camping-florac.com\/wp-content\/uploads\/2021\/03\/activite-tarn.jpg\",\"contentUrl\":\"https:\/\/www.camping-florac.com\/wp-content\/uploads\/2021\/03\/activite-tarn.jpg\",\"width\":1903,\"height\":500,\"caption\":\"activite tarn\"},{\"@type\":\"BreadcrumbList\",\"@id\":\"https:\/\/www.camping-florac.com\/nl\/activiteiten-lozere\/#breadcrumb\",\"itemListElement\":[{\"@type\":\"ListItem\",\"position\":1,\"name\":\"Camping Loz\u00e8re\",\"item\":\"https:\/\/www.camping-florac.com\/nl\/\"},{\"@type\":\"ListItem\",\"position\":2,\"name\":\"Wat is er te doen in Lozere ?\"}]},{\"@type\":\"WebSite\",\"@id\":\"https:\/\/www.camping-florac.com\/nl\/#website\",\"url\":\"https:\/\/www.camping-florac.com\/nl\/\",\"name\":\"Camping Pont du Tarn\",\"description\":\"\",\"potentialAction\":[{\"@type\":\"SearchAction\",\"target\":{\"@type\":\"EntryPoint\",\"urlTemplate\":\"https:\/\/www.camping-florac.com\/nl\/?s={search_term_string}\"},\"query-input\":\"required name=search_term_string\"}],\"inLanguage\":\"nl-NL\"}]}<\/script>\n<!-- \/ Yoast SEO plugin. -->","yoast_head_json":{"title":"Aktivit\u00e4ten in der Loz\u00e8re | Top-Aktivit\u00e4ten in Loz\u00e8re","robots":{"index":"index","follow":"follow","max-snippet":"max-snippet:-1","max-image-preview":"max-image-preview:large","max-video-preview":"max-video-preview:-1"},"canonical":"https:\/\/www.camping-florac.com\/nl\/activiteiten-lozere\/","og_locale":"nl_NL","og_type":"article","og_title":"Aktivit\u00e4ten in der Loz\u00e8re | Top-Aktivit\u00e4ten in Loz\u00e8re","og_url":"https:\/\/www.camping-florac.com\/nl\/activiteiten-lozere\/","og_site_name":"Camping Pont du Tarn","article_modified_time":"2022-01-13T15:29:16+00:00","og_image":[{"width":1903,"height":500,"url":"https:\/\/www.camping-florac.com\/wp-content\/uploads\/2021\/03\/activite-tarn.jpg","type":"image\/jpeg"}],"twitter_card":"summary_large_image","schema":{"@context":"https:\/\/schema.org","@graph":[{"@type":"WebPage","@id":"https:\/\/www.camping-florac.com\/nl\/activiteiten-lozere\/","url":"https:\/\/www.camping-florac.com\/nl\/activiteiten-lozere\/","name":"Aktivit\u00e4ten in der Loz\u00e8re | Top-Aktivit\u00e4ten in Loz\u00e8re","isPartOf":{"@id":"https:\/\/www.camping-florac.com\/nl\/#website"},"primaryImageOfPage":{"@id":"https:\/\/www.camping-florac.com\/nl\/activiteiten-lozere\/#primaryimage"},"image":{"@id":"https:\/\/www.camping-florac.com\/nl\/activiteiten-lozere\/#primaryimage"},"thumbnailUrl":"https:\/\/www.camping-florac.com\/wp-content\/uploads\/2021\/03\/activite-tarn.jpg","datePublished":"2021-03-17T08:44:57+00:00","dateModified":"2022-01-13T15:29:16+00:00","breadcrumb":{"@id":"https:\/\/www.camping-florac.com\/nl\/activiteiten-lozere\/#breadcrumb"},"inLanguage":"nl-NL","potentialAction":[{"@type":"ReadAction","target":["https:\/\/www.camping-florac.com\/nl\/activiteiten-lozere\/"]}]},{"@type":"ImageObject","inLanguage":"nl-NL","@id":"https:\/\/www.camping-florac.com\/nl\/activiteiten-lozere\/#primaryimage","url":"https:\/\/www.camping-florac.com\/wp-content\/uploads\/2021\/03\/activite-tarn.jpg","contentUrl":"https:\/\/www.camping-florac.com\/wp-content\/uploads\/2021\/03\/activite-tarn.jpg","width":1903,"height":500,"caption":"activite tarn"},{"@type":"BreadcrumbList","@id":"https:\/\/www.camping-florac.com\/nl\/activiteiten-lozere\/#breadcrumb","itemListElement":[{"@type":"ListItem","position":1,"name":"Camping Loz\u00e8re","item":"https:\/\/www.camping-florac.com\/nl\/"},{"@type":"ListItem","position":2,"name":"Wat is er te doen in Lozere ?"}]},{"@type":"WebSite","@id":"https:\/\/www.camping-florac.com\/nl\/#website","url":"https:\/\/www.camping-florac.com\/nl\/","name":"Camping Pont du Tarn","description":"","potentialAction":[{"@type":"SearchAction","target":{"@type":"EntryPoint","urlTemplate":"https:\/\/www.camping-florac.com\/nl\/?s={search_term_string}"},"query-input":"required name=search_term_string"}],"inLanguage":"nl-NL"}]}},"_links":{"self":[{"href":"https:\/\/www.camping-florac.com\/nl\/wp-json\/wp\/v2\/pages\/2397","targetHints":{"allow":["GET"]}}],"collection":[{"href":"https:\/\/www.camping-florac.com\/nl\/wp-json\/wp\/v2\/pages"}],"about":[{"href":"https:\/\/www.camping-florac.com\/nl\/wp-json\/wp\/v2\/types\/page"}],"author":[{"embeddable":true,"href":"https:\/\/www.camping-florac.com\/nl\/wp-json\/wp\/v2\/users\/1"}],"replies":[{"embeddable":true,"href":"https:\/\/www.camping-florac.com\/nl\/wp-json\/wp\/v2\/comments?post=2397"}],"version-history":[{"count":6,"href":"https:\/\/www.camping-florac.com\/nl\/wp-json\/wp\/v2\/pages\/2397\/revisions"}],"predecessor-version":[{"id":2482,"href":"https:\/\/www.camping-florac.com\/nl\/wp-json\/wp\/v2\/pages\/2397\/revisions\/2482"}],"wp:featuredmedia":[{"embeddable":true,"href":"https:\/\/www.camping-florac.com\/nl\/wp-json\/wp\/v2\/media\/1658"}],"wp:attachment":[{"href":"https:\/\/www.camping-florac.com\/nl\/wp-json\/wp\/v2\/media?parent=2397"}],"curies":[{"name":"wp","href":"https:\/\/api.w.org\/{rel}","templated":true}]}}