{"id":2182,"date":"2021-03-15T10:13:13","date_gmt":"2021-03-15T09:13:13","guid":{"rendered":"https:\/\/www.camping-florac.com\/camping-cevennes\/"},"modified":"2021-11-11T14:59:55","modified_gmt":"2021-11-11T13:59:55","slug":"camping-cevennes","status":"publish","type":"page","link":"https:\/\/www.camping-florac.com\/en\/camping-cevennes\/","title":{"rendered":"Visiter &#8211; Unesco : Les cevennes"},"content":{"rendered":"<section id=\"section-604f24cbc089b\"\" class=\"section bg-white p-b-0\" \/><div class=\"container \"><div class=\"div-titre center deco-h1\"><h1 class=\"element section-title \">Camping near the Cevennes<\/h1><\/div><div class=\"div-titre center\"><h2 class=\"element section-title \">Visit the Cevennes<\/h2><\/div><div class=\"element bloc-text center \">\n\t<p>The <a href=\"\/en\/\">Camping the Pont du Tarn<\/a> is ideally located in <strong class=\"bold color2\">Florac green tourism resort<\/strong> and <strong class=\"bold color2\">Capital of the C\u00e9vennes National Park<\/strong>, in the heart of the Causses and C\u00e9vennes landscapes and at the foot of the cliffs of the Causse M\u00e9jean!<\/p>\n<p>The C\u00e9vennes, <strong class=\"bold color2\">classified as a Unesco World Heritage site<\/strong>, present a palette of remarkable and varied landscapes that you won&#8217;t want to miss during your stay in Loz\u00e8re. <\/p>\n<\/div><\/div><\/section>\n\n<section id=\"section-60507fed83ef3\"\" class=\"section bg-white p-t-0 p-b-0\" \/><div class=\"container  extralarge\"><div class=\"colonnes-wrap valign-middle \"><div class=\"element colonne \"><div class=\"element bloc-text justify \">\n\t<p>Camping le Pont du Tarn offers <strong class=\"bold color2\">several visits and activities<\/strong> during your stay at the campsite to discover all the secrets and landscapes of the C\u00e9vennes.  <\/p>\n<p><strong class=\"bold color2\">Vast territory<\/strong>, it does not lack assets. Discover Anduze, a small town where it is good to stroll through its narrow streets and the famous Anduze potteries.<\/p>\n<p>A short trip to Saint-Jean-du-Gard with the Train \u00e0 vapeur des C\u00e9vennes, which offers a stop at the famous Bambouserais classified as one of <strong class=\"bold color2\">the most beautiful gardens in France<\/strong>. <\/p>\n<p>Discover the <strong class=\"bold color2\">richness of an exceptional heritage<\/strong>, the C\u00e9vennes destination of choice where no less than <strong class=\"bold color2\">8 major sites are classified as Unesco World Heritage<\/strong> and all this within a radius close to your rental at Camping le Pont du Tarn. <\/p>\n<\/div><\/div><div class=\"element colonne \"><div class=\"element images\"><div class=\"image\"><img decoding=\"async\" src=\"https:\/\/www.camping-florac.com\/wp-content\/uploads\/2021\/03\/cevennes-paysages-91x100.jpg\" data-src=\"https:\/\/www.camping-florac.com\/wp-content\/uploads\/2021\/03\/cevennes-paysages.jpg\" alt=\"cevennes paysages\" class=\"images_image\" \/><\/div><\/div><\/div><div class=\"element colonne p-t-8\"><div class=\"element images\"><div class=\"image\"><img decoding=\"async\" src=\"https:\/\/www.camping-florac.com\/wp-content\/uploads\/2021\/03\/train-vapeur-cevennes-90x100.jpg\" data-src=\"https:\/\/www.camping-florac.com\/wp-content\/uploads\/2021\/03\/train-vapeur-cevennes.jpg\" alt=\"train vapeur cevennes\" class=\"images_image\" \/><\/div><\/div><\/div><\/div><\/div><\/section>\n\n<section id=\"section-second\"\" class=\"section bg-white p-t-0 p-b-0\" \/><div class=\"container  extralarge\"><div class=\"colonnes-wrap valign-middle \"><div class=\"element colonne p-t-8\"><div class=\"element images\"><div class=\"image\"><img decoding=\"async\" src=\"https:\/\/www.camping-florac.com\/wp-content\/uploads\/2021\/03\/bambouseraie-90x100.jpg\" data-src=\"https:\/\/www.camping-florac.com\/wp-content\/uploads\/2021\/03\/bambouseraie.jpg\" alt=\"bambouseraie\" class=\"images_image\" \/><\/div><\/div><\/div><div class=\"element colonne \"><div class=\"element images\"><div class=\"image\"><img decoding=\"async\" src=\"https:\/\/www.camping-florac.com\/wp-content\/uploads\/2021\/03\/montagnes-cevennes-91x100.jpg\" data-src=\"https:\/\/www.camping-florac.com\/wp-content\/uploads\/2021\/03\/montagnes-cevennes.jpg\" alt=\"montagnes cevennes\" class=\"images_image\" \/><\/div><\/div><\/div><div class=\"element colonne \"><div class=\"div-titre justify\"><h2 class=\"element section-title \">Must-sees in the C\u00e9vennes<\/h2><\/div><div class=\"element bloc-text justify \">\n\t<p>Whether you want to hike, <strong class=\"bold color2\">swim in the many rivers<\/strong>, take advantage of the many outdoor activities, or simply relax at Camping le Pont du Tarn while enjoying the landscape, the swimming pool or the river.<\/p>\n<p>Like the young Stevenson 140 years ago, let yourself be bewitched by this wild, beautiful and rebellious nature. Walk the famous Stevenson&#8217;s path, discover the only <strong class=\"bold color2\">National Park in France<\/strong> where fauna, flora and inhabitants cohabit in harmony in the <strong class=\"bold color2\">magnificent Cevennes valleys<\/strong>, land of chestnuts and paillardons.  <\/p>\n<p>In 2018, <strong class=\"bold color2\">the C\u00e9vennes National Park<\/strong> becomes the largest star reserve in Europe. Come and sleep at Camping le Pont du Tarn, and get lost in the stars!<\/p>\n<\/div><\/div><\/div><div class=\"element bloc-text center \">\n\t<p>Contact <strong class=\"bold color2\">the Gorges du Tarn Causses C\u00e9vennes tourist office<\/strong> for more information on what to do during your stay.<\/p>\n<\/div><\/div><\/section>\n\n<section id=\"section-60507fed84214\"\" class=\"section bg-white\" \/><div class=\"container  full\"><div class=\"element images\"><div class=\"image\"><img decoding=\"async\" src=\"https:\/\/www.camping-florac.com\/wp-content\/uploads\/2021\/03\/chateau-prades-100x95.jpg\" data-src=\"https:\/\/www.camping-florac.com\/wp-content\/uploads\/2021\/03\/chateau-prades.jpg\" alt=\"chateau prades\" class=\"images_image\" \/><\/div><div class=\"image\"><img decoding=\"async\" src=\"https:\/\/www.camping-florac.com\/wp-content\/uploads\/2021\/03\/falaise-jonte-100x95.jpg\" data-src=\"https:\/\/www.camping-florac.com\/wp-content\/uploads\/2021\/03\/falaise-jonte.jpg\" alt=\"falaise jonte\" class=\"images_image\" \/><\/div><div class=\"image\"><img decoding=\"async\" src=\"https:\/\/www.camping-florac.com\/wp-content\/uploads\/2021\/03\/garde-guerin-vue-100x95.jpg\" data-src=\"https:\/\/www.camping-florac.com\/wp-content\/uploads\/2021\/03\/garde-guerin-vue.jpg\" alt=\"garde guerin vue\" class=\"images_image\" \/><\/div><div class=\"image\"><img decoding=\"async\" src=\"https:\/\/www.camping-florac.com\/wp-content\/uploads\/2021\/03\/castelbouc-village2-100x95.jpg\" data-src=\"https:\/\/www.camping-florac.com\/wp-content\/uploads\/2021\/03\/castelbouc-village2.jpg\" alt=\"castelbouc village\" class=\"images_image\" \/><\/div><\/div><\/div><\/section>\n\n<section id=\"section-60507fed84658\"\" class=\"section bg-white p-t-0 p-b-0\" \/><div class=\"container  extralarge\"><div class=\"colonnes-wrap valign-middle \"><div class=\"element colonne \"><div class=\"div-titre left\"><h2 class=\"element section-title \">Camping near the Cevennes<\/h2><\/div><div class=\"element bloc-text justify \">\n\t<p>After discovering the <strong class=\"bold color2\">richnesses that the C\u00e9vennes region is home to<\/strong>, you will return to your mobile home or rental pitch at the Pont du Tarn campsite to enjoy <strong class=\"bold color2\">delightful family moments<\/strong>.<\/p>\n<p>The <strong class=\"bold color2\">hot summer days<\/strong> will surely make you want to take a last dip in our swimming pool to cool off or do a few lengths.<\/p>\n<p>At the end of the day, you will have the opportunity to <strong class=\"bold color2\">taste a delicious pizza<\/strong> on the terrace of the pizzeria, near the bridge. <\/p>\n<p>Staying at our campsite near the Cevennes you will undoubtedly experience an <strong class=\"bold color2\">unforgettable family holiday<\/strong>.<\/p>\n<\/div><\/div><div class=\"element colonne \"><div class=\"element images\"><div class=\"image\"><img decoding=\"async\" src=\"https:\/\/www.camping-florac.com\/wp-content\/uploads\/2021\/03\/paysage-anduze-91x100.jpg\" data-src=\"https:\/\/www.camping-florac.com\/wp-content\/uploads\/2021\/03\/paysage-anduze.jpg\" alt=\"paysage anduze\" class=\"images_image\" \/><\/div><\/div><\/div><div class=\"element colonne p-t-8\"><div class=\"element images\"><div class=\"image\"><img decoding=\"async\" src=\"https:\/\/www.camping-florac.com\/wp-content\/uploads\/2021\/03\/cascade-de-runes-91x100.jpg\" data-src=\"https:\/\/www.camping-florac.com\/wp-content\/uploads\/2021\/03\/cascade-de-runes.jpg\" alt=\"cascade de runes\" class=\"images_image\" \/><\/div><\/div><\/div><\/div><\/div><\/section>\n\n<section id=\"section-6050a6d7a33d2\"\" class=\"section bg-white\" \/><div class=\"container  extralarge\"><div class=\"div-titre center deco-h2\"><div class=\"element section-title \">The surroundings of the Cevennes<\/div><\/div><ul class=\"liste-de-page\"><li class=\"element call-to-action carre call-to-action--style-1 call-to-action--normal\"><a href=\"https:\/\/www.camping-florac.com\/en\/camping-gorges-du-tarn\/\"  class=\"call-to-action_link\" title=\"En savoir plus sur the tarn gorges\"><div class=\"call-to-action_image\"><img decoding=\"async\" src=\"https:\/\/www.camping-florac.com\/wp-content\/uploads\/2021\/03\/vue-point-sublime-100x56.jpg\" data-src=\"https:\/\/www.camping-florac.com\/wp-content\/uploads\/2021\/03\/vue-point-sublime.jpg\" alt=\"vue point sublime\" class=\"normal\" \/><\/div><div class=\"call-to-action_contenu\"><div class=\"call-to-action_titre\">The Tarn Gorges<\/div><\/div><\/a><\/li><li class=\"element call-to-action carre call-to-action--style-1 call-to-action--normal call-to-action--style-1 call-to-action--normal\"><a href=\"https:\/\/www.camping-florac.com\/en\/camping-the-grands-causses\/\"  class=\"call-to-action_link\" title=\"En savoir plus sur the grands causses\"><div class=\"call-to-action_image\"><img decoding=\"async\" src=\"https:\/\/www.camping-florac.com\/wp-content\/uploads\/2021\/03\/grand-casses-tourisme-100x56.jpg\" data-src=\"https:\/\/www.camping-florac.com\/wp-content\/uploads\/2021\/03\/grand-casses-tourisme.jpg\" alt=\"grand casses tourisme\" class=\"normal\" \/><\/div><div class=\"call-to-action_contenu\"><div class=\"call-to-action_titre\">The Grands Causses<\/div><\/div><\/a><\/li><li class=\"element call-to-action carre call-to-action--style-1 call-to-action--normal call-to-action--style-1 call-to-action--normal call-to-action--style-1 call-to-action--normal\"><a href=\"https:\/\/www.camping-florac.com\/en\/camping-gorges-de-la-jonte\/\"  class=\"call-to-action_link\" title=\"En savoir plus sur the jonte gorges\"><div class=\"call-to-action_image\"><img decoding=\"async\" src=\"https:\/\/www.camping-florac.com\/wp-content\/uploads\/2021\/03\/vue-gorges-jonte-100x56.jpg\" data-src=\"https:\/\/www.camping-florac.com\/wp-content\/uploads\/2021\/03\/vue-gorges-jonte.jpg\" alt=\"vue gorges jonte\" class=\"normal\" \/><\/div><div class=\"call-to-action_contenu\"><div class=\"call-to-action_titre\">The Jonte Gorges<\/div><\/div><\/a><\/li><li class=\"element call-to-action carre call-to-action--style-1 call-to-action--normal call-to-action--style-1 call-to-action--normal call-to-action--style-1 call-to-action--normal call-to-action--style-1 call-to-action--normal\"><a href=\"https:\/\/www.camping-florac.com\/en\/camping-mont-aigoual\/\"  class=\"call-to-action_link\" title=\"En savoir plus sur mount aigoual\"><div class=\"call-to-action_image\"><img decoding=\"async\" src=\"https:\/\/www.camping-florac.com\/wp-content\/uploads\/2021\/03\/mont-aigoual-observatoire-100x56.jpg\" data-src=\"https:\/\/www.camping-florac.com\/wp-content\/uploads\/2021\/03\/mont-aigoual-observatoire.jpg\" alt=\"mont aigoual observatoire\" class=\"normal\" \/><\/div><div class=\"call-to-action_contenu\"><div class=\"call-to-action_titre\">Mount Aigoual<\/div><\/div><\/a><\/li><li class=\"element call-to-action carre call-to-action--style-1 call-to-action--normal call-to-action--style-1 call-to-action--normal call-to-action--style-1 call-to-action--normal call-to-action--style-1 call-to-action--normal call-to-action--style-1 call-to-action--normal\"><a href=\"https:\/\/www.camping-florac.com\/en\/camping-mont-lozere\/\"  class=\"call-to-action_link\" title=\"En savoir plus sur mount lozere\"><div class=\"call-to-action_image\"><img decoding=\"async\" src=\"https:\/\/www.camping-florac.com\/wp-content\/uploads\/2021\/03\/mont-lozere-village-100x66.jpg\" data-src=\"https:\/\/www.camping-florac.com\/wp-content\/uploads\/2021\/03\/mont-lozere-village.jpg\" alt=\"mont lozere village\" class=\"normal\" \/><\/div><div class=\"call-to-action_contenu\"><div class=\"call-to-action_titre\">Mount Lozere<\/div><\/div><\/a><\/li><li class=\"element call-to-action carre call-to-action--style-1 call-to-action--normal call-to-action--style-1 call-to-action--normal call-to-action--style-1 call-to-action--normal call-to-action--style-1 call-to-action--normal call-to-action--style-1 call-to-action--normal call-to-action--style-1 call-to-action--normal\"><a href=\"https:\/\/www.camping-florac.com\/en\/tourism-lozere\/\"  class=\"call-to-action_link\" title=\"En savoir plus sur other interests\"><div class=\"call-to-action_image\"><img decoding=\"async\" src=\"https:\/\/www.camping-florac.com\/wp-content\/uploads\/2021\/03\/tourisme-lozere-100x56.jpg\" data-src=\"https:\/\/www.camping-florac.com\/wp-content\/uploads\/2021\/03\/tourisme-lozere.jpg\" alt=\"tourisme lozere\" class=\"normal\" \/><\/div><div class=\"call-to-action_contenu\"><div class=\"call-to-action_titre\">Other interests<\/div><\/div><\/a><\/li><\/ul><\/div><\/section>","protected":false},"excerpt":{"rendered":"","protected":false},"author":1,"featured_media":977,"parent":0,"menu_order":0,"comment_status":"closed","ping_status":"closed","template":"","meta":{"_acf_changed":false,"footnotes":""},"class_list":["post-2182","page","type-page","status-publish","has-post-thumbnail","hentry"],"acf":[],"yoast_head":"<!-- This site is optimized with the Yoast SEO plugin v22.2 - https:\/\/yoast.com\/wordpress\/plugins\/seo\/ -->\n<title>Visit the Cevennes | Camping near the Cevennes<\/title>\n<meta name=\"robots\" content=\"index, follow, max-snippet:-1, max-image-preview:large, max-video-preview:-1\" \/>\n<link rel=\"canonical\" href=\"https:\/\/www.camping-florac.com\/en\/camping-cevennes\/\" \/>\n<meta property=\"og:locale\" content=\"en_US\" \/>\n<meta property=\"og:type\" content=\"article\" \/>\n<meta property=\"og:title\" content=\"Visit the Cevennes | Camping near the Cevennes\" \/>\n<meta property=\"og:url\" content=\"https:\/\/www.camping-florac.com\/en\/camping-cevennes\/\" \/>\n<meta property=\"og:site_name\" content=\"Camping Pont du Tarn\" \/>\n<meta property=\"article:modified_time\" content=\"2021-11-11T13:59:55+00:00\" \/>\n<meta property=\"og:image\" content=\"https:\/\/www.camping-florac.com\/wp-content\/uploads\/2021\/03\/vue-cevennes.jpg\" \/>\n\t<meta property=\"og:image:width\" content=\"1904\" \/>\n\t<meta property=\"og:image:height\" content=\"450\" \/>\n\t<meta property=\"og:image:type\" content=\"image\/jpeg\" \/>\n<meta name=\"twitter:card\" content=\"summary_large_image\" \/>\n<script type=\"application\/ld+json\" class=\"yoast-schema-graph\">{\"@context\":\"https:\/\/schema.org\",\"@graph\":[{\"@type\":\"WebPage\",\"@id\":\"https:\/\/www.camping-florac.com\/en\/camping-cevennes\/\",\"url\":\"https:\/\/www.camping-florac.com\/en\/camping-cevennes\/\",\"name\":\"Visit the Cevennes | Camping near the Cevennes\",\"isPartOf\":{\"@id\":\"https:\/\/www.camping-florac.com\/en\/#website\"},\"primaryImageOfPage\":{\"@id\":\"https:\/\/www.camping-florac.com\/en\/camping-cevennes\/#primaryimage\"},\"image\":{\"@id\":\"https:\/\/www.camping-florac.com\/en\/camping-cevennes\/#primaryimage\"},\"thumbnailUrl\":\"https:\/\/www.camping-florac.com\/wp-content\/uploads\/2021\/03\/vue-cevennes.jpg\",\"datePublished\":\"2021-03-15T09:13:13+00:00\",\"dateModified\":\"2021-11-11T13:59:55+00:00\",\"breadcrumb\":{\"@id\":\"https:\/\/www.camping-florac.com\/en\/camping-cevennes\/#breadcrumb\"},\"inLanguage\":\"en-US\",\"potentialAction\":[{\"@type\":\"ReadAction\",\"target\":[\"https:\/\/www.camping-florac.com\/en\/camping-cevennes\/\"]}]},{\"@type\":\"ImageObject\",\"inLanguage\":\"en-US\",\"@id\":\"https:\/\/www.camping-florac.com\/en\/camping-cevennes\/#primaryimage\",\"url\":\"https:\/\/www.camping-florac.com\/wp-content\/uploads\/2021\/03\/vue-cevennes.jpg\",\"contentUrl\":\"https:\/\/www.camping-florac.com\/wp-content\/uploads\/2021\/03\/vue-cevennes.jpg\",\"width\":1904,\"height\":450,\"caption\":\"C\u00e9vennes - Vue depuis le bord du causse M\u00e9jean : Florac, le Baug\u00e8s, la vall\u00e9e de la Mimente\"},{\"@type\":\"BreadcrumbList\",\"@id\":\"https:\/\/www.camping-florac.com\/en\/camping-cevennes\/#breadcrumb\",\"itemListElement\":[{\"@type\":\"ListItem\",\"position\":1,\"name\":\"Camping Loz\u00e8re\",\"item\":\"https:\/\/www.camping-florac.com\/en\/\"},{\"@type\":\"ListItem\",\"position\":2,\"name\":\"Camping near the Cevennes\"}]},{\"@type\":\"WebSite\",\"@id\":\"https:\/\/www.camping-florac.com\/en\/#website\",\"url\":\"https:\/\/www.camping-florac.com\/en\/\",\"name\":\"Camping Pont du Tarn\",\"description\":\"\",\"potentialAction\":[{\"@type\":\"SearchAction\",\"target\":{\"@type\":\"EntryPoint\",\"urlTemplate\":\"https:\/\/www.camping-florac.com\/en\/?s={search_term_string}\"},\"query-input\":\"required name=search_term_string\"}],\"inLanguage\":\"en-US\"}]}<\/script>\n<!-- \/ Yoast SEO plugin. -->","yoast_head_json":{"title":"Visit the Cevennes | Camping near the Cevennes","robots":{"index":"index","follow":"follow","max-snippet":"max-snippet:-1","max-image-preview":"max-image-preview:large","max-video-preview":"max-video-preview:-1"},"canonical":"https:\/\/www.camping-florac.com\/en\/camping-cevennes\/","og_locale":"en_US","og_type":"article","og_title":"Visit the Cevennes | Camping near the Cevennes","og_url":"https:\/\/www.camping-florac.com\/en\/camping-cevennes\/","og_site_name":"Camping Pont du Tarn","article_modified_time":"2021-11-11T13:59:55+00:00","og_image":[{"width":1904,"height":450,"url":"https:\/\/www.camping-florac.com\/wp-content\/uploads\/2021\/03\/vue-cevennes.jpg","type":"image\/jpeg"}],"twitter_card":"summary_large_image","schema":{"@context":"https:\/\/schema.org","@graph":[{"@type":"WebPage","@id":"https:\/\/www.camping-florac.com\/en\/camping-cevennes\/","url":"https:\/\/www.camping-florac.com\/en\/camping-cevennes\/","name":"Visit the Cevennes | Camping near the Cevennes","isPartOf":{"@id":"https:\/\/www.camping-florac.com\/en\/#website"},"primaryImageOfPage":{"@id":"https:\/\/www.camping-florac.com\/en\/camping-cevennes\/#primaryimage"},"image":{"@id":"https:\/\/www.camping-florac.com\/en\/camping-cevennes\/#primaryimage"},"thumbnailUrl":"https:\/\/www.camping-florac.com\/wp-content\/uploads\/2021\/03\/vue-cevennes.jpg","datePublished":"2021-03-15T09:13:13+00:00","dateModified":"2021-11-11T13:59:55+00:00","breadcrumb":{"@id":"https:\/\/www.camping-florac.com\/en\/camping-cevennes\/#breadcrumb"},"inLanguage":"en-US","potentialAction":[{"@type":"ReadAction","target":["https:\/\/www.camping-florac.com\/en\/camping-cevennes\/"]}]},{"@type":"ImageObject","inLanguage":"en-US","@id":"https:\/\/www.camping-florac.com\/en\/camping-cevennes\/#primaryimage","url":"https:\/\/www.camping-florac.com\/wp-content\/uploads\/2021\/03\/vue-cevennes.jpg","contentUrl":"https:\/\/www.camping-florac.com\/wp-content\/uploads\/2021\/03\/vue-cevennes.jpg","width":1904,"height":450,"caption":"C\u00e9vennes - Vue depuis le bord du causse M\u00e9jean : Florac, le Baug\u00e8s, la vall\u00e9e de la Mimente"},{"@type":"BreadcrumbList","@id":"https:\/\/www.camping-florac.com\/en\/camping-cevennes\/#breadcrumb","itemListElement":[{"@type":"ListItem","position":1,"name":"Camping Loz\u00e8re","item":"https:\/\/www.camping-florac.com\/en\/"},{"@type":"ListItem","position":2,"name":"Camping near the Cevennes"}]},{"@type":"WebSite","@id":"https:\/\/www.camping-florac.com\/en\/#website","url":"https:\/\/www.camping-florac.com\/en\/","name":"Camping Pont du Tarn","description":"","potentialAction":[{"@type":"SearchAction","target":{"@type":"EntryPoint","urlTemplate":"https:\/\/www.camping-florac.com\/en\/?s={search_term_string}"},"query-input":"required name=search_term_string"}],"inLanguage":"en-US"}]}},"_links":{"self":[{"href":"https:\/\/www.camping-florac.com\/en\/wp-json\/wp\/v2\/pages\/2182","targetHints":{"allow":["GET"]}}],"collection":[{"href":"https:\/\/www.camping-florac.com\/en\/wp-json\/wp\/v2\/pages"}],"about":[{"href":"https:\/\/www.camping-florac.com\/en\/wp-json\/wp\/v2\/types\/page"}],"author":[{"embeddable":true,"href":"https:\/\/www.camping-florac.com\/en\/wp-json\/wp\/v2\/users\/1"}],"replies":[{"embeddable":true,"href":"https:\/\/www.camping-florac.com\/en\/wp-json\/wp\/v2\/comments?post=2182"}],"version-history":[{"count":13,"href":"https:\/\/www.camping-florac.com\/en\/wp-json\/wp\/v2\/pages\/2182\/revisions"}],"predecessor-version":[{"id":3479,"href":"https:\/\/www.camping-florac.com\/en\/wp-json\/wp\/v2\/pages\/2182\/revisions\/3479"}],"wp:featuredmedia":[{"embeddable":true,"href":"https:\/\/www.camping-florac.com\/en\/wp-json\/wp\/v2\/media\/977"}],"wp:attachment":[{"href":"https:\/\/www.camping-florac.com\/en\/wp-json\/wp\/v2\/media?parent=2182"}],"curies":[{"name":"wp","href":"https:\/\/api.w.org\/{rel}","templated":true}]}}