{"id":2117,"date":"2021-03-15T10:11:39","date_gmt":"2021-03-15T09:11:39","guid":{"rendered":"https:\/\/www.camping-florac.com\/camping-restaurant-lozere\/"},"modified":"2023-05-11T17:29:34","modified_gmt":"2023-05-11T15:29:34","slug":"camping-restaurant-lozere","status":"publish","type":"page","link":"https:\/\/www.camping-florac.com\/en\/camping-restaurant-lozere\/","title":{"rendered":"D\u00e9couvrir le camping : Nos services et pr\u00e9sentation"},"content":{"rendered":"<section id=\"section-604f24cbc089b\"\" class=\"section bg-white p-b-0\" \/><div class=\"container \"><div class=\"div-titre center deco-h1\"><h1 class=\"element section-title \">Family campsite in Loz\u00e8re<\/h1><\/div><\/div><\/section>\n\n<section id=\"section-60507fed83ef3\"\" class=\"section bg-white p-t-0 p-b-0\" \/><div class=\"container  extralarge\"><div class=\"div-titre center\"><h2 class=\"element section-title \">The reception<\/h2><\/div><div class=\"element bloc-text justify \">\n\t<p>Christine, Claude, Thomas and Jeanne, will <strong class=\"bold color2\">welcome you with pleasure<\/strong> and will be at your disposal throughout your stay. <strong class=\"bold color2\">Family spirit<\/strong>, <strong class=\"bold color2\">human warmth<\/strong>, <strong class=\"bold color2\">friendliness<\/strong>, <strong class=\"bold color2\">dynamism<\/strong> are the essential values that we carry.<\/p>\n<p><strong class=\"bold color2\">Tourist information<\/strong>, ideas for walks, good tips, festivities, our entire team will be happy to help you make your stay at <a href=\"\/en\/\">Camping Le Pont du Tarn<\/a>, a <strong class=\"bold color2\">happy and rejuvenating interlude<\/strong> and our advice is always personalized. <\/p>\n<\/div><div class=\"colonnes-wrap valign-middle \"><div class=\"element colonne \"><div class=\"element bloc-text justify \">\n\t<p>You will also find at <strong class=\"bold color2\">the reception<\/strong>, board games, books on loan or to exchange. <\/p>\n<p>You will also be able to <strong class=\"bold color2\">rent a fridge<\/strong>, a baby kit, towels or buy a disposable sheet kit.<\/p>\n<p>In partnership with the <strong class=\"bold color2\">Lozere fishing federation<\/strong>, we also sell fishing cards there.<\/p>\n<p>Finally, we are available to <strong class=\"bold color2\">book your canoe trips or a good table<\/strong>. <\/p>\n<p>Don&#8217;t hesitate to come and meet us on Sundays at 6pm (10\/07 to 21\/08), during the welcome drink. We will share together a <strong class=\"bold color2\">moment of meeting and exchange<\/strong>.<\/p>\n<\/div><\/div><div class=\"element colonne \"><div class=\"element images\"><div class=\"image\"><img decoding=\"async\" src=\"\" data-src=\"\" alt=\"billard buvette\" class=\"images_image\" \/><\/div><\/div><\/div><div class=\"element colonne p-t-8\"><div class=\"element images\"><div class=\"image\"><img decoding=\"async\" src=\"https:\/\/www.camping-florac.com\/wp-content\/uploads\/2021\/03\/baignade-riviere-tarn-91x100.jpg\" data-src=\"https:\/\/www.camping-florac.com\/wp-content\/uploads\/2021\/03\/baignade-riviere-tarn.jpg\" alt=\"baignade riviere tarn\" class=\"images_image\" \/><\/div><\/div><\/div><\/div><\/div><\/section>\n\n<section id=\"section-60507fed84214\"\" class=\"section bg-white\" \/><div class=\"container  full\"><div class=\"element images\"><div class=\"image\"><img decoding=\"async\" src=\"https:\/\/www.camping-florac.com\/wp-content\/uploads\/2021\/03\/snack-lozere-100x96.jpg\" data-src=\"https:\/\/www.camping-florac.com\/wp-content\/uploads\/2021\/03\/snack-lozere.jpg\" alt=\"snack lozere\" class=\"images_image\" \/><\/div><div class=\"image\"><img decoding=\"async\" src=\"https:\/\/www.camping-florac.com\/wp-content\/uploads\/2021\/03\/glace-lozere-100x96.jpg\" data-src=\"https:\/\/www.camping-florac.com\/wp-content\/uploads\/2021\/03\/glace-lozere.jpg\" alt=\"glace lozere\" class=\"images_image\" \/><\/div><div class=\"image\"><img decoding=\"async\" src=\"https:\/\/www.camping-florac.com\/wp-content\/uploads\/2021\/03\/viennoisseries-dejeuner-100x95.jpg\" data-src=\"https:\/\/www.camping-florac.com\/wp-content\/uploads\/2021\/03\/viennoisseries-dejeuner.jpg\" alt=\"viennoiseries d\u00e9jeuner\" class=\"images_image\" \/><\/div><div class=\"image\"><img decoding=\"async\" src=\"https:\/\/www.camping-florac.com\/wp-content\/uploads\/2021\/03\/buvette-camping-100x95.jpg\" data-src=\"https:\/\/www.camping-florac.com\/wp-content\/uploads\/2021\/03\/buvette-camping.jpg\" alt=\"buvette camping\" class=\"images_image\" \/><\/div><\/div><\/div><\/section>\n\n<section id=\"section-60507fed84658\"\" class=\"section bg-white p-t-0 p-b-0\" \/><div class=\"container  extralarge\"><div class=\"colonnes-wrap valign-middle \"><div class=\"element colonne p-t-8\"><div class=\"element images\"><div class=\"image\"><img decoding=\"async\" src=\"https:\/\/www.camping-florac.com\/wp-content\/uploads\/2021\/03\/pizzeria-lozere-90x100.jpg\" data-src=\"https:\/\/www.camping-florac.com\/wp-content\/uploads\/2021\/03\/pizzeria-lozere.jpg\" alt=\"pizzeria lozere\" class=\"images_image\" \/><\/div><\/div><\/div><div class=\"element colonne \"><div class=\"element images\"><div class=\"image\"><img decoding=\"async\" src=\"https:\/\/www.camping-florac.com\/wp-content\/uploads\/2021\/03\/pizza-plat-91x100.jpg\" data-src=\"https:\/\/www.camping-florac.com\/wp-content\/uploads\/2021\/03\/pizza-plat.jpg\" alt=\"pizza plat\" class=\"images_image\" \/><\/div><\/div><\/div><div class=\"element colonne \"><div class=\"div-titre justify deco-h2 deco-vert\"><h2 class=\"element section-title \">The pizzeria<\/h2><\/div><div class=\"element bloc-text justify \">\n\t<p>To preserve the calm within the campsite, <strong class=\"bold color2\">the pizzeria<\/strong> is located at the end of the campsite, near the old Pont du Tarn and you will be received there from 7pm to 11pm every evening except Wednesday, weekly closure&#8230; <strong class=\"bold color2\">The pizzeria is open from mid June to the end of August<\/strong>.<\/p>\n<p>Under the plane trees of our small terrace, our team offers you, a drink, cocktail and ice cream service as well as a <strong class=\"bold color2\">large choice of pizzas<\/strong> to eat in or take away. You can also order chips to take away, as well as roast chicken twice a week.<\/p>\n<p>Our pizzas are made on site with <strong class=\"bold color2\">fresh and quality products<\/strong>.  <\/p>\n<\/div><\/div><\/div><\/div><\/section>\n\n<section id=\"section-60507fed84aa5\"\" class=\"section bg-white\" \/><div class=\"container  extralarge\"><div class=\"colonnes-wrap valign-middle \"><div class=\"element colonne \"><div class=\"div-titre justify deco-h2 deco-orange\"><h2 class=\"element section-title \">The refreshment bar<\/h2><\/div><div class=\"element bloc-text justify \">\n\t<p>Adjacent to the reception, <strong class=\"bold color2\">the refreshment bar<\/strong> is open from May to mid-September, every day from 8:30 am. To preserve <strong class=\"bold color2\">the peace and quiet<\/strong> in the heart of the campsite, the pizzeria takes over the drink service after 8pm.<\/p>\n<p>We offer several services : <\/p>\n<ul>\n<li><strong class=\"bold color2\">Drinks, Nespresso coffee and cocktails<\/strong>.<\/li>\n<li><strong class=\"bold color2\">Breakfast<\/strong> from 8:30am. A hot drink, orange juice, bread, butter and jam for an invigorating wake-up call. 6.50 euros, to order if possible in the off season.<\/li>\n<li><strong class=\"bold color2\">Bread and pastries<\/strong> to order outside July and August.<\/li>\n<li><strong class=\"bold color2\">&#8220;La laiti\u00e8re&#8221;<\/strong> ice creams.<\/li>\n<li><strong class=\"bold color2\">Ice water bottles<\/strong> 2 \u20ac and refills of ice packs 0.50 \u20ac.<\/li>\n<\/ul>\n<\/div><\/div><div class=\"element colonne \"><div class=\"element images\"><div class=\"image\"><img decoding=\"async\" src=\"https:\/\/www.camping-florac.com\/wp-content\/uploads\/2021\/03\/cocktail-lozere-90x100.jpg\" data-src=\"https:\/\/www.camping-florac.com\/wp-content\/uploads\/2021\/03\/cocktail-lozere.jpg\" alt=\"cocktail lozere\" class=\"images_image\" \/><\/div><\/div><\/div><div class=\"element colonne p-t-8\"><div class=\"element images\"><div class=\"image\"><img decoding=\"async\" src=\"https:\/\/www.camping-florac.com\/wp-content\/uploads\/2021\/03\/buvette-tables-91x100.jpg\" data-src=\"https:\/\/www.camping-florac.com\/wp-content\/uploads\/2021\/03\/buvette-tables.jpg\" alt=\"buvette tables\" class=\"images_image\" \/><\/div><\/div><\/div><\/div><\/div><\/section>\n\n<section id=\"section-60507fed84daf\"\" class=\"section bg-white p-t-0 p-b-0\" \/><div class=\"container  full\"><div class=\"element images\"><div class=\"image\"><img decoding=\"async\" src=\"https:\/\/www.camping-florac.com\/wp-content\/uploads\/2021\/03\/petits-pains-100x95.jpg\" data-src=\"https:\/\/www.camping-florac.com\/wp-content\/uploads\/2021\/03\/petits-pains.jpg\" alt=\"petits pains\" class=\"images_image\" \/><\/div><div class=\"image\"><img decoding=\"async\" src=\"https:\/\/www.camping-florac.com\/wp-content\/uploads\/2021\/03\/dejeuner-terrasse-100x95.jpg\" data-src=\"https:\/\/www.camping-florac.com\/wp-content\/uploads\/2021\/03\/dejeuner-terrasse.jpg\" alt=\"couple avec enfant au camping\" class=\"images_image\" \/><\/div><div class=\"image\"><img decoding=\"async\" src=\"https:\/\/www.camping-florac.com\/wp-content\/uploads\/2021\/03\/pizza-chorizo-100x95.jpg\" data-src=\"https:\/\/www.camping-florac.com\/wp-content\/uploads\/2021\/03\/pizza-chorizo.jpg\" alt=\"pizza chorizo\" class=\"images_image\" \/><\/div><div class=\"image\"><img decoding=\"async\" src=\"https:\/\/www.camping-florac.com\/wp-content\/uploads\/2021\/03\/services-camping-tarn-100x96.jpg\" data-src=\"https:\/\/www.camping-florac.com\/wp-content\/uploads\/2021\/03\/services-camping-tarn.jpg\" alt=\"services camping tarn\" class=\"images_image\" \/><\/div><\/div><\/div><\/section>\n\n<section id=\"section-60507fed851d4\"\" class=\"section bg-white p-b-0\" \/><div class=\"container  extralarge\"><div class=\"colonnes-wrap valign-middle \"><div class=\"element colonne p-t-8\"><div class=\"element images\"><div class=\"image\"><img decoding=\"async\" src=\"https:\/\/www.camping-florac.com\/wp-content\/uploads\/2021\/03\/machine-a-laver-91x100.jpg\" data-src=\"https:\/\/www.camping-florac.com\/wp-content\/uploads\/2021\/03\/machine-a-laver.jpg\" alt=\"machine a laver\" class=\"images_image\" \/><\/div><\/div><\/div><div class=\"element colonne \"><div class=\"element images\"><div class=\"image\"><img decoding=\"async\" src=\"https:\/\/www.camping-florac.com\/wp-content\/uploads\/2021\/03\/fer-a-rapasser-91x100.jpg\" data-src=\"https:\/\/www.camping-florac.com\/wp-content\/uploads\/2021\/03\/fer-a-rapasser.jpg\" alt=\"fer a rapasser\" class=\"images_image\" \/><\/div><\/div><\/div><div class=\"element colonne \"><div class=\"div-titre justify grey\"><h2 class=\"element section-title \">The Laundromat<\/h2><\/div><div class=\"element bloc-text justify \">\n\t<p>Adjacent to the reception, you will find two <strong class=\"bold color2\">washing machines<\/strong> as well as a <strong class=\"bold color2\">dryer<\/strong>, tokens are to be purchased at the reception. Iron and ironing board are available on request at the reception.  <\/p>\n<ul>\n<li><strong class=\"bold color2\">Washing machine 7 kg<\/strong> = 5 \u20ac<\/li>\n<li><strong class=\"bold color2\">Washing machine 8 Kg<\/strong> = 6 \u20ac<\/li>\n<li><strong class=\"bold color2\">Dryer<\/strong> = 3.50 \u20ac<\/li>\n<li><strong class=\"bold color2\">Lesson<\/strong> = 1 \u20ac<\/li>\n<\/ul>\n<\/div><\/div><\/div><\/div><\/section>\n\n<section id=\"section-60507fed8567e\"\" class=\"section bg-white p-b-0\" \/><div class=\"container  extralarge\"><div class=\"colonnes-wrap valign-middle \"><div class=\"element colonne \"><div class=\"div-titre left deco-h2 deco-vert\"><h2 class=\"element section-title \">Our environmental commitment<\/h2><\/div><div class=\"element bloc-text justify \">\n\t<p>At Camping Le Pont du Tarn, we <strong class=\"bold color2\">preserve the environment<\/strong> and set up several actions or partnerships:<\/p>\n<ul>\n<li>We put at your disposal <strong class=\"bold color2\">a waste sorting area<\/strong> as well as a collection for the recovery of used batteries, light bulbs, broken equipment&#8230;<\/li>\n<li>For all your green waste, a <strong class=\"bold color2\">compost bin<\/strong> is at your disposal behind the pool.<\/li>\n<li>For the maintenance of our green spaces, we do not use <strong class=\"bold color2\">any pesticides or chemical weed killers<\/strong> and promote the natural side of our spaces.<\/li>\n<\/ul>\n<\/div><\/div><div class=\"element colonne \"><div class=\"element images\"><div class=\"image\"><img decoding=\"async\" src=\"https:\/\/www.camping-florac.com\/wp-content\/uploads\/2021\/03\/dechet-recyclage-90x100.jpg\" data-src=\"https:\/\/www.camping-florac.com\/wp-content\/uploads\/2021\/03\/dechet-recyclage.jpg\" alt=\"dechet recyclage\" class=\"images_image\" \/><\/div><\/div><\/div><div class=\"element colonne p-t-8\"><div class=\"element images\"><div class=\"image\"><img decoding=\"async\" src=\"https:\/\/www.camping-florac.com\/wp-content\/uploads\/2021\/03\/tri-dechet-lozere-90x100.jpg\" data-src=\"https:\/\/www.camping-florac.com\/wp-content\/uploads\/2021\/03\/tri-dechet-lozere.jpg\" alt=\"tri dechet lozere\" class=\"images_image\" \/><\/div><\/div><\/div><\/div><div class=\"colonnes-wrap valign-middle m-t-4\"><div class=\"element colonne p-t-8\"><div class=\"element images\"><div class=\"image\"><img decoding=\"async\" src=\"https:\/\/www.camping-florac.com\/wp-content\/uploads\/2021\/03\/ampoules-led-91x100.jpg\" data-src=\"https:\/\/www.camping-florac.com\/wp-content\/uploads\/2021\/03\/ampoules-led.jpg\" alt=\"ampoules led\" class=\"images_image\" \/><\/div><\/div><\/div><div class=\"element colonne \"><div class=\"element images\"><div class=\"image\"><img decoding=\"async\" src=\"https:\/\/www.camping-florac.com\/wp-content\/uploads\/2021\/03\/poubelles-tri-91x100.jpg\" data-src=\"https:\/\/www.camping-florac.com\/wp-content\/uploads\/2021\/03\/poubelles-tri.jpg\" alt=\"poubelles tri\" class=\"images_image\" \/><\/div><\/div><\/div><div class=\"element colonne \"><div class=\"element bloc-text justify \">\n\t<ul>\n<li>Our taps are equipped with pressure reducers and as much as possible, are timed.<\/li>\n<li>We also favour <strong class=\"bold color2\">the use of led bulbs<\/strong> when renewing our lighting.<\/li>\n<li>We are vigilant about the choice of our household products, favouring those that are <strong class=\"bold color2\">minimally eco-labelled<\/strong>.<\/li>\n<li>Finally, we have been partners for several years with La <strong class=\"bold color2\">League for the Protection of Birds (LPO)<\/strong> and pay particular attention to their well-being and reproduction. For this, we postpone or delay the pruning of our hedges, during the nesting period and feed them in winter.<\/li>\n<\/ul>\n<\/div><\/div><\/div><\/div><\/section>\n\n<section id=\"section-6050a6d7a33d2\"\" class=\"section bg-white\" \/><div class=\"container  extralarge\"><div class=\"div-titre center deco-h2\"><div class=\"element section-title \">Our other services at the campsite<\/div><\/div><ul class=\"liste-de-page\"><li class=\"element call-to-action carre call-to-action--style-1 call-to-action--normal\"><a href=\"https:\/\/www.camping-florac.com\/en\/camping-animations-lozere\/\"  class=\"call-to-action_link\" title=\"En savoir plus sur the animations\"><div class=\"call-to-action_image\"><img decoding=\"async\" src=\"https:\/\/www.camping-florac.com\/wp-content\/uploads\/2021\/03\/animations-tarn-100x56.jpg\" data-src=\"https:\/\/www.camping-florac.com\/wp-content\/uploads\/2021\/03\/animations-tarn.jpg\" alt=\"animations tarn\" class=\"normal\" \/><\/div><div class=\"call-to-action_contenu\"><div class=\"call-to-action_titre\">The animations<\/div><\/div><\/a><\/li><li class=\"element call-to-action carre call-to-action--style-1 call-to-action--normal call-to-action--style-1 call-to-action--normal\"><a href=\"https:\/\/www.camping-florac.com\/en\/camping-river-tarn\/\"  class=\"call-to-action_link\" title=\"En savoir plus sur the river\"><div class=\"call-to-action_image\"><img decoding=\"async\" src=\"https:\/\/www.camping-florac.com\/wp-content\/uploads\/2021\/03\/bord-de-riviere-lozere-100x56.jpg\" data-src=\"https:\/\/www.camping-florac.com\/wp-content\/uploads\/2021\/03\/bord-de-riviere-lozere.jpg\" alt=\"bord de riviere lozere\" class=\"normal\" \/><\/div><div class=\"call-to-action_contenu\"><div class=\"call-to-action_titre\">The river<\/div><\/div><\/a><\/li><li class=\"element call-to-action carre call-to-action--style-1 call-to-action--normal call-to-action--style-1 call-to-action--normal call-to-action--style-1 call-to-action--normal\"><a href=\"https:\/\/www.camping-florac.com\/en\/camping-pool-lozere\/\"  class=\"call-to-action_link\" title=\"En savoir plus sur the pool\"><div class=\"call-to-action_image\"><img decoding=\"async\" src=\"https:\/\/www.camping-florac.com\/wp-content\/uploads\/2021\/03\/piscine-tarn-100x56.jpg\" data-src=\"https:\/\/www.camping-florac.com\/wp-content\/uploads\/2021\/03\/piscine-tarn.jpg\" alt=\"piscine tarn\" class=\"normal\" \/><\/div><div class=\"call-to-action_contenu\"><div class=\"call-to-action_titre\">The pool<\/div><\/div><\/a><\/li><\/ul><\/div><\/section>","protected":false},"excerpt":{"rendered":"","protected":false},"author":1,"featured_media":561,"parent":0,"menu_order":0,"comment_status":"closed","ping_status":"closed","template":"","meta":{"_acf_changed":false,"footnotes":""},"class_list":["post-2117","page","type-page","status-publish","has-post-thumbnail","hentry"],"acf":[],"yoast_head":"<!-- This site is optimized with the Yoast SEO plugin v22.2 - https:\/\/yoast.com\/wordpress\/plugins\/seo\/ -->\n<title>Camping restaurant Loz\u00e8re | 3 star campsite in Loz\u00e8re | Restaurant Loz\u00e8re<\/title>\n<meta name=\"robots\" content=\"index, follow, max-snippet:-1, max-image-preview:large, max-video-preview:-1\" \/>\n<link rel=\"canonical\" href=\"https:\/\/www.camping-florac.com\/en\/camping-restaurant-lozere\/\" \/>\n<meta property=\"og:locale\" content=\"en_US\" \/>\n<meta property=\"og:type\" content=\"article\" \/>\n<meta property=\"og:title\" content=\"Camping restaurant Loz\u00e8re | 3 star campsite in Loz\u00e8re | Restaurant Loz\u00e8re\" \/>\n<meta property=\"og:url\" content=\"https:\/\/www.camping-florac.com\/en\/camping-restaurant-lozere\/\" \/>\n<meta property=\"og:site_name\" content=\"Camping Pont du Tarn\" \/>\n<meta property=\"article:modified_time\" content=\"2023-05-11T15:29:34+00:00\" \/>\n<meta property=\"og:image\" content=\"https:\/\/www.camping-florac.com\/wp-content\/uploads\/2021\/03\/services-lozere.jpg\" \/>\n\t<meta property=\"og:image:width\" content=\"1903\" \/>\n\t<meta property=\"og:image:height\" content=\"499\" \/>\n\t<meta property=\"og:image:type\" content=\"image\/jpeg\" \/>\n<meta name=\"twitter:card\" content=\"summary_large_image\" \/>\n<script type=\"application\/ld+json\" class=\"yoast-schema-graph\">{\"@context\":\"https:\/\/schema.org\",\"@graph\":[{\"@type\":\"WebPage\",\"@id\":\"https:\/\/www.camping-florac.com\/en\/camping-restaurant-lozere\/\",\"url\":\"https:\/\/www.camping-florac.com\/en\/camping-restaurant-lozere\/\",\"name\":\"Camping restaurant Loz\u00e8re | 3 star campsite in Loz\u00e8re | Restaurant Loz\u00e8re\",\"isPartOf\":{\"@id\":\"https:\/\/www.camping-florac.com\/en\/#website\"},\"primaryImageOfPage\":{\"@id\":\"https:\/\/www.camping-florac.com\/en\/camping-restaurant-lozere\/#primaryimage\"},\"image\":{\"@id\":\"https:\/\/www.camping-florac.com\/en\/camping-restaurant-lozere\/#primaryimage\"},\"thumbnailUrl\":\"https:\/\/www.camping-florac.com\/wp-content\/uploads\/2021\/03\/services-lozere.jpg\",\"datePublished\":\"2021-03-15T09:11:39+00:00\",\"dateModified\":\"2023-05-11T15:29:34+00:00\",\"breadcrumb\":{\"@id\":\"https:\/\/www.camping-florac.com\/en\/camping-restaurant-lozere\/#breadcrumb\"},\"inLanguage\":\"en-US\",\"potentialAction\":[{\"@type\":\"ReadAction\",\"target\":[\"https:\/\/www.camping-florac.com\/en\/camping-restaurant-lozere\/\"]}]},{\"@type\":\"ImageObject\",\"inLanguage\":\"en-US\",\"@id\":\"https:\/\/www.camping-florac.com\/en\/camping-restaurant-lozere\/#primaryimage\",\"url\":\"https:\/\/www.camping-florac.com\/wp-content\/uploads\/2021\/03\/services-lozere.jpg\",\"contentUrl\":\"https:\/\/www.camping-florac.com\/wp-content\/uploads\/2021\/03\/services-lozere.jpg\",\"width\":1903,\"height\":499,\"caption\":\"services lozere\"},{\"@type\":\"BreadcrumbList\",\"@id\":\"https:\/\/www.camping-florac.com\/en\/camping-restaurant-lozere\/#breadcrumb\",\"itemListElement\":[{\"@type\":\"ListItem\",\"position\":1,\"name\":\"Camping Loz\u00e8re\",\"item\":\"https:\/\/www.camping-florac.com\/en\/\"},{\"@type\":\"ListItem\",\"position\":2,\"name\":\"3 star services\"}]},{\"@type\":\"WebSite\",\"@id\":\"https:\/\/www.camping-florac.com\/en\/#website\",\"url\":\"https:\/\/www.camping-florac.com\/en\/\",\"name\":\"Camping Pont du Tarn\",\"description\":\"\",\"potentialAction\":[{\"@type\":\"SearchAction\",\"target\":{\"@type\":\"EntryPoint\",\"urlTemplate\":\"https:\/\/www.camping-florac.com\/en\/?s={search_term_string}\"},\"query-input\":\"required name=search_term_string\"}],\"inLanguage\":\"en-US\"}]}<\/script>\n<!-- \/ Yoast SEO plugin. -->","yoast_head_json":{"title":"Camping restaurant Loz\u00e8re | 3 star campsite in Loz\u00e8re | Restaurant Loz\u00e8re","robots":{"index":"index","follow":"follow","max-snippet":"max-snippet:-1","max-image-preview":"max-image-preview:large","max-video-preview":"max-video-preview:-1"},"canonical":"https:\/\/www.camping-florac.com\/en\/camping-restaurant-lozere\/","og_locale":"en_US","og_type":"article","og_title":"Camping restaurant Loz\u00e8re | 3 star campsite in Loz\u00e8re | Restaurant Loz\u00e8re","og_url":"https:\/\/www.camping-florac.com\/en\/camping-restaurant-lozere\/","og_site_name":"Camping Pont du Tarn","article_modified_time":"2023-05-11T15:29:34+00:00","og_image":[{"width":1903,"height":499,"url":"https:\/\/www.camping-florac.com\/wp-content\/uploads\/2021\/03\/services-lozere.jpg","type":"image\/jpeg"}],"twitter_card":"summary_large_image","schema":{"@context":"https:\/\/schema.org","@graph":[{"@type":"WebPage","@id":"https:\/\/www.camping-florac.com\/en\/camping-restaurant-lozere\/","url":"https:\/\/www.camping-florac.com\/en\/camping-restaurant-lozere\/","name":"Camping restaurant Loz\u00e8re | 3 star campsite in Loz\u00e8re | Restaurant Loz\u00e8re","isPartOf":{"@id":"https:\/\/www.camping-florac.com\/en\/#website"},"primaryImageOfPage":{"@id":"https:\/\/www.camping-florac.com\/en\/camping-restaurant-lozere\/#primaryimage"},"image":{"@id":"https:\/\/www.camping-florac.com\/en\/camping-restaurant-lozere\/#primaryimage"},"thumbnailUrl":"https:\/\/www.camping-florac.com\/wp-content\/uploads\/2021\/03\/services-lozere.jpg","datePublished":"2021-03-15T09:11:39+00:00","dateModified":"2023-05-11T15:29:34+00:00","breadcrumb":{"@id":"https:\/\/www.camping-florac.com\/en\/camping-restaurant-lozere\/#breadcrumb"},"inLanguage":"en-US","potentialAction":[{"@type":"ReadAction","target":["https:\/\/www.camping-florac.com\/en\/camping-restaurant-lozere\/"]}]},{"@type":"ImageObject","inLanguage":"en-US","@id":"https:\/\/www.camping-florac.com\/en\/camping-restaurant-lozere\/#primaryimage","url":"https:\/\/www.camping-florac.com\/wp-content\/uploads\/2021\/03\/services-lozere.jpg","contentUrl":"https:\/\/www.camping-florac.com\/wp-content\/uploads\/2021\/03\/services-lozere.jpg","width":1903,"height":499,"caption":"services lozere"},{"@type":"BreadcrumbList","@id":"https:\/\/www.camping-florac.com\/en\/camping-restaurant-lozere\/#breadcrumb","itemListElement":[{"@type":"ListItem","position":1,"name":"Camping Loz\u00e8re","item":"https:\/\/www.camping-florac.com\/en\/"},{"@type":"ListItem","position":2,"name":"3 star services"}]},{"@type":"WebSite","@id":"https:\/\/www.camping-florac.com\/en\/#website","url":"https:\/\/www.camping-florac.com\/en\/","name":"Camping Pont du Tarn","description":"","potentialAction":[{"@type":"SearchAction","target":{"@type":"EntryPoint","urlTemplate":"https:\/\/www.camping-florac.com\/en\/?s={search_term_string}"},"query-input":"required name=search_term_string"}],"inLanguage":"en-US"}]}},"_links":{"self":[{"href":"https:\/\/www.camping-florac.com\/en\/wp-json\/wp\/v2\/pages\/2117","targetHints":{"allow":["GET"]}}],"collection":[{"href":"https:\/\/www.camping-florac.com\/en\/wp-json\/wp\/v2\/pages"}],"about":[{"href":"https:\/\/www.camping-florac.com\/en\/wp-json\/wp\/v2\/types\/page"}],"author":[{"embeddable":true,"href":"https:\/\/www.camping-florac.com\/en\/wp-json\/wp\/v2\/users\/1"}],"replies":[{"embeddable":true,"href":"https:\/\/www.camping-florac.com\/en\/wp-json\/wp\/v2\/comments?post=2117"}],"version-history":[{"count":16,"href":"https:\/\/www.camping-florac.com\/en\/wp-json\/wp\/v2\/pages\/2117\/revisions"}],"predecessor-version":[{"id":5392,"href":"https:\/\/www.camping-florac.com\/en\/wp-json\/wp\/v2\/pages\/2117\/revisions\/5392"}],"wp:featuredmedia":[{"embeddable":true,"href":"https:\/\/www.camping-florac.com\/en\/wp-json\/wp\/v2\/media\/561"}],"wp:attachment":[{"href":"https:\/\/www.camping-florac.com\/en\/wp-json\/wp\/v2\/media?parent=2117"}],"curies":[{"name":"wp","href":"https:\/\/api.w.org\/{rel}","templated":true}]}}