{"id":2452,"date":"2021-03-15T10:13:52","date_gmt":"2021-03-15T09:13:52","guid":{"rendered":"https:\/\/www.camping-florac.com\/camping-mont-lozere\/"},"modified":"2021-11-11T15:20:18","modified_gmt":"2021-11-11T14:20:18","slug":"camping-mont-lozere","status":"publish","type":"page","link":"https:\/\/www.camping-florac.com\/de\/camping-mont-lozere\/","title":{"rendered":"Visiter &#8211; Unesco : Mont Lozere"},"content":{"rendered":"<section id=\"section-604f24cbc089b\"\" class=\"section bg-white p-b-0\" \/><div class=\"container \"><div class=\"div-titre center deco-h1\"><h1 class=\"element section-title \">Campingplatz bei Mount Lozere <\/h1><\/div><div class=\"div-titre center\"><h2 class=\"element section-title \">Besuchen Sie Mount Lozere<\/h2><\/div><div class=\"element bloc-text center \">\n\t<p><strong class=\"bold color2\">Eine Landschaft wie aus dem Kino, eine Landschaft aus Granit-Chaos!<\/strong><\/p>\n<p>Ein weites Plateau, das sich von der Causse Sauveterre bis nach Villefort und seinem ber\u00fchmten See erstreckt, von der Pont de Montvert bis nach Bleymard, wo der Pass von Finiel auf 1699 m H\u00f6he gipfelt, bietet es den <strong class=\"bold color2\">h\u00f6chsten Aussichtspunkt des Zentralmassivs<\/strong>!<\/p>\n<p>Im Gegensatz zu den T\u00e4lern der Cevennen ist der Mont Loz\u00e8re gr\u00fcn und feucht, durchzogen von zahlreichen Quellen und B\u00e4chen. Im Fr\u00fchling erhellen die Felder mit Narzissen und wilden Tulpen diese <strong class=\"bold color2\">M\u00e4rchenlandschaft<\/strong> noch mehr! <\/p>\n<\/div><\/div><\/section>\n\n<section id=\"section-60507fed83ef3\"\" class=\"section bg-white p-t-0 p-b-0\" \/><div class=\"container  extralarge\"><div class=\"colonnes-wrap valign-middle \"><div class=\"element colonne \"><div class=\"element bloc-text justify \">\n\t<p>Natur pur! Im Herzen des Cevennen-Nationalparks empfiehlt Ihnen Camping le Pont du Tarn die <strong class=\"bold color2\">ber\u00fchmte Wanderung &#8222;Die Quellen des Tarn&#8220;<\/strong>, die Sie durch einzigartige Landschaften einl\u00e4dt, zur\u00fcck zum Ursprung der Quelle des Tarns zu gehen, einem Fluss, der entlang Ihres Camping le Pont du Tarn flie\u00dft, <strong class=\"bold color2\">ideal f\u00fcr Ihre B\u00e4der<\/strong>.<\/p>\n<p>In dieser Weidelandschaft grasen die vielen Rinder, oft der Rasse Aubrac, friedlich unweit der Weiler und der vielen Bauernh\u00f6fe, die noch in Betrieb sind und sich durch ihre <strong class=\"bold color2\">besondere und pr\u00e4chtige Architektur<\/strong> auszeichnen, da sie aus Granit gebaut sind, diese ber\u00fchmten Bl\u00f6cke sind charakteristisch f\u00fcr dieses wilde Gebiet! <\/p>\n<\/div><\/div><div class=\"element colonne \"><div class=\"element images\"><div class=\"image\"><img decoding=\"async\" src=\"https:\/\/www.camping-florac.com\/wp-content\/uploads\/2021\/03\/mont-lozere-91x100.jpg\" data-src=\"https:\/\/www.camping-florac.com\/wp-content\/uploads\/2021\/03\/mont-lozere.jpg\" alt=\"mont lozere\" class=\"images_image\" \/><\/div><\/div><\/div><div class=\"element colonne p-t-8\"><div class=\"element images\"><div class=\"image\"><img decoding=\"async\" src=\"https:\/\/www.camping-florac.com\/wp-content\/uploads\/2021\/03\/mont-lozere-tarn-90x100.jpg\" data-src=\"https:\/\/www.camping-florac.com\/wp-content\/uploads\/2021\/03\/mont-lozere-tarn.jpg\" alt=\"mont lozere tarn\" class=\"images_image\" \/><\/div><\/div><\/div><\/div><\/div><\/section>\n\n<section id=\"section-60507fed84214\"\" class=\"section bg-white\" \/><div class=\"container  full\"><div class=\"element images\"><div class=\"image\"><img decoding=\"async\" src=\"https:\/\/www.camping-florac.com\/wp-content\/uploads\/2021\/03\/mont-lozere-pierre-100x95.jpg\" data-src=\"https:\/\/www.camping-florac.com\/wp-content\/uploads\/2021\/03\/mont-lozere-pierre.jpg\" alt=\"mont lozere pierre\" class=\"images_image\" \/><\/div><div class=\"image\"><img decoding=\"async\" src=\"https:\/\/www.camping-florac.com\/wp-content\/uploads\/2021\/03\/pierres-mont-lozere-100x95.jpg\" data-src=\"https:\/\/www.camping-florac.com\/wp-content\/uploads\/2021\/03\/pierres-mont-lozere.jpg\" alt=\"pierres mont lozere\" class=\"images_image\" \/><\/div><div class=\"image\"><img decoding=\"async\" src=\"https:\/\/www.camping-florac.com\/wp-content\/uploads\/2021\/03\/mont-lozere-roches-100x95.jpg\" data-src=\"https:\/\/www.camping-florac.com\/wp-content\/uploads\/2021\/03\/mont-lozere-roches.jpg\" alt=\"mont lozere roches\" class=\"images_image\" \/><\/div><div class=\"image\"><img decoding=\"async\" src=\"https:\/\/www.camping-florac.com\/wp-content\/uploads\/2021\/03\/mont-lozere-ferme-100x95.jpg\" data-src=\"https:\/\/www.camping-florac.com\/wp-content\/uploads\/2021\/03\/mont-lozere-ferme.jpg\" alt=\"mont lozere ferme\" class=\"images_image\" \/><\/div><\/div><\/div><\/section>\n\n<section id=\"section-60507fed84658\"\" class=\"section bg-white p-t-0 p-b-0\" \/><div class=\"container  extralarge\"><div class=\"colonnes-wrap valign-middle \"><div class=\"element colonne \"><div class=\"div-titre left\"><h2 class=\"element section-title \">Camping bei Mount Lozere <\/h2><\/div><div class=\"element bloc-text justify \">\n\t<p>Ein kurzer Zwischenstopp im <strong class=\"bold color2\">charmanten Dorf Pont de Montvert<\/strong>, das nur 18 km vom <a href=\"\/de\/\">Camping le Pont du Tarn<\/a> entfernt liegt, einem Granitdorf, das in der Senke des Tarn-Tals liegt und von einer sch\u00f6nen gotischen Br\u00fccke \u00fcberspannt wird.<\/p>\n<p>Mit dem Auto, mit dem Fahrrad lassen Sie sich von den kurvenreichen Stra\u00dfen mitrei\u00dfen, die Sie zu <strong class=\"bold color2\">vielen Muss-Sehensw\u00fcrdigkeiten<\/strong> wie der Cascade de Rune und ihren doppelten Wasserf\u00e4llen, dem Cham du Bondon und der Entdeckung von Fossilien, einem wunderbaren Angeln am See von Barrandon oder einem kleinen Familienspaziergang durch die zahlreichen Menhire mit der ballade des menhirs f\u00fchren. <\/p>\n<\/div><\/div><div class=\"element colonne \"><div class=\"element images\"><div class=\"image\"><img decoding=\"async\" src=\"https:\/\/www.camping-florac.com\/wp-content\/uploads\/2021\/03\/vue-mont-lozere-91x100.jpg\" data-src=\"https:\/\/www.camping-florac.com\/wp-content\/uploads\/2021\/03\/vue-mont-lozere.jpg\" alt=\"vue mont lozere\" class=\"images_image\" \/><\/div><\/div><\/div><div class=\"element colonne p-t-8\"><div class=\"element images\"><div class=\"image\"><img decoding=\"async\" src=\"https:\/\/www.camping-florac.com\/wp-content\/uploads\/2021\/03\/randonnee-mont-lozere-100x96.jpg\" data-src=\"https:\/\/www.camping-florac.com\/wp-content\/uploads\/2021\/03\/randonnee-mont-lozere.jpg\" alt=\"randonnee mont lozere\" class=\"images_image\" \/><\/div><\/div><\/div><\/div><\/div><\/section>\n\n<section id=\"section-last\"\" class=\"section bg-white p-t-0 p-b-0\" \/><div class=\"container  extralarge\"><div class=\"colonnes-wrap valign-middle \"><div class=\"element colonne p-t-8\"><div class=\"element images\"><div class=\"image\"><img decoding=\"async\" src=\"https:\/\/www.camping-florac.com\/wp-content\/uploads\/2021\/03\/rando-lozere-90x100.jpg\" data-src=\"https:\/\/www.camping-florac.com\/wp-content\/uploads\/2021\/03\/rando-lozere.jpg\" alt=\"rando lozere\" class=\"images_image\" \/><\/div><\/div><\/div><div class=\"element colonne \"><div class=\"element images\"><div class=\"image\"><img decoding=\"async\" src=\"https:\/\/www.camping-florac.com\/wp-content\/uploads\/2021\/03\/peche-lozere-90x100.jpg\" data-src=\"https:\/\/www.camping-florac.com\/wp-content\/uploads\/2021\/03\/peche-lozere.jpg\" alt=\"peche lozere\" class=\"images_image\" \/><\/div><\/div><\/div><div class=\"element colonne \"><div class=\"element bloc-text justify \">\n\t<p>Ein Muss, der Besuch der <strong class=\"bold color2\">ber\u00fchmten mittelalterlichen Stadt la Garde-Gu\u00e9rin<\/strong>, mit Blick auf die Schluchten des Chassezac und seine vielen Canyons ideal f\u00fcr den Einstieg in das Canyoning. <\/p>\n<p>Sie werden verstanden haben, einen <strong class=\"bold color2\">einzigartigen und un\u00fcbersehbaren Ort<\/strong> in Lozere zu besuchen w\u00e4hrend Ihres Aufenthalts auf dem Camping Le Pont du Tarn!  <\/p>\n<p>Nach einem Tag der Entdeckung der Wunder, die der Mont Loz\u00e8re bereith\u00e4lt, kehren Sie zu Ihrem Mietobjekt auf dem Campingplatz Pont du Tarn zur\u00fcck, um ein Bad in unserem <strong class=\"bold color2\">Pool zu nehmen oder einen Moment der Entspannung<\/strong> in Ihrem komfortablen Mietobjekt.<\/p>\n<\/div><\/div><\/div><\/div><\/section>\n\n<section id=\"section-6050a6d7a33d2\"\" class=\"section bg-white\" \/><div class=\"container  extralarge\"><div class=\"div-titre center deco-h2\"><div class=\"element section-title \">Der Berg Lozere und seine Umgebung<\/div><\/div><ul class=\"liste-de-page\"><li class=\"element call-to-action carre call-to-action--style-1 call-to-action--normal\"><a href=\"https:\/\/www.camping-florac.com\/de\/tourismus-lozere\/\"  class=\"call-to-action_link\" title=\"En savoir plus sur andere interessen\"><div class=\"call-to-action_image\"><img decoding=\"async\" src=\"https:\/\/www.camping-florac.com\/wp-content\/uploads\/2021\/03\/tourisme-lozere-100x56.jpg\" data-src=\"https:\/\/www.camping-florac.com\/wp-content\/uploads\/2021\/03\/tourisme-lozere.jpg\" alt=\"tourisme lozere\" class=\"normal\" \/><\/div><div class=\"call-to-action_contenu\"><div class=\"call-to-action_titre\">Andere Interessen<\/div><\/div><\/a><\/li><li class=\"element call-to-action carre call-to-action--style-1 call-to-action--normal call-to-action--style-1 call-to-action--normal\"><a href=\"https:\/\/www.camping-florac.com\/de\/camping-gorges-du-tarn\/\"  class=\"call-to-action_link\" title=\"En savoir plus sur die gorges du tarn\"><div class=\"call-to-action_image\"><img decoding=\"async\" src=\"https:\/\/www.camping-florac.com\/wp-content\/uploads\/2021\/03\/vue-point-sublime-100x56.jpg\" data-src=\"https:\/\/www.camping-florac.com\/wp-content\/uploads\/2021\/03\/vue-point-sublime.jpg\" alt=\"vue point sublime\" class=\"normal\" \/><\/div><div class=\"call-to-action_contenu\"><div class=\"call-to-action_titre\">Die Gorges du Tarn<\/div><\/div><\/a><\/li><li class=\"element call-to-action carre call-to-action--style-1 call-to-action--normal call-to-action--style-1 call-to-action--normal call-to-action--style-1 call-to-action--normal\"><a href=\"https:\/\/www.camping-florac.com\/de\/camping-die-grands-causses\/\"  class=\"call-to-action_link\" title=\"En savoir plus sur die gro\u00dfen causses\"><div class=\"call-to-action_image\"><img decoding=\"async\" src=\"https:\/\/www.camping-florac.com\/wp-content\/uploads\/2021\/03\/grand-casses-tourisme-100x56.jpg\" data-src=\"https:\/\/www.camping-florac.com\/wp-content\/uploads\/2021\/03\/grand-casses-tourisme.jpg\" alt=\"grand casses tourisme\" class=\"normal\" \/><\/div><div class=\"call-to-action_contenu\"><div class=\"call-to-action_titre\">Die gro\u00dfen Causses<\/div><\/div><\/a><\/li><li class=\"element call-to-action carre call-to-action--style-1 call-to-action--normal call-to-action--style-1 call-to-action--normal call-to-action--style-1 call-to-action--normal call-to-action--style-1 call-to-action--normal\"><a href=\"https:\/\/www.camping-florac.com\/de\/camping-cevennes\/\"  class=\"call-to-action_link\" title=\"En savoir plus sur die cevennen\"><div class=\"call-to-action_image\"><img decoding=\"async\" src=\"https:\/\/www.camping-florac.com\/wp-content\/uploads\/2021\/03\/montagne-cevennes-100x56.jpg\" data-src=\"https:\/\/www.camping-florac.com\/wp-content\/uploads\/2021\/03\/montagne-cevennes.jpg\" alt=\"montagne cevennes\" class=\"normal\" \/><\/div><div class=\"call-to-action_contenu\"><div class=\"call-to-action_titre\">Die Cevennen<\/div><\/div><\/a><\/li><li class=\"element call-to-action carre call-to-action--style-1 call-to-action--normal call-to-action--style-1 call-to-action--normal call-to-action--style-1 call-to-action--normal call-to-action--style-1 call-to-action--normal call-to-action--style-1 call-to-action--normal\"><a href=\"https:\/\/www.camping-florac.com\/de\/camping-gorges-de-la-jonte\/\"  class=\"call-to-action_link\" title=\"En savoir plus sur die jonteschlucht\"><div class=\"call-to-action_image\"><img decoding=\"async\" src=\"https:\/\/www.camping-florac.com\/wp-content\/uploads\/2021\/03\/vue-gorges-jonte-100x56.jpg\" data-src=\"https:\/\/www.camping-florac.com\/wp-content\/uploads\/2021\/03\/vue-gorges-jonte.jpg\" alt=\"vue gorges jonte\" class=\"normal\" \/><\/div><div class=\"call-to-action_contenu\"><div class=\"call-to-action_titre\">Die Jonteschlucht<\/div><\/div><\/a><\/li><li class=\"element call-to-action carre call-to-action--style-1 call-to-action--normal call-to-action--style-1 call-to-action--normal call-to-action--style-1 call-to-action--normal call-to-action--style-1 call-to-action--normal call-to-action--style-1 call-to-action--normal call-to-action--style-1 call-to-action--normal\"><a href=\"https:\/\/www.camping-florac.com\/de\/camping-mont-aigoual\/\"  class=\"call-to-action_link\" title=\"En savoir plus sur berg aigoual\"><div class=\"call-to-action_image\"><img decoding=\"async\" src=\"https:\/\/www.camping-florac.com\/wp-content\/uploads\/2021\/03\/vue-aigoual-90x100.jpg\" data-src=\"https:\/\/www.camping-florac.com\/wp-content\/uploads\/2021\/03\/vue-aigoual.jpg\" alt=\"vue aigoual\" class=\"normal\" \/><\/div><div class=\"call-to-action_contenu\"><div class=\"call-to-action_titre\">Berg Aigoual<\/div><\/div><\/a><\/li><\/ul><\/div><\/section>","protected":false},"excerpt":{"rendered":"","protected":false},"author":1,"featured_media":1231,"parent":0,"menu_order":0,"comment_status":"closed","ping_status":"closed","template":"","meta":{"_acf_changed":false,"footnotes":""},"class_list":["post-2452","page","type-page","status-publish","has-post-thumbnail","hentry"],"acf":[],"yoast_head":"<!-- This site is optimized with the Yoast SEO plugin v22.2 - https:\/\/yoast.com\/wordpress\/plugins\/seo\/ -->\n<title>Entdecken Sie Mount Lozere | Camping bei Mount Lozere<\/title>\n<meta name=\"robots\" content=\"index, follow, max-snippet:-1, max-image-preview:large, max-video-preview:-1\" \/>\n<link rel=\"canonical\" href=\"https:\/\/www.camping-florac.com\/de\/camping-mont-lozere\/\" \/>\n<meta property=\"og:locale\" content=\"de_DE\" \/>\n<meta property=\"og:type\" content=\"article\" \/>\n<meta property=\"og:title\" content=\"Entdecken Sie Mount Lozere | Camping bei Mount Lozere\" \/>\n<meta property=\"og:url\" content=\"https:\/\/www.camping-florac.com\/de\/camping-mont-lozere\/\" \/>\n<meta property=\"og:site_name\" content=\"Camping Pont du Tarn\" \/>\n<meta property=\"article:modified_time\" content=\"2021-11-11T14:20:18+00:00\" \/>\n<meta property=\"og:image\" content=\"https:\/\/www.camping-florac.com\/wp-content\/uploads\/2021\/03\/mont-lozere-velo.jpg\" \/>\n\t<meta property=\"og:image:width\" content=\"1903\" \/>\n\t<meta property=\"og:image:height\" content=\"501\" \/>\n\t<meta property=\"og:image:type\" content=\"image\/jpeg\" \/>\n<meta name=\"twitter:card\" content=\"summary_large_image\" \/>\n<script type=\"application\/ld+json\" class=\"yoast-schema-graph\">{\"@context\":\"https:\/\/schema.org\",\"@graph\":[{\"@type\":\"WebPage\",\"@id\":\"https:\/\/www.camping-florac.com\/de\/camping-mont-lozere\/\",\"url\":\"https:\/\/www.camping-florac.com\/de\/camping-mont-lozere\/\",\"name\":\"Entdecken Sie Mount Lozere | Camping bei Mount Lozere\",\"isPartOf\":{\"@id\":\"https:\/\/www.camping-florac.com\/de\/#website\"},\"primaryImageOfPage\":{\"@id\":\"https:\/\/www.camping-florac.com\/de\/camping-mont-lozere\/#primaryimage\"},\"image\":{\"@id\":\"https:\/\/www.camping-florac.com\/de\/camping-mont-lozere\/#primaryimage\"},\"thumbnailUrl\":\"https:\/\/www.camping-florac.com\/wp-content\/uploads\/2021\/03\/mont-lozere-velo.jpg\",\"datePublished\":\"2021-03-15T09:13:52+00:00\",\"dateModified\":\"2021-11-11T14:20:18+00:00\",\"breadcrumb\":{\"@id\":\"https:\/\/www.camping-florac.com\/de\/camping-mont-lozere\/#breadcrumb\"},\"inLanguage\":\"de\",\"potentialAction\":[{\"@type\":\"ReadAction\",\"target\":[\"https:\/\/www.camping-florac.com\/de\/camping-mont-lozere\/\"]}]},{\"@type\":\"ImageObject\",\"inLanguage\":\"de\",\"@id\":\"https:\/\/www.camping-florac.com\/de\/camping-mont-lozere\/#primaryimage\",\"url\":\"https:\/\/www.camping-florac.com\/wp-content\/uploads\/2021\/03\/mont-lozere-velo.jpg\",\"contentUrl\":\"https:\/\/www.camping-florac.com\/wp-content\/uploads\/2021\/03\/mont-lozere-velo.jpg\",\"width\":1903,\"height\":501,\"caption\":\"mont-lozere velo\"},{\"@type\":\"BreadcrumbList\",\"@id\":\"https:\/\/www.camping-florac.com\/de\/camping-mont-lozere\/#breadcrumb\",\"itemListElement\":[{\"@type\":\"ListItem\",\"position\":1,\"name\":\"Camping Loz\u00e8re\",\"item\":\"https:\/\/www.camping-florac.com\/de\/\"},{\"@type\":\"ListItem\",\"position\":2,\"name\":\"Camping in der N\u00e4he von Mont Loz\u00e8re\"}]},{\"@type\":\"WebSite\",\"@id\":\"https:\/\/www.camping-florac.com\/de\/#website\",\"url\":\"https:\/\/www.camping-florac.com\/de\/\",\"name\":\"Camping Pont du Tarn\",\"description\":\"\",\"potentialAction\":[{\"@type\":\"SearchAction\",\"target\":{\"@type\":\"EntryPoint\",\"urlTemplate\":\"https:\/\/www.camping-florac.com\/de\/?s={search_term_string}\"},\"query-input\":\"required name=search_term_string\"}],\"inLanguage\":\"de\"}]}<\/script>\n<!-- \/ Yoast SEO plugin. -->","yoast_head_json":{"title":"Entdecken Sie Mount Lozere | Camping bei Mount Lozere","robots":{"index":"index","follow":"follow","max-snippet":"max-snippet:-1","max-image-preview":"max-image-preview:large","max-video-preview":"max-video-preview:-1"},"canonical":"https:\/\/www.camping-florac.com\/de\/camping-mont-lozere\/","og_locale":"de_DE","og_type":"article","og_title":"Entdecken Sie Mount Lozere | Camping bei Mount Lozere","og_url":"https:\/\/www.camping-florac.com\/de\/camping-mont-lozere\/","og_site_name":"Camping Pont du Tarn","article_modified_time":"2021-11-11T14:20:18+00:00","og_image":[{"width":1903,"height":501,"url":"https:\/\/www.camping-florac.com\/wp-content\/uploads\/2021\/03\/mont-lozere-velo.jpg","type":"image\/jpeg"}],"twitter_card":"summary_large_image","schema":{"@context":"https:\/\/schema.org","@graph":[{"@type":"WebPage","@id":"https:\/\/www.camping-florac.com\/de\/camping-mont-lozere\/","url":"https:\/\/www.camping-florac.com\/de\/camping-mont-lozere\/","name":"Entdecken Sie Mount Lozere | Camping bei Mount Lozere","isPartOf":{"@id":"https:\/\/www.camping-florac.com\/de\/#website"},"primaryImageOfPage":{"@id":"https:\/\/www.camping-florac.com\/de\/camping-mont-lozere\/#primaryimage"},"image":{"@id":"https:\/\/www.camping-florac.com\/de\/camping-mont-lozere\/#primaryimage"},"thumbnailUrl":"https:\/\/www.camping-florac.com\/wp-content\/uploads\/2021\/03\/mont-lozere-velo.jpg","datePublished":"2021-03-15T09:13:52+00:00","dateModified":"2021-11-11T14:20:18+00:00","breadcrumb":{"@id":"https:\/\/www.camping-florac.com\/de\/camping-mont-lozere\/#breadcrumb"},"inLanguage":"de","potentialAction":[{"@type":"ReadAction","target":["https:\/\/www.camping-florac.com\/de\/camping-mont-lozere\/"]}]},{"@type":"ImageObject","inLanguage":"de","@id":"https:\/\/www.camping-florac.com\/de\/camping-mont-lozere\/#primaryimage","url":"https:\/\/www.camping-florac.com\/wp-content\/uploads\/2021\/03\/mont-lozere-velo.jpg","contentUrl":"https:\/\/www.camping-florac.com\/wp-content\/uploads\/2021\/03\/mont-lozere-velo.jpg","width":1903,"height":501,"caption":"mont-lozere velo"},{"@type":"BreadcrumbList","@id":"https:\/\/www.camping-florac.com\/de\/camping-mont-lozere\/#breadcrumb","itemListElement":[{"@type":"ListItem","position":1,"name":"Camping Loz\u00e8re","item":"https:\/\/www.camping-florac.com\/de\/"},{"@type":"ListItem","position":2,"name":"Camping in der N\u00e4he von Mont Loz\u00e8re"}]},{"@type":"WebSite","@id":"https:\/\/www.camping-florac.com\/de\/#website","url":"https:\/\/www.camping-florac.com\/de\/","name":"Camping Pont du Tarn","description":"","potentialAction":[{"@type":"SearchAction","target":{"@type":"EntryPoint","urlTemplate":"https:\/\/www.camping-florac.com\/de\/?s={search_term_string}"},"query-input":"required name=search_term_string"}],"inLanguage":"de"}]}},"_links":{"self":[{"href":"https:\/\/www.camping-florac.com\/de\/wp-json\/wp\/v2\/pages\/2452","targetHints":{"allow":["GET"]}}],"collection":[{"href":"https:\/\/www.camping-florac.com\/de\/wp-json\/wp\/v2\/pages"}],"about":[{"href":"https:\/\/www.camping-florac.com\/de\/wp-json\/wp\/v2\/types\/page"}],"author":[{"embeddable":true,"href":"https:\/\/www.camping-florac.com\/de\/wp-json\/wp\/v2\/users\/1"}],"replies":[{"embeddable":true,"href":"https:\/\/www.camping-florac.com\/de\/wp-json\/wp\/v2\/comments?post=2452"}],"version-history":[{"count":5,"href":"https:\/\/www.camping-florac.com\/de\/wp-json\/wp\/v2\/pages\/2452\/revisions"}],"predecessor-version":[{"id":3511,"href":"https:\/\/www.camping-florac.com\/de\/wp-json\/wp\/v2\/pages\/2452\/revisions\/3511"}],"wp:featuredmedia":[{"embeddable":true,"href":"https:\/\/www.camping-florac.com\/de\/wp-json\/wp\/v2\/media\/1231"}],"wp:attachment":[{"href":"https:\/\/www.camping-florac.com\/de\/wp-json\/wp\/v2\/media?parent=2452"}],"curies":[{"name":"wp","href":"https:\/\/api.w.org\/{rel}","templated":true}]}}