{"id":2444,"date":"2021-03-15T10:13:34","date_gmt":"2021-03-15T09:13:34","guid":{"rendered":"https:\/\/www.camping-florac.com\/camping-gorges-de-la-jonte\/"},"modified":"2021-11-11T15:09:51","modified_gmt":"2021-11-11T14:09:51","slug":"camping-gorges-de-la-jonte","status":"publish","type":"page","link":"https:\/\/www.camping-florac.com\/de\/camping-gorges-de-la-jonte\/","title":{"rendered":"Visiter &#8211; Unesco : Les Gorges de la Jonte"},"content":{"rendered":"<section id=\"section-604f24cbc089b\"\" class=\"section bg-white p-b-0\" \/><div class=\"container \"><div class=\"div-titre center deco-h1\"><h1 class=\"element section-title \">Campingplatz in der N\u00e4he der Gorges de la Jonte<\/h1><\/div><\/div><\/section>\n\n<section id=\"section-60507fed83ef3\"\" class=\"section bg-white p-t-0 p-b-0\" \/><div class=\"container  extralarge\"><div class=\"colonnes-wrap valign-middle \"><div class=\"element colonne \"><div class=\"div-titre justify\"><h2 class=\"element section-title \">Entdecken Sie die Gorges de la Jonte<\/h2><\/div><div class=\"element bloc-text justify \">\n\t<p>Liebhaber von Natur-Aktivit\u00e4ten und Sport, kommen und genie\u00dfen Sie nicht weit von der <a href=\"\/de\/\">Camping le Pont du Tarn<\/a> von diesem Ort klassifiziert <strong class=\"bold color2\">&#8222;Grand Site de France&#8220;<\/strong>.<\/p>\n<p>Im Herzen der <strong class=\"bold color2\">Region der Grands Causse<\/strong>, an der Grenze zwischen Loz\u00e8re und Aveyron, werden Ihnen die schwindelerregenden Klippen dieses herrlichen Ausnahmeortes angeboten. Zwischen der Causse M\u00e9jean und der Causse Noir flie\u00dft der Fluss La Jonte, dessen Quelle im <strong class=\"bold color2\">Massiv des Mont Aigoual<\/strong> entspringt, einen ebenso wilden wie majest\u00e4tischen Weg entlang.<\/p>\n<\/div><\/div><div class=\"element colonne \"><div class=\"element images\"><div class=\"image\"><img decoding=\"async\" src=\"https:\/\/www.camping-florac.com\/wp-content\/uploads\/2021\/03\/gorges-de-la-jonte-roche-91x100.jpg\" data-src=\"https:\/\/www.camping-florac.com\/wp-content\/uploads\/2021\/03\/gorges-de-la-jonte-roche.jpg\" alt=\"gorges de la jonte roche\" class=\"images_image\" \/><\/div><\/div><\/div><div class=\"element colonne p-t-8\"><div class=\"element images\"><div class=\"image\"><img decoding=\"async\" src=\"https:\/\/www.camping-florac.com\/wp-content\/uploads\/2021\/03\/gorges-jonte-paysage-91x100.jpg\" data-src=\"https:\/\/www.camping-florac.com\/wp-content\/uploads\/2021\/03\/gorges-jonte-paysage.jpg\" alt=\"gorges jonte paysage\" class=\"images_image\" \/><\/div><\/div><\/div><\/div><\/div><\/section>\n\n<section id=\"section-second\"\" class=\"section bg-white p-t-0 p-b-0\" \/><div class=\"container  extralarge\"><div class=\"colonnes-wrap valign-middle \"><div class=\"element colonne p-t-8\"><div class=\"element images\"><div class=\"image\"><img decoding=\"async\" src=\"https:\/\/www.camping-florac.com\/wp-content\/uploads\/2021\/03\/vautour-vol-91x100.jpg\" data-src=\"https:\/\/www.camping-florac.com\/wp-content\/uploads\/2021\/03\/vautour-vol.jpg\" alt=\"vautour vol\" class=\"images_image\" \/><\/div><\/div><\/div><div class=\"element colonne \"><div class=\"element images\"><div class=\"image\"><img decoding=\"async\" src=\"https:\/\/www.camping-florac.com\/wp-content\/uploads\/2021\/03\/vol-vautour-91x100.jpg\" data-src=\"https:\/\/www.camping-florac.com\/wp-content\/uploads\/2021\/03\/vol-vautour.jpg\" alt=\"vol vautour\" class=\"images_image\" \/><\/div><\/div><\/div><div class=\"element colonne \"><div class=\"element bloc-text justify \">\n\t<p>Sie k\u00f6nnen durch <strong class=\"bold color2\">zahllose Spazierg\u00e4nge und Wanderungen<\/strong> einen beeindruckenden Canyon entdecken, in dem die ber\u00fchmten Vase de S\u00e8vre und Vase de Chine. Diese erstaunlichen Megalithen trotzen den Gesetzen der Schwerkraft. Schauen Sie auf und lassen Sie sich vom <strong class=\"bold color2\">Ballett der Geier und anderer Raubv\u00f6gel<\/strong> mitrei\u00dfen. Mehrere Geierarten sind seit den 1970er Jahren in den <strong class=\"bold color2\">Jonte Gorges<\/strong> wieder angesiedelt worden.  <\/p>\n<p>Gesch\u00fctzt durch den <strong class=\"bold color2\">Parc national des C\u00e9vennes<\/strong>, ist ein kurzer Besuch im Maison de vautours ein Muss, die Anlage ist ganz ihnen gewidmet. Diese Raubv\u00f6gel k\u00f6nnen von der Aussichtsterrasse aus beobachtet werden, drei Kameras erm\u00f6glichen es Ihnen, die Nester und andere nat\u00fcrliche Sitzstangen in dieser bezaubernden Umgebung im Auge zu behalten.  Der <strong class=\"bold color2\">Besuch des Museums<\/strong> erm\u00f6glicht es Ihnen, alle Geheimnisse der G\u00e4nsegeier, des Schmutzgeiers und des Bartgeiers zu entdecken! <\/p>\n<\/div><\/div><\/div><\/div><\/section>\n\n<section id=\"section-60507fed84214\"\" class=\"section bg-white\" \/><div class=\"container  full\"><div class=\"element images\"><div class=\"image\"><img decoding=\"async\" src=\"https:\/\/www.camping-florac.com\/wp-content\/uploads\/2021\/03\/vautour-rapace-100x95.jpg\" data-src=\"https:\/\/www.camping-florac.com\/wp-content\/uploads\/2021\/03\/vautour-rapace.jpg\" alt=\"vautour rapace\" class=\"images_image\" \/><\/div><div class=\"image\"><img decoding=\"async\" src=\"https:\/\/www.camping-florac.com\/wp-content\/uploads\/2021\/03\/maison-des-vautours-observatoire-100x95.jpg\" data-src=\"https:\/\/www.camping-florac.com\/wp-content\/uploads\/2021\/03\/maison-des-vautours-observatoire.jpg\" alt=\"maison des vautours observatoire\" class=\"images_image\" \/><\/div><div class=\"image\"><img decoding=\"async\" src=\"https:\/\/www.camping-florac.com\/wp-content\/uploads\/2021\/03\/roche-jonte-100x95.jpg\" data-src=\"https:\/\/www.camping-florac.com\/wp-content\/uploads\/2021\/03\/roche-jonte.jpg\" alt=\"roche jonte\" class=\"images_image\" \/><\/div><div class=\"image\"><img decoding=\"async\" src=\"https:\/\/www.camping-florac.com\/wp-content\/uploads\/2021\/03\/gorges-jonte-paysages-100x85.jpg\" data-src=\"https:\/\/www.camping-florac.com\/wp-content\/uploads\/2021\/03\/gorges-jonte-paysages.jpg\" alt=\"gorges jonte paysages\" class=\"images_image\" \/><\/div><\/div><\/div><\/section>\n\n<section id=\"section-60507fed84658\"\" class=\"section bg-white p-t-0 p-b-0\" \/><div class=\"container  extralarge\"><div class=\"colonnes-wrap valign-middle \"><div class=\"element colonne \"><div class=\"div-titre left\"><h2 class=\"element section-title \">Campingplatz in der N\u00e4he der Jonteschlucht<\/h2><\/div><div class=\"element bloc-text justify \">\n\t<p>Durch die Anmietung einer <strong class=\"bold color2\">Unterkunft oder eines Stellplatzes auf dem Campingplatz Loz\u00e8re<\/strong> findet jeder sein Gl\u00fcck bei den Aktivit\u00e4ten in den Jonte-Schluchten. <\/p>\n<p>Liebhaber des Sports und des Kletterns werden nicht zu kurz kommen, denn die Jonte-Schluchten sind ein Ort, der f\u00fcr diese <strong class=\"bold color2\">fantastischen Pfade<\/strong> von mehreren Ebenen zwischen Kalkstein und Granitfelsen bekannt und anerkannt ist. Ein kleiner Aufstieg ist also n\u00f6tig, mit den Giganten dieser Orte, den Geiern, als Begleiter und <strong class=\"bold color2\">Atemberaubenden Aussichten<\/strong>!<\/p>\n<p>Nach einem <strong class=\"bold color2\">vollen Tag und voller Sterne<\/strong> k\u00f6nnen Sie sich bei einem kurzen Zwischenstopp auf dem Camping les Pont du Tarn am Pool oder am Fluss ausruhen oder an der Erfrischungsbar ein Getr\u00e4nk zu sich nehmen, um besser zu genie\u00dfen! <\/p>\n<\/div><\/div><div class=\"element colonne \"><div class=\"element images\"><div class=\"image\"><img decoding=\"async\" src=\"https:\/\/www.camping-florac.com\/wp-content\/uploads\/2021\/03\/jonte-riviere-91x100.jpg\" data-src=\"https:\/\/www.camping-florac.com\/wp-content\/uploads\/2021\/03\/jonte-riviere.jpg\" alt=\"jonte riviere\" class=\"images_image\" \/><\/div><\/div><\/div><div class=\"element colonne p-t-8\"><div class=\"element images\"><div class=\"image\"><img decoding=\"async\" src=\"https:\/\/www.camping-florac.com\/wp-content\/uploads\/2021\/03\/gorges-jonte-vue-91x100.jpg\" data-src=\"https:\/\/www.camping-florac.com\/wp-content\/uploads\/2021\/03\/gorges-jonte-vue.jpg\" alt=\"gorges jonte vue\" class=\"images_image\" \/><\/div><\/div><\/div><\/div><\/div><\/section>\n\n<section id=\"section-6050a6d7a33d2\"\" class=\"section bg-white\" \/><div class=\"container  extralarge\"><div class=\"div-titre center deco-h2\"><div class=\"element section-title \">Die Umgebung der Jonteschlucht<\/div><\/div><ul class=\"liste-de-page\"><li class=\"element call-to-action carre call-to-action--style-1 call-to-action--normal\"><a href=\"https:\/\/www.camping-florac.com\/de\/tourismus-lozere\/\"  class=\"call-to-action_link\" title=\"En savoir plus sur andere interessen\"><div class=\"call-to-action_image\"><img decoding=\"async\" src=\"https:\/\/www.camping-florac.com\/wp-content\/uploads\/2021\/03\/tourisme-lozere-100x56.jpg\" data-src=\"https:\/\/www.camping-florac.com\/wp-content\/uploads\/2021\/03\/tourisme-lozere.jpg\" alt=\"tourisme lozere\" class=\"normal\" \/><\/div><div class=\"call-to-action_contenu\"><div class=\"call-to-action_titre\">Andere Interessen<\/div><\/div><\/a><\/li><li class=\"element call-to-action carre call-to-action--style-1 call-to-action--normal call-to-action--style-1 call-to-action--normal\"><a href=\"https:\/\/www.camping-florac.com\/de\/camping-gorges-du-tarn\/\"  class=\"call-to-action_link\" title=\"En savoir plus sur die gorges du tarn\"><div class=\"call-to-action_image\"><img decoding=\"async\" src=\"https:\/\/www.camping-florac.com\/wp-content\/uploads\/2021\/03\/vue-point-sublime-100x56.jpg\" data-src=\"https:\/\/www.camping-florac.com\/wp-content\/uploads\/2021\/03\/vue-point-sublime.jpg\" alt=\"vue point sublime\" class=\"normal\" \/><\/div><div class=\"call-to-action_contenu\"><div class=\"call-to-action_titre\">Die Gorges du Tarn<\/div><\/div><\/a><\/li><li class=\"element call-to-action carre call-to-action--style-1 call-to-action--normal call-to-action--style-1 call-to-action--normal call-to-action--style-1 call-to-action--normal\"><a href=\"https:\/\/www.camping-florac.com\/de\/camping-die-grands-causses\/\"  class=\"call-to-action_link\" title=\"En savoir plus sur die gro\u00dfen causses\"><div class=\"call-to-action_image\"><img decoding=\"async\" src=\"https:\/\/www.camping-florac.com\/wp-content\/uploads\/2021\/03\/grand-casses-tourisme-100x56.jpg\" data-src=\"https:\/\/www.camping-florac.com\/wp-content\/uploads\/2021\/03\/grand-casses-tourisme.jpg\" alt=\"grand casses tourisme\" class=\"normal\" \/><\/div><div class=\"call-to-action_contenu\"><div class=\"call-to-action_titre\">Die gro\u00dfen Causses<\/div><\/div><\/a><\/li><li class=\"element call-to-action carre call-to-action--style-1 call-to-action--normal call-to-action--style-1 call-to-action--normal call-to-action--style-1 call-to-action--normal call-to-action--style-1 call-to-action--normal\"><a href=\"https:\/\/www.camping-florac.com\/de\/camping-cevennes\/\"  class=\"call-to-action_link\" title=\"En savoir plus sur die cevennen\"><div class=\"call-to-action_image\"><img decoding=\"async\" src=\"https:\/\/www.camping-florac.com\/wp-content\/uploads\/2021\/03\/montagne-cevennes-100x56.jpg\" data-src=\"https:\/\/www.camping-florac.com\/wp-content\/uploads\/2021\/03\/montagne-cevennes.jpg\" alt=\"montagne cevennes\" class=\"normal\" \/><\/div><div class=\"call-to-action_contenu\"><div class=\"call-to-action_titre\">Die Cevennen<\/div><\/div><\/a><\/li><li class=\"element call-to-action carre call-to-action--style-1 call-to-action--normal call-to-action--style-1 call-to-action--normal call-to-action--style-1 call-to-action--normal call-to-action--style-1 call-to-action--normal call-to-action--style-1 call-to-action--normal\"><a href=\"https:\/\/www.camping-florac.com\/de\/camping-mont-aigoual\/\"  class=\"call-to-action_link\" title=\"En savoir plus sur berg aigoual\"><div class=\"call-to-action_image\"><img decoding=\"async\" src=\"https:\/\/www.camping-florac.com\/wp-content\/uploads\/2021\/03\/vue-aigoual-90x100.jpg\" data-src=\"https:\/\/www.camping-florac.com\/wp-content\/uploads\/2021\/03\/vue-aigoual.jpg\" alt=\"vue aigoual\" class=\"normal\" \/><\/div><div class=\"call-to-action_contenu\"><div class=\"call-to-action_titre\">Berg Aigoual<\/div><\/div><\/a><\/li><li class=\"element call-to-action carre call-to-action--style-1 call-to-action--normal call-to-action--style-1 call-to-action--normal call-to-action--style-1 call-to-action--normal call-to-action--style-1 call-to-action--normal call-to-action--style-1 call-to-action--normal call-to-action--style-1 call-to-action--normal\"><a href=\"https:\/\/www.camping-florac.com\/de\/camping-mont-lozere\/\"  class=\"call-to-action_link\" title=\"En savoir plus sur berg lozere\"><div class=\"call-to-action_image\"><img decoding=\"async\" src=\"https:\/\/www.camping-florac.com\/wp-content\/uploads\/2021\/03\/mont-lozere-village-100x66.jpg\" data-src=\"https:\/\/www.camping-florac.com\/wp-content\/uploads\/2021\/03\/mont-lozere-village.jpg\" alt=\"mont lozere village\" class=\"normal\" \/><\/div><div class=\"call-to-action_contenu\"><div class=\"call-to-action_titre\">Berg Lozere<\/div><\/div><\/a><\/li><\/ul><\/div><\/section>","protected":false},"excerpt":{"rendered":"","protected":false},"author":1,"featured_media":1054,"parent":0,"menu_order":0,"comment_status":"closed","ping_status":"closed","template":"","meta":{"_acf_changed":false,"footnotes":""},"class_list":["post-2444","page","type-page","status-publish","has-post-thumbnail","hentry"],"acf":[],"yoast_head":"<!-- This site is optimized with the Yoast SEO plugin v22.2 - https:\/\/yoast.com\/wordpress\/plugins\/seo\/ -->\n<title>Gorges de la Jonte entdecken | Camping bei Gorges de la Jonte<\/title>\n<meta name=\"robots\" content=\"index, follow, max-snippet:-1, max-image-preview:large, max-video-preview:-1\" \/>\n<link rel=\"canonical\" href=\"https:\/\/www.camping-florac.com\/de\/camping-gorges-de-la-jonte\/\" \/>\n<meta property=\"og:locale\" content=\"de_DE\" \/>\n<meta property=\"og:type\" content=\"article\" \/>\n<meta property=\"og:title\" content=\"Gorges de la Jonte entdecken | Camping bei Gorges de la Jonte\" \/>\n<meta property=\"og:url\" content=\"https:\/\/www.camping-florac.com\/de\/camping-gorges-de-la-jonte\/\" \/>\n<meta property=\"og:site_name\" content=\"Camping Pont du Tarn\" \/>\n<meta property=\"article:modified_time\" content=\"2021-11-11T14:09:51+00:00\" \/>\n<meta property=\"og:image\" content=\"https:\/\/www.camping-florac.com\/wp-content\/uploads\/2021\/03\/vue-jonte.jpg\" \/>\n\t<meta property=\"og:image:width\" content=\"1904\" \/>\n\t<meta property=\"og:image:height\" content=\"450\" \/>\n\t<meta property=\"og:image:type\" content=\"image\/jpeg\" \/>\n<meta name=\"twitter:card\" content=\"summary_large_image\" \/>\n<script type=\"application\/ld+json\" class=\"yoast-schema-graph\">{\"@context\":\"https:\/\/schema.org\",\"@graph\":[{\"@type\":\"WebPage\",\"@id\":\"https:\/\/www.camping-florac.com\/de\/camping-gorges-de-la-jonte\/\",\"url\":\"https:\/\/www.camping-florac.com\/de\/camping-gorges-de-la-jonte\/\",\"name\":\"Gorges de la Jonte entdecken | Camping bei Gorges de la Jonte\",\"isPartOf\":{\"@id\":\"https:\/\/www.camping-florac.com\/de\/#website\"},\"primaryImageOfPage\":{\"@id\":\"https:\/\/www.camping-florac.com\/de\/camping-gorges-de-la-jonte\/#primaryimage\"},\"image\":{\"@id\":\"https:\/\/www.camping-florac.com\/de\/camping-gorges-de-la-jonte\/#primaryimage\"},\"thumbnailUrl\":\"https:\/\/www.camping-florac.com\/wp-content\/uploads\/2021\/03\/vue-jonte.jpg\",\"datePublished\":\"2021-03-15T09:13:34+00:00\",\"dateModified\":\"2021-11-11T14:09:51+00:00\",\"breadcrumb\":{\"@id\":\"https:\/\/www.camping-florac.com\/de\/camping-gorges-de-la-jonte\/#breadcrumb\"},\"inLanguage\":\"de\",\"potentialAction\":[{\"@type\":\"ReadAction\",\"target\":[\"https:\/\/www.camping-florac.com\/de\/camping-gorges-de-la-jonte\/\"]}]},{\"@type\":\"ImageObject\",\"inLanguage\":\"de\",\"@id\":\"https:\/\/www.camping-florac.com\/de\/camping-gorges-de-la-jonte\/#primaryimage\",\"url\":\"https:\/\/www.camping-florac.com\/wp-content\/uploads\/2021\/03\/vue-jonte.jpg\",\"contentUrl\":\"https:\/\/www.camping-florac.com\/wp-content\/uploads\/2021\/03\/vue-jonte.jpg\",\"width\":1904,\"height\":450,\"caption\":\"vue jonte\"},{\"@type\":\"BreadcrumbList\",\"@id\":\"https:\/\/www.camping-florac.com\/de\/camping-gorges-de-la-jonte\/#breadcrumb\",\"itemListElement\":[{\"@type\":\"ListItem\",\"position\":1,\"name\":\"Camping Loz\u00e8re\",\"item\":\"https:\/\/www.camping-florac.com\/de\/\"},{\"@type\":\"ListItem\",\"position\":2,\"name\":\"Camping in der N\u00e4he der Jonteschlucht\"}]},{\"@type\":\"WebSite\",\"@id\":\"https:\/\/www.camping-florac.com\/de\/#website\",\"url\":\"https:\/\/www.camping-florac.com\/de\/\",\"name\":\"Camping Pont du Tarn\",\"description\":\"\",\"potentialAction\":[{\"@type\":\"SearchAction\",\"target\":{\"@type\":\"EntryPoint\",\"urlTemplate\":\"https:\/\/www.camping-florac.com\/de\/?s={search_term_string}\"},\"query-input\":\"required name=search_term_string\"}],\"inLanguage\":\"de\"}]}<\/script>\n<!-- \/ Yoast SEO plugin. -->","yoast_head_json":{"title":"Gorges de la Jonte entdecken | Camping bei Gorges de la Jonte","robots":{"index":"index","follow":"follow","max-snippet":"max-snippet:-1","max-image-preview":"max-image-preview:large","max-video-preview":"max-video-preview:-1"},"canonical":"https:\/\/www.camping-florac.com\/de\/camping-gorges-de-la-jonte\/","og_locale":"de_DE","og_type":"article","og_title":"Gorges de la Jonte entdecken | Camping bei Gorges de la Jonte","og_url":"https:\/\/www.camping-florac.com\/de\/camping-gorges-de-la-jonte\/","og_site_name":"Camping Pont du Tarn","article_modified_time":"2021-11-11T14:09:51+00:00","og_image":[{"width":1904,"height":450,"url":"https:\/\/www.camping-florac.com\/wp-content\/uploads\/2021\/03\/vue-jonte.jpg","type":"image\/jpeg"}],"twitter_card":"summary_large_image","schema":{"@context":"https:\/\/schema.org","@graph":[{"@type":"WebPage","@id":"https:\/\/www.camping-florac.com\/de\/camping-gorges-de-la-jonte\/","url":"https:\/\/www.camping-florac.com\/de\/camping-gorges-de-la-jonte\/","name":"Gorges de la Jonte entdecken | Camping bei Gorges de la Jonte","isPartOf":{"@id":"https:\/\/www.camping-florac.com\/de\/#website"},"primaryImageOfPage":{"@id":"https:\/\/www.camping-florac.com\/de\/camping-gorges-de-la-jonte\/#primaryimage"},"image":{"@id":"https:\/\/www.camping-florac.com\/de\/camping-gorges-de-la-jonte\/#primaryimage"},"thumbnailUrl":"https:\/\/www.camping-florac.com\/wp-content\/uploads\/2021\/03\/vue-jonte.jpg","datePublished":"2021-03-15T09:13:34+00:00","dateModified":"2021-11-11T14:09:51+00:00","breadcrumb":{"@id":"https:\/\/www.camping-florac.com\/de\/camping-gorges-de-la-jonte\/#breadcrumb"},"inLanguage":"de","potentialAction":[{"@type":"ReadAction","target":["https:\/\/www.camping-florac.com\/de\/camping-gorges-de-la-jonte\/"]}]},{"@type":"ImageObject","inLanguage":"de","@id":"https:\/\/www.camping-florac.com\/de\/camping-gorges-de-la-jonte\/#primaryimage","url":"https:\/\/www.camping-florac.com\/wp-content\/uploads\/2021\/03\/vue-jonte.jpg","contentUrl":"https:\/\/www.camping-florac.com\/wp-content\/uploads\/2021\/03\/vue-jonte.jpg","width":1904,"height":450,"caption":"vue jonte"},{"@type":"BreadcrumbList","@id":"https:\/\/www.camping-florac.com\/de\/camping-gorges-de-la-jonte\/#breadcrumb","itemListElement":[{"@type":"ListItem","position":1,"name":"Camping Loz\u00e8re","item":"https:\/\/www.camping-florac.com\/de\/"},{"@type":"ListItem","position":2,"name":"Camping in der N\u00e4he der Jonteschlucht"}]},{"@type":"WebSite","@id":"https:\/\/www.camping-florac.com\/de\/#website","url":"https:\/\/www.camping-florac.com\/de\/","name":"Camping Pont du Tarn","description":"","potentialAction":[{"@type":"SearchAction","target":{"@type":"EntryPoint","urlTemplate":"https:\/\/www.camping-florac.com\/de\/?s={search_term_string}"},"query-input":"required name=search_term_string"}],"inLanguage":"de"}]}},"_links":{"self":[{"href":"https:\/\/www.camping-florac.com\/de\/wp-json\/wp\/v2\/pages\/2444","targetHints":{"allow":["GET"]}}],"collection":[{"href":"https:\/\/www.camping-florac.com\/de\/wp-json\/wp\/v2\/pages"}],"about":[{"href":"https:\/\/www.camping-florac.com\/de\/wp-json\/wp\/v2\/types\/page"}],"author":[{"embeddable":true,"href":"https:\/\/www.camping-florac.com\/de\/wp-json\/wp\/v2\/users\/1"}],"replies":[{"embeddable":true,"href":"https:\/\/www.camping-florac.com\/de\/wp-json\/wp\/v2\/comments?post=2444"}],"version-history":[{"count":8,"href":"https:\/\/www.camping-florac.com\/de\/wp-json\/wp\/v2\/pages\/2444\/revisions"}],"predecessor-version":[{"id":3495,"href":"https:\/\/www.camping-florac.com\/de\/wp-json\/wp\/v2\/pages\/2444\/revisions\/3495"}],"wp:featuredmedia":[{"embeddable":true,"href":"https:\/\/www.camping-florac.com\/de\/wp-json\/wp\/v2\/media\/1054"}],"wp:attachment":[{"href":"https:\/\/www.camping-florac.com\/de\/wp-json\/wp\/v2\/media?parent=2444"}],"curies":[{"name":"wp","href":"https:\/\/api.w.org\/{rel}","templated":true}]}}