{"id":2441,"date":"2021-03-15T10:13:13","date_gmt":"2021-03-15T09:13:13","guid":{"rendered":"https:\/\/www.camping-florac.com\/camping-cevennes\/"},"modified":"2021-11-11T15:05:41","modified_gmt":"2021-11-11T14:05:41","slug":"camping-cevennes","status":"publish","type":"page","link":"https:\/\/www.camping-florac.com\/de\/camping-cevennes\/","title":{"rendered":"Visiter &#8211; Unesco : Les cevennes"},"content":{"rendered":"<section id=\"section-604f24cbc089b\"\" class=\"section bg-white p-b-0\" \/><div class=\"container \"><div class=\"div-titre center deco-h1\"><h1 class=\"element section-title \">Camping in der N\u00e4he der Cevennen<\/h1><\/div><div class=\"div-titre center\"><h2 class=\"element section-title \">Besuchen Sie die Cevennen<\/h2><\/div><div class=\"element bloc-text center \">\n\t<p>Der <a href=\"\/de\/\">Camping Le Pont du Tarn<\/a> befindet sich in idealer Lage im <strong class=\"bold color2\">Gr\u00fcntourismusort Florac<\/strong> und <strong class=\"bold color2\">Hauptort des Nationalparks Cevennen<\/strong>, im Herzen der Landschaften der Causses und Cevennen und am Fu\u00dfe der Felsen der Causse M\u00e9jean!<\/p>\n<p>Die Cevennen, <strong class=\"bold color2\">als Unesco-Weltkulturerbe klassifiziert<\/strong>, pr\u00e4sentieren eine Palette von bemerkenswerten und abwechslungsreichen Landschaften, die Sie w\u00e4hrend Ihres Aufenthalts in Loz\u00e8re nicht verpassen d\u00fcrfen. <\/p>\n<\/div><\/div><\/section>\n\n<section id=\"section-60507fed83ef3\"\" class=\"section bg-white p-t-0 p-b-0\" \/><div class=\"container  extralarge\"><div class=\"colonnes-wrap valign-middle \"><div class=\"element colonne \"><div class=\"element bloc-text justify \">\n\t<p>Camping le Pont du Tarn bietet <strong class=\"bold color2\">mehrere Besichtigungen und Aktivit\u00e4ten<\/strong> w\u00e4hrend Ihres Aufenthalts auf dem Campingplatz, um alle Geheimnisse und Landschaften der Cevennen zu entdecken.  <\/p>\n<p><strong class=\"bold color2\">Weites Gebiet<\/strong>, es mangelt nicht an Vorz\u00fcgen. Entdecken Sie Anduze, eine kleine Stadt, in der es sich gut durch die engen Gassen und die ber\u00fchmten T\u00f6pfereien von Anduze schlendern l\u00e4sst.<\/p>\n<p>Ein kurzer Ausflug nach Saint-Jean-du-Gard mit dem Cevennen-Dampfzug, der einen Halt am ber\u00fchmten Bambouserais bietet, das zu den <strong class=\"bold color2\">sch\u00f6nsten G\u00e4rten Frankreichs<\/strong> z\u00e4hlt. <\/p>\n<p>Entdecken Sie den <strong class=\"bold color2\">Reichtum eines au\u00dfergew\u00f6hnlichen Erbes<\/strong>, die Cevennen als Reiseziel der Wahl oder nicht weniger als <strong class=\"bold color2\">8 gro\u00dfartige St\u00e4tten, die als Unesco-Welterbe klassifiziert sind<\/strong> und das alles in einem Radius nahe Ihrer Anmietung auf dem Camping le Pont du Tarn. <\/p>\n<\/div><\/div><div class=\"element colonne \"><div class=\"element images\"><div class=\"image\"><img decoding=\"async\" src=\"https:\/\/www.camping-florac.com\/wp-content\/uploads\/2021\/03\/cevennes-paysages-91x100.jpg\" data-src=\"https:\/\/www.camping-florac.com\/wp-content\/uploads\/2021\/03\/cevennes-paysages.jpg\" alt=\"cevennes paysages\" class=\"images_image\" \/><\/div><\/div><\/div><div class=\"element colonne p-t-8\"><div class=\"element images\"><div class=\"image\"><img decoding=\"async\" src=\"https:\/\/www.camping-florac.com\/wp-content\/uploads\/2021\/03\/train-vapeur-cevennes-90x100.jpg\" data-src=\"https:\/\/www.camping-florac.com\/wp-content\/uploads\/2021\/03\/train-vapeur-cevennes.jpg\" alt=\"train vapeur cevennes\" class=\"images_image\" \/><\/div><\/div><\/div><\/div><\/div><\/section>\n\n<section id=\"section-second\"\" class=\"section bg-white p-t-0 p-b-0\" \/><div class=\"container  extralarge\"><div class=\"colonnes-wrap valign-middle \"><div class=\"element colonne p-t-8\"><div class=\"element images\"><div class=\"image\"><img decoding=\"async\" src=\"https:\/\/www.camping-florac.com\/wp-content\/uploads\/2021\/03\/bambouseraie-90x100.jpg\" data-src=\"https:\/\/www.camping-florac.com\/wp-content\/uploads\/2021\/03\/bambouseraie.jpg\" alt=\"bambouseraie\" class=\"images_image\" \/><\/div><\/div><\/div><div class=\"element colonne \"><div class=\"element images\"><div class=\"image\"><img decoding=\"async\" src=\"https:\/\/www.camping-florac.com\/wp-content\/uploads\/2021\/03\/montagnes-cevennes-91x100.jpg\" data-src=\"https:\/\/www.camping-florac.com\/wp-content\/uploads\/2021\/03\/montagnes-cevennes.jpg\" alt=\"montagnes cevennes\" class=\"images_image\" \/><\/div><\/div><\/div><div class=\"element colonne \"><div class=\"div-titre justify\"><h2 class=\"element section-title \">Die Muss-Sehensw\u00fcrdigkeiten in den Cevennen<\/h2><\/div><div class=\"element bloc-text justify \">\n\t<p>Ob Sie wandern, <strong class=\"bold color2\">in den vielen Fl\u00fcssen schwimmen<\/strong>, die vielen Outdoor-Aktivit\u00e4ten nutzen oder einfach nur auf dem Camping le Pont du Tarn entspannen und dabei die Landschaft, den Pool oder sogar den Fluss genie\u00dfen.<\/p>\n<p>Lassen Sie sich, wie der junge Stevenson vor 140 Jahren, von dieser wilden, sch\u00f6nen und rebellischen Natur verzaubern. Wandern Sie auf dem ber\u00fchmten Stevenson-Pfad, entdecken Sie den einzigen <strong class=\"bold color2\">Nationalpark Frankreichs<\/strong>, in dem Fauna, Flora und Bewohner in Harmonie zusammenleben, in den <strong class=\"bold color2\">magnificent Cevennes valleys<\/strong>, dem Land der Kastanien und Paillardons.  <\/p>\n<p>Im Jahr 2018 wird der <strong class=\"bold color2\">Nationalpark Cevennen<\/strong> zum gr\u00f6\u00dften Sternenreservat Europas. Kommen Sie und schlafen Sie auf dem Camping le Pont du Tarn, und verlieren Sie sich in den Sternen!<\/p>\n<\/div><\/div><\/div><div class=\"element bloc-text center \">\n\t<p>Wenden Sie sich an <strong class=\"bold color2\">das Fremdenverkehrsamt Gorges du Tarn Causses C\u00e9vennes<\/strong>, um weitere Informationen zu erhalten, was Sie w\u00e4hrend Ihres Aufenthalts unternehmen k\u00f6nnen.<\/p>\n<\/div><\/div><\/section>\n\n<section id=\"section-60507fed84214\"\" class=\"section bg-white\" \/><div class=\"container  full\"><div class=\"element images\"><div class=\"image\"><img decoding=\"async\" src=\"https:\/\/www.camping-florac.com\/wp-content\/uploads\/2021\/03\/chateau-prades-100x95.jpg\" data-src=\"https:\/\/www.camping-florac.com\/wp-content\/uploads\/2021\/03\/chateau-prades.jpg\" alt=\"chateau prades\" class=\"images_image\" \/><\/div><div class=\"image\"><img decoding=\"async\" src=\"https:\/\/www.camping-florac.com\/wp-content\/uploads\/2021\/03\/falaise-jonte-100x95.jpg\" data-src=\"https:\/\/www.camping-florac.com\/wp-content\/uploads\/2021\/03\/falaise-jonte.jpg\" alt=\"falaise jonte\" class=\"images_image\" \/><\/div><div class=\"image\"><img decoding=\"async\" src=\"https:\/\/www.camping-florac.com\/wp-content\/uploads\/2021\/03\/garde-guerin-vue-100x95.jpg\" data-src=\"https:\/\/www.camping-florac.com\/wp-content\/uploads\/2021\/03\/garde-guerin-vue.jpg\" alt=\"garde guerin vue\" class=\"images_image\" \/><\/div><div class=\"image\"><img decoding=\"async\" src=\"https:\/\/www.camping-florac.com\/wp-content\/uploads\/2021\/03\/castelbouc-village2-100x95.jpg\" data-src=\"https:\/\/www.camping-florac.com\/wp-content\/uploads\/2021\/03\/castelbouc-village2.jpg\" alt=\"castelbouc village\" class=\"images_image\" \/><\/div><\/div><\/div><\/section>\n\n<section id=\"section-60507fed84658\"\" class=\"section bg-white p-t-0 p-b-0\" \/><div class=\"container  extralarge\"><div class=\"colonnes-wrap valign-middle \"><div class=\"element colonne \"><div class=\"div-titre left\"><h2 class=\"element section-title \">Camping in der N\u00e4he der Cevennen<\/h2><\/div><div class=\"element bloc-text justify \">\n\t<p>Nachdem Sie die <strong class=\"bold color2\">Reicht\u00fcmer, die die Cevennen-Region beherbergt<\/strong>, entdeckt haben, finden Sie Ihr Mobilheim oder Ihren Stellplatz zur Miete auf dem Campingplatz Pont du Tarn, um <strong class=\"bold color2\">entspannte Momente mit Ihrer Familie<\/strong> zu genie\u00dfen.<\/p>\n<p>Die <strong class=\"bold color2\">hei\u00dfen Sommertage<\/strong> machen sicher Lust auf ein letztes Bad in unserem Schwimmbad, um sich abzuk\u00fchlen oder ein paar Bahnen zu ziehen.<\/p>\n<p>Am Ende des Tages haben Sie die M\u00f6glichkeit, <strong class=\"bold color2\">eine leckere Pizza<\/strong> auf der Terrasse der Pizzeria, in der N\u00e4he der Br\u00fccke, zu probieren. <\/p>\n<p>Mit einem Aufenthalt auf unserem Campingplatz in der N\u00e4he der Cevennen werden Sie zweifellos einen <strong class=\"bold color2\">unvergesslichen Familienaufenthalt<\/strong> erleben.<\/p>\n<\/div><\/div><div class=\"element colonne \"><div class=\"element images\"><div class=\"image\"><img decoding=\"async\" src=\"https:\/\/www.camping-florac.com\/wp-content\/uploads\/2021\/03\/paysage-anduze-91x100.jpg\" data-src=\"https:\/\/www.camping-florac.com\/wp-content\/uploads\/2021\/03\/paysage-anduze.jpg\" alt=\"paysage anduze\" class=\"images_image\" \/><\/div><\/div><\/div><div class=\"element colonne p-t-8\"><div class=\"element images\"><div class=\"image\"><img decoding=\"async\" src=\"https:\/\/www.camping-florac.com\/wp-content\/uploads\/2021\/03\/cascade-de-runes-91x100.jpg\" data-src=\"https:\/\/www.camping-florac.com\/wp-content\/uploads\/2021\/03\/cascade-de-runes.jpg\" alt=\"cascade de runes\" class=\"images_image\" \/><\/div><\/div><\/div><\/div><\/div><\/section>\n\n<section id=\"section-6050a6d7a33d2\"\" class=\"section bg-white\" \/><div class=\"container  extralarge\"><div class=\"div-titre center deco-h2\"><div class=\"element section-title \">Die Umgebung der Cevennen<\/div><\/div><ul class=\"liste-de-page\"><li class=\"element call-to-action carre call-to-action--style-1 call-to-action--normal\"><a href=\"https:\/\/www.camping-florac.com\/de\/tourismus-lozere\/\"  class=\"call-to-action_link\" title=\"En savoir plus sur andere interessen\"><div class=\"call-to-action_image\"><img decoding=\"async\" src=\"https:\/\/www.camping-florac.com\/wp-content\/uploads\/2021\/03\/tourisme-lozere-100x56.jpg\" data-src=\"https:\/\/www.camping-florac.com\/wp-content\/uploads\/2021\/03\/tourisme-lozere.jpg\" alt=\"tourisme lozere\" class=\"normal\" \/><\/div><div class=\"call-to-action_contenu\"><div class=\"call-to-action_titre\">Andere Interessen<\/div><\/div><\/a><\/li><li class=\"element call-to-action carre call-to-action--style-1 call-to-action--normal call-to-action--style-1 call-to-action--normal\"><a href=\"https:\/\/www.camping-florac.com\/de\/camping-gorges-du-tarn\/\"  class=\"call-to-action_link\" title=\"En savoir plus sur die gorges du tarn\"><div class=\"call-to-action_image\"><img decoding=\"async\" src=\"https:\/\/www.camping-florac.com\/wp-content\/uploads\/2021\/03\/vue-point-sublime-100x56.jpg\" data-src=\"https:\/\/www.camping-florac.com\/wp-content\/uploads\/2021\/03\/vue-point-sublime.jpg\" alt=\"vue point sublime\" class=\"normal\" \/><\/div><div class=\"call-to-action_contenu\"><div class=\"call-to-action_titre\">Die Gorges du Tarn<\/div><\/div><\/a><\/li><li class=\"element call-to-action carre call-to-action--style-1 call-to-action--normal call-to-action--style-1 call-to-action--normal call-to-action--style-1 call-to-action--normal\"><a href=\"https:\/\/www.camping-florac.com\/de\/camping-die-grands-causses\/\"  class=\"call-to-action_link\" title=\"En savoir plus sur die gro\u00dfen causses\"><div class=\"call-to-action_image\"><img decoding=\"async\" src=\"https:\/\/www.camping-florac.com\/wp-content\/uploads\/2021\/03\/grand-casses-tourisme-100x56.jpg\" data-src=\"https:\/\/www.camping-florac.com\/wp-content\/uploads\/2021\/03\/grand-casses-tourisme.jpg\" alt=\"grand casses tourisme\" class=\"normal\" \/><\/div><div class=\"call-to-action_contenu\"><div class=\"call-to-action_titre\">Die gro\u00dfen Causses<\/div><\/div><\/a><\/li><li class=\"element call-to-action carre call-to-action--style-1 call-to-action--normal call-to-action--style-1 call-to-action--normal call-to-action--style-1 call-to-action--normal call-to-action--style-1 call-to-action--normal\"><a href=\"https:\/\/www.camping-florac.com\/de\/camping-gorges-de-la-jonte\/\"  class=\"call-to-action_link\" title=\"En savoir plus sur die jonteschlucht\"><div class=\"call-to-action_image\"><img decoding=\"async\" src=\"https:\/\/www.camping-florac.com\/wp-content\/uploads\/2021\/03\/vue-gorges-jonte-100x56.jpg\" data-src=\"https:\/\/www.camping-florac.com\/wp-content\/uploads\/2021\/03\/vue-gorges-jonte.jpg\" alt=\"vue gorges jonte\" class=\"normal\" \/><\/div><div class=\"call-to-action_contenu\"><div class=\"call-to-action_titre\">Die Jonteschlucht<\/div><\/div><\/a><\/li><li class=\"element call-to-action carre call-to-action--style-1 call-to-action--normal call-to-action--style-1 call-to-action--normal call-to-action--style-1 call-to-action--normal call-to-action--style-1 call-to-action--normal call-to-action--style-1 call-to-action--normal\"><a href=\"https:\/\/www.camping-florac.com\/de\/camping-mont-aigoual\/\"  class=\"call-to-action_link\" title=\"En savoir plus sur berg aigoual\"><div class=\"call-to-action_image\"><img decoding=\"async\" src=\"https:\/\/www.camping-florac.com\/wp-content\/uploads\/2021\/03\/vue-aigoual-90x100.jpg\" data-src=\"https:\/\/www.camping-florac.com\/wp-content\/uploads\/2021\/03\/vue-aigoual.jpg\" alt=\"vue aigoual\" class=\"normal\" \/><\/div><div class=\"call-to-action_contenu\"><div class=\"call-to-action_titre\">Berg Aigoual<\/div><\/div><\/a><\/li><li class=\"element call-to-action carre call-to-action--style-1 call-to-action--normal call-to-action--style-1 call-to-action--normal call-to-action--style-1 call-to-action--normal call-to-action--style-1 call-to-action--normal call-to-action--style-1 call-to-action--normal call-to-action--style-1 call-to-action--normal\"><a href=\"https:\/\/www.camping-florac.com\/de\/camping-mont-lozere\/\"  class=\"call-to-action_link\" title=\"En savoir plus sur berg lozere\"><div class=\"call-to-action_image\"><img decoding=\"async\" src=\"https:\/\/www.camping-florac.com\/wp-content\/uploads\/2021\/03\/mont-lozere-village-100x66.jpg\" data-src=\"https:\/\/www.camping-florac.com\/wp-content\/uploads\/2021\/03\/mont-lozere-village.jpg\" alt=\"mont lozere village\" class=\"normal\" \/><\/div><div class=\"call-to-action_contenu\"><div class=\"call-to-action_titre\">Berg Lozere<\/div><\/div><\/a><\/li><\/ul><\/div><\/section>","protected":false},"excerpt":{"rendered":"","protected":false},"author":1,"featured_media":978,"parent":0,"menu_order":0,"comment_status":"closed","ping_status":"closed","template":"","meta":{"_acf_changed":false,"footnotes":""},"class_list":["post-2441","page","type-page","status-publish","has-post-thumbnail","hentry"],"acf":[],"yoast_head":"<!-- This site is optimized with the Yoast SEO plugin v22.2 - https:\/\/yoast.com\/wordpress\/plugins\/seo\/ -->\n<title>Besuchen Sie die Cevennen | Camping in der N\u00e4he der Cevennen<\/title>\n<meta name=\"robots\" content=\"index, follow, max-snippet:-1, max-image-preview:large, max-video-preview:-1\" \/>\n<link rel=\"canonical\" href=\"https:\/\/www.camping-florac.com\/de\/camping-cevennes\/\" \/>\n<meta property=\"og:locale\" content=\"de_DE\" \/>\n<meta property=\"og:type\" content=\"article\" \/>\n<meta property=\"og:title\" content=\"Besuchen Sie die Cevennen | Camping in der N\u00e4he der Cevennen\" \/>\n<meta property=\"og:url\" content=\"https:\/\/www.camping-florac.com\/de\/camping-cevennes\/\" \/>\n<meta property=\"og:site_name\" content=\"Camping Pont du Tarn\" \/>\n<meta property=\"article:modified_time\" content=\"2021-11-11T14:05:41+00:00\" \/>\n<meta property=\"og:image\" content=\"https:\/\/www.camping-florac.com\/wp-content\/uploads\/2021\/03\/vue-cevennes.jpg\" \/>\n\t<meta property=\"og:image:width\" content=\"1904\" \/>\n\t<meta property=\"og:image:height\" content=\"450\" \/>\n\t<meta property=\"og:image:type\" content=\"image\/jpeg\" \/>\n<meta name=\"twitter:card\" content=\"summary_large_image\" \/>\n<script type=\"application\/ld+json\" class=\"yoast-schema-graph\">{\"@context\":\"https:\/\/schema.org\",\"@graph\":[{\"@type\":\"WebPage\",\"@id\":\"https:\/\/www.camping-florac.com\/de\/camping-cevennes\/\",\"url\":\"https:\/\/www.camping-florac.com\/de\/camping-cevennes\/\",\"name\":\"Besuchen Sie die Cevennen | Camping in der N\u00e4he der Cevennen\",\"isPartOf\":{\"@id\":\"https:\/\/www.camping-florac.com\/de\/#website\"},\"primaryImageOfPage\":{\"@id\":\"https:\/\/www.camping-florac.com\/de\/camping-cevennes\/#primaryimage\"},\"image\":{\"@id\":\"https:\/\/www.camping-florac.com\/de\/camping-cevennes\/#primaryimage\"},\"thumbnailUrl\":\"https:\/\/www.camping-florac.com\/wp-content\/uploads\/2021\/03\/vue-cevennes.jpg\",\"datePublished\":\"2021-03-15T09:13:13+00:00\",\"dateModified\":\"2021-11-11T14:05:41+00:00\",\"breadcrumb\":{\"@id\":\"https:\/\/www.camping-florac.com\/de\/camping-cevennes\/#breadcrumb\"},\"inLanguage\":\"de\",\"potentialAction\":[{\"@type\":\"ReadAction\",\"target\":[\"https:\/\/www.camping-florac.com\/de\/camping-cevennes\/\"]}]},{\"@type\":\"ImageObject\",\"inLanguage\":\"de\",\"@id\":\"https:\/\/www.camping-florac.com\/de\/camping-cevennes\/#primaryimage\",\"url\":\"https:\/\/www.camping-florac.com\/wp-content\/uploads\/2021\/03\/vue-cevennes.jpg\",\"contentUrl\":\"https:\/\/www.camping-florac.com\/wp-content\/uploads\/2021\/03\/vue-cevennes.jpg\",\"width\":1904,\"height\":450,\"caption\":\"C\u00e9vennes - Vue depuis le bord du causse M\u00e9jean : Florac, le Baug\u00e8s, la vall\u00e9e de la Mimente\"},{\"@type\":\"BreadcrumbList\",\"@id\":\"https:\/\/www.camping-florac.com\/de\/camping-cevennes\/#breadcrumb\",\"itemListElement\":[{\"@type\":\"ListItem\",\"position\":1,\"name\":\"Camping Loz\u00e8re\",\"item\":\"https:\/\/www.camping-florac.com\/de\/\"},{\"@type\":\"ListItem\",\"position\":2,\"name\":\"Camping in den Cevennen\"}]},{\"@type\":\"WebSite\",\"@id\":\"https:\/\/www.camping-florac.com\/de\/#website\",\"url\":\"https:\/\/www.camping-florac.com\/de\/\",\"name\":\"Camping Pont du Tarn\",\"description\":\"\",\"potentialAction\":[{\"@type\":\"SearchAction\",\"target\":{\"@type\":\"EntryPoint\",\"urlTemplate\":\"https:\/\/www.camping-florac.com\/de\/?s={search_term_string}\"},\"query-input\":\"required name=search_term_string\"}],\"inLanguage\":\"de\"}]}<\/script>\n<!-- \/ Yoast SEO plugin. -->","yoast_head_json":{"title":"Besuchen Sie die Cevennen | Camping in der N\u00e4he der Cevennen","robots":{"index":"index","follow":"follow","max-snippet":"max-snippet:-1","max-image-preview":"max-image-preview:large","max-video-preview":"max-video-preview:-1"},"canonical":"https:\/\/www.camping-florac.com\/de\/camping-cevennes\/","og_locale":"de_DE","og_type":"article","og_title":"Besuchen Sie die Cevennen | Camping in der N\u00e4he der Cevennen","og_url":"https:\/\/www.camping-florac.com\/de\/camping-cevennes\/","og_site_name":"Camping Pont du Tarn","article_modified_time":"2021-11-11T14:05:41+00:00","og_image":[{"width":1904,"height":450,"url":"https:\/\/www.camping-florac.com\/wp-content\/uploads\/2021\/03\/vue-cevennes.jpg","type":"image\/jpeg"}],"twitter_card":"summary_large_image","schema":{"@context":"https:\/\/schema.org","@graph":[{"@type":"WebPage","@id":"https:\/\/www.camping-florac.com\/de\/camping-cevennes\/","url":"https:\/\/www.camping-florac.com\/de\/camping-cevennes\/","name":"Besuchen Sie die Cevennen | Camping in der N\u00e4he der Cevennen","isPartOf":{"@id":"https:\/\/www.camping-florac.com\/de\/#website"},"primaryImageOfPage":{"@id":"https:\/\/www.camping-florac.com\/de\/camping-cevennes\/#primaryimage"},"image":{"@id":"https:\/\/www.camping-florac.com\/de\/camping-cevennes\/#primaryimage"},"thumbnailUrl":"https:\/\/www.camping-florac.com\/wp-content\/uploads\/2021\/03\/vue-cevennes.jpg","datePublished":"2021-03-15T09:13:13+00:00","dateModified":"2021-11-11T14:05:41+00:00","breadcrumb":{"@id":"https:\/\/www.camping-florac.com\/de\/camping-cevennes\/#breadcrumb"},"inLanguage":"de","potentialAction":[{"@type":"ReadAction","target":["https:\/\/www.camping-florac.com\/de\/camping-cevennes\/"]}]},{"@type":"ImageObject","inLanguage":"de","@id":"https:\/\/www.camping-florac.com\/de\/camping-cevennes\/#primaryimage","url":"https:\/\/www.camping-florac.com\/wp-content\/uploads\/2021\/03\/vue-cevennes.jpg","contentUrl":"https:\/\/www.camping-florac.com\/wp-content\/uploads\/2021\/03\/vue-cevennes.jpg","width":1904,"height":450,"caption":"C\u00e9vennes - Vue depuis le bord du causse M\u00e9jean : Florac, le Baug\u00e8s, la vall\u00e9e de la Mimente"},{"@type":"BreadcrumbList","@id":"https:\/\/www.camping-florac.com\/de\/camping-cevennes\/#breadcrumb","itemListElement":[{"@type":"ListItem","position":1,"name":"Camping Loz\u00e8re","item":"https:\/\/www.camping-florac.com\/de\/"},{"@type":"ListItem","position":2,"name":"Camping in den Cevennen"}]},{"@type":"WebSite","@id":"https:\/\/www.camping-florac.com\/de\/#website","url":"https:\/\/www.camping-florac.com\/de\/","name":"Camping Pont du Tarn","description":"","potentialAction":[{"@type":"SearchAction","target":{"@type":"EntryPoint","urlTemplate":"https:\/\/www.camping-florac.com\/de\/?s={search_term_string}"},"query-input":"required name=search_term_string"}],"inLanguage":"de"}]}},"_links":{"self":[{"href":"https:\/\/www.camping-florac.com\/de\/wp-json\/wp\/v2\/pages\/2441","targetHints":{"allow":["GET"]}}],"collection":[{"href":"https:\/\/www.camping-florac.com\/de\/wp-json\/wp\/v2\/pages"}],"about":[{"href":"https:\/\/www.camping-florac.com\/de\/wp-json\/wp\/v2\/types\/page"}],"author":[{"embeddable":true,"href":"https:\/\/www.camping-florac.com\/de\/wp-json\/wp\/v2\/users\/1"}],"replies":[{"embeddable":true,"href":"https:\/\/www.camping-florac.com\/de\/wp-json\/wp\/v2\/comments?post=2441"}],"version-history":[{"count":7,"href":"https:\/\/www.camping-florac.com\/de\/wp-json\/wp\/v2\/pages\/2441\/revisions"}],"predecessor-version":[{"id":3485,"href":"https:\/\/www.camping-florac.com\/de\/wp-json\/wp\/v2\/pages\/2441\/revisions\/3485"}],"wp:featuredmedia":[{"embeddable":true,"href":"https:\/\/www.camping-florac.com\/de\/wp-json\/wp\/v2\/media\/978"}],"wp:attachment":[{"href":"https:\/\/www.camping-florac.com\/de\/wp-json\/wp\/v2\/media?parent=2441"}],"curies":[{"name":"wp","href":"https:\/\/api.w.org\/{rel}","templated":true}]}}