{"id":2439,"date":"2021-03-15T10:13:59","date_gmt":"2021-03-15T09:13:59","guid":{"rendered":"https:\/\/www.camping-florac.com\/camping-les-grands-causses\/"},"modified":"2021-11-11T14:56:14","modified_gmt":"2021-11-11T13:56:14","slug":"camping-die-grands-causses","status":"publish","type":"page","link":"https:\/\/www.camping-florac.com\/de\/camping-die-grands-causses\/","title":{"rendered":"Visiter &#8211; Unesco : Les Causses"},"content":{"rendered":"<section id=\"section-604f24cbc089b\"\" class=\"section bg-white p-b-0\" \/><div class=\"container \"><div class=\"div-titre center deco-h1\"><h1 class=\"element section-title \">Camping Die Grands Causses<\/h1><\/div><\/div><\/section>\n\n<section id=\"section-60507fed83ef3\"\" class=\"section bg-white p-t-0 p-b-0\" \/><div class=\"container  extralarge\"><div class=\"colonnes-wrap valign-middle \"><div class=\"element colonne \"><div class=\"div-titre justify\"><h2 class=\"element section-title \">Pr\u00e4sentation der Grands Causses<\/h2><\/div><div class=\"element bloc-text justify \">\n\t<p>Willkommen im Land des Agropastoralismus, das von der <strong class=\"bold color2\">UNESCO als Weltkulturerbe<\/strong> eingestuft wurde: die Zivilisation der Schafzucht zwischen Causses und Cevennen. <\/p>\n<p><strong class=\"bold color2\">Die Grands Causses sind drei<\/strong>: M\u00e9jean, Noir und Sauveterre und liegen an den Grenzen der Departements La Loz\u00e8re, Gard und Aveyron. Diese Plateaus erheben sich auf eine H\u00f6he von fast 1000 Metern und werden durch die <strong class=\"bold color2\">Tarn- und Jonte-Schluchten<\/strong> getrennt.<\/p>\n<p>Diese offenen Landschaften mit <strong class=\"bold color2\">steppenartigen T\u00e4lern<\/strong> bieten Ihnen ein gro\u00dfartiges Gef\u00fchl von Freiheit und sind <strong class=\"bold color2\">unglaubliche Orte der Erholung<\/strong>, besonders f\u00fcr Liebhaber gro\u00dfer, ruhiger und nat\u00fcrlicher R\u00e4ume. <\/p>\n<\/div><\/div><div class=\"element colonne \"><div class=\"element images\"><div class=\"image\"><img decoding=\"async\" src=\"https:\/\/www.camping-florac.com\/wp-content\/uploads\/2021\/03\/les-causses-89x100.jpg\" data-src=\"https:\/\/www.camping-florac.com\/wp-content\/uploads\/2021\/03\/les-causses.jpg\" alt=\"les causses\" class=\"images_image\" \/><\/div><\/div><\/div><div class=\"element colonne p-t-8\"><div class=\"element images\"><div class=\"image\"><img decoding=\"async\" src=\"https:\/\/www.camping-florac.com\/wp-content\/uploads\/2021\/03\/batisses-grands-causses-90x100.jpg\" data-src=\"https:\/\/www.camping-florac.com\/wp-content\/uploads\/2021\/03\/batisses-grands-causses.jpg\" alt=\"batisses grands causses\" class=\"images_image\" \/><\/div><\/div><\/div><\/div><\/div><\/section>\n\n<section id=\"section-60507fed84214\"\" class=\"section bg-white\" \/><div class=\"container  full\"><div class=\"element images\"><div class=\"image\"><img decoding=\"async\" src=\"https:\/\/www.camping-florac.com\/wp-content\/uploads\/2021\/03\/location-grands-causses-100x96.jpg\" data-src=\"https:\/\/www.camping-florac.com\/wp-content\/uploads\/2021\/03\/location-grands-causses.jpg\" alt=\"location grands causses\" class=\"images_image\" \/><\/div><div class=\"image\"><img decoding=\"async\" src=\"https:\/\/www.camping-florac.com\/wp-content\/uploads\/2021\/03\/refugre-grands-causses-100x96.jpg\" data-src=\"https:\/\/www.camping-florac.com\/wp-content\/uploads\/2021\/03\/refugre-grands-causses.jpg\" alt=\"refugre grands causses\" class=\"images_image\" \/><\/div><div class=\"image\"><img decoding=\"async\" src=\"https:\/\/www.camping-florac.com\/wp-content\/uploads\/2021\/03\/visite-grands-causses-100x96.jpg\" data-src=\"https:\/\/www.camping-florac.com\/wp-content\/uploads\/2021\/03\/visite-grands-causses.jpg\" alt=\"visite grands causses\" class=\"images_image\" \/><\/div><div class=\"image\"><img decoding=\"async\" src=\"https:\/\/www.camping-florac.com\/wp-content\/uploads\/2021\/03\/balade-grands-causses-100x96.jpg\" data-src=\"https:\/\/www.camping-florac.com\/wp-content\/uploads\/2021\/03\/balade-grands-causses.jpg\" alt=\"balade grands causses\" class=\"images_image\" \/><\/div><\/div><\/div><\/section>\n\n<section id=\"section-60507fed84658\"\" class=\"section bg-white p-t-0 p-b-0\" \/><div class=\"container  extralarge\"><div class=\"colonnes-wrap valign-middle \"><div class=\"element colonne \"><div class=\"div-titre left\"><h2 class=\"element section-title \">Camping in der N\u00e4he der Grands Causses<\/h2><\/div><div class=\"element bloc-text justify \">\n\t<p>Ein paar Minuten von Florac f\u00fcr <strong class=\"bold color2\">die Causse M\u00e9jean und Sauveterre <\/strong>Sie werden au\u00dfergew\u00f6hnliche Gebiete eingeben. Die Causse M\u00e9jean kann auch zu Fu\u00df ab dem <a href=\"\/de\/\">Camping Le Pont du Tarn<\/a> entdeckt werden. <\/p>\n<p>Diese <strong class=\"bold color2\">sch\u00f6ne 5-st\u00fcndige Wanderung erklimmt die Causse M\u00e9jean<\/strong> und folgt den herrlichen Klippen, die die Causse der Gorges du Tarn begrenzen. <\/p>\n<p>Der regionale Naturpark Grands Causses : <strong class=\"bold color2\">Inseln unter dem Himmel<\/strong>&#8230;<\/p>\n<p>Diese ausgedehnten Kalksteinplateaus auf fast 1.000 Metern H\u00f6he bieten ihren Besuchern <strong class=\"bold color2\">typische und erhaltene Landschaften<\/strong> sowie grandiose Ausblicke auf die Tarn- und Jonte-Schluchten. <\/p>\n<\/div><\/div><div class=\"element colonne \"><div class=\"element images\"><div class=\"image\"><img decoding=\"async\" src=\"https:\/\/www.camping-florac.com\/wp-content\/uploads\/2021\/03\/camping-grand-causses-90x100.jpg\" data-src=\"https:\/\/www.camping-florac.com\/wp-content\/uploads\/2021\/03\/camping-grand-causses.jpg\" alt=\"camping grand causses\" class=\"images_image\" \/><\/div><\/div><\/div><div class=\"element colonne p-t-8\"><div class=\"element images\"><div class=\"image\"><img decoding=\"async\" src=\"https:\/\/www.camping-florac.com\/wp-content\/uploads\/2021\/03\/vacances-grands-causses-90x100.jpg\" data-src=\"https:\/\/www.camping-florac.com\/wp-content\/uploads\/2021\/03\/vacances-grands-causses.jpg\" alt=\"vacances grands causses\" class=\"images_image\" \/><\/div><\/div><\/div><\/div><\/div><\/section>\n\n<section id=\"section-last\"\" class=\"section bg-white p-t-0 p-b-0\" \/><div class=\"container  extralarge\"><div class=\"colonnes-wrap valign-middle \"><div class=\"element colonne p-t-8\"><div class=\"element images\"><div class=\"image\"><img decoding=\"async\" src=\"https:\/\/www.camping-florac.com\/wp-content\/uploads\/2021\/03\/chevaux-grands-causses-90x100.jpg\" data-src=\"https:\/\/www.camping-florac.com\/wp-content\/uploads\/2021\/03\/chevaux-grands-causses.jpg\" alt=\"chevaux grands causses\" class=\"images_image\" \/><\/div><\/div><\/div><div class=\"element colonne \"><div class=\"element images\"><div class=\"image\"><img decoding=\"async\" src=\"https:\/\/www.camping-florac.com\/wp-content\/uploads\/2021\/03\/cheval-grands-causses-90x100.jpg\" data-src=\"https:\/\/www.camping-florac.com\/wp-content\/uploads\/2021\/03\/cheval-grands-causses.jpg\" alt=\"cheval grands causses\" class=\"images_image\" \/><\/div><\/div><\/div><div class=\"element colonne \"><div class=\"element bloc-text justify \">\n\t<p>Bei Ihren Wanderungen auf der M\u00e9jean-Seite k\u00f6nnen Sie den traditionellen Lebensraum in der <strong class=\"bold color2\">La Ferme Caussenarde d&#8217;Autrefois<\/strong> entdecken, die ber\u00fchmte H\u00f6hle Aven Armand erkunden, Le Moulin \u00e0 vent de La Borie besuchen und dort lokales Mehl finden, Probieren Sie den ber\u00fchmten Schafsmilchk\u00e4se aus der Hyelzas-K\u00e4serei, bewundern Sie <strong class=\"bold color2\">Przewalski-Pferde<\/strong>, eine einzigartige Spezies von Wildpferden und so viele andere typische Orte und D\u00f6rfer, die es zu entdecken gilt.<\/p>\n<p>Liebhaber der Tierwelt werden sich auf den Weg machen, um die Geier zu entdecken, die in <strong class=\"bold color2\">den hohen Klippen der Tarn- und Jonte-Schluchten<\/strong> nisten, sowie viele andere Raubv\u00f6gel und die Bewohner dieser trockenen Hochebenen: die Schafe.<\/p>\n<p>Was die Liebhaber der Flora betrifft, so werden Sie von der <strong class=\"bold color2\">Vielfalt der Blumen der Grands Causses<\/strong> verf\u00fchrt werden: Orchideen, Kardabella, Pulsatilla-Anemone&#8230; <\/p>\n<\/div><\/div><\/div><\/div><\/section>\n\n<section id=\"section-6050a6d7a33d2\"\" class=\"section bg-white\" \/><div class=\"container  extralarge\"><div class=\"div-titre center deco-h2\"><div class=\"element section-title \">Die Umgebung der Grands Causses<\/div><\/div><ul class=\"liste-de-page\"><li class=\"element call-to-action carre call-to-action--style-1 call-to-action--normal\"><a href=\"https:\/\/www.camping-florac.com\/de\/tourismus-lozere\/\"  class=\"call-to-action_link\" title=\"En savoir plus sur andere interessen\"><div class=\"call-to-action_image\"><img decoding=\"async\" src=\"https:\/\/www.camping-florac.com\/wp-content\/uploads\/2021\/03\/tourisme-lozere-100x56.jpg\" data-src=\"https:\/\/www.camping-florac.com\/wp-content\/uploads\/2021\/03\/tourisme-lozere.jpg\" alt=\"tourisme lozere\" class=\"normal\" \/><\/div><div class=\"call-to-action_contenu\"><div class=\"call-to-action_titre\">Andere Interessen<\/div><\/div><\/a><\/li><li class=\"element call-to-action carre call-to-action--style-1 call-to-action--normal call-to-action--style-1 call-to-action--normal\"><a href=\"https:\/\/www.camping-florac.com\/de\/camping-gorges-du-tarn\/\"  class=\"call-to-action_link\" title=\"En savoir plus sur die gorges du tarn\"><div class=\"call-to-action_image\"><img decoding=\"async\" src=\"https:\/\/www.camping-florac.com\/wp-content\/uploads\/2021\/03\/vue-point-sublime-100x56.jpg\" data-src=\"https:\/\/www.camping-florac.com\/wp-content\/uploads\/2021\/03\/vue-point-sublime.jpg\" alt=\"vue point sublime\" class=\"normal\" \/><\/div><div class=\"call-to-action_contenu\"><div class=\"call-to-action_titre\">Die Gorges du Tarn<\/div><\/div><\/a><\/li><li class=\"element call-to-action carre call-to-action--style-1 call-to-action--normal call-to-action--style-1 call-to-action--normal call-to-action--style-1 call-to-action--normal\"><a href=\"https:\/\/www.camping-florac.com\/de\/camping-cevennes\/\"  class=\"call-to-action_link\" title=\"En savoir plus sur die cevennen\"><div class=\"call-to-action_image\"><img decoding=\"async\" src=\"https:\/\/www.camping-florac.com\/wp-content\/uploads\/2021\/03\/montagne-cevennes-100x56.jpg\" data-src=\"https:\/\/www.camping-florac.com\/wp-content\/uploads\/2021\/03\/montagne-cevennes.jpg\" alt=\"montagne cevennes\" class=\"normal\" \/><\/div><div class=\"call-to-action_contenu\"><div class=\"call-to-action_titre\">Die Cevennen<\/div><\/div><\/a><\/li><li class=\"element call-to-action carre call-to-action--style-1 call-to-action--normal call-to-action--style-1 call-to-action--normal call-to-action--style-1 call-to-action--normal call-to-action--style-1 call-to-action--normal\"><a href=\"https:\/\/www.camping-florac.com\/de\/camping-gorges-de-la-jonte\/\"  class=\"call-to-action_link\" title=\"En savoir plus sur die jonteschlucht\"><div class=\"call-to-action_image\"><img decoding=\"async\" src=\"https:\/\/www.camping-florac.com\/wp-content\/uploads\/2021\/03\/vue-gorges-jonte-100x56.jpg\" data-src=\"https:\/\/www.camping-florac.com\/wp-content\/uploads\/2021\/03\/vue-gorges-jonte.jpg\" alt=\"vue gorges jonte\" class=\"normal\" \/><\/div><div class=\"call-to-action_contenu\"><div class=\"call-to-action_titre\">Die Jonteschlucht<\/div><\/div><\/a><\/li><li class=\"element call-to-action carre call-to-action--style-1 call-to-action--normal call-to-action--style-1 call-to-action--normal call-to-action--style-1 call-to-action--normal call-to-action--style-1 call-to-action--normal call-to-action--style-1 call-to-action--normal\"><a href=\"https:\/\/www.camping-florac.com\/de\/camping-mont-aigoual\/\"  class=\"call-to-action_link\" title=\"En savoir plus sur berg aigoual\"><div class=\"call-to-action_image\"><img decoding=\"async\" src=\"https:\/\/www.camping-florac.com\/wp-content\/uploads\/2021\/03\/vue-aigoual-90x100.jpg\" data-src=\"https:\/\/www.camping-florac.com\/wp-content\/uploads\/2021\/03\/vue-aigoual.jpg\" alt=\"vue aigoual\" class=\"normal\" \/><\/div><div class=\"call-to-action_contenu\"><div class=\"call-to-action_titre\">Berg Aigoual<\/div><\/div><\/a><\/li><li class=\"element call-to-action carre call-to-action--style-1 call-to-action--normal call-to-action--style-1 call-to-action--normal call-to-action--style-1 call-to-action--normal call-to-action--style-1 call-to-action--normal call-to-action--style-1 call-to-action--normal call-to-action--style-1 call-to-action--normal\"><a href=\"https:\/\/www.camping-florac.com\/de\/camping-mont-lozere\/\"  class=\"call-to-action_link\" title=\"En savoir plus sur berg lozere\"><div class=\"call-to-action_image\"><img decoding=\"async\" src=\"https:\/\/www.camping-florac.com\/wp-content\/uploads\/2021\/03\/mont-lozere-village-100x66.jpg\" data-src=\"https:\/\/www.camping-florac.com\/wp-content\/uploads\/2021\/03\/mont-lozere-village.jpg\" alt=\"mont lozere village\" class=\"normal\" \/><\/div><div class=\"call-to-action_contenu\"><div class=\"call-to-action_titre\">Berg Lozere<\/div><\/div><\/a><\/li><\/ul><\/div><\/section>","protected":false},"excerpt":{"rendered":"","protected":false},"author":1,"featured_media":3210,"parent":0,"menu_order":0,"comment_status":"closed","ping_status":"closed","template":"","meta":{"_acf_changed":false,"footnotes":""},"class_list":["post-2439","page","type-page","status-publish","has-post-thumbnail","hentry"],"acf":[],"yoast_head":"<!-- This site is optimized with the Yoast SEO plugin v22.2 - https:\/\/yoast.com\/wordpress\/plugins\/seo\/ -->\n<title>Camping Grandes Causses | Tourismus Grandes Causses | Visit Causses<\/title>\n<meta name=\"robots\" content=\"index, follow, max-snippet:-1, max-image-preview:large, max-video-preview:-1\" \/>\n<link rel=\"canonical\" href=\"https:\/\/www.camping-florac.com\/de\/camping-die-grands-causses\/\" \/>\n<meta property=\"og:locale\" content=\"de_DE\" \/>\n<meta property=\"og:type\" content=\"article\" \/>\n<meta property=\"og:title\" content=\"Camping Grandes Causses | Tourismus Grandes Causses | Visit Causses\" \/>\n<meta property=\"og:url\" content=\"https:\/\/www.camping-florac.com\/de\/camping-die-grands-causses\/\" \/>\n<meta property=\"og:site_name\" content=\"Camping Pont du Tarn\" \/>\n<meta property=\"article:modified_time\" content=\"2021-11-11T13:56:14+00:00\" \/>\n<meta property=\"og:image\" content=\"https:\/\/www.camping-florac.com\/wp-content\/uploads\/2021\/03\/decouverte-grands-causses.jpg\" \/>\n\t<meta property=\"og:image:width\" content=\"1903\" \/>\n\t<meta property=\"og:image:height\" content=\"500\" \/>\n\t<meta property=\"og:image:type\" content=\"image\/jpeg\" \/>\n<meta name=\"twitter:card\" content=\"summary_large_image\" \/>\n<script type=\"application\/ld+json\" class=\"yoast-schema-graph\">{\"@context\":\"https:\/\/schema.org\",\"@graph\":[{\"@type\":\"WebPage\",\"@id\":\"https:\/\/www.camping-florac.com\/de\/camping-die-grands-causses\/\",\"url\":\"https:\/\/www.camping-florac.com\/de\/camping-die-grands-causses\/\",\"name\":\"Camping Grandes Causses | Tourismus Grandes Causses | Visit Causses\",\"isPartOf\":{\"@id\":\"https:\/\/www.camping-florac.com\/de\/#website\"},\"primaryImageOfPage\":{\"@id\":\"https:\/\/www.camping-florac.com\/de\/camping-die-grands-causses\/#primaryimage\"},\"image\":{\"@id\":\"https:\/\/www.camping-florac.com\/de\/camping-die-grands-causses\/#primaryimage\"},\"thumbnailUrl\":\"https:\/\/www.camping-florac.com\/wp-content\/uploads\/2021\/05\/parc-naturel-regional-des-grands-causses.jpg\",\"datePublished\":\"2021-03-15T09:13:59+00:00\",\"dateModified\":\"2021-11-11T13:56:14+00:00\",\"breadcrumb\":{\"@id\":\"https:\/\/www.camping-florac.com\/de\/camping-die-grands-causses\/#breadcrumb\"},\"inLanguage\":\"de\",\"potentialAction\":[{\"@type\":\"ReadAction\",\"target\":[\"https:\/\/www.camping-florac.com\/de\/camping-die-grands-causses\/\"]}]},{\"@type\":\"ImageObject\",\"inLanguage\":\"de\",\"@id\":\"https:\/\/www.camping-florac.com\/de\/camping-die-grands-causses\/#primaryimage\",\"url\":\"https:\/\/www.camping-florac.com\/wp-content\/uploads\/2021\/05\/parc-naturel-regional-des-grands-causses.jpg\",\"contentUrl\":\"https:\/\/www.camping-florac.com\/wp-content\/uploads\/2021\/05\/parc-naturel-regional-des-grands-causses.jpg\",\"width\":1950,\"height\":400,\"caption\":\"Parc r\u00e9gional des Grands Chausses\"},{\"@type\":\"BreadcrumbList\",\"@id\":\"https:\/\/www.camping-florac.com\/de\/camping-die-grands-causses\/#breadcrumb\",\"itemListElement\":[{\"@type\":\"ListItem\",\"position\":1,\"name\":\"Camping Loz\u00e8re\",\"item\":\"https:\/\/www.camping-florac.com\/de\/\"},{\"@type\":\"ListItem\",\"position\":2,\"name\":\"Ferien Grandes Causses\"}]},{\"@type\":\"WebSite\",\"@id\":\"https:\/\/www.camping-florac.com\/de\/#website\",\"url\":\"https:\/\/www.camping-florac.com\/de\/\",\"name\":\"Camping Pont du Tarn\",\"description\":\"\",\"potentialAction\":[{\"@type\":\"SearchAction\",\"target\":{\"@type\":\"EntryPoint\",\"urlTemplate\":\"https:\/\/www.camping-florac.com\/de\/?s={search_term_string}\"},\"query-input\":\"required name=search_term_string\"}],\"inLanguage\":\"de\"}]}<\/script>\n<!-- \/ Yoast SEO plugin. -->","yoast_head_json":{"title":"Camping Grandes Causses | Tourismus Grandes Causses | Visit Causses","robots":{"index":"index","follow":"follow","max-snippet":"max-snippet:-1","max-image-preview":"max-image-preview:large","max-video-preview":"max-video-preview:-1"},"canonical":"https:\/\/www.camping-florac.com\/de\/camping-die-grands-causses\/","og_locale":"de_DE","og_type":"article","og_title":"Camping Grandes Causses | Tourismus Grandes Causses | Visit Causses","og_url":"https:\/\/www.camping-florac.com\/de\/camping-die-grands-causses\/","og_site_name":"Camping Pont du Tarn","article_modified_time":"2021-11-11T13:56:14+00:00","og_image":[{"width":1903,"height":500,"url":"https:\/\/www.camping-florac.com\/wp-content\/uploads\/2021\/03\/decouverte-grands-causses.jpg","type":"image\/jpeg"}],"twitter_card":"summary_large_image","schema":{"@context":"https:\/\/schema.org","@graph":[{"@type":"WebPage","@id":"https:\/\/www.camping-florac.com\/de\/camping-die-grands-causses\/","url":"https:\/\/www.camping-florac.com\/de\/camping-die-grands-causses\/","name":"Camping Grandes Causses | Tourismus Grandes Causses | Visit Causses","isPartOf":{"@id":"https:\/\/www.camping-florac.com\/de\/#website"},"primaryImageOfPage":{"@id":"https:\/\/www.camping-florac.com\/de\/camping-die-grands-causses\/#primaryimage"},"image":{"@id":"https:\/\/www.camping-florac.com\/de\/camping-die-grands-causses\/#primaryimage"},"thumbnailUrl":"https:\/\/www.camping-florac.com\/wp-content\/uploads\/2021\/05\/parc-naturel-regional-des-grands-causses.jpg","datePublished":"2021-03-15T09:13:59+00:00","dateModified":"2021-11-11T13:56:14+00:00","breadcrumb":{"@id":"https:\/\/www.camping-florac.com\/de\/camping-die-grands-causses\/#breadcrumb"},"inLanguage":"de","potentialAction":[{"@type":"ReadAction","target":["https:\/\/www.camping-florac.com\/de\/camping-die-grands-causses\/"]}]},{"@type":"ImageObject","inLanguage":"de","@id":"https:\/\/www.camping-florac.com\/de\/camping-die-grands-causses\/#primaryimage","url":"https:\/\/www.camping-florac.com\/wp-content\/uploads\/2021\/05\/parc-naturel-regional-des-grands-causses.jpg","contentUrl":"https:\/\/www.camping-florac.com\/wp-content\/uploads\/2021\/05\/parc-naturel-regional-des-grands-causses.jpg","width":1950,"height":400,"caption":"Parc r\u00e9gional des Grands Chausses"},{"@type":"BreadcrumbList","@id":"https:\/\/www.camping-florac.com\/de\/camping-die-grands-causses\/#breadcrumb","itemListElement":[{"@type":"ListItem","position":1,"name":"Camping Loz\u00e8re","item":"https:\/\/www.camping-florac.com\/de\/"},{"@type":"ListItem","position":2,"name":"Ferien Grandes Causses"}]},{"@type":"WebSite","@id":"https:\/\/www.camping-florac.com\/de\/#website","url":"https:\/\/www.camping-florac.com\/de\/","name":"Camping Pont du Tarn","description":"","potentialAction":[{"@type":"SearchAction","target":{"@type":"EntryPoint","urlTemplate":"https:\/\/www.camping-florac.com\/de\/?s={search_term_string}"},"query-input":"required name=search_term_string"}],"inLanguage":"de"}]}},"_links":{"self":[{"href":"https:\/\/www.camping-florac.com\/de\/wp-json\/wp\/v2\/pages\/2439","targetHints":{"allow":["GET"]}}],"collection":[{"href":"https:\/\/www.camping-florac.com\/de\/wp-json\/wp\/v2\/pages"}],"about":[{"href":"https:\/\/www.camping-florac.com\/de\/wp-json\/wp\/v2\/types\/page"}],"author":[{"embeddable":true,"href":"https:\/\/www.camping-florac.com\/de\/wp-json\/wp\/v2\/users\/1"}],"replies":[{"embeddable":true,"href":"https:\/\/www.camping-florac.com\/de\/wp-json\/wp\/v2\/comments?post=2439"}],"version-history":[{"count":5,"href":"https:\/\/www.camping-florac.com\/de\/wp-json\/wp\/v2\/pages\/2439\/revisions"}],"predecessor-version":[{"id":3462,"href":"https:\/\/www.camping-florac.com\/de\/wp-json\/wp\/v2\/pages\/2439\/revisions\/3462"}],"wp:featuredmedia":[{"embeddable":true,"href":"https:\/\/www.camping-florac.com\/de\/wp-json\/wp\/v2\/media\/3210"}],"wp:attachment":[{"href":"https:\/\/www.camping-florac.com\/de\/wp-json\/wp\/v2\/media?parent=2439"}],"curies":[{"name":"wp","href":"https:\/\/api.w.org\/{rel}","templated":true}]}}