{"id":2437,"date":"2021-03-15T10:13:04","date_gmt":"2021-03-15T09:13:04","guid":{"rendered":"https:\/\/www.camping-florac.com\/camping-gorges-du-tarn\/"},"modified":"2021-11-11T14:51:07","modified_gmt":"2021-11-11T13:51:07","slug":"camping-gorges-du-tarn","status":"publish","type":"page","link":"https:\/\/www.camping-florac.com\/de\/camping-gorges-du-tarn\/","title":{"rendered":"Visiter &#8211; Unesco : Gorges du Tarn"},"content":{"rendered":"<section id=\"section-604f24cbc089b\"\" class=\"section bg-white p-b-0\" \/><div class=\"container \"><div class=\"div-titre center deco-h1\"><h1 class=\"element section-title \">Campingplatz in der N\u00e4he der Gorges du Tarn<\/h1><\/div><div class=\"div-titre center\"><h2 class=\"element section-title \">Entdecken Sie die Gorges du Tarn<\/h2><\/div><div class=\"element bloc-text center \">\n\t<p>Nur wenige Kilometer vom <a href=\"\/de\/\">Camping Le Pont du Tarn in Loz\u00e8re<\/a> entfernt, bieten die Gorges du Tarn eine spektakul\u00e4re Landschaft, unterbrochen von <strong class=\"bold color2\">merkw\u00fcrdigen Orten und atemberaubenden Aussichten<\/strong>! <\/p>\n<\/div><\/div><\/section>\n\n<section id=\"section-60507fed83ef3\"\" class=\"section bg-white p-t-0 p-b-0\" \/><div class=\"container  extralarge\"><div class=\"colonnes-wrap valign-middle \"><div class=\"element colonne \"><div class=\"element bloc-text justify \">\n\t<p>Schwindelerregende Kalksteinfelsen, die bis zu 500 m hoch sind, der Lauf des <strong class=\"bold color2\">Flusses Tarn<\/strong>, in dem sich ruhiges und schnelles Wasser abwechseln, felsiges Chaos und wilde Kare, aber auch Burg und romanische Kirche, Weiler und typische D\u00f6rfer, die den Ruf dieses gesch\u00fctzten Gebiets ausmachen!<\/p>\n<p>Um <strong class=\"bold color2\">die Juwelen der Gorges du Tarn<\/strong> in der N\u00e4he des Camping le Pont du Tarn zu bewundern, stehen Ihnen mehrere M\u00f6glichkeiten zur Verf\u00fcgung: mit dem Auto, dem Motorrad, dem Fahrrad oder auch zu Fu\u00df auf dem Weg, der das linke Ufer durchquert. Ideal bleibt, sie <strong class=\"bold color2\">mit dem Kanu-Kajak<\/strong> mit unserem Partner der Moulin de la Mal\u00e8ne von Sainte-Enimie oder La Mal\u00e8ne aus zu entdecken.<\/p>\n<p>Unterwegs entdecken Sie einzigartige Orte wie die mittelalterliche Br\u00fccke von Qu\u00e9zac und ihre ber\u00fchmte Quelle, das Troglodytendorf Castelbouc, das Schloss von Prades auf seinem Felsvorsprung \u00fcber dem Tarn in Loz\u00e8re.<\/p>\n<\/div><\/div><div class=\"element colonne \"><div class=\"element images\"><div class=\"image\"><img decoding=\"async\" src=\"https:\/\/www.camping-florac.com\/wp-content\/uploads\/2021\/03\/gorges-du-tarn-90x100.jpg\" data-src=\"https:\/\/www.camping-florac.com\/wp-content\/uploads\/2021\/03\/gorges-du-tarn.jpg\" alt=\"gorges du tarn\" class=\"images_image\" \/><\/div><\/div><\/div><div class=\"element colonne p-t-8\"><div class=\"element images\"><div class=\"image\"><img decoding=\"async\" src=\"https:\/\/www.camping-florac.com\/wp-content\/uploads\/2021\/03\/village-tarn-91x100.jpg\" data-src=\"https:\/\/www.camping-florac.com\/wp-content\/uploads\/2021\/03\/village-tarn.jpg\" alt=\"village tarn\" class=\"images_image\" \/><\/div><\/div><\/div><\/div><\/div><\/section>\n\n<section id=\"section-second\"\" class=\"section bg-white p-t-0 p-b-0\" \/><div class=\"container  extralarge\"><div class=\"colonnes-wrap valign-middle \"><div class=\"element colonne p-t-8\"><div class=\"element images\"><div class=\"image\"><img decoding=\"async\" src=\"https:\/\/www.camping-florac.com\/wp-content\/uploads\/2021\/03\/st-enimie-90x100.jpg\" data-src=\"https:\/\/www.camping-florac.com\/wp-content\/uploads\/2021\/03\/st-enimie.jpg\" alt=\"st enimie\" class=\"images_image\" \/><\/div><\/div><\/div><div class=\"element colonne \"><div class=\"element images\"><div class=\"image\"><img decoding=\"async\" src=\"https:\/\/www.camping-florac.com\/wp-content\/uploads\/2021\/03\/canoe-tarn-90x100.jpg\" data-src=\"https:\/\/www.camping-florac.com\/wp-content\/uploads\/2021\/03\/canoe-tarn.jpg\" alt=\"camping baignade riviere tarn\" class=\"images_image\" \/><\/div><\/div><\/div><div class=\"element colonne \"><div class=\"element bloc-text justify \">\n\t<p>Verpassen Sie nicht einen <strong class=\"bold color2\">Besuch in Sainte-Enimie<\/strong>, einem mittelalterlichen Dorf, das als eines der sch\u00f6nsten D\u00f6rfer Frankreichs gelistet ist, die Kare von Saint Ch\u00e9ly du Tarn und Pougnadoire, die <strong class=\"bold color2\">Romantik des Ch\u00e2teau de la Case<\/strong>, das malerische Dorf La Mal\u00e8ne und genie\u00dfen Sie eine m\u00fchelose und kulturelle Fahrt mit den Bateliers de la Mal\u00e8ne, die Sie den Baume-Karree und seine Geheimnisse entdecken lassen!<\/p>\n<p>Zu diesen Entdeckungsorten kommen die <strong class=\"bold color2\">zahllosen majest\u00e4tischen Aussichtspunkte und Aussichtspunkte<\/strong> wie der Roc des Hourtous und der Point sublime! Genug, um Liebhaber der <strong class=\"bold color2\">wilden Natur und des typischen baulichen Erbes<\/strong> zu begeistern!  <\/p>\n<p>Nach einem <strong class=\"bold color2\">sch\u00f6nen Tag auf Entdeckungstour durch die Gorges du Tarn<\/strong>, kehren Sie zu Ihrer Unterkunft auf unserem Campingplatz zur\u00fcck und genie\u00dfen einen entspannten Abend mit Ihrer Familie.<\/p>\n<\/div><\/div><\/div><\/div><\/section>\n\n<section id=\"section-60507fed84214\"\" class=\"section bg-white\" \/><div class=\"container  full\"><div class=\"element images\"><div class=\"image\"><img decoding=\"async\" src=\"https:\/\/www.camping-florac.com\/wp-content\/uploads\/2021\/03\/saint-chely-100x95.jpg\" data-src=\"https:\/\/www.camping-florac.com\/wp-content\/uploads\/2021\/03\/saint-chely.jpg\" alt=\"saint chely\" class=\"images_image\" \/><\/div><div class=\"image\"><img decoding=\"async\" src=\"https:\/\/www.camping-florac.com\/wp-content\/uploads\/2021\/03\/saint-jean-du-gard-vilage-100x95.jpg\" data-src=\"https:\/\/www.camping-florac.com\/wp-content\/uploads\/2021\/03\/saint-jean-du-gard-vilage.jpg\" alt=\"saint jean du gard vilage\" class=\"images_image\" \/><\/div><div class=\"image\"><img decoding=\"async\" src=\"https:\/\/www.camping-florac.com\/wp-content\/uploads\/2021\/03\/vilalge-tarn-100x95.jpg\" data-src=\"https:\/\/www.camping-florac.com\/wp-content\/uploads\/2021\/03\/vilalge-tarn.jpg\" alt=\"village tarn\" class=\"images_image\" \/><\/div><div class=\"image\"><img decoding=\"async\" src=\"https:\/\/www.camping-florac.com\/wp-content\/uploads\/2021\/03\/saint-jean-du-gard-centre-100x95.jpg\" data-src=\"https:\/\/www.camping-florac.com\/wp-content\/uploads\/2021\/03\/saint-jean-du-gard-centre.jpg\" alt=\"saint jean du gard centre\" class=\"images_image\" \/><\/div><\/div><\/div><\/section>\n\n<section id=\"section-60507fed84658\"\" class=\"section bg-white p-t-0 p-b-0\" \/><div class=\"container  extralarge\"><div class=\"colonnes-wrap valign-middle \"><div class=\"element colonne \"><div class=\"div-titre left\"><h2 class=\"element section-title \">Campingplatz in der N\u00e4he der Gorges du Tarn<\/h2><\/div><div class=\"element bloc-text justify \">\n\t<p>Sie werden zweifellos <strong class=\"bold color2\">verbl\u00fcfft und geblendet<\/strong> sein von der Sch\u00f6nheit der Gorges du Tarn. Die bezaubernden Orte, die Sie besuchen k\u00f6nnen, werden Sie mit <strong class=\"bold color2\">Erinnerungen im Kopf<\/strong> zur\u00fccklassen, bevor Sie zum Campingplatz zur\u00fcckkehren, um einen angenehmen Abend mit Ihrer Familie, Freunden oder Ihrem Ehepartner zu verbringen.<\/p>\n<p>G\u00f6nnen Sie sich eine Pause und genie\u00dfen Sie eine unserer Pizzen, um sich nach einem anstrengenden Tag zu st\u00e4rken. Danach kehren Sie zu Ihrer Unterkunft zur\u00fcck, um sich ein wenig auszuruhen und zu entspannen, bevor Sie sich auf den Weg machen, um <strong class=\"bold color2\">andere Orte in unserer sch\u00f6nen Region zu entdecken<\/strong>. <\/p>\n<\/div><\/div><div class=\"element colonne \"><div class=\"element images\"><div class=\"image\"><img decoding=\"async\" src=\"https:\/\/www.camping-florac.com\/wp-content\/uploads\/2021\/03\/village-garde-guerin-91x100.jpg\" data-src=\"https:\/\/www.camping-florac.com\/wp-content\/uploads\/2021\/03\/village-garde-guerin.jpg\" alt=\"village- garde guerin\" class=\"images_image\" \/><\/div><\/div><\/div><div class=\"element colonne p-t-8\"><div class=\"element images\"><div class=\"image\"><img decoding=\"async\" src=\"https:\/\/www.camping-florac.com\/wp-content\/uploads\/2021\/03\/riviere-tarn-1-91x100.jpg\" data-src=\"https:\/\/www.camping-florac.com\/wp-content\/uploads\/2021\/03\/riviere-tarn-1.jpg\" alt=\"riviere tarn\" class=\"images_image\" \/><\/div><\/div><\/div><\/div><\/div><\/section>\n\n<section id=\"section-6050a6d7a33d2\"\" class=\"section bg-white\" \/><div class=\"container  extralarge\"><div class=\"div-titre center deco-h2\"><div class=\"element section-title \">Weitere Sehensw\u00fcrdigkeiten in der Umgebung des Campingplatzes<\/div><\/div><ul class=\"liste-de-page\"><li class=\"element call-to-action carre call-to-action--style-1 call-to-action--normal\"><a href=\"https:\/\/www.camping-florac.com\/de\/tourismus-lozere\/\"  class=\"call-to-action_link\" title=\"En savoir plus sur andere interessen\"><div class=\"call-to-action_image\"><img decoding=\"async\" src=\"https:\/\/www.camping-florac.com\/wp-content\/uploads\/2021\/03\/tourisme-lozere-100x56.jpg\" data-src=\"https:\/\/www.camping-florac.com\/wp-content\/uploads\/2021\/03\/tourisme-lozere.jpg\" alt=\"tourisme lozere\" class=\"normal\" \/><\/div><div class=\"call-to-action_contenu\"><div class=\"call-to-action_titre\">Andere Interessen<\/div><\/div><\/a><\/li><li class=\"element call-to-action carre call-to-action--style-1 call-to-action--normal call-to-action--style-1 call-to-action--normal\"><a href=\"https:\/\/www.camping-florac.com\/de\/camping-die-grands-causses\/\"  class=\"call-to-action_link\" title=\"En savoir plus sur die gro\u00dfen causses\"><div class=\"call-to-action_image\"><img decoding=\"async\" src=\"https:\/\/www.camping-florac.com\/wp-content\/uploads\/2021\/03\/grand-casses-tourisme-100x56.jpg\" data-src=\"https:\/\/www.camping-florac.com\/wp-content\/uploads\/2021\/03\/grand-casses-tourisme.jpg\" alt=\"grand casses tourisme\" class=\"normal\" \/><\/div><div class=\"call-to-action_contenu\"><div class=\"call-to-action_titre\">Die gro\u00dfen Causses<\/div><\/div><\/a><\/li><li class=\"element call-to-action carre call-to-action--style-1 call-to-action--normal call-to-action--style-1 call-to-action--normal call-to-action--style-1 call-to-action--normal\"><a href=\"https:\/\/www.camping-florac.com\/de\/camping-cevennes\/\"  class=\"call-to-action_link\" title=\"En savoir plus sur die cevennen\"><div class=\"call-to-action_image\"><img decoding=\"async\" src=\"https:\/\/www.camping-florac.com\/wp-content\/uploads\/2021\/03\/montagne-cevennes-100x56.jpg\" data-src=\"https:\/\/www.camping-florac.com\/wp-content\/uploads\/2021\/03\/montagne-cevennes.jpg\" alt=\"montagne cevennes\" class=\"normal\" \/><\/div><div class=\"call-to-action_contenu\"><div class=\"call-to-action_titre\">Die Cevennen<\/div><\/div><\/a><\/li><li class=\"element call-to-action carre call-to-action--style-1 call-to-action--normal call-to-action--style-1 call-to-action--normal call-to-action--style-1 call-to-action--normal call-to-action--style-1 call-to-action--normal\"><a href=\"https:\/\/www.camping-florac.com\/de\/camping-gorges-de-la-jonte\/\"  class=\"call-to-action_link\" title=\"En savoir plus sur die jonteschlucht\"><div class=\"call-to-action_image\"><img decoding=\"async\" src=\"https:\/\/www.camping-florac.com\/wp-content\/uploads\/2021\/03\/vue-gorges-jonte-100x56.jpg\" data-src=\"https:\/\/www.camping-florac.com\/wp-content\/uploads\/2021\/03\/vue-gorges-jonte.jpg\" alt=\"vue gorges jonte\" class=\"normal\" \/><\/div><div class=\"call-to-action_contenu\"><div class=\"call-to-action_titre\">Die Jonteschlucht<\/div><\/div><\/a><\/li><li class=\"element call-to-action carre call-to-action--style-1 call-to-action--normal call-to-action--style-1 call-to-action--normal call-to-action--style-1 call-to-action--normal call-to-action--style-1 call-to-action--normal call-to-action--style-1 call-to-action--normal\"><a href=\"https:\/\/www.camping-florac.com\/de\/camping-mont-aigoual\/\"  class=\"call-to-action_link\" title=\"En savoir plus sur berg aigoual\"><div class=\"call-to-action_image\"><img decoding=\"async\" src=\"https:\/\/www.camping-florac.com\/wp-content\/uploads\/2021\/03\/vue-aigoual-90x100.jpg\" data-src=\"https:\/\/www.camping-florac.com\/wp-content\/uploads\/2021\/03\/vue-aigoual.jpg\" alt=\"vue aigoual\" class=\"normal\" \/><\/div><div class=\"call-to-action_contenu\"><div class=\"call-to-action_titre\">Berg Aigoual<\/div><\/div><\/a><\/li><li class=\"element call-to-action carre call-to-action--style-1 call-to-action--normal call-to-action--style-1 call-to-action--normal call-to-action--style-1 call-to-action--normal call-to-action--style-1 call-to-action--normal call-to-action--style-1 call-to-action--normal call-to-action--style-1 call-to-action--normal\"><a href=\"https:\/\/www.camping-florac.com\/de\/camping-mont-lozere\/\"  class=\"call-to-action_link\" title=\"En savoir plus sur berg lozere\"><div class=\"call-to-action_image\"><img decoding=\"async\" src=\"https:\/\/www.camping-florac.com\/wp-content\/uploads\/2021\/03\/mont-lozere-village-100x66.jpg\" data-src=\"https:\/\/www.camping-florac.com\/wp-content\/uploads\/2021\/03\/mont-lozere-village.jpg\" alt=\"mont lozere village\" class=\"normal\" \/><\/div><div class=\"call-to-action_contenu\"><div class=\"call-to-action_titre\">Berg Lozere<\/div><\/div><\/a><\/li><\/ul><\/div><\/section>","protected":false},"excerpt":{"rendered":"","protected":false},"author":1,"featured_media":962,"parent":0,"menu_order":0,"comment_status":"closed","ping_status":"closed","template":"","meta":{"_acf_changed":false,"footnotes":""},"class_list":["post-2437","page","type-page","status-publish","has-post-thumbnail","hentry"],"acf":[],"yoast_head":"<!-- This site is optimized with the Yoast SEO plugin v22.2 - https:\/\/yoast.com\/wordpress\/plugins\/seo\/ -->\n<title>Entdecken Sie die Gorges du Tarn | Camping in der N\u00e4he der Gorges du Tarn<\/title>\n<meta name=\"robots\" content=\"index, follow, max-snippet:-1, max-image-preview:large, max-video-preview:-1\" \/>\n<link rel=\"canonical\" href=\"https:\/\/www.camping-florac.com\/de\/camping-gorges-du-tarn\/\" \/>\n<meta property=\"og:locale\" content=\"de_DE\" \/>\n<meta property=\"og:type\" content=\"article\" \/>\n<meta property=\"og:title\" content=\"Entdecken Sie die Gorges du Tarn | Camping in der N\u00e4he der Gorges du Tarn\" \/>\n<meta property=\"og:url\" content=\"https:\/\/www.camping-florac.com\/de\/camping-gorges-du-tarn\/\" \/>\n<meta property=\"og:site_name\" content=\"Camping Pont du Tarn\" \/>\n<meta property=\"article:modified_time\" content=\"2021-11-11T13:51:07+00:00\" \/>\n<meta property=\"og:image\" content=\"https:\/\/www.camping-florac.com\/wp-content\/uploads\/2021\/03\/point-sublime-gorges-tarn.jpg\" \/>\n\t<meta property=\"og:image:width\" content=\"1903\" \/>\n\t<meta property=\"og:image:height\" content=\"450\" \/>\n\t<meta property=\"og:image:type\" content=\"image\/jpeg\" \/>\n<meta name=\"twitter:card\" content=\"summary_large_image\" \/>\n<script type=\"application\/ld+json\" class=\"yoast-schema-graph\">{\"@context\":\"https:\/\/schema.org\",\"@graph\":[{\"@type\":\"WebPage\",\"@id\":\"https:\/\/www.camping-florac.com\/de\/camping-gorges-du-tarn\/\",\"url\":\"https:\/\/www.camping-florac.com\/de\/camping-gorges-du-tarn\/\",\"name\":\"Entdecken Sie die Gorges du Tarn | Camping in der N\u00e4he der Gorges du Tarn\",\"isPartOf\":{\"@id\":\"https:\/\/www.camping-florac.com\/de\/#website\"},\"primaryImageOfPage\":{\"@id\":\"https:\/\/www.camping-florac.com\/de\/camping-gorges-du-tarn\/#primaryimage\"},\"image\":{\"@id\":\"https:\/\/www.camping-florac.com\/de\/camping-gorges-du-tarn\/#primaryimage\"},\"thumbnailUrl\":\"https:\/\/www.camping-florac.com\/wp-content\/uploads\/2021\/03\/point-sublime-gorges-tarn.jpg\",\"datePublished\":\"2021-03-15T09:13:04+00:00\",\"dateModified\":\"2021-11-11T13:51:07+00:00\",\"breadcrumb\":{\"@id\":\"https:\/\/www.camping-florac.com\/de\/camping-gorges-du-tarn\/#breadcrumb\"},\"inLanguage\":\"de\",\"potentialAction\":[{\"@type\":\"ReadAction\",\"target\":[\"https:\/\/www.camping-florac.com\/de\/camping-gorges-du-tarn\/\"]}]},{\"@type\":\"ImageObject\",\"inLanguage\":\"de\",\"@id\":\"https:\/\/www.camping-florac.com\/de\/camping-gorges-du-tarn\/#primaryimage\",\"url\":\"https:\/\/www.camping-florac.com\/wp-content\/uploads\/2021\/03\/point-sublime-gorges-tarn.jpg\",\"contentUrl\":\"https:\/\/www.camping-florac.com\/wp-content\/uploads\/2021\/03\/point-sublime-gorges-tarn.jpg\",\"width\":1903,\"height\":450,\"caption\":\"point sublime gorges tarn\"},{\"@type\":\"BreadcrumbList\",\"@id\":\"https:\/\/www.camping-florac.com\/de\/camping-gorges-du-tarn\/#breadcrumb\",\"itemListElement\":[{\"@type\":\"ListItem\",\"position\":1,\"name\":\"Camping Loz\u00e8re\",\"item\":\"https:\/\/www.camping-florac.com\/de\/\"},{\"@type\":\"ListItem\",\"position\":2,\"name\":\"Camping in der N\u00e4he der Gorges du Tarn\"}]},{\"@type\":\"WebSite\",\"@id\":\"https:\/\/www.camping-florac.com\/de\/#website\",\"url\":\"https:\/\/www.camping-florac.com\/de\/\",\"name\":\"Camping Pont du Tarn\",\"description\":\"\",\"potentialAction\":[{\"@type\":\"SearchAction\",\"target\":{\"@type\":\"EntryPoint\",\"urlTemplate\":\"https:\/\/www.camping-florac.com\/de\/?s={search_term_string}\"},\"query-input\":\"required name=search_term_string\"}],\"inLanguage\":\"de\"}]}<\/script>\n<!-- \/ Yoast SEO plugin. -->","yoast_head_json":{"title":"Entdecken Sie die Gorges du Tarn | Camping in der N\u00e4he der Gorges du Tarn","robots":{"index":"index","follow":"follow","max-snippet":"max-snippet:-1","max-image-preview":"max-image-preview:large","max-video-preview":"max-video-preview:-1"},"canonical":"https:\/\/www.camping-florac.com\/de\/camping-gorges-du-tarn\/","og_locale":"de_DE","og_type":"article","og_title":"Entdecken Sie die Gorges du Tarn | Camping in der N\u00e4he der Gorges du Tarn","og_url":"https:\/\/www.camping-florac.com\/de\/camping-gorges-du-tarn\/","og_site_name":"Camping Pont du Tarn","article_modified_time":"2021-11-11T13:51:07+00:00","og_image":[{"width":1903,"height":450,"url":"https:\/\/www.camping-florac.com\/wp-content\/uploads\/2021\/03\/point-sublime-gorges-tarn.jpg","type":"image\/jpeg"}],"twitter_card":"summary_large_image","schema":{"@context":"https:\/\/schema.org","@graph":[{"@type":"WebPage","@id":"https:\/\/www.camping-florac.com\/de\/camping-gorges-du-tarn\/","url":"https:\/\/www.camping-florac.com\/de\/camping-gorges-du-tarn\/","name":"Entdecken Sie die Gorges du Tarn | Camping in der N\u00e4he der Gorges du Tarn","isPartOf":{"@id":"https:\/\/www.camping-florac.com\/de\/#website"},"primaryImageOfPage":{"@id":"https:\/\/www.camping-florac.com\/de\/camping-gorges-du-tarn\/#primaryimage"},"image":{"@id":"https:\/\/www.camping-florac.com\/de\/camping-gorges-du-tarn\/#primaryimage"},"thumbnailUrl":"https:\/\/www.camping-florac.com\/wp-content\/uploads\/2021\/03\/point-sublime-gorges-tarn.jpg","datePublished":"2021-03-15T09:13:04+00:00","dateModified":"2021-11-11T13:51:07+00:00","breadcrumb":{"@id":"https:\/\/www.camping-florac.com\/de\/camping-gorges-du-tarn\/#breadcrumb"},"inLanguage":"de","potentialAction":[{"@type":"ReadAction","target":["https:\/\/www.camping-florac.com\/de\/camping-gorges-du-tarn\/"]}]},{"@type":"ImageObject","inLanguage":"de","@id":"https:\/\/www.camping-florac.com\/de\/camping-gorges-du-tarn\/#primaryimage","url":"https:\/\/www.camping-florac.com\/wp-content\/uploads\/2021\/03\/point-sublime-gorges-tarn.jpg","contentUrl":"https:\/\/www.camping-florac.com\/wp-content\/uploads\/2021\/03\/point-sublime-gorges-tarn.jpg","width":1903,"height":450,"caption":"point sublime gorges tarn"},{"@type":"BreadcrumbList","@id":"https:\/\/www.camping-florac.com\/de\/camping-gorges-du-tarn\/#breadcrumb","itemListElement":[{"@type":"ListItem","position":1,"name":"Camping Loz\u00e8re","item":"https:\/\/www.camping-florac.com\/de\/"},{"@type":"ListItem","position":2,"name":"Camping in der N\u00e4he der Gorges du Tarn"}]},{"@type":"WebSite","@id":"https:\/\/www.camping-florac.com\/de\/#website","url":"https:\/\/www.camping-florac.com\/de\/","name":"Camping Pont du Tarn","description":"","potentialAction":[{"@type":"SearchAction","target":{"@type":"EntryPoint","urlTemplate":"https:\/\/www.camping-florac.com\/de\/?s={search_term_string}"},"query-input":"required name=search_term_string"}],"inLanguage":"de"}]}},"_links":{"self":[{"href":"https:\/\/www.camping-florac.com\/de\/wp-json\/wp\/v2\/pages\/2437","targetHints":{"allow":["GET"]}}],"collection":[{"href":"https:\/\/www.camping-florac.com\/de\/wp-json\/wp\/v2\/pages"}],"about":[{"href":"https:\/\/www.camping-florac.com\/de\/wp-json\/wp\/v2\/types\/page"}],"author":[{"embeddable":true,"href":"https:\/\/www.camping-florac.com\/de\/wp-json\/wp\/v2\/users\/1"}],"replies":[{"embeddable":true,"href":"https:\/\/www.camping-florac.com\/de\/wp-json\/wp\/v2\/comments?post=2437"}],"version-history":[{"count":5,"href":"https:\/\/www.camping-florac.com\/de\/wp-json\/wp\/v2\/pages\/2437\/revisions"}],"predecessor-version":[{"id":3455,"href":"https:\/\/www.camping-florac.com\/de\/wp-json\/wp\/v2\/pages\/2437\/revisions\/3455"}],"wp:featuredmedia":[{"embeddable":true,"href":"https:\/\/www.camping-florac.com\/de\/wp-json\/wp\/v2\/media\/962"}],"wp:attachment":[{"href":"https:\/\/www.camping-florac.com\/de\/wp-json\/wp\/v2\/media?parent=2437"}],"curies":[{"name":"wp","href":"https:\/\/api.w.org\/{rel}","templated":true}]}}