{"id":2435,"date":"2021-03-17T09:44:57","date_gmt":"2021-03-17T08:44:57","guid":{"rendered":"https:\/\/www.camping-florac.com\/activites-lozere\/"},"modified":"2021-04-02T09:47:59","modified_gmt":"2021-04-02T07:47:59","slug":"aktivitaeten-lozere","status":"publish","type":"page","link":"https:\/\/www.camping-florac.com\/de\/aktivitaeten-lozere\/","title":{"rendered":"Visite : Activit\u00e9s aux alentours"},"content":{"rendered":"<section id=\"section-604f24cbc089b\"\" class=\"section bg-white p-b-0\" \/><div class=\"container \"><div class=\"div-titre center deco-h1\"><h1 class=\"element section-title \">Aktivit\u00e4ten in und um Florac<\/h1><\/div><div class=\"element bloc-text center \">\n\t<p>La Loz\u00e8re ist ein <strong class=\"bold color2\">ausgefallenes riesiges Abenteuergel\u00e4nde<\/strong> f\u00fcr all Ihre Freizeitw\u00fcnsche und Leidenschaften.<\/p>\n<p>Von <strong class=\"bold color2\">Naturaktivit\u00e4ten<\/strong> bis hin zu Familienausfl\u00fcgen, La Loz\u00e8re \u00f6ffnet die T\u00fcren zu einer unendlichen Palette an sportlichen oder spielerischen Entdeckungen!<\/p>\n<p>Die abwechslungsreichen Landschaften der vier Naturregionen von La Loz\u00e8re, sind ein <strong class=\"bold color2\">einzigartiger und au\u00dfergew\u00f6hnlicher Rahmen<\/strong>, um die vielen <strong class=\"bold color2\">Naturaktivit\u00e4ten<\/strong> zu genie\u00dfen.<\/p>\n<p>Kanufahren in den Gorges du Tarn, Canyoning in den Gorges du Tapoul ganz in der N\u00e4he des <a href=\"\/de\/\">Campingplatzes in Florac Trois Rivi\u00e8res<\/a>, Klettersteige auf den Kronen der Causse M\u00e9jean, Kletterrouten, Bungee-Jumping, Segelfliegen oder Paragliding, H\u00f6hlenforschung&#8230; <\/p>\n<p><strong class=\"bold color2\">Die Palette ist breit gef\u00e4chert und an alle Ebenen angepasst.<\/strong> <\/p>\n<\/div><\/div><\/section>\n\n<section id=\"section-60507fed83ef3\"\" class=\"section bg-white p-t-0 p-b-0\" \/><div class=\"container  extralarge\"><div class=\"colonnes-wrap valign-middle \"><div class=\"element colonne \"><div class=\"div-titre justify\"><h2 class=\"element section-title \">Wandern in Florac<\/h2><\/div><div class=\"element bloc-text justify \">\n\t<p>Liebhaber <strong class=\"bold color2\">gro\u00dfartiger Wanderungen<\/strong> folgen den Spuren von Robert Louis Stevenson auf dem GR70 oder auf einer der <strong class=\"bold color2\">anderen gro\u00dfen bekannten Routen<\/strong>: der Weg von Saint Guilhem, von Urbain V, der Weg am linken Ufer der Gorges du Tarn, die Causse M\u00e9jean, der Mont Loz\u00e8re&#8230;<\/p>\n<p>Von halbt\u00e4gigen oder ganzt\u00e4gigen Rundwegen, <strong class=\"bold color2\">bis hin zu Entdeckungspfaden<\/strong>, mit der Familie oder unter Sportlern, kann jeder in seinem eigenen Tempo die <strong class=\"bold color2\">gro\u00dfen Lozere-R\u00e4ume<\/strong> auf markierten und gepflegten Pfaden entdecken. <\/p>\n<\/div><div class=\"div-titre justify m-t-4\"><h2 class=\"element section-title \">Angeln in Lozere<\/h2><\/div><div class=\"element bloc-text justify \">\n\t<p>Die B\u00e4che und Fl\u00fcsse des <strong class=\"bold color2\">Parc National des C\u00e9vennes<\/strong> bieten Ihnen mehr oder weniger sportliche Strecken. Meist in der 1. Kategorie eingestuft, fischen Sie in unseren B\u00e4chen auf Forellen, Schuppen, Elritzen und andere Vandoisen.<\/p>\n<p>F\u00fcr das <strong class=\"bold color2\">Familienangeln<\/strong> bietet Ihnen der Barrandon-See auf dem Mont Loz\u00e8re die Garantie, einen sch\u00f6nen Fang zur <strong class=\"bold color2\">Freude der Kleinen aber auch der Gro\u00dfen<\/strong> mitzubringen! <\/p>\n<\/div><\/div><div class=\"element colonne \"><div class=\"element images\"><div class=\"image\"><img decoding=\"async\" src=\"https:\/\/www.camping-florac.com\/wp-content\/uploads\/2021\/03\/amis-randonne-91x100.jpg\" data-src=\"https:\/\/www.camping-florac.com\/wp-content\/uploads\/2021\/03\/amis-randonne.jpg\" alt=\"amis randonn\u00e9e\" class=\"images_image\" \/><\/div><\/div><\/div><div class=\"element colonne p-t-8\"><div class=\"element images\"><div class=\"image\"><img decoding=\"async\" src=\"https:\/\/www.camping-florac.com\/wp-content\/uploads\/2021\/03\/peche-tarn-91x100.jpg\" data-src=\"https:\/\/www.camping-florac.com\/wp-content\/uploads\/2021\/03\/peche-tarn.jpg\" alt=\"peche tarn\" class=\"images_image\" \/><\/div><\/div><\/div><\/div><\/div><\/section>\n\n<section id=\"section-60507fed84214\"\" class=\"section bg-white\" \/><div class=\"container  full\"><div class=\"element images\"><div class=\"image\"><img decoding=\"async\" src=\"https:\/\/www.camping-florac.com\/wp-content\/uploads\/2021\/03\/loup-gevaudan-100x95.jpg\" data-src=\"https:\/\/www.camping-florac.com\/wp-content\/uploads\/2021\/03\/loup-gevaudan.jpg\" alt=\"loup gevaudan\" class=\"images_image\" \/><\/div><div class=\"image\"><img decoding=\"async\" src=\"https:\/\/www.camping-florac.com\/wp-content\/uploads\/2021\/03\/parc-aventure-tarn-100x95.jpg\" data-src=\"https:\/\/www.camping-florac.com\/wp-content\/uploads\/2021\/03\/parc-aventure-tarn.jpg\" alt=\"parc aventure tarn\" class=\"images_image\" \/><\/div><div class=\"image\"><img decoding=\"async\" src=\"https:\/\/www.camping-florac.com\/wp-content\/uploads\/2021\/03\/velo-animation-lozere-100x96.jpg\" data-src=\"https:\/\/www.camping-florac.com\/wp-content\/uploads\/2021\/03\/velo-animation-lozere.jpg\" alt=\"v\u00e9lo animation Loz\u00e8re\" class=\"images_image\" \/><\/div><div class=\"image\"><img decoding=\"async\" src=\"https:\/\/www.camping-florac.com\/wp-content\/uploads\/2021\/03\/balade-grands-causses-100x96.jpg\" data-src=\"https:\/\/www.camping-florac.com\/wp-content\/uploads\/2021\/03\/balade-grands-causses.jpg\" alt=\"balade grands causses\" class=\"images_image\" \/><\/div><\/div><\/div><\/section>\n\n<section id=\"section-60507fed84658\"\" class=\"section bg-white p-t-0 p-b-0\" \/><div class=\"container  extralarge\"><div class=\"colonnes-wrap valign-middle \"><div class=\"element colonne p-t-8\"><div class=\"element images\"><div class=\"image\"><img decoding=\"async\" src=\"https:\/\/www.camping-florac.com\/wp-content\/uploads\/2021\/03\/batisses-grands-causses-90x100.jpg\" data-src=\"https:\/\/www.camping-florac.com\/wp-content\/uploads\/2021\/03\/batisses-grands-causses.jpg\" alt=\"batisses grands causses\" class=\"images_image\" \/><\/div><\/div><\/div><div class=\"element colonne \"><div class=\"element images\"><div class=\"image\"><img decoding=\"async\" src=\"https:\/\/www.camping-florac.com\/wp-content\/uploads\/2021\/03\/accrobranche-tarn-91x100.jpg\" data-src=\"https:\/\/www.camping-florac.com\/wp-content\/uploads\/2021\/03\/accrobranche-tarn.jpg\" alt=\"accrobranche tarn\" class=\"images_image\" \/><\/div><\/div><\/div><div class=\"element colonne \"><div class=\"div-titre justify deco-h2 deco-vert\"><h2 class=\"element section-title \">Aktivit\u00e4ten mit der Familie<\/h2><\/div><div class=\"element bloc-text justify \">\n\t<p>Rund um Florac Trois Loz\u00e8re, in Occitanie, sind viele Aktivit\u00e4ten an Kinder angepasst und generationen\u00fcbergreifend. Eine <strong class=\"bold color2\">spielerische<\/strong>, <strong class=\"bold color2\">kulturelle<\/strong> oder <strong class=\"bold color2\">sportliche<\/strong> Art, gemeinsam freudige Momente zu erleben.<\/p>\n<p><strong class=\"bold color2\">Einige Ideen unter vielen<\/strong>: <\/p>\n<ul>\n<li>Gehen Sie auf eine <strong class=\"bold color2\">Entdeckung des Vallon du Villaret<\/strong>, ein einzigartiger Park, in dem sich Spiele, Kunst und Natur harmonisch verbinden f\u00fcr einen gro\u00dfen Tag voller Spa\u00df und Lachen!\n<li><strong class=\"bold color2\">Utopix<\/strong>, an der Causse de Sauveterre ist ein untypischer, poetischer und verspielter Ort: Steinsaurier, Minigolf, Labyrinth. Sie besuchen das <strong class=\"bold color2\">Haus im Stil &#8222;barbapapa&#8220;<\/strong>, in dem der Herr des Ortes das ganze Jahr \u00fcber lebt.<\/li>\n<\/ul>\n<\/div><\/div><\/div><\/div><\/section>\n\n<section id=\"section-60507fed84aa5\"\" class=\"section bg-white\" \/><div class=\"container  extralarge\"><div class=\"colonnes-wrap valign-middle \"><div class=\"element colonne \"><div class=\"element bloc-text justify \">\n\t<ul>\n<li><strong class=\"bold color2\">Der Abenteuerpark in Florac<\/strong> oder anderswo, Besuche auf dem Bauernhof, Fahrten mit Eseln&#8230;<\/li>\n<li>Oder aber <strong class=\"bold color2\">das ExplorGame der Stadt der Steine<\/strong>..<\/li>\n<li>Und auch der <strong class=\"bold color2\">parc des Loups du G\u00e9vaudan<\/strong> l\u00e4dt dazu ein, dieses mythische Tier, den Wolf, zu entdecken.<\/li>\n<\/ul>\n<p><strong class=\"bold color2\">In Loz\u00e8re erleben Sie das Abenteuer mit Ihrer Familie f\u00fcr unvergessliche Erinnerungen!<\/strong><\/p>\n<\/div><\/div><div class=\"element colonne \"><div class=\"element images\"><div class=\"image\"><img decoding=\"async\" src=\"https:\/\/www.camping-florac.com\/wp-content\/uploads\/2021\/03\/parc-accrobranche-tarn-91x100.jpg\" data-src=\"https:\/\/www.camping-florac.com\/wp-content\/uploads\/2021\/03\/parc-accrobranche-tarn.jpg\" alt=\"parc accrobranche tarn\" class=\"images_image\" \/><\/div><\/div><\/div><div class=\"element colonne p-t-8\"><div class=\"element images\"><div class=\"image\"><img decoding=\"async\" src=\"https:\/\/www.camping-florac.com\/wp-content\/uploads\/2021\/03\/parc-loup-tarn-91x100.jpg\" data-src=\"https:\/\/www.camping-florac.com\/wp-content\/uploads\/2021\/03\/parc-loup-tarn.jpg\" alt=\"parc loup tarn\" class=\"images_image\" \/><\/div><\/div><\/div><\/div><\/div><\/section>\n\n<section id=\"section-6050a6d7a33d2\"\" class=\"section bg-white\" \/><div class=\"container  extralarge\"><div class=\"div-titre center deco-h2\"><div class=\"element section-title \">Die Umgebung des Campingplatzes zu entdecken<\/div><\/div><ul class=\"liste-de-page\"><li class=\"element call-to-action carre call-to-action--style-1 call-to-action--normal\"><a href=\"https:\/\/www.camping-florac.com\/de\/camping-gorges-du-tarn\/\"  class=\"call-to-action_link\" title=\"En savoir plus sur die gorges du tarn\"><div class=\"call-to-action_image\"><img decoding=\"async\" src=\"https:\/\/www.camping-florac.com\/wp-content\/uploads\/2021\/03\/vue-point-sublime-100x56.jpg\" data-src=\"https:\/\/www.camping-florac.com\/wp-content\/uploads\/2021\/03\/vue-point-sublime.jpg\" alt=\"vue point sublime\" class=\"normal\" \/><\/div><div class=\"call-to-action_contenu\"><div class=\"call-to-action_titre\">Die Gorges du Tarn<\/div><\/div><\/a><\/li><li class=\"element call-to-action carre call-to-action--style-1 call-to-action--normal call-to-action--style-1 call-to-action--normal\"><a href=\"https:\/\/www.camping-florac.com\/de\/camping-die-grands-causses\/\"  class=\"call-to-action_link\" title=\"En savoir plus sur die gro\u00dfen causses\"><div class=\"call-to-action_image\"><img decoding=\"async\" src=\"https:\/\/www.camping-florac.com\/wp-content\/uploads\/2021\/03\/grand-casses-tourisme-100x56.jpg\" data-src=\"https:\/\/www.camping-florac.com\/wp-content\/uploads\/2021\/03\/grand-casses-tourisme.jpg\" alt=\"grand casses tourisme\" class=\"normal\" \/><\/div><div class=\"call-to-action_contenu\"><div class=\"call-to-action_titre\">Die gro\u00dfen Causses<\/div><\/div><\/a><\/li><li class=\"element call-to-action carre call-to-action--style-1 call-to-action--normal call-to-action--style-1 call-to-action--normal call-to-action--style-1 call-to-action--normal\"><a href=\"https:\/\/www.camping-florac.com\/de\/camping-cevennes\/\"  class=\"call-to-action_link\" title=\"En savoir plus sur die cevennen\"><div class=\"call-to-action_image\"><img decoding=\"async\" src=\"https:\/\/www.camping-florac.com\/wp-content\/uploads\/2021\/03\/montagne-cevennes-100x56.jpg\" data-src=\"https:\/\/www.camping-florac.com\/wp-content\/uploads\/2021\/03\/montagne-cevennes.jpg\" alt=\"montagne cevennes\" class=\"normal\" \/><\/div><div class=\"call-to-action_contenu\"><div class=\"call-to-action_titre\">Die Cevennen<\/div><\/div><\/a><\/li><li class=\"element call-to-action carre call-to-action--style-1 call-to-action--normal call-to-action--style-1 call-to-action--normal call-to-action--style-1 call-to-action--normal call-to-action--style-1 call-to-action--normal\"><a href=\"https:\/\/www.camping-florac.com\/de\/camping-gorges-de-la-jonte\/\"  class=\"call-to-action_link\" title=\"En savoir plus sur die jonteschlucht\"><div class=\"call-to-action_image\"><img decoding=\"async\" src=\"https:\/\/www.camping-florac.com\/wp-content\/uploads\/2021\/03\/vue-gorges-jonte-100x56.jpg\" data-src=\"https:\/\/www.camping-florac.com\/wp-content\/uploads\/2021\/03\/vue-gorges-jonte.jpg\" alt=\"vue gorges jonte\" class=\"normal\" \/><\/div><div class=\"call-to-action_contenu\"><div class=\"call-to-action_titre\">Die Jonteschlucht<\/div><\/div><\/a><\/li><li class=\"element call-to-action carre call-to-action--style-1 call-to-action--normal call-to-action--style-1 call-to-action--normal call-to-action--style-1 call-to-action--normal call-to-action--style-1 call-to-action--normal call-to-action--style-1 call-to-action--normal\"><a href=\"https:\/\/www.camping-florac.com\/de\/camping-mont-aigoual\/\"  class=\"call-to-action_link\" title=\"En savoir plus sur berg aigoual\"><div class=\"call-to-action_image\"><img decoding=\"async\" src=\"https:\/\/www.camping-florac.com\/wp-content\/uploads\/2021\/03\/vue-aigoual-90x100.jpg\" data-src=\"https:\/\/www.camping-florac.com\/wp-content\/uploads\/2021\/03\/vue-aigoual.jpg\" alt=\"vue aigoual\" class=\"normal\" \/><\/div><div class=\"call-to-action_contenu\"><div class=\"call-to-action_titre\">Berg Aigoual<\/div><\/div><\/a><\/li><li class=\"element call-to-action carre call-to-action--style-1 call-to-action--normal call-to-action--style-1 call-to-action--normal call-to-action--style-1 call-to-action--normal call-to-action--style-1 call-to-action--normal call-to-action--style-1 call-to-action--normal call-to-action--style-1 call-to-action--normal\"><a href=\"https:\/\/www.camping-florac.com\/de\/camping-mont-lozere\/\"  class=\"call-to-action_link\" title=\"En savoir plus sur berg lozere\"><div class=\"call-to-action_image\"><img decoding=\"async\" src=\"https:\/\/www.camping-florac.com\/wp-content\/uploads\/2021\/03\/mont-lozere-village-100x66.jpg\" data-src=\"https:\/\/www.camping-florac.com\/wp-content\/uploads\/2021\/03\/mont-lozere-village.jpg\" alt=\"mont lozere village\" class=\"normal\" \/><\/div><div class=\"call-to-action_contenu\"><div class=\"call-to-action_titre\">Berg Lozere<\/div><\/div><\/a><\/li><\/ul><\/div><\/section>","protected":false},"excerpt":{"rendered":"","protected":false},"author":1,"featured_media":1660,"parent":0,"menu_order":0,"comment_status":"closed","ping_status":"closed","template":"","meta":{"_acf_changed":false,"footnotes":""},"class_list":["post-2435","page","type-page","status-publish","has-post-thumbnail","hentry"],"acf":[],"yoast_head":"<!-- This site is optimized with the Yoast SEO plugin v22.2 - https:\/\/yoast.com\/wordpress\/plugins\/seo\/ -->\n<title>Aktivit\u00e4ten in Lozere | Top-Aktivit\u00e4ten in Lozere w\u00e4hrend Ihres Aufenthalts<\/title>\n<meta name=\"robots\" content=\"index, follow, max-snippet:-1, max-image-preview:large, max-video-preview:-1\" \/>\n<link rel=\"canonical\" href=\"https:\/\/www.camping-florac.com\/de\/aktivitaeten-lozere\/\" \/>\n<meta property=\"og:locale\" content=\"de_DE\" \/>\n<meta property=\"og:type\" content=\"article\" \/>\n<meta property=\"og:title\" content=\"Aktivit\u00e4ten in Lozere | Top-Aktivit\u00e4ten in Lozere w\u00e4hrend Ihres Aufenthalts\" \/>\n<meta property=\"og:url\" content=\"https:\/\/www.camping-florac.com\/de\/aktivitaeten-lozere\/\" \/>\n<meta property=\"og:site_name\" content=\"Camping Pont du Tarn\" \/>\n<meta property=\"article:modified_time\" content=\"2021-04-02T07:47:59+00:00\" \/>\n<meta property=\"og:image\" content=\"https:\/\/www.camping-florac.com\/wp-content\/uploads\/2021\/03\/activite-tarn.jpg\" \/>\n\t<meta property=\"og:image:width\" content=\"1903\" \/>\n\t<meta property=\"og:image:height\" content=\"500\" \/>\n\t<meta property=\"og:image:type\" content=\"image\/jpeg\" \/>\n<meta name=\"twitter:card\" content=\"summary_large_image\" \/>\n<script type=\"application\/ld+json\" class=\"yoast-schema-graph\">{\"@context\":\"https:\/\/schema.org\",\"@graph\":[{\"@type\":\"WebPage\",\"@id\":\"https:\/\/www.camping-florac.com\/de\/aktivitaeten-lozere\/\",\"url\":\"https:\/\/www.camping-florac.com\/de\/aktivitaeten-lozere\/\",\"name\":\"Aktivit\u00e4ten in Lozere | Top-Aktivit\u00e4ten in Lozere w\u00e4hrend Ihres Aufenthalts\",\"isPartOf\":{\"@id\":\"https:\/\/www.camping-florac.com\/de\/#website\"},\"primaryImageOfPage\":{\"@id\":\"https:\/\/www.camping-florac.com\/de\/aktivitaeten-lozere\/#primaryimage\"},\"image\":{\"@id\":\"https:\/\/www.camping-florac.com\/de\/aktivitaeten-lozere\/#primaryimage\"},\"thumbnailUrl\":\"https:\/\/www.camping-florac.com\/wp-content\/uploads\/2021\/03\/activite-tarn.jpg\",\"datePublished\":\"2021-03-17T08:44:57+00:00\",\"dateModified\":\"2021-04-02T07:47:59+00:00\",\"breadcrumb\":{\"@id\":\"https:\/\/www.camping-florac.com\/de\/aktivitaeten-lozere\/#breadcrumb\"},\"inLanguage\":\"de\",\"potentialAction\":[{\"@type\":\"ReadAction\",\"target\":[\"https:\/\/www.camping-florac.com\/de\/aktivitaeten-lozere\/\"]}]},{\"@type\":\"ImageObject\",\"inLanguage\":\"de\",\"@id\":\"https:\/\/www.camping-florac.com\/de\/aktivitaeten-lozere\/#primaryimage\",\"url\":\"https:\/\/www.camping-florac.com\/wp-content\/uploads\/2021\/03\/activite-tarn.jpg\",\"contentUrl\":\"https:\/\/www.camping-florac.com\/wp-content\/uploads\/2021\/03\/activite-tarn.jpg\",\"width\":1903,\"height\":500,\"caption\":\"activite tarn\"},{\"@type\":\"BreadcrumbList\",\"@id\":\"https:\/\/www.camping-florac.com\/de\/aktivitaeten-lozere\/#breadcrumb\",\"itemListElement\":[{\"@type\":\"ListItem\",\"position\":1,\"name\":\"Camping Loz\u00e8re\",\"item\":\"https:\/\/www.camping-florac.com\/de\/\"},{\"@type\":\"ListItem\",\"position\":2,\"name\":\"Was kann man in Lozere unternehmen?\"}]},{\"@type\":\"WebSite\",\"@id\":\"https:\/\/www.camping-florac.com\/de\/#website\",\"url\":\"https:\/\/www.camping-florac.com\/de\/\",\"name\":\"Camping Pont du Tarn\",\"description\":\"\",\"potentialAction\":[{\"@type\":\"SearchAction\",\"target\":{\"@type\":\"EntryPoint\",\"urlTemplate\":\"https:\/\/www.camping-florac.com\/de\/?s={search_term_string}\"},\"query-input\":\"required name=search_term_string\"}],\"inLanguage\":\"de\"}]}<\/script>\n<!-- \/ Yoast SEO plugin. -->","yoast_head_json":{"title":"Aktivit\u00e4ten in Lozere | Top-Aktivit\u00e4ten in Lozere w\u00e4hrend Ihres Aufenthalts","robots":{"index":"index","follow":"follow","max-snippet":"max-snippet:-1","max-image-preview":"max-image-preview:large","max-video-preview":"max-video-preview:-1"},"canonical":"https:\/\/www.camping-florac.com\/de\/aktivitaeten-lozere\/","og_locale":"de_DE","og_type":"article","og_title":"Aktivit\u00e4ten in Lozere | Top-Aktivit\u00e4ten in Lozere w\u00e4hrend Ihres Aufenthalts","og_url":"https:\/\/www.camping-florac.com\/de\/aktivitaeten-lozere\/","og_site_name":"Camping Pont du Tarn","article_modified_time":"2021-04-02T07:47:59+00:00","og_image":[{"width":1903,"height":500,"url":"https:\/\/www.camping-florac.com\/wp-content\/uploads\/2021\/03\/activite-tarn.jpg","type":"image\/jpeg"}],"twitter_card":"summary_large_image","schema":{"@context":"https:\/\/schema.org","@graph":[{"@type":"WebPage","@id":"https:\/\/www.camping-florac.com\/de\/aktivitaeten-lozere\/","url":"https:\/\/www.camping-florac.com\/de\/aktivitaeten-lozere\/","name":"Aktivit\u00e4ten in Lozere | Top-Aktivit\u00e4ten in Lozere w\u00e4hrend Ihres Aufenthalts","isPartOf":{"@id":"https:\/\/www.camping-florac.com\/de\/#website"},"primaryImageOfPage":{"@id":"https:\/\/www.camping-florac.com\/de\/aktivitaeten-lozere\/#primaryimage"},"image":{"@id":"https:\/\/www.camping-florac.com\/de\/aktivitaeten-lozere\/#primaryimage"},"thumbnailUrl":"https:\/\/www.camping-florac.com\/wp-content\/uploads\/2021\/03\/activite-tarn.jpg","datePublished":"2021-03-17T08:44:57+00:00","dateModified":"2021-04-02T07:47:59+00:00","breadcrumb":{"@id":"https:\/\/www.camping-florac.com\/de\/aktivitaeten-lozere\/#breadcrumb"},"inLanguage":"de","potentialAction":[{"@type":"ReadAction","target":["https:\/\/www.camping-florac.com\/de\/aktivitaeten-lozere\/"]}]},{"@type":"ImageObject","inLanguage":"de","@id":"https:\/\/www.camping-florac.com\/de\/aktivitaeten-lozere\/#primaryimage","url":"https:\/\/www.camping-florac.com\/wp-content\/uploads\/2021\/03\/activite-tarn.jpg","contentUrl":"https:\/\/www.camping-florac.com\/wp-content\/uploads\/2021\/03\/activite-tarn.jpg","width":1903,"height":500,"caption":"activite tarn"},{"@type":"BreadcrumbList","@id":"https:\/\/www.camping-florac.com\/de\/aktivitaeten-lozere\/#breadcrumb","itemListElement":[{"@type":"ListItem","position":1,"name":"Camping Loz\u00e8re","item":"https:\/\/www.camping-florac.com\/de\/"},{"@type":"ListItem","position":2,"name":"Was kann man in Lozere unternehmen?"}]},{"@type":"WebSite","@id":"https:\/\/www.camping-florac.com\/de\/#website","url":"https:\/\/www.camping-florac.com\/de\/","name":"Camping Pont du Tarn","description":"","potentialAction":[{"@type":"SearchAction","target":{"@type":"EntryPoint","urlTemplate":"https:\/\/www.camping-florac.com\/de\/?s={search_term_string}"},"query-input":"required name=search_term_string"}],"inLanguage":"de"}]}},"_links":{"self":[{"href":"https:\/\/www.camping-florac.com\/de\/wp-json\/wp\/v2\/pages\/2435","targetHints":{"allow":["GET"]}}],"collection":[{"href":"https:\/\/www.camping-florac.com\/de\/wp-json\/wp\/v2\/pages"}],"about":[{"href":"https:\/\/www.camping-florac.com\/de\/wp-json\/wp\/v2\/types\/page"}],"author":[{"embeddable":true,"href":"https:\/\/www.camping-florac.com\/de\/wp-json\/wp\/v2\/users\/1"}],"replies":[{"embeddable":true,"href":"https:\/\/www.camping-florac.com\/de\/wp-json\/wp\/v2\/comments?post=2435"}],"version-history":[{"count":6,"href":"https:\/\/www.camping-florac.com\/de\/wp-json\/wp\/v2\/pages\/2435\/revisions"}],"predecessor-version":[{"id":2582,"href":"https:\/\/www.camping-florac.com\/de\/wp-json\/wp\/v2\/pages\/2435\/revisions\/2582"}],"wp:featuredmedia":[{"embeddable":true,"href":"https:\/\/www.camping-florac.com\/de\/wp-json\/wp\/v2\/media\/1660"}],"wp:attachment":[{"href":"https:\/\/www.camping-florac.com\/de\/wp-json\/wp\/v2\/media?parent=2435"}],"curies":[{"name":"wp","href":"https:\/\/api.w.org\/{rel}","templated":true}]}}