{"id":2431,"date":"2021-03-15T10:12:08","date_gmt":"2021-03-15T09:12:08","guid":{"rendered":"https:\/\/www.camping-florac.com\/camping-piscine-lozere\/"},"modified":"2021-11-11T14:44:43","modified_gmt":"2021-11-11T13:44:43","slug":"camping-schwimmbad-lozere","status":"publish","type":"page","link":"https:\/\/www.camping-florac.com\/de\/camping-schwimmbad-lozere\/","title":{"rendered":"Se baigner : Notre espace aquatique"},"content":{"rendered":"<section id=\"section-604f24cbc089b\"\" class=\"section bg-white p-b-0\" \/><div class=\"container \"><div class=\"div-titre center deco-h1\"><h1 class=\"element section-title \">Campingplatz mit beheiztem Pool in Florac<\/h1><\/div><\/div><\/section>\n\n<section id=\"section-60507fed83ef3\"\" class=\"section bg-white p-t-0 p-b-0\" \/><div class=\"container  extralarge\"><div class=\"colonnes-wrap valign-middle \"><div class=\"element colonne \"><div class=\"div-titre justify\"><h2 class=\"element section-title \">Aqualudischer Raum in Lozere<\/h2><\/div><div class=\"element bloc-text justify \">\n\t<p>Camping le Pont du Tarn in Florac Trois Rivi\u00e8res, ist der perfekte Ort, um Ihren <strong class=\"bold color2\">Urlaub in Lozere<\/strong> zu verbringen, und die Freuden des Wassers und des Schwimmens zu genie\u00dfen. <\/p>\n<p>Genie\u00dfen Sie ein wenig <strong class=\"bold color2\">Faulenzen<\/strong> und ein bisschen Abk\u00fchlung mit Ihrer Familie oder Freunden auf den Sonnenliegen oder unter den Sonnenschirmen unseres <strong class=\"bold color2\">Wasserplatzes in Florac Trois Rivi\u00e8res<\/strong>, in der N\u00e4he der Gorges du Tarn in Occitanie.<\/p>\n<p>Der <strong class=\"bold color2\">Pool und das auf 26\u00b0<\/strong> beheizte Planschbecken und der Aqualand werden Ihr Ort der Entspannung sein, wenn Sie von Ihren Spazierg\u00e4ngen oder Ihren Outdoor-Aktivit\u00e4ten zur\u00fcckkehren.<\/p>\n<p>Um <strong class=\"bold color2\">die Freuden des Schwimmens<\/strong> zu genie\u00dfen, sind nur Badeanz\u00fcge und Boxershorts erlaubt.<\/p>\n<\/div><\/div><div class=\"element colonne \"><div class=\"element images\"><div class=\"image\"><img decoding=\"async\" src=\"https:\/\/www.camping-florac.com\/wp-content\/uploads\/2021\/03\/piscine-gorges-du-tarn-91x100.jpg\" data-src=\"https:\/\/www.camping-florac.com\/wp-content\/uploads\/2021\/03\/piscine-gorges-du-tarn.jpg\" alt=\"piscine gorges du tarn\" class=\"images_image\" \/><\/div><\/div><\/div><div class=\"element colonne p-t-8\"><div class=\"element images\"><div class=\"image\"><img decoding=\"async\" src=\"https:\/\/www.camping-florac.com\/wp-content\/uploads\/2021\/03\/piscine-enfants-tarn-91x100.jpg\" data-src=\"https:\/\/www.camping-florac.com\/wp-content\/uploads\/2021\/03\/piscine-enfants-tarn.jpg\" alt=\"piscine enfants tarn\" class=\"images_image\" \/><\/div><\/div><\/div><\/div><\/div><\/section>\n\n<section id=\"section-60507fed84214\"\" class=\"section bg-white\" \/><div class=\"container  full\"><div class=\"element images\"><div class=\"image\"><img decoding=\"async\" src=\"https:\/\/www.camping-florac.com\/wp-content\/uploads\/2021\/03\/piscine-camping-tarn-100x95.jpg\" data-src=\"https:\/\/www.camping-florac.com\/wp-content\/uploads\/2021\/03\/piscine-camping-tarn.jpg\" alt=\"famille piscine tarn\" class=\"images_image\" \/><\/div><div class=\"image\"><img decoding=\"async\" src=\"https:\/\/www.camping-florac.com\/wp-content\/uploads\/2021\/03\/famille-piscine-tarn-100x95.jpg\" data-src=\"https:\/\/www.camping-florac.com\/wp-content\/uploads\/2021\/03\/famille-piscine-tarn.jpg\" alt=\"famille piscine tarn\" class=\"images_image\" \/><\/div><div class=\"image\"><img decoding=\"async\" src=\"https:\/\/www.camping-florac.com\/wp-content\/uploads\/2021\/03\/enfants-piscine-tarn-100x95.jpg\" data-src=\"https:\/\/www.camping-florac.com\/wp-content\/uploads\/2021\/03\/enfants-piscine-tarn.jpg\" alt=\"enfants piscine tarn\" class=\"images_image\" \/><\/div><div class=\"image\"><img decoding=\"async\" src=\"https:\/\/www.camping-florac.com\/wp-content\/uploads\/2021\/03\/espace-aquatique-tarn-100x95.jpg\" data-src=\"https:\/\/www.camping-florac.com\/wp-content\/uploads\/2021\/03\/espace-aquatique-tarn.jpg\" alt=\"espace aquatique tarn\" class=\"images_image\" \/><\/div><\/div><\/div><\/section>\n\n<section id=\"section-60507fed84658\"\" class=\"section bg-white p-t-0 p-b-0\" \/><div class=\"container  extralarge\"><div class=\"colonnes-wrap valign-middle \"><div class=\"element colonne p-t-8\"><div class=\"element images\"><div class=\"image\"><img decoding=\"async\" src=\"https:\/\/www.camping-florac.com\/wp-content\/uploads\/2021\/03\/pataugeoire-tarn-91x100.jpg\" data-src=\"https:\/\/www.camping-florac.com\/wp-content\/uploads\/2021\/03\/pataugeoire-tarn.jpg\" alt=\"pataugeoire tarn\" class=\"images_image\" \/><\/div><\/div><\/div><div class=\"element colonne \"><div class=\"element images\"><div class=\"image\"><img decoding=\"async\" src=\"https:\/\/www.camping-florac.com\/wp-content\/uploads\/2021\/03\/camping-pataugeoire-tarn-91x100.jpg\" data-src=\"https:\/\/www.camping-florac.com\/wp-content\/uploads\/2021\/03\/camping-pataugeoire-tarn.jpg\" alt=\"camping pataugeoire tarn\" class=\"images_image\" \/><\/div><\/div><\/div><div class=\"element colonne \"><div class=\"div-titre justify deco-h2 deco-vert\"><h2 class=\"element section-title \">Das Planschbecken in Florac Trois Rivi\u00e8res<\/h2><\/div><div class=\"element bloc-text justify \">\n\t<p>Als einziger Campingplatz in Florac Trois Rivi\u00e8res, der einen <strong class=\"bold color2\">Wasserbereich<\/strong> bietet, ist an alles gedacht, damit Ihre Kinder Spa\u00df und Freude haben! <\/p>\n<p>Jung und Alt k\u00f6nnen einen angenehmen Moment am Planschbecken verbringen. Die Eltern k\u00f6nnen mit den F\u00fc\u00dfen im warmen Wasser, in der Sonne, im <strong class=\"bold color2\">Farniente-Modus<\/strong> oder auf einem der vielen Liegest\u00fchle entspannen. <\/p>\n<p>Und, sichere Kinder k\u00f6nnen die K\u00fchle genie\u00dfen, unter dem <strong class=\"bold color2\">Pilz-Wasserfall<\/strong>. Das Planschbecken ist vom 15\/06 bis 31\/08 ge\u00f6ffnet. <\/p>\n<\/div><\/div><\/div><\/div><\/section>\n\n<section id=\"section-60507fed84aa5\"\" class=\"section bg-white\" \/><div class=\"container  extralarge\"><div class=\"colonnes-wrap valign-middle \"><div class=\"element colonne \"><div class=\"div-titre justify deco-h2 deco-orange\"><h2 class=\"element section-title \">Aqualudischer Spielplatz <\/h2><\/div><div class=\"element bloc-text justify \">\n\t<p>Legen Sie Ihr Handtuch an den <strong class=\"bold color2\">bebauten Str\u00e4nden ab oder legen Sie sich auf einen Liegestuhl<\/strong>, der camping le Pont du Tarn in Loz\u00e8re k\u00fcmmert sich um fast alles. <\/p>\n<p>Auf diesem Wasserspielplatz in Florac Trois Rivi\u00e8res k\u00f6nnen sich Jung und Alt mit Wasserspielen vergn\u00fcgen.  Wasserpistolen-Schlachten, Rennen unter dem Wassertunnel, Wasserfall unter den Blumen werden gro\u00dfe Momente des Lachens und der Freude f\u00fcr alle sein, innerhalb eines k\u00fchlen und sicheren Raumes f\u00fcr Ihre <strong class=\"bold color2\">Kinder im Herzen der Cevennen<\/strong>!<\/p>\n<p>Er\u00f6ffnung des <strong class=\"bold color2\">aqualudischen Spielplatzes<\/strong> vom 15\/06 bis 31\/08. <\/p>\n<\/div><\/div><div class=\"element colonne \"><div class=\"element images\"><div class=\"image\"><img decoding=\"async\" src=\"https:\/\/www.camping-florac.com\/wp-content\/uploads\/2021\/03\/jeux-aqualudique-tarn-91x100.jpg\" data-src=\"https:\/\/www.camping-florac.com\/wp-content\/uploads\/2021\/03\/jeux-aqualudique-tarn.jpg\" alt=\"jeux aqualudique tarn\" class=\"images_image\" \/><\/div><\/div><\/div><div class=\"element colonne p-t-8\"><div class=\"element images\"><div class=\"image\"><img decoding=\"async\" src=\"https:\/\/www.camping-florac.com\/wp-content\/uploads\/2021\/03\/jeux-aqualudique-lozere-91x100.jpg\" data-src=\"https:\/\/www.camping-florac.com\/wp-content\/uploads\/2021\/03\/jeux-aqualudique-lozere.jpg\" alt=\"jeux aqualudique lozere\" class=\"images_image\" \/><\/div><\/div><\/div><\/div><\/div><\/section>\n\n<section id=\"section-60507fed84daf\"\" class=\"section bg-white p-t-0 p-b-0\" \/><div class=\"container  full\"><div class=\"element images\"><div class=\"image\"><img decoding=\"async\" src=\"https:\/\/www.camping-florac.com\/wp-content\/uploads\/2021\/03\/pataugeoire-piscine-tarn-100x96.jpg\" data-src=\"https:\/\/www.camping-florac.com\/wp-content\/uploads\/2021\/03\/pataugeoire-piscine-tarn.jpg\" alt=\"pataugeoire piscine tarn\" class=\"images_image\" \/><\/div><div class=\"image\"><img decoding=\"async\" src=\"https:\/\/www.camping-florac.com\/wp-content\/uploads\/2021\/03\/piscine-tarn-1-100x95.jpg\" data-src=\"https:\/\/www.camping-florac.com\/wp-content\/uploads\/2021\/03\/piscine-tarn-1.jpg\" alt=\"piscine tarn\" class=\"images_image\" \/><\/div><div class=\"image\"><img decoding=\"async\" src=\"https:\/\/www.camping-florac.com\/wp-content\/uploads\/2021\/03\/enfant-piscine-tarn-100x96.jpg\" data-src=\"https:\/\/www.camping-florac.com\/wp-content\/uploads\/2021\/03\/enfant-piscine-tarn.jpg\" alt=\"enfant piscine tarn\" class=\"images_image\" \/><\/div><div class=\"image\"><img decoding=\"async\" src=\"https:\/\/www.camping-florac.com\/wp-content\/uploads\/2021\/03\/jeux-piscine-tarn-100x96.jpg\" data-src=\"https:\/\/www.camping-florac.com\/wp-content\/uploads\/2021\/03\/jeux-piscine-tarn.jpg\" alt=\"jeux piscine tarn\" class=\"images_image\" \/><\/div><\/div><\/div><\/section>\n\n<section id=\"section-60507fed851d4\"\" class=\"section bg-white p-b-0\" \/><div class=\"container  extralarge\"><div class=\"colonnes-wrap valign-middle \"><div class=\"element colonne p-t-8\"><div class=\"element images\"><div class=\"image\"><img decoding=\"async\" src=\"https:\/\/www.camping-florac.com\/wp-content\/uploads\/2021\/03\/piscine-chauffee-tarn-91x100.jpg\" data-src=\"https:\/\/www.camping-florac.com\/wp-content\/uploads\/2021\/03\/piscine-chauffee-tarn.jpg\" alt=\"piscine chauff\u00e9e tarn\" class=\"images_image\" \/><\/div><\/div><\/div><div class=\"element colonne \"><div class=\"element images\"><div class=\"image\"><img decoding=\"async\" src=\"https:\/\/www.camping-florac.com\/wp-content\/uploads\/2021\/03\/piscine-chauffee-gorges-du-tarn-91x100.jpg\" data-src=\"https:\/\/www.camping-florac.com\/wp-content\/uploads\/2021\/03\/piscine-chauffee-gorges-du-tarn.jpg\" alt=\"piscine chauff\u00e9e gorges du tarn\" class=\"images_image\" \/><\/div><\/div><\/div><div class=\"element colonne \"><div class=\"div-titre left\"><h2 class=\"element section-title \">Beheiztes Schwimmbad in Loz\u00e8re<\/h2><\/div><div class=\"element bloc-text justify \">\n\t<p>In Florac Trois Rivi\u00e8res, Sitz des <strong class=\"bold color2\">Nationalparks Cevennen<\/strong>, kommen Sie und genie\u00dfen Sie unseren <strong class=\"bold color2\">auf 26\u00b0 beheizten Pool<\/strong>, w\u00e4hrend Ihre Kinder im Planschbecken oder im Aqualudic-Bereich Spa\u00df haben. Nehmen Sie ein Bad im wohltemperierten Wasser und verbringen Sie einen <strong class=\"bold color2\">Moment der Entspannung und des Vergn\u00fcgens<\/strong> in einer entspannenden Umgebung inmitten der Natur! <\/p>\n<p>W\u00e4hlen Sie Ihren Liegestuhl, legen Sie Ihr Handtuch ab, genie\u00dfen Sie die Sonne und unseren beheizten Pool auf dem <a href=\"\/de\/\">Camping le Pont du Tarn<\/a>! <\/p>\n<p>Der beheizte Pool ist vom 15\/05 bis 15\/09 ge\u00f6ffnet. <\/p>\n<\/div><\/div><\/div><\/div><\/section>\n\n<section id=\"section-6050a6d7a33d2\"\" class=\"section bg-white\" \/><div class=\"container  extralarge\"><div class=\"div-titre center deco-h2\"><div class=\"element section-title \">Unsere Aktivit\u00e4ten und Dienstleistungen auf dem Campingplatz<\/div><\/div><ul class=\"liste-de-page\"><li class=\"element call-to-action carre call-to-action--style-1 call-to-action--normal\"><a href=\"https:\/\/www.camping-florac.com\/de\/camping-animationen-lozere\/\"  class=\"call-to-action_link\" title=\"En savoir plus sur die animationen\"><div class=\"call-to-action_image\"><img decoding=\"async\" src=\"https:\/\/www.camping-florac.com\/wp-content\/uploads\/2021\/03\/animations-tarn-100x56.jpg\" data-src=\"https:\/\/www.camping-florac.com\/wp-content\/uploads\/2021\/03\/animations-tarn.jpg\" alt=\"animations tarn\" class=\"normal\" \/><\/div><div class=\"call-to-action_contenu\"><div class=\"call-to-action_titre\">Die Animationen<\/div><\/div><\/a><\/li><li class=\"element call-to-action carre call-to-action--style-1 call-to-action--normal call-to-action--style-1 call-to-action--normal\"><a href=\"https:\/\/www.camping-florac.com\/de\/camping-restaurant-lozere\/\"  class=\"call-to-action_link\" title=\"En savoir plus sur die dienste\"><div class=\"call-to-action_image\"><img decoding=\"async\" src=\"https:\/\/www.camping-florac.com\/wp-content\/uploads\/2021\/03\/restaurant-pizza-100x56.jpg\" data-src=\"https:\/\/www.camping-florac.com\/wp-content\/uploads\/2021\/03\/restaurant-pizza.jpg\" alt=\"restaurant pizza\" class=\"normal\" \/><\/div><div class=\"call-to-action_contenu\"><div class=\"call-to-action_titre\">Die Dienste<\/div><\/div><\/a><\/li><li class=\"element call-to-action carre call-to-action--style-1 call-to-action--normal call-to-action--style-1 call-to-action--normal call-to-action--style-1 call-to-action--normal\"><a href=\"https:\/\/www.camping-florac.com\/de\/camping-fluss-tarn\/\"  class=\"call-to-action_link\" title=\"En savoir plus sur der fluss\"><div class=\"call-to-action_image\"><img decoding=\"async\" src=\"https:\/\/www.camping-florac.com\/wp-content\/uploads\/2021\/03\/bord-de-riviere-lozere-100x56.jpg\" data-src=\"https:\/\/www.camping-florac.com\/wp-content\/uploads\/2021\/03\/bord-de-riviere-lozere.jpg\" alt=\"bord de riviere lozere\" class=\"normal\" \/><\/div><div class=\"call-to-action_contenu\"><div class=\"call-to-action_titre\">Der Fluss<\/div><\/div><\/a><\/li><\/ul><\/div><\/section>","protected":false},"excerpt":{"rendered":"","protected":false},"author":1,"featured_media":7051,"parent":0,"menu_order":0,"comment_status":"closed","ping_status":"closed","template":"","meta":{"_acf_changed":false,"footnotes":""},"class_list":["post-2431","page","type-page","status-publish","has-post-thumbnail","hentry"],"acf":[],"yoast_head":"<!-- This site is optimized with the Yoast SEO plugin v22.2 - https:\/\/yoast.com\/wordpress\/plugins\/seo\/ -->\n<title>Camping beheiztes Schwimmbad Loz\u00e8re | camping aqualudic park Florac<\/title>\n<meta name=\"robots\" content=\"index, follow, max-snippet:-1, max-image-preview:large, max-video-preview:-1\" \/>\n<link rel=\"canonical\" href=\"https:\/\/www.camping-florac.com\/de\/camping-schwimmbad-lozere\/\" \/>\n<meta property=\"og:locale\" content=\"de_DE\" \/>\n<meta property=\"og:type\" content=\"article\" \/>\n<meta property=\"og:title\" content=\"Camping beheiztes Schwimmbad Loz\u00e8re | camping aqualudic park Florac\" \/>\n<meta property=\"og:url\" content=\"https:\/\/www.camping-florac.com\/de\/camping-schwimmbad-lozere\/\" \/>\n<meta property=\"og:site_name\" content=\"Camping Pont du Tarn\" \/>\n<meta property=\"article:modified_time\" content=\"2021-11-11T13:44:43+00:00\" \/>\n<meta property=\"og:image\" content=\"https:\/\/www.camping-florac.com\/wp-content\/uploads\/2021\/03\/camping-piscine-tarn-1.jpg\" \/>\n\t<meta property=\"og:image:width\" content=\"1903\" \/>\n\t<meta property=\"og:image:height\" content=\"500\" \/>\n\t<meta property=\"og:image:type\" content=\"image\/jpeg\" \/>\n<meta name=\"twitter:card\" content=\"summary_large_image\" \/>\n<script type=\"application\/ld+json\" class=\"yoast-schema-graph\">{\"@context\":\"https:\/\/schema.org\",\"@graph\":[{\"@type\":\"WebPage\",\"@id\":\"https:\/\/www.camping-florac.com\/de\/camping-schwimmbad-lozere\/\",\"url\":\"https:\/\/www.camping-florac.com\/de\/camping-schwimmbad-lozere\/\",\"name\":\"Camping beheiztes Schwimmbad Loz\u00e8re | camping aqualudic park Florac\",\"isPartOf\":{\"@id\":\"https:\/\/www.camping-florac.com\/de\/#website\"},\"primaryImageOfPage\":{\"@id\":\"https:\/\/www.camping-florac.com\/de\/camping-schwimmbad-lozere\/#primaryimage\"},\"image\":{\"@id\":\"https:\/\/www.camping-florac.com\/de\/camping-schwimmbad-lozere\/#primaryimage\"},\"thumbnailUrl\":\"https:\/\/www.camping-florac.com\/wp-content\/uploads\/2026\/01\/Rendu-Pont-du-Tarn-V3.png\",\"datePublished\":\"2021-03-15T09:12:08+00:00\",\"dateModified\":\"2021-11-11T13:44:43+00:00\",\"breadcrumb\":{\"@id\":\"https:\/\/www.camping-florac.com\/de\/camping-schwimmbad-lozere\/#breadcrumb\"},\"inLanguage\":\"de\",\"potentialAction\":[{\"@type\":\"ReadAction\",\"target\":[\"https:\/\/www.camping-florac.com\/de\/camping-schwimmbad-lozere\/\"]}]},{\"@type\":\"ImageObject\",\"inLanguage\":\"de\",\"@id\":\"https:\/\/www.camping-florac.com\/de\/camping-schwimmbad-lozere\/#primaryimage\",\"url\":\"https:\/\/www.camping-florac.com\/wp-content\/uploads\/2026\/01\/Rendu-Pont-du-Tarn-V3.png\",\"contentUrl\":\"https:\/\/www.camping-florac.com\/wp-content\/uploads\/2026\/01\/Rendu-Pont-du-Tarn-V3.png\",\"width\":1755,\"height\":1240},{\"@type\":\"BreadcrumbList\",\"@id\":\"https:\/\/www.camping-florac.com\/de\/camping-schwimmbad-lozere\/#breadcrumb\",\"itemListElement\":[{\"@type\":\"ListItem\",\"position\":1,\"name\":\"Camping Loz\u00e8re\",\"item\":\"https:\/\/www.camping-florac.com\/de\/\"},{\"@type\":\"ListItem\",\"position\":2,\"name\":\"Camping Schwimmbad Loz\u00e8re\"}]},{\"@type\":\"WebSite\",\"@id\":\"https:\/\/www.camping-florac.com\/de\/#website\",\"url\":\"https:\/\/www.camping-florac.com\/de\/\",\"name\":\"Camping Pont du Tarn\",\"description\":\"\",\"potentialAction\":[{\"@type\":\"SearchAction\",\"target\":{\"@type\":\"EntryPoint\",\"urlTemplate\":\"https:\/\/www.camping-florac.com\/de\/?s={search_term_string}\"},\"query-input\":\"required name=search_term_string\"}],\"inLanguage\":\"de\"}]}<\/script>\n<!-- \/ Yoast SEO plugin. -->","yoast_head_json":{"title":"Camping beheiztes Schwimmbad Loz\u00e8re | camping aqualudic park Florac","robots":{"index":"index","follow":"follow","max-snippet":"max-snippet:-1","max-image-preview":"max-image-preview:large","max-video-preview":"max-video-preview:-1"},"canonical":"https:\/\/www.camping-florac.com\/de\/camping-schwimmbad-lozere\/","og_locale":"de_DE","og_type":"article","og_title":"Camping beheiztes Schwimmbad Loz\u00e8re | camping aqualudic park Florac","og_url":"https:\/\/www.camping-florac.com\/de\/camping-schwimmbad-lozere\/","og_site_name":"Camping Pont du Tarn","article_modified_time":"2021-11-11T13:44:43+00:00","og_image":[{"width":1903,"height":500,"url":"https:\/\/www.camping-florac.com\/wp-content\/uploads\/2021\/03\/camping-piscine-tarn-1.jpg","type":"image\/jpeg"}],"twitter_card":"summary_large_image","schema":{"@context":"https:\/\/schema.org","@graph":[{"@type":"WebPage","@id":"https:\/\/www.camping-florac.com\/de\/camping-schwimmbad-lozere\/","url":"https:\/\/www.camping-florac.com\/de\/camping-schwimmbad-lozere\/","name":"Camping beheiztes Schwimmbad Loz\u00e8re | camping aqualudic park Florac","isPartOf":{"@id":"https:\/\/www.camping-florac.com\/de\/#website"},"primaryImageOfPage":{"@id":"https:\/\/www.camping-florac.com\/de\/camping-schwimmbad-lozere\/#primaryimage"},"image":{"@id":"https:\/\/www.camping-florac.com\/de\/camping-schwimmbad-lozere\/#primaryimage"},"thumbnailUrl":"https:\/\/www.camping-florac.com\/wp-content\/uploads\/2026\/01\/Rendu-Pont-du-Tarn-V3.png","datePublished":"2021-03-15T09:12:08+00:00","dateModified":"2021-11-11T13:44:43+00:00","breadcrumb":{"@id":"https:\/\/www.camping-florac.com\/de\/camping-schwimmbad-lozere\/#breadcrumb"},"inLanguage":"de","potentialAction":[{"@type":"ReadAction","target":["https:\/\/www.camping-florac.com\/de\/camping-schwimmbad-lozere\/"]}]},{"@type":"ImageObject","inLanguage":"de","@id":"https:\/\/www.camping-florac.com\/de\/camping-schwimmbad-lozere\/#primaryimage","url":"https:\/\/www.camping-florac.com\/wp-content\/uploads\/2026\/01\/Rendu-Pont-du-Tarn-V3.png","contentUrl":"https:\/\/www.camping-florac.com\/wp-content\/uploads\/2026\/01\/Rendu-Pont-du-Tarn-V3.png","width":1755,"height":1240},{"@type":"BreadcrumbList","@id":"https:\/\/www.camping-florac.com\/de\/camping-schwimmbad-lozere\/#breadcrumb","itemListElement":[{"@type":"ListItem","position":1,"name":"Camping Loz\u00e8re","item":"https:\/\/www.camping-florac.com\/de\/"},{"@type":"ListItem","position":2,"name":"Camping Schwimmbad Loz\u00e8re"}]},{"@type":"WebSite","@id":"https:\/\/www.camping-florac.com\/de\/#website","url":"https:\/\/www.camping-florac.com\/de\/","name":"Camping Pont du Tarn","description":"","potentialAction":[{"@type":"SearchAction","target":{"@type":"EntryPoint","urlTemplate":"https:\/\/www.camping-florac.com\/de\/?s={search_term_string}"},"query-input":"required name=search_term_string"}],"inLanguage":"de"}]}},"_links":{"self":[{"href":"https:\/\/www.camping-florac.com\/de\/wp-json\/wp\/v2\/pages\/2431","targetHints":{"allow":["GET"]}}],"collection":[{"href":"https:\/\/www.camping-florac.com\/de\/wp-json\/wp\/v2\/pages"}],"about":[{"href":"https:\/\/www.camping-florac.com\/de\/wp-json\/wp\/v2\/types\/page"}],"author":[{"embeddable":true,"href":"https:\/\/www.camping-florac.com\/de\/wp-json\/wp\/v2\/users\/1"}],"replies":[{"embeddable":true,"href":"https:\/\/www.camping-florac.com\/de\/wp-json\/wp\/v2\/comments?post=2431"}],"version-history":[{"count":10,"href":"https:\/\/www.camping-florac.com\/de\/wp-json\/wp\/v2\/pages\/2431\/revisions"}],"predecessor-version":[{"id":3442,"href":"https:\/\/www.camping-florac.com\/de\/wp-json\/wp\/v2\/pages\/2431\/revisions\/3442"}],"wp:featuredmedia":[{"embeddable":true,"href":"https:\/\/www.camping-florac.com\/de\/wp-json\/wp\/v2\/media\/7051"}],"wp:attachment":[{"href":"https:\/\/www.camping-florac.com\/de\/wp-json\/wp\/v2\/media?parent=2431"}],"curies":[{"name":"wp","href":"https:\/\/api.w.org\/{rel}","templated":true}]}}