{"id":2429,"date":"2021-03-15T10:12:15","date_gmt":"2021-03-15T09:12:15","guid":{"rendered":"https:\/\/www.camping-florac.com\/camping-riviere-tarn\/"},"modified":"2022-01-17T09:22:43","modified_gmt":"2022-01-17T08:22:43","slug":"camping-fluss-tarn","status":"publish","type":"page","link":"https:\/\/www.camping-florac.com\/de\/camping-fluss-tarn\/","title":{"rendered":"Se baigner : la rivi\u00e8re"},"content":{"rendered":"<section id=\"section-604f24cbc089b\"\" class=\"section bg-white p-b-0\" \/><div class=\"container \"><div class=\"div-titre center deco-h1\"><h1 class=\"element section-title \">Camping am Fluss Tarn<\/h1><\/div><\/div><\/section>\n\n<section id=\"section-60507fed83ef3\"\" class=\"section bg-white p-t-0 p-b-0\" \/><div class=\"container  extralarge\"><div class=\"colonnes-wrap valign-middle \"><div class=\"element colonne \"><div class=\"div-titre left\"><h2 class=\"element section-title \"> GENIESSEN SIE DIE LAGE DES CAMPINGPLATZES AM FLUSS<\/h2><\/div><div class=\"element bloc-text justify \">\n\t<p><strong class=\"bold color2\">Wasser ist \u00fcberall in Lozere!<\/strong><\/p>\n<p>Auf dem <a href=\"\/de\/\">Camping Le Pont du Tarn<\/a> haben Sie direkten Zugang zum Tarn. <\/p>\n<p><strong class=\"bold color2\">Naturstr\u00e4nde<\/strong> aus Sand oder Kieselsteinen, Jung und Alt k\u00f6nnen in Lozere gefahrlos die Freuden des Schwimmens genie\u00dfen.<\/p>\n<p>Unser Campingplatz bietet inmitten der Natur zwei <strong class=\"bold color2\">nat\u00fcrliche und gesch\u00fctzte Badestellen<\/strong>. Der Rhythmus des Tarns pr\u00e4gt die Str\u00e4nde und ihre Umgebung und jeder kann sein Handtuch ablegen, schwimmen, spielen, angeln f\u00fcr <strong class=\"bold color2\">unvergessliche Momente der Entspannung und des Vergn\u00fcgens<\/strong>.<\/p>\n<\/div><\/div><div class=\"element colonne \"><div class=\"element images\"><div class=\"image\"><img decoding=\"async\" src=\"https:\/\/www.camping-florac.com\/wp-content\/uploads\/2021\/03\/riviere-lozere-91x100.jpg\" data-src=\"https:\/\/www.camping-florac.com\/wp-content\/uploads\/2021\/03\/riviere-lozere.jpg\" alt=\"riviere lozere\" class=\"images_image\" \/><\/div><\/div><\/div><div class=\"element colonne p-t-8\"><div class=\"element images\"><div class=\"image\"><img decoding=\"async\" src=\"https:\/\/www.camping-florac.com\/wp-content\/uploads\/2021\/03\/camping-baignade-riviere-tarn-91x100.jpg\" data-src=\"https:\/\/www.camping-florac.com\/wp-content\/uploads\/2021\/03\/camping-baignade-riviere-tarn.jpg\" alt=\"camping baignade riviere tarn\" class=\"images_image\" \/><\/div><\/div><\/div><\/div><\/div><\/section>\n\n<section id=\"section-60507fed84214\"\" class=\"section bg-white\" \/><div class=\"container  full\"><div class=\"element images\"><div class=\"image\"><img decoding=\"async\" src=\"https:\/\/www.camping-florac.com\/wp-content\/uploads\/2021\/03\/baignade-riviere-lozere-100x95.jpg\" data-src=\"https:\/\/www.camping-florac.com\/wp-content\/uploads\/2021\/03\/baignade-riviere-lozere.jpg\" alt=\"baignade riviere lozere\" class=\"images_image\" \/><\/div><div class=\"image\"><img decoding=\"async\" src=\"https:\/\/www.camping-florac.com\/wp-content\/uploads\/2021\/03\/nature-lozere-100x95.jpg\" data-src=\"https:\/\/www.camping-florac.com\/wp-content\/uploads\/2021\/03\/nature-lozere.jpg\" alt=\"nature lozere\" class=\"images_image\" \/><\/div><div class=\"image\"><img decoding=\"async\" src=\"https:\/\/www.camping-florac.com\/wp-content\/uploads\/2021\/03\/riviere-tarn-100x95.jpg\" data-src=\"https:\/\/www.camping-florac.com\/wp-content\/uploads\/2021\/03\/riviere-tarn.jpg\" alt=\"riviere tarn\" class=\"images_image\" \/><\/div><div class=\"image\"><img decoding=\"async\" src=\"https:\/\/www.camping-florac.com\/wp-content\/uploads\/2021\/03\/promenade-bord-de-riviere-100x95.jpg\" data-src=\"https:\/\/www.camping-florac.com\/wp-content\/uploads\/2021\/03\/promenade-bord-de-riviere.jpg\" alt=\"promenade bord de riviere\" class=\"images_image\" \/><\/div><\/div><\/div><\/section>\n\n<section id=\"section-60507fed84658\"\" class=\"section bg-white p-t-0 p-b-0\" \/><div class=\"container  extralarge\"><div class=\"div-titre center\"><h2 class=\"element section-title \">ENTDECKEN SIE DEN FLUSS TARN UND SEINE BADEPL\u00c4TZE<\/h2><\/div><div class=\"element bloc-text center \">\n\t<p>In der N\u00e4he des alten und historischen Pont du Tarn l\u00e4dt der <strong class=\"bold color2\">Sandstrand<\/strong>, ges\u00e4umt von flachen Felsen, zum Faulenzen in der Sonne ein. Das Schwimmen in diesen kristallklaren Gew\u00e4ssern ist f\u00fcr alle zug\u00e4nglich, man kann Forellen und andere Fische entdecken. <\/p>\n<p><strong class=\"bold color2\">Klare Gew\u00e4sser und Naturb\u00e4der werden Sie verzaubern!<\/strong><\/p>\n<\/div><div class=\"colonnes-wrap valign-middle \"><div class=\"element colonne p-t-8\"><div class=\"element images\"><div class=\"image\"><img decoding=\"async\" src=\"https:\/\/www.camping-florac.com\/wp-content\/uploads\/2021\/03\/vacances-bord-de-riviere-lozere-91x100.jpg\" data-src=\"https:\/\/www.camping-florac.com\/wp-content\/uploads\/2021\/03\/vacances-bord-de-riviere-lozere.jpg\" alt=\"vacances bord de riviere lozere\" class=\"images_image\" \/><\/div><\/div><\/div><div class=\"element colonne \"><div class=\"element images\"><div class=\"image\"><img decoding=\"async\" src=\"https:\/\/www.camping-florac.com\/wp-content\/uploads\/2021\/03\/activites-riviere-tarn-90x100.jpg\" data-src=\"https:\/\/www.camping-florac.com\/wp-content\/uploads\/2021\/03\/activites-riviere-tarn.jpg\" alt=\"activites riviere tarn\" class=\"images_image\" \/><\/div><\/div><\/div><div class=\"element colonne \"><div class=\"element bloc-text justify \">\n\t<p>Am Ende des Campingplatzes wird Ihnen ein <strong class=\"bold color2\">Hafen der Frische und Entspannung<\/strong> geboten. Gut beschattet von den B\u00e4umen des Waldes, l\u00e4dt ein <strong class=\"bold color2\">gr\u00fcner Teppich zu s\u00fc\u00dfen Momenten der Ruhe ein, die von der Musik des Tarns und der V\u00f6gel eingelullt werden<\/strong>. <\/p>\n<p><strong class=\"bold color2\">Strand ideal f\u00fcr Kinder<\/strong>, ein gro\u00dfer flacher Teil, wird endlose Wasserspiele mit der Familie erm\u00f6glichen. Der tiefere Teil erm\u00f6glicht sicheres Schwimmen oder Segeln auf einem Schlauchboot oder anderen schwimmenden Spielen. <\/p>\n<p>\u00dcberall in Lozere k\u00f6nnen Sie den <strong class=\"bold color2\">Schwimmplatz finden, der zu Ihnen passt<\/strong>! Lozere ist das Departement der tausend Quellen und eine <strong class=\"bold color2\">Vielzahl von Fl\u00fcssen<\/strong> flie\u00dft durch Schluchten und Berge: Der Tarn, der Tarnon, der Mimente, die Jonte, der Bramont, der Lot, die Truy\u00e8re&#8230; Je nach Ihren Wanderungen wird es immer m\u00f6glich sein, sich dort zu erfrischen. <\/p>\n<p><strong class=\"bold color2\">Unser kluger Rat<\/strong>: Gehen Sie nie ohne Badeanzug spazieren!<\/p>\n<\/div><\/div><\/div><\/div><\/section>\n\n<section id=\"section-6050a6d7a33d2\"\" class=\"section bg-white\" \/><div class=\"container  extralarge\"><div class=\"div-titre center deco-h2\"><div class=\"element section-title \">Unser Pool und Dienstleistungen auf dem Campingplatz<\/div><\/div><ul class=\"liste-de-page\"><li class=\"element call-to-action carre call-to-action--style-1 call-to-action--normal\"><a href=\"https:\/\/www.camping-florac.com\/de\/camping-animationen-lozere\/\"  class=\"call-to-action_link\" title=\"En savoir plus sur die animationen\"><div class=\"call-to-action_image\"><img decoding=\"async\" src=\"https:\/\/www.camping-florac.com\/wp-content\/uploads\/2021\/03\/animations-tarn-100x56.jpg\" data-src=\"https:\/\/www.camping-florac.com\/wp-content\/uploads\/2021\/03\/animations-tarn.jpg\" alt=\"animations tarn\" class=\"normal\" \/><\/div><div class=\"call-to-action_contenu\"><div class=\"call-to-action_titre\">Die Animationen<\/div><\/div><\/a><\/li><li class=\"element call-to-action carre call-to-action--style-1 call-to-action--normal call-to-action--style-1 call-to-action--normal\"><a href=\"https:\/\/www.camping-florac.com\/de\/camping-restaurant-lozere\/\"  class=\"call-to-action_link\" title=\"En savoir plus sur die dienste\"><div class=\"call-to-action_image\"><img decoding=\"async\" src=\"https:\/\/www.camping-florac.com\/wp-content\/uploads\/2021\/03\/restaurant-pizza-100x56.jpg\" data-src=\"https:\/\/www.camping-florac.com\/wp-content\/uploads\/2021\/03\/restaurant-pizza.jpg\" alt=\"restaurant pizza\" class=\"normal\" \/><\/div><div class=\"call-to-action_contenu\"><div class=\"call-to-action_titre\">Die Dienste<\/div><\/div><\/a><\/li><li class=\"element call-to-action carre call-to-action--style-1 call-to-action--normal call-to-action--style-1 call-to-action--normal call-to-action--style-1 call-to-action--normal\"><a href=\"https:\/\/www.camping-florac.com\/de\/camping-schwimmbad-lozere\/\"  class=\"call-to-action_link\" title=\"En savoir plus sur der pool\"><div class=\"call-to-action_image\"><img decoding=\"async\" src=\"https:\/\/www.camping-florac.com\/wp-content\/uploads\/2021\/03\/piscine-tarn-100x56.jpg\" data-src=\"https:\/\/www.camping-florac.com\/wp-content\/uploads\/2021\/03\/piscine-tarn.jpg\" alt=\"piscine tarn\" class=\"normal\" \/><\/div><div class=\"call-to-action_contenu\"><div class=\"call-to-action_titre\">Der Pool<\/div><\/div><\/a><\/li><\/ul><\/div><\/section>","protected":false},"excerpt":{"rendered":"","protected":false},"author":1,"featured_media":893,"parent":0,"menu_order":0,"comment_status":"closed","ping_status":"closed","template":"","meta":{"_acf_changed":false,"footnotes":""},"class_list":["post-2429","page","type-page","status-publish","has-post-thumbnail","hentry"],"acf":[],"yoast_head":"<!-- This site is optimized with the Yoast SEO plugin v22.2 - https:\/\/yoast.com\/wordpress\/plugins\/seo\/ -->\n<title>Camping am Fluss Tarn | Schwimmen im Fluss Tarn, Loz\u00e8re<\/title>\n<meta name=\"robots\" content=\"index, follow, max-snippet:-1, max-image-preview:large, max-video-preview:-1\" \/>\n<link rel=\"canonical\" href=\"https:\/\/www.camping-florac.com\/de\/camping-fluss-tarn\/\" \/>\n<meta property=\"og:locale\" content=\"de_DE\" \/>\n<meta property=\"og:type\" content=\"article\" \/>\n<meta property=\"og:title\" content=\"Camping am Fluss Tarn | Schwimmen im Fluss Tarn, Loz\u00e8re\" \/>\n<meta property=\"og:url\" content=\"https:\/\/www.camping-florac.com\/de\/camping-fluss-tarn\/\" \/>\n<meta property=\"og:site_name\" content=\"Camping Pont du Tarn\" \/>\n<meta property=\"article:modified_time\" content=\"2022-01-17T08:22:43+00:00\" \/>\n<meta property=\"og:image\" content=\"https:\/\/www.camping-florac.com\/wp-content\/uploads\/2021\/03\/camping-bord-riviere-lozere.jpg\" \/>\n\t<meta property=\"og:image:width\" content=\"1903\" \/>\n\t<meta property=\"og:image:height\" content=\"500\" \/>\n\t<meta property=\"og:image:type\" content=\"image\/jpeg\" \/>\n<meta name=\"twitter:card\" content=\"summary_large_image\" \/>\n<script type=\"application\/ld+json\" class=\"yoast-schema-graph\">{\"@context\":\"https:\/\/schema.org\",\"@graph\":[{\"@type\":\"WebPage\",\"@id\":\"https:\/\/www.camping-florac.com\/de\/camping-fluss-tarn\/\",\"url\":\"https:\/\/www.camping-florac.com\/de\/camping-fluss-tarn\/\",\"name\":\"Camping am Fluss Tarn | Schwimmen im Fluss Tarn, Loz\u00e8re\",\"isPartOf\":{\"@id\":\"https:\/\/www.camping-florac.com\/de\/#website\"},\"primaryImageOfPage\":{\"@id\":\"https:\/\/www.camping-florac.com\/de\/camping-fluss-tarn\/#primaryimage\"},\"image\":{\"@id\":\"https:\/\/www.camping-florac.com\/de\/camping-fluss-tarn\/#primaryimage\"},\"thumbnailUrl\":\"https:\/\/www.camping-florac.com\/wp-content\/uploads\/2021\/03\/camping-bord-riviere-lozere.jpg\",\"datePublished\":\"2021-03-15T09:12:15+00:00\",\"dateModified\":\"2022-01-17T08:22:43+00:00\",\"breadcrumb\":{\"@id\":\"https:\/\/www.camping-florac.com\/de\/camping-fluss-tarn\/#breadcrumb\"},\"inLanguage\":\"de\",\"potentialAction\":[{\"@type\":\"ReadAction\",\"target\":[\"https:\/\/www.camping-florac.com\/de\/camping-fluss-tarn\/\"]}]},{\"@type\":\"ImageObject\",\"inLanguage\":\"de\",\"@id\":\"https:\/\/www.camping-florac.com\/de\/camping-fluss-tarn\/#primaryimage\",\"url\":\"https:\/\/www.camping-florac.com\/wp-content\/uploads\/2021\/03\/camping-bord-riviere-lozere.jpg\",\"contentUrl\":\"https:\/\/www.camping-florac.com\/wp-content\/uploads\/2021\/03\/camping-bord-riviere-lozere.jpg\",\"width\":1903,\"height\":500,\"caption\":\"camping bord riviere lozere\"},{\"@type\":\"BreadcrumbList\",\"@id\":\"https:\/\/www.camping-florac.com\/de\/camping-fluss-tarn\/#breadcrumb\",\"itemListElement\":[{\"@type\":\"ListItem\",\"position\":1,\"name\":\"Camping Loz\u00e8re\",\"item\":\"https:\/\/www.camping-florac.com\/de\/\"},{\"@type\":\"ListItem\",\"position\":2,\"name\":\"Rand des Flusses Tarn\"}]},{\"@type\":\"WebSite\",\"@id\":\"https:\/\/www.camping-florac.com\/de\/#website\",\"url\":\"https:\/\/www.camping-florac.com\/de\/\",\"name\":\"Camping Pont du Tarn\",\"description\":\"\",\"potentialAction\":[{\"@type\":\"SearchAction\",\"target\":{\"@type\":\"EntryPoint\",\"urlTemplate\":\"https:\/\/www.camping-florac.com\/de\/?s={search_term_string}\"},\"query-input\":\"required name=search_term_string\"}],\"inLanguage\":\"de\"}]}<\/script>\n<!-- \/ Yoast SEO plugin. -->","yoast_head_json":{"title":"Camping am Fluss Tarn | Schwimmen im Fluss Tarn, Loz\u00e8re","robots":{"index":"index","follow":"follow","max-snippet":"max-snippet:-1","max-image-preview":"max-image-preview:large","max-video-preview":"max-video-preview:-1"},"canonical":"https:\/\/www.camping-florac.com\/de\/camping-fluss-tarn\/","og_locale":"de_DE","og_type":"article","og_title":"Camping am Fluss Tarn | Schwimmen im Fluss Tarn, Loz\u00e8re","og_url":"https:\/\/www.camping-florac.com\/de\/camping-fluss-tarn\/","og_site_name":"Camping Pont du Tarn","article_modified_time":"2022-01-17T08:22:43+00:00","og_image":[{"width":1903,"height":500,"url":"https:\/\/www.camping-florac.com\/wp-content\/uploads\/2021\/03\/camping-bord-riviere-lozere.jpg","type":"image\/jpeg"}],"twitter_card":"summary_large_image","schema":{"@context":"https:\/\/schema.org","@graph":[{"@type":"WebPage","@id":"https:\/\/www.camping-florac.com\/de\/camping-fluss-tarn\/","url":"https:\/\/www.camping-florac.com\/de\/camping-fluss-tarn\/","name":"Camping am Fluss Tarn | Schwimmen im Fluss Tarn, Loz\u00e8re","isPartOf":{"@id":"https:\/\/www.camping-florac.com\/de\/#website"},"primaryImageOfPage":{"@id":"https:\/\/www.camping-florac.com\/de\/camping-fluss-tarn\/#primaryimage"},"image":{"@id":"https:\/\/www.camping-florac.com\/de\/camping-fluss-tarn\/#primaryimage"},"thumbnailUrl":"https:\/\/www.camping-florac.com\/wp-content\/uploads\/2021\/03\/camping-bord-riviere-lozere.jpg","datePublished":"2021-03-15T09:12:15+00:00","dateModified":"2022-01-17T08:22:43+00:00","breadcrumb":{"@id":"https:\/\/www.camping-florac.com\/de\/camping-fluss-tarn\/#breadcrumb"},"inLanguage":"de","potentialAction":[{"@type":"ReadAction","target":["https:\/\/www.camping-florac.com\/de\/camping-fluss-tarn\/"]}]},{"@type":"ImageObject","inLanguage":"de","@id":"https:\/\/www.camping-florac.com\/de\/camping-fluss-tarn\/#primaryimage","url":"https:\/\/www.camping-florac.com\/wp-content\/uploads\/2021\/03\/camping-bord-riviere-lozere.jpg","contentUrl":"https:\/\/www.camping-florac.com\/wp-content\/uploads\/2021\/03\/camping-bord-riviere-lozere.jpg","width":1903,"height":500,"caption":"camping bord riviere lozere"},{"@type":"BreadcrumbList","@id":"https:\/\/www.camping-florac.com\/de\/camping-fluss-tarn\/#breadcrumb","itemListElement":[{"@type":"ListItem","position":1,"name":"Camping Loz\u00e8re","item":"https:\/\/www.camping-florac.com\/de\/"},{"@type":"ListItem","position":2,"name":"Rand des Flusses Tarn"}]},{"@type":"WebSite","@id":"https:\/\/www.camping-florac.com\/de\/#website","url":"https:\/\/www.camping-florac.com\/de\/","name":"Camping Pont du Tarn","description":"","potentialAction":[{"@type":"SearchAction","target":{"@type":"EntryPoint","urlTemplate":"https:\/\/www.camping-florac.com\/de\/?s={search_term_string}"},"query-input":"required name=search_term_string"}],"inLanguage":"de"}]}},"_links":{"self":[{"href":"https:\/\/www.camping-florac.com\/de\/wp-json\/wp\/v2\/pages\/2429","targetHints":{"allow":["GET"]}}],"collection":[{"href":"https:\/\/www.camping-florac.com\/de\/wp-json\/wp\/v2\/pages"}],"about":[{"href":"https:\/\/www.camping-florac.com\/de\/wp-json\/wp\/v2\/types\/page"}],"author":[{"embeddable":true,"href":"https:\/\/www.camping-florac.com\/de\/wp-json\/wp\/v2\/users\/1"}],"replies":[{"embeddable":true,"href":"https:\/\/www.camping-florac.com\/de\/wp-json\/wp\/v2\/comments?post=2429"}],"version-history":[{"count":12,"href":"https:\/\/www.camping-florac.com\/de\/wp-json\/wp\/v2\/pages\/2429\/revisions"}],"predecessor-version":[{"id":3727,"href":"https:\/\/www.camping-florac.com\/de\/wp-json\/wp\/v2\/pages\/2429\/revisions\/3727"}],"wp:featuredmedia":[{"embeddable":true,"href":"https:\/\/www.camping-florac.com\/de\/wp-json\/wp\/v2\/media\/893"}],"wp:attachment":[{"href":"https:\/\/www.camping-florac.com\/de\/wp-json\/wp\/v2\/media?parent=2429"}],"curies":[{"name":"wp","href":"https:\/\/api.w.org\/{rel}","templated":true}]}}