{"id":2425,"date":"2021-03-15T10:12:36","date_gmt":"2021-03-15T09:12:36","guid":{"rendered":"https:\/\/www.camping-florac.com\/location-emplacement-tarn\/"},"modified":"2021-11-11T14:30:50","modified_gmt":"2021-11-11T13:30:50","slug":"vermietung-standort-tarn","status":"publish","type":"page","link":"https:\/\/www.camping-florac.com\/de\/vermietung-standort-tarn\/","title":{"rendered":"Dormir : Nos emplacements"},"content":{"rendered":"<section id=\"section-604f24cbc089b\"\" class=\"section bg-white p-b-0\" \/><div class=\"container  extralarge\"><div class=\"div-titre center deco-h1\"><h1 class=\"element section-title \">Stellplatz mieten in Florac<\/h1><\/div><ul class=\"liste-de-page hebergements\"><div class=\"row \"><li class=\"element hebergement call-to-action call-to-action--style-2 center deco-h1  nombre-de-personnes-26 superficie-80\"><div class=\"hebergement_link\" id=\"2796\"><div class=\"call-to-action_image\"><img decoding=\"async\" src=\"https:\/\/www.camping-florac.com\/wp-content\/uploads\/2021\/03\/table-camping-car.jpg\" data-src=\"https:\/\/www.camping-florac.com\/wp-content\/uploads\/2021\/03\/table-camping-car.jpg\" alt=\"table camping car\" class=\"\" \/><\/div><div class=\"call-to-action_contenu\"><div class=\"call-to-action_titre\">Wohnmobil Zwischenstopp Abend<\/div><\/div><div class=\"hebergement-attributs\"><span class=\"attribut nombre-de-personnes\">2\/6<\/span><span class=\"attribut superficie\">80m\u00b2<\/span><\/div><\/div><\/li><li class=\"element hebergement call-to-action call-to-action--style-2 center deco-h1  nombre-de-personnes-25 superficie-90\"><div class=\"hebergement_link\" id=\"2784\"><div class=\"call-to-action_image\"><img decoding=\"async\" src=\"https:\/\/www.camping-florac.com\/wp-content\/uploads\/2021\/03\/StefCande_Quechua_Camp_Annecy_Juin25_1014.jpg\" data-src=\"https:\/\/www.camping-florac.com\/wp-content\/uploads\/2021\/03\/StefCande_Quechua_Camp_Annecy_Juin25_1014.jpg\" alt=\"\" class=\"\" \/><\/div><div class=\"call-to-action_contenu\"><div class=\"call-to-action_titre\">Forfait Bereit zum Campen<\/div><\/div><div class=\"hebergement-attributs\"><span class=\"attribut nombre-de-personnes\">2\/5<\/span><span class=\"attribut superficie\">90m\u00b2<\/span><\/div><\/div><\/li><li class=\"element hebergement call-to-action call-to-action--style-2 center deco-h1  nombre-de-personnes-26 superficie-90\"><div class=\"hebergement_link\" id=\"2779\"><div class=\"call-to-action_image\"><img decoding=\"async\" src=\"https:\/\/www.camping-florac.com\/wp-content\/uploads\/2021\/03\/freecamp-entree.jpg\" data-src=\"https:\/\/www.camping-florac.com\/wp-content\/uploads\/2021\/03\/freecamp-entree.jpg\" alt=\"freecamp entree\" class=\"\" \/><\/div><div class=\"call-to-action_contenu\"><div class=\"call-to-action_titre\">Pauschale Super Premium: eigene Sanit\u00e4ranlagen, Kochnische, \u00fcberdachte Terrasse mit Essbereich<\/div><\/div><div class=\"hebergement-attributs\"><span class=\"attribut nombre-de-personnes\">2\/6<\/span><span class=\"attribut superficie\">90m\u00b2<\/span><\/div><\/div><\/li><li class=\"element hebergement call-to-action call-to-action--style-2 center deco-h1  nombre-de-personnes-26 superficie-80\"><div class=\"hebergement_link\" id=\"2752\"><div class=\"call-to-action_image\"><img decoding=\"async\" src=\"https:\/\/www.camping-florac.com\/wp-content\/uploads\/2021\/03\/freecamp-camping.jpg\" data-src=\"https:\/\/www.camping-florac.com\/wp-content\/uploads\/2021\/03\/freecamp-camping.jpg\" alt=\"freecamp camping\" class=\"\" \/><\/div><div class=\"call-to-action_contenu\"><div class=\"call-to-action_titre\">Freecamp Original Premium-Paket<\/div><\/div><div class=\"hebergement-attributs\"><span class=\"attribut nombre-de-personnes\">2\/6<\/span><span class=\"attribut superficie\">80m\u00b2<\/span><\/div><\/div><\/li><li class=\"element hebergement call-to-action call-to-action--style-2 center deco-h1  nombre-de-personnes-26 superficie-125\"><div class=\"hebergement_link\" id=\"2748\"><div class=\"call-to-action_image\"><img decoding=\"async\" src=\"https:\/\/www.camping-florac.com\/wp-content\/uploads\/2021\/03\/camping-emplacement.jpg\" data-src=\"https:\/\/www.camping-florac.com\/wp-content\/uploads\/2021\/03\/camping-emplacement.jpg\" alt=\"camping emplacement\" class=\"\" \/><\/div><div class=\"call-to-action_contenu\"><div class=\"call-to-action_titre\">Privilegienpaket am Ufer des Tarn<\/div><\/div><div class=\"hebergement-attributs\"><span class=\"attribut nombre-de-personnes\">2\/6<\/span><span class=\"attribut superficie\">125m\u00b2<\/span><\/div><\/div><\/li><li class=\"element hebergement call-to-action call-to-action--style-2 center deco-h1  nombre-de-personnes-26 superficie-100\"><div class=\"hebergement_link\" id=\"2739\"><div class=\"call-to-action_image\"><img decoding=\"async\" src=\"https:\/\/www.camping-florac.com\/wp-content\/uploads\/2021\/03\/camping-emplacement.jpg\" data-src=\"https:\/\/www.camping-florac.com\/wp-content\/uploads\/2021\/03\/camping-emplacement.jpg\" alt=\"camping emplacement\" class=\"\" \/><\/div><div class=\"call-to-action_contenu\"><div class=\"call-to-action_titre\">Pauschale Grand Confort mit pergola<\/div><\/div><div class=\"hebergement-attributs\"><span class=\"attribut nombre-de-personnes\">2\/6<\/span><span class=\"attribut superficie\">100m\u00b2<\/span><\/div><\/div><\/li><li class=\"element hebergement call-to-action call-to-action--style-2 center deco-h1  nombre-de-personnes-26 superficie-100\"><div class=\"hebergement_link\" id=\"2741\"><div class=\"call-to-action_image\"><img decoding=\"async\" src=\"https:\/\/www.camping-florac.com\/wp-content\/uploads\/2021\/03\/camping-tentes.jpg\" data-src=\"https:\/\/www.camping-florac.com\/wp-content\/uploads\/2021\/03\/camping-tentes.jpg\" alt=\"camping tentes\" class=\"\" \/><\/div><div class=\"call-to-action_contenu\"><div class=\"call-to-action_titre\">Pauschale Komfort<\/div><\/div><div class=\"hebergement-attributs\"><span class=\"attribut nombre-de-personnes\">2\/6<\/span><span class=\"attribut superficie\">100m\u00b2<\/span><\/div><\/div><\/li><li class=\"element hebergement call-to-action call-to-action--style-2 center deco-h1  nombre-de-personnes-26 superficie-100\"><div class=\"hebergement_link\" id=\"2735\"><div class=\"call-to-action_image\"><img decoding=\"async\" src=\"https:\/\/www.camping-florac.com\/wp-content\/uploads\/2021\/03\/tente-emplacement.jpg\" data-src=\"https:\/\/www.camping-florac.com\/wp-content\/uploads\/2021\/03\/tente-emplacement.jpg\" alt=\"tente emplacement\" class=\"\" \/><\/div><div class=\"call-to-action_contenu\"><div class=\"call-to-action_titre\">Pauschale Nature- ohne Strom<\/div><\/div><div class=\"hebergement-attributs\"><span class=\"attribut nombre-de-personnes\">2\/6<\/span><span class=\"attribut superficie\">100m\u00b2<\/span><\/div><\/div><\/li><\/div><\/ul><\/div><\/section>\n\n<section id=\"section-60507fed8567e\"\" class=\"section bg-white p-b-0\" \/><div class=\"container  full\"><div class=\"colonnes-wrap valign-top \"><div class=\"element colonne p-x-10\"><div class=\"div-titre center\"><h2 class=\"element section-title \">Unsere Standorte in Loz\u00e8re<\/h2><\/div><div class=\"element bloc-text center \">\n\t<p>Auf einer H\u00f6he von 550 Metern in einer Umgebung, die der Entspannung f\u00f6rderlich ist, bleiben Sie <strong class=\"bold color2\">so nah an der Natur<\/strong> in Florac in Okzitanien, am Fu\u00dfe der Causse M\u00e9jean und ihrer Kronen.<\/p>\n<p>Auf einem flachen und leicht zug\u00e4nglichen Gel\u00e4nde werden Ihnen auf dem <a href=\"\/de\/\">Camping Le Pont du Tarn<\/a> verschiedene Arten von Caravaning-Stellpl\u00e4tzen angeboten und Sie k\u00f6nnen zwischen <strong class=\"bold color2\">verschiedenen Komfortstufen<\/strong> und Lagen w\u00e4hlen: elektrifiziert oder nicht, in der N\u00e4he der Einrichtungen, des Schwimmbads, der Sanit\u00e4ranlagen oder einfach isoliert.<\/p>\n<p>Unsere <strong class=\"bold color2\">149 Stellpl\u00e4tze<\/strong> sind einfach durch ein paar B\u00e4ume oder Hecken abgegrenzt, auf einem nat\u00fcrlichen Gel\u00e4nde, bepflanzt mit verschiedenen Arten. <\/p>\n<p><strong class=\"bold color2\">Die bewaldete und authentische Umgebung<\/strong>, der Fluss, der friedlich entlang des Campingplatzes flie\u00dft, sind die Garantie f\u00fcr einen naturnahen Urlaub und bieten Ihnen <strong class=\"bold color2\">wundersch\u00f6ne Familienferien<\/strong> in der N\u00e4he der Gorges du Tarn und ihrer au\u00dfergew\u00f6hnlichen Schlucht.<\/p>\n<p>Die Stellpl\u00e4tze sind ger\u00e4umig, zwischen 80 und 180 m\u00b2 gro\u00df und verteilen sich \u00fcber 3,5 Hektar. Sie stehen <strong class=\"bold color2\">sonnig<\/strong>, <strong class=\"bold color2\">halbschattig oder schattig<\/strong> auf einem meist grasbewachsenen Boden. Die Gesamtfl\u00e4che des Gel\u00e4ndes betr\u00e4gt 5 Hektar und bietet somit Platz f\u00fcr alle.<\/p>\n<p><strong class=\"bold color2\">Neu in 2021:<\/strong> <\/p>\n<ul>\n<li>Einzigartig in Florac Trois Rivi\u00e8re, k\u00f6nnen Sie auf einem Campingplatz bleiben, auf einem angenehmen Platz, ausgestattet mit einem <strong class=\"bold color2\">Freecamp Guinguette oder Original<\/strong>.\n<p>Private Sanit\u00e4ranlagen, eine K\u00fcchenzeile mit Sp\u00fcle, ein K\u00fchlschrank und f\u00fcr die Guinguette ein gesch\u00fctzter Essbereich, das Premium-Freecamp-Paket bietet die Kombination aus traditionellem Camping und Komfort f\u00fcr ein au\u00dfergew\u00f6hnliches Erlebnis!<\/li>\n<li><strong class=\"bold color2\">Wohnmobil-Empfang und Servicebereich<\/strong><br \/>\nBeim abendlichen Zwischenstopp f\u00fcr eine Nacht, beim traditionellen Aufenthalt oder auf der Durchreise, um die Aufgaben des Entleerens und Bef\u00fcllens zu erledigen, sind unsere Wohnmobilfreunde willkommen!<\/p>\n<p>Der Zugang wird durch unser automatisches Terminal erleichtert, das eine Ankunft bis 23 Uhr erm\u00f6glicht.<\/li>\n<\/ul>\n<p>Die meisten Caravaning-Stellpl\u00e4tze sind mit einem Stromanschluss ausgestattet und die angebotenen 10 Ampere garantieren Ihnen einen <strong class=\"bold color2\">unverzichtbaren Nutzungskomfort<\/strong>. <\/p>\n<p>Einige Stellpl\u00e4tze sind mit Wasser- und Abwasseranschluss ausgestattet, andere liegen am <strong class=\"bold color2\">Flussufer<\/strong> mit direktem Zugang zum Baden im klaren Wasser des Tarns.<\/p>\n<p>Ein Servicebereich f\u00fcr Wohnmobile ist ebenfalls vorhanden.<\/p>\n<p>Ob mit Zelt, Wohnwagen oder Wohnmobil, auf dem Camping Le Pont du Tarn finden Sie den Stellplatz, der zu Ihnen passt f\u00fcr <strong class=\"bold color2\">Ferien, die zu Ihnen passen<\/strong>!<\/p>\n<p>F\u00fcr eine sorgenfreie Installation ist ein <strong class=\"bold color2\">europ\u00e4ischer P17-Stecker<\/strong> sowie ein mindestens 20 Meter langes Verl\u00e4ngerungskabel unbedingt erforderlich, ebenso wie eine Plane oder ein Unterstand f\u00fcr gemietete K\u00fchlschr\u00e4nke. <\/p>\n<\/div><\/div><div class=\"element colonne \"><div class=\"div-titre center\"><h2 class=\"element section-title \">Unsere sanit\u00e4ren Anlagen zu Ihrer Verf\u00fcgung<\/h2><\/div><div class=\"element bloc-text center \">\n\t<p>Verteilt \u00fcber das <strong class=\"color2\">wundersch\u00f6ne Gel\u00e4nde des Camping Le Pont du Tarn im Languedoc Roussillon<\/strong>, stehen Ihnen 3 Sanit\u00e4ranlagen rund um die Uhr zur Verf\u00fcgung und bieten allen Komfort <strong class=\"bold color2\">unverzichtbar f\u00fcr die ganze Familie<\/strong> : warme Duschen mit freiem Zugang, Waschbecken in der Kabine oder nicht, kalte Dusche f\u00fcr die Mutigen, Toiletten und Pissoirs, W\u00e4sche- und Geschirrsp\u00fclbeh\u00e4lter&#8230;<\/p>\n<p>Der <strong class=\"bold color2\">Hauptsanit\u00e4rbereich<\/strong>, wird je nach Jahreszeit und Wetterlage beheizt. F\u00fcr Babys und Kinder ist ein eigener Raum vorgesehen. F\u00fcr Menschen mit eingeschr\u00e4nkter Mobilit\u00e4t gibt es au\u00dferdem 2 Duschkabinen, die mit St\u00fctzstangen und Duschsitzen ausgestattet sind, sowie angepasste Toiletten.<\/p>\n<p>In der N\u00e4he der Pizzeria und des Strandes, die gro\u00dfen Duschen dieses Sanit\u00e4rbereiches, werden Ihnen <strong class=\"bold color2\">Familienduschen<\/strong> erm\u00f6glichen.<\/p>\n<\/div><div class=\"div-titre center\"><h2 class=\"element section-title \">Unser Angebot an Stellpl\u00e4tzen in Loz\u00e8re<\/h2><\/div><div class=\"element bloc-text center \">\n\t<p>Da jeder Camper anders ist, finden Sie in Florac, verschiedene Ebenen des Komforts, um einen Aufenthalt zu genie\u00dfen, die Sie in der <strong class=\"bold color2\">Herz des Cevennen-Nationalpark<\/strong> \u00e4hnelt:<\/p>\n<ul>\n<li><strong class=\"bold color2\">Natur<\/strong>: ohne Strom, zwischen 80 und 100 m\u00b2.<\/li>\n<li><strong class=\"bold color2\">Komfort<\/strong>: mit Strom, zwischen 80 und 110 qm.<\/li>\n<li><strong class=\"bold color2\">Grand Confort<\/strong> : mit Stromanschluss und eigener Pergola, zwischen 100 und 130 m\u00b2.<\/li>\n<li><strong class=\"bold color2\">Privilege<\/strong> : mit Stromanschluss, Pergola und Flussufer oder -rand, zwischen 90 und 180 m\u00b2.<\/li>\n<\/ul>\n<p>F\u00fcr einen komfortablen Aufenthalt bieten wir <strong class=\"bold color2\">K\u00fchlschr\u00e4nke &#8222;table top&#8220;<\/strong> zur Miete an, die wir auf Ihren Stellplatz stellen. Die Reservierung ist unbedingt erforderlich. <\/p>\n<p><strong class=\"bold color2\">Neu im Jahr 2021<\/strong>: W\u00e4hlen Sie die Premium-Version von Camping in Lozere.  <\/p>\n<p>Unsere <strong class=\"bold color2\">2 Modelle Freecamp Original und Guinguette<\/strong> erm\u00f6glichen es Ihnen, auf Ihrem Stellplatz den Komfort einer privaten Sanit\u00e4ranlage und einer individuellen K\u00fcchenzeile zu genie\u00dfen:<\/p>\n<ul>\n<li><strong class=\"bold color2\">Freecamp Premium Original<\/strong>: der optimale Komfort auf Ihrem Stellplatz mit einem Badezimmer, einer eigenen Toilette, einer mit K\u00fchlschrank ausgestatteten Kochnische und einem Sp\u00fclbecken.<\/li>\n<li><strong class=\"bold color2\">Freecamp Premium Guinguette<\/strong>: das ultimative Campingerlebnis: eigenes Bad und WC, K\u00fcchenzeile mit gro\u00dfem K\u00fchlschrank, Sp\u00fcle und \u00fcberdachtem Essbereich.<\/li>\n<\/ul>\n<\/div><\/div><\/div><\/div><\/section>\n\n<section id=\"section-6050a6d7a33d2\"\" class=\"section bg-white\" \/><div class=\"container  extralarge\"><div class=\"div-titre center deco-h2\"><div class=\"element section-title \">Unsere Vermietungen und Dienstleistungen auf dem Campingplatz<\/div><\/div><ul class=\"liste-de-page\"><li class=\"element call-to-action carre call-to-action--style-1 call-to-action--normal\"><a href=\"https:\/\/www.camping-florac.com\/de\/camping-animationen-lozere\/\"  class=\"call-to-action_link\" title=\"En savoir plus sur die animationen\"><div class=\"call-to-action_image\"><img decoding=\"async\" src=\"https:\/\/www.camping-florac.com\/wp-content\/uploads\/2021\/03\/animations-tarn-100x56.jpg\" data-src=\"https:\/\/www.camping-florac.com\/wp-content\/uploads\/2021\/03\/animations-tarn.jpg\" alt=\"animations tarn\" class=\"normal\" \/><\/div><div class=\"call-to-action_contenu\"><div class=\"call-to-action_titre\">Die Animationen<\/div><\/div><\/a><\/li><li class=\"element call-to-action carre call-to-action--style-1 call-to-action--normal call-to-action--style-1 call-to-action--normal\"><a href=\"https:\/\/www.camping-florac.com\/de\/camping-restaurant-lozere\/\"  class=\"call-to-action_link\" title=\"En savoir plus sur die dienste\"><div class=\"call-to-action_image\"><img decoding=\"async\" src=\"https:\/\/www.camping-florac.com\/wp-content\/uploads\/2021\/03\/restaurant-pizza-100x56.jpg\" data-src=\"https:\/\/www.camping-florac.com\/wp-content\/uploads\/2021\/03\/restaurant-pizza.jpg\" alt=\"restaurant pizza\" class=\"normal\" \/><\/div><div class=\"call-to-action_contenu\"><div class=\"call-to-action_titre\">Die Dienste<\/div><\/div><\/a><\/li><li class=\"element call-to-action carre call-to-action--style-1 call-to-action--normal call-to-action--style-1 call-to-action--normal call-to-action--style-1 call-to-action--normal\"><a href=\"https:\/\/www.camping-florac.com\/de\/vermietung-mobil-heimat-tarn\/\"  class=\"call-to-action_link\" title=\"En savoir plus sur unsere vermietungen\"><div class=\"call-to-action_image\"><img decoding=\"async\" src=\"https:\/\/www.camping-florac.com\/wp-content\/uploads\/2021\/03\/mobil-home-exterieur-100x56.jpg\" data-src=\"https:\/\/www.camping-florac.com\/wp-content\/uploads\/2021\/03\/mobil-home-exterieur.jpg\" alt=\"Cabanes\" class=\"normal\" \/><\/div><div class=\"call-to-action_contenu\"><div class=\"call-to-action_titre\">Unsere Vermietungen<\/div><\/div><\/a><\/li><\/ul><\/div><\/section>","protected":false},"excerpt":{"rendered":"","protected":false},"author":1,"featured_media":1558,"parent":0,"menu_order":0,"comment_status":"closed","ping_status":"closed","template":"","meta":{"_acf_changed":false,"footnotes":""},"class_list":["post-2425","page","type-page","status-publish","has-post-thumbnail","hentry"],"acf":[],"yoast_head":"<!-- This site is optimized with the Yoast SEO plugin v22.2 - https:\/\/yoast.com\/wordpress\/plugins\/seo\/ -->\n<title>Einen Stellplatz in Loz\u00e8re mieten | Einen Wohnwagen in Loz\u00e8re - Tarn mieten<\/title>\n<meta name=\"robots\" content=\"index, follow, max-snippet:-1, max-image-preview:large, max-video-preview:-1\" \/>\n<link rel=\"canonical\" href=\"https:\/\/www.camping-florac.com\/de\/vermietung-standort-tarn\/\" \/>\n<meta property=\"og:locale\" content=\"de_DE\" \/>\n<meta property=\"og:type\" content=\"article\" \/>\n<meta property=\"og:title\" content=\"Einen Stellplatz in Loz\u00e8re mieten | Einen Wohnwagen in Loz\u00e8re - Tarn mieten\" \/>\n<meta property=\"og:url\" content=\"https:\/\/www.camping-florac.com\/de\/vermietung-standort-tarn\/\" \/>\n<meta property=\"og:site_name\" content=\"Camping Pont du Tarn\" \/>\n<meta property=\"article:modified_time\" content=\"2021-11-11T13:30:50+00:00\" \/>\n<meta property=\"og:image\" content=\"https:\/\/www.camping-florac.com\/wp-content\/uploads\/2021\/03\/famille-tente.jpg\" \/>\n\t<meta property=\"og:image:width\" content=\"1903\" \/>\n\t<meta property=\"og:image:height\" content=\"450\" \/>\n\t<meta property=\"og:image:type\" content=\"image\/jpeg\" \/>\n<meta name=\"twitter:card\" content=\"summary_large_image\" \/>\n<script type=\"application\/ld+json\" class=\"yoast-schema-graph\">{\"@context\":\"https:\/\/schema.org\",\"@graph\":[{\"@type\":\"WebPage\",\"@id\":\"https:\/\/www.camping-florac.com\/de\/vermietung-standort-tarn\/\",\"url\":\"https:\/\/www.camping-florac.com\/de\/vermietung-standort-tarn\/\",\"name\":\"Einen Stellplatz in Loz\u00e8re mieten | Einen Wohnwagen in Loz\u00e8re - Tarn mieten\",\"isPartOf\":{\"@id\":\"https:\/\/www.camping-florac.com\/de\/#website\"},\"primaryImageOfPage\":{\"@id\":\"https:\/\/www.camping-florac.com\/de\/vermietung-standort-tarn\/#primaryimage\"},\"image\":{\"@id\":\"https:\/\/www.camping-florac.com\/de\/vermietung-standort-tarn\/#primaryimage\"},\"thumbnailUrl\":\"https:\/\/www.camping-florac.com\/wp-content\/uploads\/2021\/03\/famille-tente.jpg\",\"datePublished\":\"2021-03-15T09:12:36+00:00\",\"dateModified\":\"2021-11-11T13:30:50+00:00\",\"breadcrumb\":{\"@id\":\"https:\/\/www.camping-florac.com\/de\/vermietung-standort-tarn\/#breadcrumb\"},\"inLanguage\":\"de\",\"potentialAction\":[{\"@type\":\"ReadAction\",\"target\":[\"https:\/\/www.camping-florac.com\/de\/vermietung-standort-tarn\/\"]}]},{\"@type\":\"ImageObject\",\"inLanguage\":\"de\",\"@id\":\"https:\/\/www.camping-florac.com\/de\/vermietung-standort-tarn\/#primaryimage\",\"url\":\"https:\/\/www.camping-florac.com\/wp-content\/uploads\/2021\/03\/famille-tente.jpg\",\"contentUrl\":\"https:\/\/www.camping-florac.com\/wp-content\/uploads\/2021\/03\/famille-tente.jpg\",\"width\":1903,\"height\":450,\"caption\":\"1195384\"},{\"@type\":\"BreadcrumbList\",\"@id\":\"https:\/\/www.camping-florac.com\/de\/vermietung-standort-tarn\/#breadcrumb\",\"itemListElement\":[{\"@type\":\"ListItem\",\"position\":1,\"name\":\"Camping Loz\u00e8re\",\"item\":\"https:\/\/www.camping-florac.com\/de\/\"},{\"@type\":\"ListItem\",\"position\":2,\"name\":\"Stellplatz mieten in Loz\u00e8re\"}]},{\"@type\":\"WebSite\",\"@id\":\"https:\/\/www.camping-florac.com\/de\/#website\",\"url\":\"https:\/\/www.camping-florac.com\/de\/\",\"name\":\"Camping Pont du Tarn\",\"description\":\"\",\"potentialAction\":[{\"@type\":\"SearchAction\",\"target\":{\"@type\":\"EntryPoint\",\"urlTemplate\":\"https:\/\/www.camping-florac.com\/de\/?s={search_term_string}\"},\"query-input\":\"required name=search_term_string\"}],\"inLanguage\":\"de\"}]}<\/script>\n<!-- \/ Yoast SEO plugin. -->","yoast_head_json":{"title":"Einen Stellplatz in Loz\u00e8re mieten | Einen Wohnwagen in Loz\u00e8re - Tarn mieten","robots":{"index":"index","follow":"follow","max-snippet":"max-snippet:-1","max-image-preview":"max-image-preview:large","max-video-preview":"max-video-preview:-1"},"canonical":"https:\/\/www.camping-florac.com\/de\/vermietung-standort-tarn\/","og_locale":"de_DE","og_type":"article","og_title":"Einen Stellplatz in Loz\u00e8re mieten | Einen Wohnwagen in Loz\u00e8re - Tarn mieten","og_url":"https:\/\/www.camping-florac.com\/de\/vermietung-standort-tarn\/","og_site_name":"Camping Pont du Tarn","article_modified_time":"2021-11-11T13:30:50+00:00","og_image":[{"width":1903,"height":450,"url":"https:\/\/www.camping-florac.com\/wp-content\/uploads\/2021\/03\/famille-tente.jpg","type":"image\/jpeg"}],"twitter_card":"summary_large_image","schema":{"@context":"https:\/\/schema.org","@graph":[{"@type":"WebPage","@id":"https:\/\/www.camping-florac.com\/de\/vermietung-standort-tarn\/","url":"https:\/\/www.camping-florac.com\/de\/vermietung-standort-tarn\/","name":"Einen Stellplatz in Loz\u00e8re mieten | Einen Wohnwagen in Loz\u00e8re - Tarn mieten","isPartOf":{"@id":"https:\/\/www.camping-florac.com\/de\/#website"},"primaryImageOfPage":{"@id":"https:\/\/www.camping-florac.com\/de\/vermietung-standort-tarn\/#primaryimage"},"image":{"@id":"https:\/\/www.camping-florac.com\/de\/vermietung-standort-tarn\/#primaryimage"},"thumbnailUrl":"https:\/\/www.camping-florac.com\/wp-content\/uploads\/2021\/03\/famille-tente.jpg","datePublished":"2021-03-15T09:12:36+00:00","dateModified":"2021-11-11T13:30:50+00:00","breadcrumb":{"@id":"https:\/\/www.camping-florac.com\/de\/vermietung-standort-tarn\/#breadcrumb"},"inLanguage":"de","potentialAction":[{"@type":"ReadAction","target":["https:\/\/www.camping-florac.com\/de\/vermietung-standort-tarn\/"]}]},{"@type":"ImageObject","inLanguage":"de","@id":"https:\/\/www.camping-florac.com\/de\/vermietung-standort-tarn\/#primaryimage","url":"https:\/\/www.camping-florac.com\/wp-content\/uploads\/2021\/03\/famille-tente.jpg","contentUrl":"https:\/\/www.camping-florac.com\/wp-content\/uploads\/2021\/03\/famille-tente.jpg","width":1903,"height":450,"caption":"1195384"},{"@type":"BreadcrumbList","@id":"https:\/\/www.camping-florac.com\/de\/vermietung-standort-tarn\/#breadcrumb","itemListElement":[{"@type":"ListItem","position":1,"name":"Camping Loz\u00e8re","item":"https:\/\/www.camping-florac.com\/de\/"},{"@type":"ListItem","position":2,"name":"Stellplatz mieten in Loz\u00e8re"}]},{"@type":"WebSite","@id":"https:\/\/www.camping-florac.com\/de\/#website","url":"https:\/\/www.camping-florac.com\/de\/","name":"Camping Pont du Tarn","description":"","potentialAction":[{"@type":"SearchAction","target":{"@type":"EntryPoint","urlTemplate":"https:\/\/www.camping-florac.com\/de\/?s={search_term_string}"},"query-input":"required name=search_term_string"}],"inLanguage":"de"}]}},"_links":{"self":[{"href":"https:\/\/www.camping-florac.com\/de\/wp-json\/wp\/v2\/pages\/2425","targetHints":{"allow":["GET"]}}],"collection":[{"href":"https:\/\/www.camping-florac.com\/de\/wp-json\/wp\/v2\/pages"}],"about":[{"href":"https:\/\/www.camping-florac.com\/de\/wp-json\/wp\/v2\/types\/page"}],"author":[{"embeddable":true,"href":"https:\/\/www.camping-florac.com\/de\/wp-json\/wp\/v2\/users\/1"}],"replies":[{"embeddable":true,"href":"https:\/\/www.camping-florac.com\/de\/wp-json\/wp\/v2\/comments?post=2425"}],"version-history":[{"count":12,"href":"https:\/\/www.camping-florac.com\/de\/wp-json\/wp\/v2\/pages\/2425\/revisions"}],"predecessor-version":[{"id":3419,"href":"https:\/\/www.camping-florac.com\/de\/wp-json\/wp\/v2\/pages\/2425\/revisions\/3419"}],"wp:featuredmedia":[{"embeddable":true,"href":"https:\/\/www.camping-florac.com\/de\/wp-json\/wp\/v2\/media\/1558"}],"wp:attachment":[{"href":"https:\/\/www.camping-florac.com\/de\/wp-json\/wp\/v2\/media?parent=2425"}],"curies":[{"name":"wp","href":"https:\/\/api.w.org\/{rel}","templated":true}]}}