{"id":2423,"date":"2021-03-15T10:11:39","date_gmt":"2021-03-15T09:11:39","guid":{"rendered":"https:\/\/www.camping-florac.com\/camping-restaurant-lozere\/"},"modified":"2021-11-11T14:24:53","modified_gmt":"2021-11-11T13:24:53","slug":"camping-restaurant-lozere","status":"publish","type":"page","link":"https:\/\/www.camping-florac.com\/de\/camping-restaurant-lozere\/","title":{"rendered":"D\u00e9couvrir le camping : Nos services et pr\u00e9sentation"},"content":{"rendered":"<section id=\"section-604f24cbc089b\"\" class=\"section bg-white p-b-0\" \/><div class=\"container \"><div class=\"div-titre center deco-h1\"><h1 class=\"element section-title \">Familiencampingplatz in Loz\u00e8re<\/h1><\/div><\/div><\/section>\n\n<section id=\"section-60507fed83ef3\"\" class=\"section bg-white p-t-0 p-b-0\" \/><div class=\"container  extralarge\"><div class=\"div-titre center\"><h2 class=\"element section-title \">Der Empfang<\/h2><\/div><div class=\"element bloc-text justify \">\n\t<p>Christine, Claude und ihre Kinder Emilie und Thomas, werden <strong class=\"bold color2\">Sie mit Freude begr\u00fc\u00dfen<\/strong> und stehen Ihnen w\u00e4hrend Ihres gesamten Aufenthalts zur Verf\u00fcgung. <strong class=\"bold color2\">Familiengeist<\/strong>, <strong class=\"bold color2\">menschliche W\u00e4rme<\/strong>, <strong class=\"bold color2\">Freundlichkeit<\/strong>, <strong class=\"bold color2\">Dynamik<\/strong> sind die wesentlichen Werte, die wir und alle anderen Campingpl\u00e4tze tragen.<\/p>\n<p><strong class=\"bold color2\">Touristische Informationsbed\u00fcrfnisse<\/strong>, Ideen f\u00fcr Wanderungen, gute Pl\u00e4ne, Feste, unser gesamtes Team wird Ihnen gerne helfen, Ihren Aufenthalt auf <a href=\"\/de\/\"> Camping Le Pont du Tarn<\/a>, zu einem <strong class=\"bold color2\">gl\u00fccklichen und erholsamen Zwischenspiel<\/strong> zu machen und unsere Beratung ist immer pers\u00f6nlich. <\/p>\n<\/div><div class=\"colonnes-wrap valign-middle \"><div class=\"element colonne \"><div class=\"element bloc-text justify \">\n\t<p>Sie finden auch an der <strong class=\"bold color2\">Rezeption<\/strong>, Brettspiele, B\u00fccher zum Ausleihen oder zum Tauschen. <\/p>\n<p>Sie k\u00f6nnen auch einen <strong class=\"bold color2\">K\u00fchlschrank<\/strong>, ein Baby-Kit, Handt\u00fccher mieten oder ein Einweg-Laken-Kit kaufen.<\/p>\n<p>In Partnerschaft mit dem <strong class=\"bold color2\">Lozere Fischereiverband<\/strong> verkaufen wir dort auch Angelkarten.<\/p>\n<p>Schlie\u00dflich stehen wir Ihnen zur Verf\u00fcgung, um <strong class=\"bold color2\">Ihre Kanutouren oder einen guten Tisch<\/strong> zu buchen. <\/p>\n<p>Z\u00f6gern Sie nicht, uns sonntags um 18 Uhr (10\/07 bis 21\/08) beim Begr\u00fc\u00dfungsgetr\u00e4nk zu treffen. Wir werden gemeinsam einen <strong class=\"bold color2\">Moment der Begegnung und des Austausches<\/strong> erleben.<\/p>\n<\/div><\/div><div class=\"element colonne \"><div class=\"element images\"><div class=\"image\"><img decoding=\"async\" src=\"\" data-src=\"\" alt=\"billard buvette\" class=\"images_image\" \/><\/div><\/div><\/div><div class=\"element colonne p-t-8\"><div class=\"element images\"><div class=\"image\"><img decoding=\"async\" src=\"https:\/\/www.camping-florac.com\/wp-content\/uploads\/2021\/03\/baignade-riviere-tarn-91x100.jpg\" data-src=\"https:\/\/www.camping-florac.com\/wp-content\/uploads\/2021\/03\/baignade-riviere-tarn.jpg\" alt=\"baignade riviere tarn\" class=\"images_image\" \/><\/div><\/div><\/div><\/div><\/div><\/section>\n\n<section id=\"section-60507fed84214\"\" class=\"section bg-white\" \/><div class=\"container  full\"><div class=\"element images\"><div class=\"image\"><img decoding=\"async\" src=\"https:\/\/www.camping-florac.com\/wp-content\/uploads\/2021\/03\/snack-lozere-100x96.jpg\" data-src=\"https:\/\/www.camping-florac.com\/wp-content\/uploads\/2021\/03\/snack-lozere.jpg\" alt=\"snack lozere\" class=\"images_image\" \/><\/div><div class=\"image\"><img decoding=\"async\" src=\"https:\/\/www.camping-florac.com\/wp-content\/uploads\/2021\/03\/glace-lozere-100x96.jpg\" data-src=\"https:\/\/www.camping-florac.com\/wp-content\/uploads\/2021\/03\/glace-lozere.jpg\" alt=\"glace lozere\" class=\"images_image\" \/><\/div><div class=\"image\"><img decoding=\"async\" src=\"https:\/\/www.camping-florac.com\/wp-content\/uploads\/2021\/03\/viennoisseries-dejeuner-100x95.jpg\" data-src=\"https:\/\/www.camping-florac.com\/wp-content\/uploads\/2021\/03\/viennoisseries-dejeuner.jpg\" alt=\"viennoiseries d\u00e9jeuner\" class=\"images_image\" \/><\/div><div class=\"image\"><img decoding=\"async\" src=\"https:\/\/www.camping-florac.com\/wp-content\/uploads\/2021\/03\/buvette-camping-100x95.jpg\" data-src=\"https:\/\/www.camping-florac.com\/wp-content\/uploads\/2021\/03\/buvette-camping.jpg\" alt=\"buvette camping\" class=\"images_image\" \/><\/div><\/div><\/div><\/section>\n\n<section id=\"section-60507fed84658\"\" class=\"section bg-white p-t-0 p-b-0\" \/><div class=\"container  extralarge\"><div class=\"colonnes-wrap valign-middle \"><div class=\"element colonne p-t-8\"><div class=\"element images\"><div class=\"image\"><img decoding=\"async\" src=\"https:\/\/www.camping-florac.com\/wp-content\/uploads\/2021\/03\/pizzeria-lozere-90x100.jpg\" data-src=\"https:\/\/www.camping-florac.com\/wp-content\/uploads\/2021\/03\/pizzeria-lozere.jpg\" alt=\"pizzeria lozere\" class=\"images_image\" \/><\/div><\/div><\/div><div class=\"element colonne \"><div class=\"element images\"><div class=\"image\"><img decoding=\"async\" src=\"https:\/\/www.camping-florac.com\/wp-content\/uploads\/2021\/03\/pizza-plat-91x100.jpg\" data-src=\"https:\/\/www.camping-florac.com\/wp-content\/uploads\/2021\/03\/pizza-plat.jpg\" alt=\"pizza plat\" class=\"images_image\" \/><\/div><\/div><\/div><div class=\"element colonne \"><div class=\"div-titre justify deco-h2 deco-vert\"><h2 class=\"element section-title \">Die Pizzeria<\/h2><\/div><div class=\"element bloc-text justify \">\n\t<p>Um die Ruhe innerhalb des Campingplatzes zu bewahren, befindet sich <strong class=\"bold color2\">die Pizzeria<\/strong> am Ende des Campingplatzes, in der N\u00e4he der alten Pont du Tarn und Sie werden dort jeden Abend von 19 bis 23 Uhr empfangen, au\u00dfer am Mittwoch, w\u00f6chentlicher Schlie\u00dfung&#8230; <strong class=\"bold color2\">Die Pizzeria ist von Mitte Juni bis Ende August ge\u00f6ffnet<\/strong>.<\/p>\n<p>Unter den Platanen unserer kleinen Terrasse bietet Ihnen unser Team einen Service mit Getr\u00e4nken, Cocktails und Eis sowie eine <strong class=\"bold color2\">gro\u00dfe Auswahl an Pizzen<\/strong> zum Verzehr vor Ort oder zum Mitnehmen. Au\u00dferdem k\u00f6nnen Sie Pommes frites zum Mitnehmen bestellen, sowie zweimal pro Woche Brath\u00e4hnchen.<\/p>\n<p>Unsere Pizzen werden vor Ort mit <strong class=\"bold color2\">frischen und hochwertigen Produkten<\/strong> hergestellt.  <\/p>\n<\/div><\/div><\/div><\/div><\/section>\n\n<section id=\"section-60507fed84aa5\"\" class=\"section bg-white\" \/><div class=\"container  extralarge\"><div class=\"colonnes-wrap valign-middle \"><div class=\"element colonne \"><div class=\"div-titre justify deco-h2 deco-orange\"><h2 class=\"element section-title \">Die Erfrischungsbar<\/h2><\/div><div class=\"element bloc-text justify \">\n\t<p>Angrenzend an die Rezeption ist <strong class=\"bold color2\">die Erfrischungsbar<\/strong> von Mai bis Mitte September t\u00e4glich ab 8:30 Uhr ge\u00f6ffnet. Um <strong class=\"bold color2\">die Ruhe<\/strong> im Herzen des Campingplatzes zu bewahren, \u00fcbernimmt die Pizzeria nach 20 Uhr den Getr\u00e4nkeservice.<\/p>\n<p>Wir bieten verschiedene Dienstleistungen an: <\/p>\n<ul>\n<li><strong class=\"bold color2\">Getr\u00e4nke, Nespresso Kaffee und Cocktails<\/strong>.<\/li>\n<li><strong class=\"bold color2\">Fr\u00fchst\u00fcck<\/strong> ab 8:30 Uhr. Ein hei\u00dfes Getr\u00e4nk, Orangensaft, Brot, Butter und Marmelade f\u00fcr einen belebenden Weckruf. 6,50 Euro, auf Bestellung wenn m\u00f6glich in der Nebensaison.<\/li>\n<li><strong class=\"bold color2\">Brot und Geb\u00e4ck<\/strong> auf Bestellung au\u00dferhalb Juli und August.<\/li>\n<li><strong class=\"bold color2\">&#8222;La laiti\u00e8re&#8220;<\/strong> Eiscreme.<\/li>\n<li><strong class=\"bold color2\">Eiswasserflaschen<\/strong> 2 \u20ac und Nachf\u00fcllungen von Eispacks 0,50 \u20ac.<\/li>\n<\/ul>\n<\/div><\/div><div class=\"element colonne \"><div class=\"element images\"><div class=\"image\"><img decoding=\"async\" src=\"https:\/\/www.camping-florac.com\/wp-content\/uploads\/2021\/03\/cocktail-lozere-90x100.jpg\" data-src=\"https:\/\/www.camping-florac.com\/wp-content\/uploads\/2021\/03\/cocktail-lozere.jpg\" alt=\"cocktail lozere\" class=\"images_image\" \/><\/div><\/div><\/div><div class=\"element colonne p-t-8\"><div class=\"element images\"><div class=\"image\"><img decoding=\"async\" src=\"https:\/\/www.camping-florac.com\/wp-content\/uploads\/2021\/03\/buvette-tables-91x100.jpg\" data-src=\"https:\/\/www.camping-florac.com\/wp-content\/uploads\/2021\/03\/buvette-tables.jpg\" alt=\"buvette tables\" class=\"images_image\" \/><\/div><\/div><\/div><\/div><\/div><\/section>\n\n<section id=\"section-60507fed84daf\"\" class=\"section bg-white p-t-0 p-b-0\" \/><div class=\"container  full\"><div class=\"element images\"><div class=\"image\"><img decoding=\"async\" src=\"https:\/\/www.camping-florac.com\/wp-content\/uploads\/2021\/03\/petits-pains-100x95.jpg\" data-src=\"https:\/\/www.camping-florac.com\/wp-content\/uploads\/2021\/03\/petits-pains.jpg\" alt=\"petits pains\" class=\"images_image\" \/><\/div><div class=\"image\"><img decoding=\"async\" src=\"https:\/\/www.camping-florac.com\/wp-content\/uploads\/2021\/03\/dejeuner-terrasse-100x95.jpg\" data-src=\"https:\/\/www.camping-florac.com\/wp-content\/uploads\/2021\/03\/dejeuner-terrasse.jpg\" alt=\"couple avec enfant au camping\" class=\"images_image\" \/><\/div><div class=\"image\"><img decoding=\"async\" src=\"https:\/\/www.camping-florac.com\/wp-content\/uploads\/2021\/03\/pizza-chorizo-100x95.jpg\" data-src=\"https:\/\/www.camping-florac.com\/wp-content\/uploads\/2021\/03\/pizza-chorizo.jpg\" alt=\"pizza chorizo\" class=\"images_image\" \/><\/div><div class=\"image\"><img decoding=\"async\" src=\"https:\/\/www.camping-florac.com\/wp-content\/uploads\/2021\/03\/services-camping-tarn-100x96.jpg\" data-src=\"https:\/\/www.camping-florac.com\/wp-content\/uploads\/2021\/03\/services-camping-tarn.jpg\" alt=\"services camping tarn\" class=\"images_image\" \/><\/div><\/div><\/div><\/section>\n\n<section id=\"section-60507fed851d4\"\" class=\"section bg-white p-b-0\" \/><div class=\"container  extralarge\"><div class=\"colonnes-wrap valign-middle \"><div class=\"element colonne p-t-8\"><div class=\"element images\"><div class=\"image\"><img decoding=\"async\" src=\"https:\/\/www.camping-florac.com\/wp-content\/uploads\/2021\/03\/machine-a-laver-91x100.jpg\" data-src=\"https:\/\/www.camping-florac.com\/wp-content\/uploads\/2021\/03\/machine-a-laver.jpg\" alt=\"machine a laver\" class=\"images_image\" \/><\/div><\/div><\/div><div class=\"element colonne \"><div class=\"element images\"><div class=\"image\"><img decoding=\"async\" src=\"https:\/\/www.camping-florac.com\/wp-content\/uploads\/2021\/03\/fer-a-rapasser-91x100.jpg\" data-src=\"https:\/\/www.camping-florac.com\/wp-content\/uploads\/2021\/03\/fer-a-rapasser.jpg\" alt=\"fer a rapasser\" class=\"images_image\" \/><\/div><\/div><\/div><div class=\"element colonne \"><div class=\"div-titre justify grey\"><h2 class=\"element section-title \">Die W\u00e4scherei<\/h2><\/div><div class=\"element bloc-text justify \">\n\t<p>Angrenzend an die Rezeption finden Sie zwei <strong class=\"bold color2\">Waschmaschinen<\/strong> sowie einen <strong class=\"bold color2\">Trockner<\/strong>, Wertmarken sind an der Rezeption zu erwerben. B\u00fcgeleisen und B\u00fcgelbrett sind auf Anfrage an der Rezeption erh\u00e4ltlich.  <\/p>\n<ul>\n<li><strong class=\"bold color2\">Waschmaschine 7 kg<\/strong> = 5 \u20ac<\/li>\n<li><strong class=\"bold color2\">Waschmaschine 8 Kg<\/strong> = 6 \u20ac<\/li>\n<li><strong class=\"bold color2\">Trockner<\/strong> = 3,50 \u20ac<\/li>\n<li><strong class=\"bold color2\">Lesson<\/strong> = 1 \u20ac<\/li>\n<\/ul>\n<\/div><\/div><\/div><\/div><\/section>\n\n<section id=\"section-60507fed8567e\"\" class=\"section bg-white p-b-0\" \/><div class=\"container  extralarge\"><div class=\"colonnes-wrap valign-middle \"><div class=\"element colonne \"><div class=\"div-titre left deco-h2 deco-vert\"><h2 class=\"element section-title \">Unser Engagement f\u00fcr die Umwelt<\/h2><\/div><div class=\"element bloc-text justify \">\n\t<p>Bei Camping Le Pont du Tarn, wir <strong class=\"bold color2\">erhalten die Umwelt<\/strong> und setzen mehrere Aktionen oder Partnerschaft :<\/p>\n<ul>\n<li>Wir stellen Ihnen einen <strong class=\"bold color2\">Abfallsortierbereich<\/strong> sowie eine Sammlung f\u00fcr die R\u00fccknahme von Altbatterien, Gl\u00fchbirnen, defekten Ger\u00e4ten&#8230;<\/li>\n<p> zur Verf\u00fcgung.<\/p>\n<li>F\u00fcr all Ihre Gr\u00fcnabf\u00e4lle steht Ihnen hinter dem Pool eine <strong class=\"bold color2\">Komposttonne<\/strong> zur Verf\u00fcgung.<\/li>\n<li>F\u00fcr die Pflege unserer Gr\u00fcnfl\u00e4chen verwenden wir <strong class=\"bold color2\">keine Pestizide oder chemischen Unkrautvernichter<\/strong> und f\u00f6rdern die nat\u00fcrliche Seite unserer Fl\u00e4chen.<\/li>\n<\/ul>\n<\/div><\/div><div class=\"element colonne \"><div class=\"element images\"><div class=\"image\"><img decoding=\"async\" src=\"https:\/\/www.camping-florac.com\/wp-content\/uploads\/2021\/03\/dechet-recyclage-90x100.jpg\" data-src=\"https:\/\/www.camping-florac.com\/wp-content\/uploads\/2021\/03\/dechet-recyclage.jpg\" alt=\"dechet recyclage\" class=\"images_image\" \/><\/div><\/div><\/div><div class=\"element colonne p-t-8\"><div class=\"element images\"><div class=\"image\"><img decoding=\"async\" src=\"https:\/\/www.camping-florac.com\/wp-content\/uploads\/2021\/03\/tri-dechet-lozere-90x100.jpg\" data-src=\"https:\/\/www.camping-florac.com\/wp-content\/uploads\/2021\/03\/tri-dechet-lozere.jpg\" alt=\"tri dechet lozere\" class=\"images_image\" \/><\/div><\/div><\/div><\/div><div class=\"colonnes-wrap valign-middle m-t-4\"><div class=\"element colonne p-t-8\"><div class=\"element images\"><div class=\"image\"><img decoding=\"async\" src=\"https:\/\/www.camping-florac.com\/wp-content\/uploads\/2021\/03\/ampoules-led-91x100.jpg\" data-src=\"https:\/\/www.camping-florac.com\/wp-content\/uploads\/2021\/03\/ampoules-led.jpg\" alt=\"ampoules led\" class=\"images_image\" \/><\/div><\/div><\/div><div class=\"element colonne \"><div class=\"element images\"><div class=\"image\"><img decoding=\"async\" src=\"https:\/\/www.camping-florac.com\/wp-content\/uploads\/2021\/03\/poubelles-tri-91x100.jpg\" data-src=\"https:\/\/www.camping-florac.com\/wp-content\/uploads\/2021\/03\/poubelles-tri.jpg\" alt=\"poubelles tri\" class=\"images_image\" \/><\/div><\/div><\/div><div class=\"element colonne \"><div class=\"element bloc-text justify \">\n\t<ul>\n<li>Unsere Armaturen sind mit Druckminderern ausgestattet und, soweit m\u00f6glich, zeitgesteuert.<\/li>\n<li>Wir bevorzugen auch <strong class=\"bold color2\">den Einsatz von LED-Gl\u00fchbirnen<\/strong> bei der Erneuerung unserer Beleuchtung.<\/li>\n<li>Wir achten auf die Auswahl unserer Haushaltsprodukte und bevorzugen solche, die <strong class=\"bold color2\">minimal mit dem Umweltzeichen<\/strong> versehen sind.<\/li>\n<li>Schlie\u00dflich sind wir seit mehreren Jahren Partner von La <strong class=\"bold color2\">Bund f\u00fcr Vogelschutz (LPO)<\/strong> und achten besonders auf ihr Wohlbefinden und ihre Fortpflanzung. Daf\u00fcr verschieben oder verschieben wir den Schnitt unserer Hecken, w\u00e4hrend der Nistzeit und f\u00fcttern sie im Winter.<\/li>\n<\/ul>\n<\/div><\/div><\/div><\/div><\/section>\n\n<section id=\"section-6050a6d7a33d2\"\" class=\"section bg-white\" \/><div class=\"container  extralarge\"><div class=\"div-titre center deco-h2\"><div class=\"element section-title \">Unsere weiteren Dienstleistungen auf dem Campingplatz<\/div><\/div><ul class=\"liste-de-page\"><li class=\"element call-to-action carre call-to-action--style-1 call-to-action--normal\"><a href=\"https:\/\/www.camping-florac.com\/de\/camping-animationen-lozere\/\"  class=\"call-to-action_link\" title=\"En savoir plus sur die animationen\"><div class=\"call-to-action_image\"><img decoding=\"async\" src=\"https:\/\/www.camping-florac.com\/wp-content\/uploads\/2021\/03\/animations-tarn-100x56.jpg\" data-src=\"https:\/\/www.camping-florac.com\/wp-content\/uploads\/2021\/03\/animations-tarn.jpg\" alt=\"animations tarn\" class=\"normal\" \/><\/div><div class=\"call-to-action_contenu\"><div class=\"call-to-action_titre\">Die Animationen<\/div><\/div><\/a><\/li><li class=\"element call-to-action carre call-to-action--style-1 call-to-action--normal call-to-action--style-1 call-to-action--normal\"><a href=\"https:\/\/www.camping-florac.com\/de\/camping-fluss-tarn\/\"  class=\"call-to-action_link\" title=\"En savoir plus sur der fluss\"><div class=\"call-to-action_image\"><img decoding=\"async\" src=\"https:\/\/www.camping-florac.com\/wp-content\/uploads\/2021\/03\/bord-de-riviere-lozere-100x56.jpg\" data-src=\"https:\/\/www.camping-florac.com\/wp-content\/uploads\/2021\/03\/bord-de-riviere-lozere.jpg\" alt=\"bord de riviere lozere\" class=\"normal\" \/><\/div><div class=\"call-to-action_contenu\"><div class=\"call-to-action_titre\">Der Fluss<\/div><\/div><\/a><\/li><li class=\"element call-to-action carre call-to-action--style-1 call-to-action--normal call-to-action--style-1 call-to-action--normal call-to-action--style-1 call-to-action--normal\"><a href=\"https:\/\/www.camping-florac.com\/de\/camping-schwimmbad-lozere\/\"  class=\"call-to-action_link\" title=\"En savoir plus sur der pool\"><div class=\"call-to-action_image\"><img decoding=\"async\" src=\"https:\/\/www.camping-florac.com\/wp-content\/uploads\/2021\/03\/piscine-tarn-100x56.jpg\" data-src=\"https:\/\/www.camping-florac.com\/wp-content\/uploads\/2021\/03\/piscine-tarn.jpg\" alt=\"piscine tarn\" class=\"normal\" \/><\/div><div class=\"call-to-action_contenu\"><div class=\"call-to-action_titre\">Der Pool<\/div><\/div><\/a><\/li><\/ul><\/div><\/section>","protected":false},"excerpt":{"rendered":"","protected":false},"author":1,"featured_media":562,"parent":0,"menu_order":0,"comment_status":"closed","ping_status":"closed","template":"","meta":{"_acf_changed":false,"footnotes":""},"class_list":["post-2423","page","type-page","status-publish","has-post-thumbnail","hentry"],"acf":[],"yoast_head":"<!-- This site is optimized with the Yoast SEO plugin v22.2 - https:\/\/yoast.com\/wordpress\/plugins\/seo\/ -->\n<title>Camping Restaurant Loz\u00e8re | 3-Sterne-Campingplatz in Loz\u00e8re | Restaurant<\/title>\n<meta name=\"robots\" content=\"index, follow, max-snippet:-1, max-image-preview:large, max-video-preview:-1\" \/>\n<link rel=\"canonical\" href=\"https:\/\/www.camping-florac.com\/de\/camping-restaurant-lozere\/\" \/>\n<meta property=\"og:locale\" content=\"de_DE\" \/>\n<meta property=\"og:type\" content=\"article\" \/>\n<meta property=\"og:title\" content=\"Camping Restaurant Loz\u00e8re | 3-Sterne-Campingplatz in Loz\u00e8re | Restaurant\" \/>\n<meta property=\"og:url\" content=\"https:\/\/www.camping-florac.com\/de\/camping-restaurant-lozere\/\" \/>\n<meta property=\"og:site_name\" content=\"Camping Pont du Tarn\" \/>\n<meta property=\"article:modified_time\" content=\"2021-11-11T13:24:53+00:00\" \/>\n<meta property=\"og:image\" content=\"https:\/\/www.camping-florac.com\/wp-content\/uploads\/2021\/03\/services-lozere.jpg\" \/>\n\t<meta property=\"og:image:width\" content=\"1903\" \/>\n\t<meta property=\"og:image:height\" content=\"499\" \/>\n\t<meta property=\"og:image:type\" content=\"image\/jpeg\" \/>\n<meta name=\"twitter:card\" content=\"summary_large_image\" \/>\n<script type=\"application\/ld+json\" class=\"yoast-schema-graph\">{\"@context\":\"https:\/\/schema.org\",\"@graph\":[{\"@type\":\"WebPage\",\"@id\":\"https:\/\/www.camping-florac.com\/de\/camping-restaurant-lozere\/\",\"url\":\"https:\/\/www.camping-florac.com\/de\/camping-restaurant-lozere\/\",\"name\":\"Camping Restaurant Loz\u00e8re | 3-Sterne-Campingplatz in Loz\u00e8re | Restaurant\",\"isPartOf\":{\"@id\":\"https:\/\/www.camping-florac.com\/de\/#website\"},\"primaryImageOfPage\":{\"@id\":\"https:\/\/www.camping-florac.com\/de\/camping-restaurant-lozere\/#primaryimage\"},\"image\":{\"@id\":\"https:\/\/www.camping-florac.com\/de\/camping-restaurant-lozere\/#primaryimage\"},\"thumbnailUrl\":\"https:\/\/www.camping-florac.com\/wp-content\/uploads\/2021\/03\/services-lozere.jpg\",\"datePublished\":\"2021-03-15T09:11:39+00:00\",\"dateModified\":\"2021-11-11T13:24:53+00:00\",\"breadcrumb\":{\"@id\":\"https:\/\/www.camping-florac.com\/de\/camping-restaurant-lozere\/#breadcrumb\"},\"inLanguage\":\"de\",\"potentialAction\":[{\"@type\":\"ReadAction\",\"target\":[\"https:\/\/www.camping-florac.com\/de\/camping-restaurant-lozere\/\"]}]},{\"@type\":\"ImageObject\",\"inLanguage\":\"de\",\"@id\":\"https:\/\/www.camping-florac.com\/de\/camping-restaurant-lozere\/#primaryimage\",\"url\":\"https:\/\/www.camping-florac.com\/wp-content\/uploads\/2021\/03\/services-lozere.jpg\",\"contentUrl\":\"https:\/\/www.camping-florac.com\/wp-content\/uploads\/2021\/03\/services-lozere.jpg\",\"width\":1903,\"height\":499,\"caption\":\"services lozere\"},{\"@type\":\"BreadcrumbList\",\"@id\":\"https:\/\/www.camping-florac.com\/de\/camping-restaurant-lozere\/#breadcrumb\",\"itemListElement\":[{\"@type\":\"ListItem\",\"position\":1,\"name\":\"Camping Loz\u00e8re\",\"item\":\"https:\/\/www.camping-florac.com\/de\/\"},{\"@type\":\"ListItem\",\"position\":2,\"name\":\"3-sterne-leistungen\"}]},{\"@type\":\"WebSite\",\"@id\":\"https:\/\/www.camping-florac.com\/de\/#website\",\"url\":\"https:\/\/www.camping-florac.com\/de\/\",\"name\":\"Camping Pont du Tarn\",\"description\":\"\",\"potentialAction\":[{\"@type\":\"SearchAction\",\"target\":{\"@type\":\"EntryPoint\",\"urlTemplate\":\"https:\/\/www.camping-florac.com\/de\/?s={search_term_string}\"},\"query-input\":\"required name=search_term_string\"}],\"inLanguage\":\"de\"}]}<\/script>\n<!-- \/ Yoast SEO plugin. -->","yoast_head_json":{"title":"Camping Restaurant Loz\u00e8re | 3-Sterne-Campingplatz in Loz\u00e8re | Restaurant","robots":{"index":"index","follow":"follow","max-snippet":"max-snippet:-1","max-image-preview":"max-image-preview:large","max-video-preview":"max-video-preview:-1"},"canonical":"https:\/\/www.camping-florac.com\/de\/camping-restaurant-lozere\/","og_locale":"de_DE","og_type":"article","og_title":"Camping Restaurant Loz\u00e8re | 3-Sterne-Campingplatz in Loz\u00e8re | Restaurant","og_url":"https:\/\/www.camping-florac.com\/de\/camping-restaurant-lozere\/","og_site_name":"Camping Pont du Tarn","article_modified_time":"2021-11-11T13:24:53+00:00","og_image":[{"width":1903,"height":499,"url":"https:\/\/www.camping-florac.com\/wp-content\/uploads\/2021\/03\/services-lozere.jpg","type":"image\/jpeg"}],"twitter_card":"summary_large_image","schema":{"@context":"https:\/\/schema.org","@graph":[{"@type":"WebPage","@id":"https:\/\/www.camping-florac.com\/de\/camping-restaurant-lozere\/","url":"https:\/\/www.camping-florac.com\/de\/camping-restaurant-lozere\/","name":"Camping Restaurant Loz\u00e8re | 3-Sterne-Campingplatz in Loz\u00e8re | Restaurant","isPartOf":{"@id":"https:\/\/www.camping-florac.com\/de\/#website"},"primaryImageOfPage":{"@id":"https:\/\/www.camping-florac.com\/de\/camping-restaurant-lozere\/#primaryimage"},"image":{"@id":"https:\/\/www.camping-florac.com\/de\/camping-restaurant-lozere\/#primaryimage"},"thumbnailUrl":"https:\/\/www.camping-florac.com\/wp-content\/uploads\/2021\/03\/services-lozere.jpg","datePublished":"2021-03-15T09:11:39+00:00","dateModified":"2021-11-11T13:24:53+00:00","breadcrumb":{"@id":"https:\/\/www.camping-florac.com\/de\/camping-restaurant-lozere\/#breadcrumb"},"inLanguage":"de","potentialAction":[{"@type":"ReadAction","target":["https:\/\/www.camping-florac.com\/de\/camping-restaurant-lozere\/"]}]},{"@type":"ImageObject","inLanguage":"de","@id":"https:\/\/www.camping-florac.com\/de\/camping-restaurant-lozere\/#primaryimage","url":"https:\/\/www.camping-florac.com\/wp-content\/uploads\/2021\/03\/services-lozere.jpg","contentUrl":"https:\/\/www.camping-florac.com\/wp-content\/uploads\/2021\/03\/services-lozere.jpg","width":1903,"height":499,"caption":"services lozere"},{"@type":"BreadcrumbList","@id":"https:\/\/www.camping-florac.com\/de\/camping-restaurant-lozere\/#breadcrumb","itemListElement":[{"@type":"ListItem","position":1,"name":"Camping Loz\u00e8re","item":"https:\/\/www.camping-florac.com\/de\/"},{"@type":"ListItem","position":2,"name":"3-sterne-leistungen"}]},{"@type":"WebSite","@id":"https:\/\/www.camping-florac.com\/de\/#website","url":"https:\/\/www.camping-florac.com\/de\/","name":"Camping Pont du Tarn","description":"","potentialAction":[{"@type":"SearchAction","target":{"@type":"EntryPoint","urlTemplate":"https:\/\/www.camping-florac.com\/de\/?s={search_term_string}"},"query-input":"required name=search_term_string"}],"inLanguage":"de"}]}},"_links":{"self":[{"href":"https:\/\/www.camping-florac.com\/de\/wp-json\/wp\/v2\/pages\/2423","targetHints":{"allow":["GET"]}}],"collection":[{"href":"https:\/\/www.camping-florac.com\/de\/wp-json\/wp\/v2\/pages"}],"about":[{"href":"https:\/\/www.camping-florac.com\/de\/wp-json\/wp\/v2\/types\/page"}],"author":[{"embeddable":true,"href":"https:\/\/www.camping-florac.com\/de\/wp-json\/wp\/v2\/users\/1"}],"replies":[{"embeddable":true,"href":"https:\/\/www.camping-florac.com\/de\/wp-json\/wp\/v2\/comments?post=2423"}],"version-history":[{"count":10,"href":"https:\/\/www.camping-florac.com\/de\/wp-json\/wp\/v2\/pages\/2423\/revisions"}],"predecessor-version":[{"id":3408,"href":"https:\/\/www.camping-florac.com\/de\/wp-json\/wp\/v2\/pages\/2423\/revisions\/3408"}],"wp:featuredmedia":[{"embeddable":true,"href":"https:\/\/www.camping-florac.com\/de\/wp-json\/wp\/v2\/media\/562"}],"wp:attachment":[{"href":"https:\/\/www.camping-florac.com\/de\/wp-json\/wp\/v2\/media?parent=2423"}],"curies":[{"name":"wp","href":"https:\/\/api.w.org\/{rel}","templated":true}]}}