{"id":2421,"date":"2021-03-15T10:11:55","date_gmt":"2021-03-15T09:11:55","guid":{"rendered":"https:\/\/www.camping-florac.com\/camping-animations-lozere\/"},"modified":"2021-11-11T14:16:51","modified_gmt":"2021-11-11T13:16:51","slug":"camping-animationen-lozere","status":"publish","type":"page","link":"https:\/\/www.camping-florac.com\/de\/camping-animationen-lozere\/","title":{"rendered":"D\u00e9couvrir le camping : Animations"},"content":{"rendered":"<section id=\"section-604f24cbc089b\"\" class=\"section bg-white p-b-0\" \/><div class=\"container \"><div class=\"div-titre center deco-h1\"><h1 class=\"element section-title \">Unsere Veranstaltungen in Florac<\/h1><\/div><\/div><\/section>\n\n<section id=\"section-60507fed83ef3\"\" class=\"section bg-white p-t-0 p-b-0\" \/><div class=\"container  extralarge\"><div class=\"div-titre center\"><h2 class=\"element section-title \">Campingplatz mit Kinderclub und Familienaktivit\u00e4ten in Florac Trois Rivi\u00e8res<\/h2><\/div><div class=\"element bloc-text center \">\n\t<p><strong class=\"bold color2\">Im Juli und August erwacht unser Campingplatz zum Leben! <\/strong><\/p>\n<p><strong class=\"bold color2\">Der Kinderclub<\/strong>: der Miniclub f\u00fcr Kinder von 5 bis 11 Jahren, l\u00e4sst sie Ferien erleben, die sich auf Spa\u00df, Begegnungen und Entdeckungen reimen. Freizeit und Spa\u00df <strong class=\"bold color2\">Aktivit\u00e4ten<\/strong> werden vormittags, von Montag bis Freitag, angeboten und erf\u00fcllen alle Erwartungen der Kinder.  <\/p>\n<p>Gruppenspiele, Spa\u00df und sportliche Aktivit\u00e4ten, Schatzsuchen, Entdeckungen in der Natur, Treffen mit dem Clubmaskottchen stehen auf dem Programm, damit Ihre Kinder <strong class=\"bold color2\">unvergessliche Ferien<\/strong> in v\u00f6lliger Sicherheit verbringen, innerhalb des <a href=\"\/de\/\">Camping Le Pont du Tarn in Florac Trois Rivi\u00e8res<\/a>.<\/p>\n<\/div><div class=\"colonnes-wrap valign-middle \"><div class=\"element colonne \"><div class=\"element bloc-text justify \">\n\t<p>Unser Aktivit\u00e4tsleiter, der in den Animationstechniken des Kinderclubs geschult ist, empf\u00e4ngt Ihre Kinder ab 10 Uhr im <strong class=\"bold color2\">Miniclub in Florac Trois Rivi\u00e8res<\/strong>. <\/p>\n<p>Und nat\u00fcrlich k\u00f6nnen Ihre Kinder bei all diesen abwechslungsreichen Aktivit\u00e4ten <strong class=\"bold color2\">neue Freundschaften<\/strong> schlie\u00dfen!<\/p>\n<p>Die Jugendlichen treffen sich an 2 oder 3 Nachmittagen pro Woche zu <strong class=\"bold color2\">Sportturnieren mit Freunden oder der Familie<\/strong>: Tischtennis, Boccia, Tischfu\u00dfball, Volleyball&#8230;<\/p>\n<p><strong class=\"bold color2\">Neu im Jahr 2021<\/strong>: 2 Heim-Ballpl\u00e4tze werden installiert und bieten tolle sportliche Momente zwischen Jugendlichen oder mit der Familie. <\/p>\n<\/div><\/div><div class=\"element colonne \"><div class=\"element images\"><div class=\"image\"><img decoding=\"async\" src=\"https:\/\/www.camping-florac.com\/wp-content\/uploads\/2021\/03\/animations-lozere-90x100.jpg\" data-src=\"https:\/\/www.camping-florac.com\/wp-content\/uploads\/2021\/03\/animations-lozere.jpg\" alt=\"animations lozere\" class=\"images_image\" \/><\/div><\/div><\/div><div class=\"element colonne p-t-8\"><div class=\"element images\"><div class=\"image\"><img decoding=\"async\" src=\"https:\/\/www.camping-florac.com\/wp-content\/uploads\/2021\/11\/animations-enfants-camping-89x100.jpg\" data-src=\"https:\/\/www.camping-florac.com\/wp-content\/uploads\/2021\/11\/animations-enfants-camping.jpg\" alt=\"mister flower tarn\" class=\"images_image\" \/><\/div><\/div><\/div><\/div><\/div><\/section>\n\n<section id=\"section-60507fed84214\"\" class=\"section bg-white\" \/><div class=\"container  full\"><div class=\"element images\"><div class=\"image\"><img decoding=\"async\" src=\"https:\/\/www.camping-florac.com\/wp-content\/uploads\/2021\/03\/camping-amis-100x95.jpg\" data-src=\"https:\/\/www.camping-florac.com\/wp-content\/uploads\/2021\/03\/camping-amis.jpg\" alt=\"camping amis\" class=\"images_image\" \/><\/div><div class=\"image\"><img decoding=\"async\" src=\"https:\/\/www.camping-florac.com\/wp-content\/uploads\/2021\/03\/camping-air-de-jeux-tarn-100x96.jpg\" data-src=\"https:\/\/www.camping-florac.com\/wp-content\/uploads\/2021\/03\/camping-air-de-jeux-tarn.jpg\" alt=\"camping air de jeux tarn\" class=\"images_image\" \/><\/div><div class=\"image\"><img decoding=\"async\" src=\"https:\/\/www.camping-florac.com\/wp-content\/uploads\/2021\/03\/marche-randonnee-100x95.jpg\" data-src=\"https:\/\/www.camping-florac.com\/wp-content\/uploads\/2021\/03\/marche-randonnee.jpg\" alt=\"marche randonn\u00e9e\" class=\"images_image\" \/><\/div><div class=\"image\"><img decoding=\"async\" src=\"https:\/\/www.camping-florac.com\/wp-content\/uploads\/2021\/03\/aire-de-jeux-lozere-100x96.jpg\" data-src=\"https:\/\/www.camping-florac.com\/wp-content\/uploads\/2021\/03\/aire-de-jeux-lozere.jpg\" alt=\"aire de jeux lozere\" class=\"images_image\" \/><\/div><\/div><\/div><\/section>\n\n<section id=\"section-60507fed84658\"\" class=\"section bg-white p-t-0 p-b-0\" \/><div class=\"container  extralarge\"><div class=\"colonnes-wrap valign-middle \"><div class=\"element colonne p-t-8\"><div class=\"element images\"><div class=\"image\"><img decoding=\"async\" src=\"https:\/\/www.camping-florac.com\/wp-content\/uploads\/2021\/03\/soiree-tarn-90x100.jpg\" data-src=\"https:\/\/www.camping-florac.com\/wp-content\/uploads\/2021\/03\/soiree-tarn.jpg\" alt=\"soiree tarn\" class=\"images_image\" \/><\/div><\/div><\/div><div class=\"element colonne \"><div class=\"element images\"><div class=\"image\"><img decoding=\"async\" src=\"https:\/\/www.camping-florac.com\/wp-content\/uploads\/2021\/03\/camping-soiree-tarn-90x100.jpg\" data-src=\"https:\/\/www.camping-florac.com\/wp-content\/uploads\/2021\/03\/camping-soiree-tarn.jpg\" alt=\"camping soiree tarn\" class=\"images_image\" \/><\/div><\/div><\/div><div class=\"element colonne \"><div class=\"div-titre justify deco-h2 deco-vert\"><h2 class=\"element section-title \">Abendunterhaltung in Loz\u00e8re<\/h2><\/div><div class=\"element bloc-text justify \">\n\t<p>Am Donnerstagabend, vom 8. Juli bis 21. August, bieten wir Ihnen eine <strong class=\"bold color2\">musikalische Unterhaltung in der Pizzeria<\/strong> des Blumencampingplatzes Le Pont du Tarn in Florac Trois Rivi\u00e8res. Festliche Konzerte, wildes Karaoke, das Sie zum Singen und Tanzen bringt.<\/p>\n<p>Zwischen 23:30 Uhr und Mitternacht kann jeder zur\u00fcck in seine Unterkunft gehen und die <strong class=\"bold color2\">Ruhe der Nacht<\/strong> genie\u00dfen. <\/p>\n<\/div><\/div><\/div><\/div><\/section>\n\n<section id=\"section-60507fed84aa5\"\" class=\"section bg-white\" \/><div class=\"container  extralarge\"><div class=\"colonnes-wrap valign-middle \"><div class=\"element colonne \"><div class=\"div-titre justify deco-h2 deco-orange\"><h2 class=\"element section-title \">Bikingfarm exklusiver Partner von Camping Le pont du Tarn<\/h2><\/div><div class=\"element bloc-text justify \">\n\t<p>W\u00e4hrend des ganzen Sommers Jean philippe Mountainbike-Lehrer Staat Diplom, macht Sie entdecken die <strong class=\"bold color2\">sch\u00f6nsten Orte der Lozere<\/strong> in VTTAE (Mountainbike mit elektrischer Unterst\u00fctzung). Die Mountainbikes sind franz\u00f6sisch, weil wir uns k\u00fcmmern, die Marke Moustache ist seit 3 Jahren bei uns, Sie werden sehr schnell beruhigt und sogar von den F\u00e4higkeiten des Samstag 27 trail 6 \u00fcberrascht sein! Echte Werkzeuge f\u00fcr <strong class=\"bold color2\">sanfte oder sportlichere Entdeckungen<\/strong> je nach Ihren W\u00fcnschen und Ihrer Form des Augenblicks.<\/p>\n<p>Jeden Tag werden <strong class=\"bold color2\">verschiedene Routen<\/strong> angeboten, um allen Niveaus (Anf\u00e4nger, Fortgeschrittene und Profis) gerecht zu werden. <\/p>\n<p>Die Entdeckung des <strong class=\"bold color2\">Mont Loz\u00e8re mit der Quelle des Tarn<\/strong>, die Tour des Puech, die Tour von L&#8217;Emp\u00e9zou oder eine echte Einf\u00fchrung in Enduro innerhalb der <strong class=\"bold color2\">Gorges des Tarn<\/strong> stehen auf dem Programm.<\/p>\n<\/div><\/div><div class=\"element colonne \"><div class=\"element images\"><div class=\"image\"><img decoding=\"async\" src=\"https:\/\/www.camping-florac.com\/wp-content\/uploads\/2021\/03\/homme-velo-91x100.jpg\" data-src=\"https:\/\/www.camping-florac.com\/wp-content\/uploads\/2021\/03\/homme-velo.jpg\" alt=\"homme velo\" class=\"images_image\" \/><\/div><\/div><\/div><div class=\"element colonne p-t-8\"><div class=\"element images\"><div class=\"image\"><img decoding=\"async\" src=\"https:\/\/www.camping-florac.com\/wp-content\/uploads\/2021\/03\/velos-foret-91x100.jpg\" data-src=\"https:\/\/www.camping-florac.com\/wp-content\/uploads\/2021\/03\/velos-foret.jpg\" alt=\"velos foret\" class=\"images_image\" \/><\/div><\/div><\/div><\/div><div class=\"element bloc-text center m-t-4\">\n\t<p>Sie k\u00f6nnen das <strong class=\"bold color2\">geologische Erbe<\/strong>, die Forstwirtschaft entdecken und die Legenden kennenlernen, die Okzitanien umranken.<\/p>\n<p>Am Donnerstagmorgen (Markttag) werden von 10 bis 12 Uhr <strong class=\"bold color2\">Kinder-Mountainbike-Kurse<\/strong> organisiert, so dass Sie in aller Ruhe die \u00f6rtlichen Gesch\u00e4fte erkunden k\u00f6nnen (der Unterricht wird auf dem Gel\u00e4nde des Campingplatzes organisiert, Altersvoraussetzung 7-11 Jahre, Verleih von 24&#8242; Mountainbikes m\u00f6glich). Privatunterricht f\u00fcr Erwachsene ist m\u00f6glich, z\u00f6gern Sie nicht zu fragen.<\/p>\n<p>Die <strong class=\"bold color2\">Abfahrt f\u00fcr leichte und\/oder famili\u00e4re Fahrten<\/strong> wird jeden Morgen gegen 9:30 Uhr sein (au\u00dfer Donnerstag). Die <strong class=\"bold color2\">sportlicheren Ausritte<\/strong> jeden Nachmittag um 14 Uhr (R\u00fcckkehr zum Campingplatz um 18 Uhr). <\/p>\n<p>Und wenn Sie Ihr eigenes Fahrrad haben, kommen Sie und fragen Sie uns nach den <strong class=\"bold color2\">besten Routen in der Umgebung<\/strong>, wir teilen gerne!<\/p>\n<p>Finden Sie uns auf www.bikingfarm.com.<\/p>\n<p>Reservierung unter 07 69 38 93 74 oder an der Rezeption.<\/p>\n<\/div><\/div><\/section>\n\n<section id=\"section-60507fed84daf\"\" class=\"section bg-white p-t-0 p-b-0\" \/><div class=\"container  full\"><div class=\"element images\"><div class=\"image\"><img decoding=\"async\" src=\"https:\/\/www.camping-florac.com\/wp-content\/uploads\/2021\/03\/velo-foret-100x95.jpg\" data-src=\"https:\/\/www.camping-florac.com\/wp-content\/uploads\/2021\/03\/velo-foret.jpg\" alt=\"v\u00e9lo foret\" class=\"images_image\" \/><\/div><div class=\"image\"><img decoding=\"async\" src=\"https:\/\/www.camping-florac.com\/wp-content\/uploads\/2021\/03\/velo-activite-tarn-100x96.jpg\" data-src=\"https:\/\/www.camping-florac.com\/wp-content\/uploads\/2021\/03\/velo-activite-tarn.jpg\" alt=\"velo activit\u00e9 tarn\" class=\"images_image\" \/><\/div><div class=\"image\"><img decoding=\"async\" src=\"https:\/\/www.camping-florac.com\/wp-content\/uploads\/2021\/03\/velo-animation-lozere-100x96.jpg\" data-src=\"https:\/\/www.camping-florac.com\/wp-content\/uploads\/2021\/03\/velo-animation-lozere.jpg\" alt=\"v\u00e9lo animation Loz\u00e8re\" class=\"images_image\" \/><\/div><div class=\"image\"><img decoding=\"async\" src=\"https:\/\/www.camping-florac.com\/wp-content\/uploads\/2021\/03\/location-velo-tarn-100x96.jpg\" data-src=\"https:\/\/www.camping-florac.com\/wp-content\/uploads\/2021\/03\/location-velo-tarn.jpg\" alt=\"location velo tarn\" class=\"images_image\" \/><\/div><\/div><\/div><\/section>\n\n<section id=\"section-60507fed851d4\"\" class=\"section bg-white p-b-0\" \/><div class=\"container  extralarge\"><div class=\"colonnes-wrap valign-middle \"><div class=\"element colonne p-t-8\"><div class=\"element images\"><div class=\"image\"><img decoding=\"async\" src=\"https:\/\/www.camping-florac.com\/wp-content\/uploads\/2021\/03\/visite-activites-tarn-90x100.jpg\" data-src=\"https:\/\/www.camping-florac.com\/wp-content\/uploads\/2021\/03\/visite-activites-tarn.jpg\" alt=\"visite activites tarn\" class=\"images_image\" \/><\/div><\/div><\/div><div class=\"element colonne \"><div class=\"element images\"><div class=\"image\"><img decoding=\"async\" src=\"https:\/\/www.camping-florac.com\/wp-content\/uploads\/2021\/03\/activites-riviere-tarn-90x100.jpg\" data-src=\"https:\/\/www.camping-florac.com\/wp-content\/uploads\/2021\/03\/activites-riviere-tarn.jpg\" alt=\"activites riviere tarn\" class=\"images_image\" \/><\/div><\/div><\/div><div class=\"element colonne \"><div class=\"element bloc-text justify \">\n\t<p>Wenn Sie auf dem Camping Le Pont du Tarn wohnen, genie\u00dfen Sie <strong class=\"bold color2\">direkten Zugang zum Tarn<\/strong> und seinen <strong class=\"bold color2\">Naturstr\u00e4nden<\/strong>. Auch bei Wanderungen oder Mountainbiketouren k\u00f6nnen Sie unsere sch\u00f6ne Landschaft genie\u00dfen. Besuchen Sie aber auch die Causses M\u00e9jean, Sauveterre und Noir, aber auch den Mont Aigoual, den Mont Loz\u00e8re, das franz\u00f6sische Tal und <strong class=\"bold color2\">die au\u00dfergew\u00f6hnlichen Gorges du Tarn<\/strong>.<\/p>\n<p>Der Campingplatz Le Pont du Tarn liegt in der N\u00e4he von <strong class=\"bold color2\">traditionellen oder l\u00e4ndlichen M\u00e4rkten<\/strong>, festlichen oder kulturellen Veranstaltungen, Sportveranstaltungen, Entdeckungstagen ab Florac Trois Rivi\u00e8res.<\/p>\n<\/div><\/div><\/div><\/div><\/section>\n\n<section id=\"section-60507fed8567e\"\" class=\"section bg-white p-b-0\" \/><div class=\"container  extralarge\"><div class=\"colonnes-wrap valign-middle \"><div class=\"element colonne \"><div class=\"element bloc-text justify \">\n\t<p>Die <strong class=\"bold color2\">mehr sportlichen oder sportbegeisterten<\/strong> werden ihr Gl\u00fcck w\u00e4hrend ihres Aufenthalts auf dem Campingplatz in Florac Trois Rivi\u00e8res finden. Unsere Region ist voll von sch\u00f6nen Orten, so dass Sie <strong class=\"bold color2\">Wandern oder Radfahren<\/strong> auf einem der vielen Wanderwege in Loz\u00e8re genie\u00dfen werden. Nach <strong class=\"bold color2\">einem Tag oder Nachmittag voller Aktivit\u00e4ten<\/strong> k\u00f6nnen Sie sich in unserem Swimmingpool entspannen oder in Ihrer komfortablen Unterkunft ausruhen.<\/p>\n<p>In einer <strong class=\"bold color2\">warmen und freundlichen Atmosph\u00e4re<\/strong> werden Jung und Alt einen emotionsreichen Aufenthalt erleben und viele Erinnerungen schaffen. Machen Sie w\u00e4hrend Ihres Aufenthalts einen Abstecher zu einem der vielen <strong class=\"bold color2\">M\u00e4rkte der Region<\/strong>, um die typischen Produkte der Region zu entdecken. Dann nehmen Sie an einem der kulturellen Festivals teil, die die Stadt beleben und Ihrer ganzen <strong class=\"bold color2\">Familie unvergessliche Momente bescheren<\/strong>. <\/p>\n<\/div><\/div><div class=\"element colonne \"><div class=\"element images\"><div class=\"image\"><img decoding=\"async\" src=\"https:\/\/www.camping-florac.com\/wp-content\/uploads\/2021\/03\/amis-randonne-91x100.jpg\" data-src=\"https:\/\/www.camping-florac.com\/wp-content\/uploads\/2021\/03\/amis-randonne.jpg\" alt=\"amis randonn\u00e9e\" class=\"images_image\" \/><\/div><\/div><\/div><div class=\"element colonne p-t-8\"><div class=\"element images\"><div class=\"image\"><img decoding=\"async\" src=\"https:\/\/www.camping-florac.com\/wp-content\/uploads\/2021\/03\/homme-randonnee-91x100.jpg\" data-src=\"https:\/\/www.camping-florac.com\/wp-content\/uploads\/2021\/03\/homme-randonnee.jpg\" alt=\"homme randonn\u00e9e\" class=\"images_image\" \/><\/div><\/div><\/div><\/div><\/div><\/section>\n\n<section id=\"section-6050a6d7a33d2\"\" class=\"section bg-white\" \/><div class=\"container  extralarge\"><div class=\"div-titre center deco-h2\"><div class=\"element section-title \">Unsere Dienstleistungen auf dem Campingplatz<\/div><\/div><ul class=\"liste-de-page\"><li class=\"element call-to-action carre call-to-action--style-1 call-to-action--normal\"><a href=\"https:\/\/www.camping-florac.com\/de\/camping-restaurant-lozere\/\"  class=\"call-to-action_link\" title=\"En savoir plus sur die dienste\"><div class=\"call-to-action_image\"><img decoding=\"async\" src=\"https:\/\/www.camping-florac.com\/wp-content\/uploads\/2021\/03\/restaurant-pizza-100x56.jpg\" data-src=\"https:\/\/www.camping-florac.com\/wp-content\/uploads\/2021\/03\/restaurant-pizza.jpg\" alt=\"restaurant pizza\" class=\"normal\" \/><\/div><div class=\"call-to-action_contenu\"><div class=\"call-to-action_titre\">Die Dienste<\/div><\/div><\/a><\/li><li class=\"element call-to-action carre call-to-action--style-1 call-to-action--normal call-to-action--style-1 call-to-action--normal\"><a href=\"https:\/\/www.camping-florac.com\/de\/camping-fluss-tarn\/\"  class=\"call-to-action_link\" title=\"En savoir plus sur der fluss\"><div class=\"call-to-action_image\"><img decoding=\"async\" src=\"https:\/\/www.camping-florac.com\/wp-content\/uploads\/2021\/03\/bord-de-riviere-lozere-100x56.jpg\" data-src=\"https:\/\/www.camping-florac.com\/wp-content\/uploads\/2021\/03\/bord-de-riviere-lozere.jpg\" alt=\"bord de riviere lozere\" class=\"normal\" \/><\/div><div class=\"call-to-action_contenu\"><div class=\"call-to-action_titre\">Der Fluss<\/div><\/div><\/a><\/li><li class=\"element call-to-action carre call-to-action--style-1 call-to-action--normal call-to-action--style-1 call-to-action--normal call-to-action--style-1 call-to-action--normal\"><a href=\"https:\/\/www.camping-florac.com\/de\/camping-schwimmbad-lozere\/\"  class=\"call-to-action_link\" title=\"En savoir plus sur der pool\"><div class=\"call-to-action_image\"><img decoding=\"async\" src=\"https:\/\/www.camping-florac.com\/wp-content\/uploads\/2021\/03\/piscine-tarn-100x56.jpg\" data-src=\"https:\/\/www.camping-florac.com\/wp-content\/uploads\/2021\/03\/piscine-tarn.jpg\" alt=\"piscine tarn\" class=\"normal\" \/><\/div><div class=\"call-to-action_contenu\"><div class=\"call-to-action_titre\">Der Pool<\/div><\/div><\/a><\/li><\/ul><\/div><\/section>","protected":false},"excerpt":{"rendered":"","protected":false},"author":1,"featured_media":6228,"parent":0,"menu_order":0,"comment_status":"closed","ping_status":"closed","template":"","meta":{"_acf_changed":false,"footnotes":""},"class_list":["post-2421","page","type-page","status-publish","has-post-thumbnail","hentry"],"acf":[],"yoast_head":"<!-- This site is optimized with the Yoast SEO plugin v22.2 - https:\/\/yoast.com\/wordpress\/plugins\/seo\/ -->\n<title>Camping mit Animationen Tarn | Aktivit\u00e4ten und Animationen im Camping<\/title>\n<meta name=\"robots\" content=\"index, follow, max-snippet:-1, max-image-preview:large, max-video-preview:-1\" \/>\n<link rel=\"canonical\" href=\"https:\/\/www.camping-florac.com\/de\/camping-animationen-lozere\/\" \/>\n<meta property=\"og:locale\" content=\"de_DE\" \/>\n<meta property=\"og:type\" content=\"article\" \/>\n<meta property=\"og:title\" content=\"Camping mit Animationen Tarn | Aktivit\u00e4ten und Animationen im Camping\" \/>\n<meta property=\"og:url\" content=\"https:\/\/www.camping-florac.com\/de\/camping-animationen-lozere\/\" \/>\n<meta property=\"og:site_name\" content=\"Camping Pont du Tarn\" \/>\n<meta property=\"article:modified_time\" content=\"2021-11-11T13:16:51+00:00\" \/>\n<meta property=\"og:image\" content=\"https:\/\/www.camping-florac.com\/wp-content\/uploads\/2021\/03\/camping-animations-tarn.jpg\" \/>\n\t<meta property=\"og:image:width\" content=\"1903\" \/>\n\t<meta property=\"og:image:height\" content=\"500\" \/>\n\t<meta property=\"og:image:type\" content=\"image\/jpeg\" \/>\n<meta name=\"twitter:card\" content=\"summary_large_image\" \/>\n<script type=\"application\/ld+json\" class=\"yoast-schema-graph\">{\"@context\":\"https:\/\/schema.org\",\"@graph\":[{\"@type\":\"WebPage\",\"@id\":\"https:\/\/www.camping-florac.com\/de\/camping-animationen-lozere\/\",\"url\":\"https:\/\/www.camping-florac.com\/de\/camping-animationen-lozere\/\",\"name\":\"Camping mit Animationen Tarn | Aktivit\u00e4ten und Animationen im Camping\",\"isPartOf\":{\"@id\":\"https:\/\/www.camping-florac.com\/de\/#website\"},\"primaryImageOfPage\":{\"@id\":\"https:\/\/www.camping-florac.com\/de\/camping-animationen-lozere\/#primaryimage\"},\"image\":{\"@id\":\"https:\/\/www.camping-florac.com\/de\/camping-animationen-lozere\/#primaryimage\"},\"thumbnailUrl\":\"https:\/\/www.camping-florac.com\/wp-content\/uploads\/2024\/09\/club-enfant-2.jpg\",\"datePublished\":\"2021-03-15T09:11:55+00:00\",\"dateModified\":\"2021-11-11T13:16:51+00:00\",\"breadcrumb\":{\"@id\":\"https:\/\/www.camping-florac.com\/de\/camping-animationen-lozere\/#breadcrumb\"},\"inLanguage\":\"de\",\"potentialAction\":[{\"@type\":\"ReadAction\",\"target\":[\"https:\/\/www.camping-florac.com\/de\/camping-animationen-lozere\/\"]}]},{\"@type\":\"ImageObject\",\"inLanguage\":\"de\",\"@id\":\"https:\/\/www.camping-florac.com\/de\/camping-animationen-lozere\/#primaryimage\",\"url\":\"https:\/\/www.camping-florac.com\/wp-content\/uploads\/2024\/09\/club-enfant-2.jpg\",\"contentUrl\":\"https:\/\/www.camping-florac.com\/wp-content\/uploads\/2024\/09\/club-enfant-2.jpg\",\"width\":800,\"height\":600},{\"@type\":\"BreadcrumbList\",\"@id\":\"https:\/\/www.camping-florac.com\/de\/camping-animationen-lozere\/#breadcrumb\",\"itemListElement\":[{\"@type\":\"ListItem\",\"position\":1,\"name\":\"Camping Loz\u00e8re\",\"item\":\"https:\/\/www.camping-florac.com\/de\/\"},{\"@type\":\"ListItem\",\"position\":2,\"name\":\"Animationen in Loz\u00e8re\"}]},{\"@type\":\"WebSite\",\"@id\":\"https:\/\/www.camping-florac.com\/de\/#website\",\"url\":\"https:\/\/www.camping-florac.com\/de\/\",\"name\":\"Camping Pont du Tarn\",\"description\":\"\",\"potentialAction\":[{\"@type\":\"SearchAction\",\"target\":{\"@type\":\"EntryPoint\",\"urlTemplate\":\"https:\/\/www.camping-florac.com\/de\/?s={search_term_string}\"},\"query-input\":\"required name=search_term_string\"}],\"inLanguage\":\"de\"}]}<\/script>\n<!-- \/ Yoast SEO plugin. -->","yoast_head_json":{"title":"Camping mit Animationen Tarn | Aktivit\u00e4ten und Animationen im Camping","robots":{"index":"index","follow":"follow","max-snippet":"max-snippet:-1","max-image-preview":"max-image-preview:large","max-video-preview":"max-video-preview:-1"},"canonical":"https:\/\/www.camping-florac.com\/de\/camping-animationen-lozere\/","og_locale":"de_DE","og_type":"article","og_title":"Camping mit Animationen Tarn | Aktivit\u00e4ten und Animationen im Camping","og_url":"https:\/\/www.camping-florac.com\/de\/camping-animationen-lozere\/","og_site_name":"Camping Pont du Tarn","article_modified_time":"2021-11-11T13:16:51+00:00","og_image":[{"width":1903,"height":500,"url":"https:\/\/www.camping-florac.com\/wp-content\/uploads\/2021\/03\/camping-animations-tarn.jpg","type":"image\/jpeg"}],"twitter_card":"summary_large_image","schema":{"@context":"https:\/\/schema.org","@graph":[{"@type":"WebPage","@id":"https:\/\/www.camping-florac.com\/de\/camping-animationen-lozere\/","url":"https:\/\/www.camping-florac.com\/de\/camping-animationen-lozere\/","name":"Camping mit Animationen Tarn | Aktivit\u00e4ten und Animationen im Camping","isPartOf":{"@id":"https:\/\/www.camping-florac.com\/de\/#website"},"primaryImageOfPage":{"@id":"https:\/\/www.camping-florac.com\/de\/camping-animationen-lozere\/#primaryimage"},"image":{"@id":"https:\/\/www.camping-florac.com\/de\/camping-animationen-lozere\/#primaryimage"},"thumbnailUrl":"https:\/\/www.camping-florac.com\/wp-content\/uploads\/2024\/09\/club-enfant-2.jpg","datePublished":"2021-03-15T09:11:55+00:00","dateModified":"2021-11-11T13:16:51+00:00","breadcrumb":{"@id":"https:\/\/www.camping-florac.com\/de\/camping-animationen-lozere\/#breadcrumb"},"inLanguage":"de","potentialAction":[{"@type":"ReadAction","target":["https:\/\/www.camping-florac.com\/de\/camping-animationen-lozere\/"]}]},{"@type":"ImageObject","inLanguage":"de","@id":"https:\/\/www.camping-florac.com\/de\/camping-animationen-lozere\/#primaryimage","url":"https:\/\/www.camping-florac.com\/wp-content\/uploads\/2024\/09\/club-enfant-2.jpg","contentUrl":"https:\/\/www.camping-florac.com\/wp-content\/uploads\/2024\/09\/club-enfant-2.jpg","width":800,"height":600},{"@type":"BreadcrumbList","@id":"https:\/\/www.camping-florac.com\/de\/camping-animationen-lozere\/#breadcrumb","itemListElement":[{"@type":"ListItem","position":1,"name":"Camping Loz\u00e8re","item":"https:\/\/www.camping-florac.com\/de\/"},{"@type":"ListItem","position":2,"name":"Animationen in Loz\u00e8re"}]},{"@type":"WebSite","@id":"https:\/\/www.camping-florac.com\/de\/#website","url":"https:\/\/www.camping-florac.com\/de\/","name":"Camping Pont du Tarn","description":"","potentialAction":[{"@type":"SearchAction","target":{"@type":"EntryPoint","urlTemplate":"https:\/\/www.camping-florac.com\/de\/?s={search_term_string}"},"query-input":"required name=search_term_string"}],"inLanguage":"de"}]}},"_links":{"self":[{"href":"https:\/\/www.camping-florac.com\/de\/wp-json\/wp\/v2\/pages\/2421","targetHints":{"allow":["GET"]}}],"collection":[{"href":"https:\/\/www.camping-florac.com\/de\/wp-json\/wp\/v2\/pages"}],"about":[{"href":"https:\/\/www.camping-florac.com\/de\/wp-json\/wp\/v2\/types\/page"}],"author":[{"embeddable":true,"href":"https:\/\/www.camping-florac.com\/de\/wp-json\/wp\/v2\/users\/1"}],"replies":[{"embeddable":true,"href":"https:\/\/www.camping-florac.com\/de\/wp-json\/wp\/v2\/comments?post=2421"}],"version-history":[{"count":13,"href":"https:\/\/www.camping-florac.com\/de\/wp-json\/wp\/v2\/pages\/2421\/revisions"}],"predecessor-version":[{"id":3392,"href":"https:\/\/www.camping-florac.com\/de\/wp-json\/wp\/v2\/pages\/2421\/revisions\/3392"}],"wp:featuredmedia":[{"embeddable":true,"href":"https:\/\/www.camping-florac.com\/de\/wp-json\/wp\/v2\/media\/6228"}],"wp:attachment":[{"href":"https:\/\/www.camping-florac.com\/de\/wp-json\/wp\/v2\/media?parent=2421"}],"curies":[{"name":"wp","href":"https:\/\/api.w.org\/{rel}","templated":true}]}}