{"id":2419,"date":"2021-03-15T10:14:14","date_gmt":"2021-03-15T09:14:14","guid":{"rendered":"https:\/\/www.camping-florac.com\/contact-acces\/"},"modified":"2022-01-13T16:28:15","modified_gmt":"2022-01-13T15:28:15","slug":"kontakt-zugaenge","status":"publish","type":"page","link":"https:\/\/www.camping-florac.com\/de\/kontakt-zugaenge\/","title":{"rendered":"Contactez nous &#038; infos"},"content":{"rendered":"<section id=\"section-6050cea710771\"\" class=\"section bg-white\" \/><div class=\"container  extralarge\"><div class=\"div-titre center m-b-4\"><h1 class=\"element section-title \">Kontakt &#038; Informationen<\/h1><\/div><div class=\"div-titre center\"><h2 class=\"element section-title \">Zugang und \u00f6ffentliche Verkehrsmittel<\/h2><\/div><div class=\"element bloc-text center m-t-4\">\n\t<p>Unser Campingplatz liegt ideal 2 km vom Zentrum des <strong class=\"bold color2\">charmanten Dorfes Florac Trois Rivi\u00e8res<\/strong> entfernt, an der Departementstra\u00dfe D998, in Richtung <strong class=\"bold color2\">der D\u00f6rfer B\u00e9doues, Cocur\u00e8s und Le Pont de Montvert<\/strong>. In l\u00e4ndlicher Umgebung und mitten in den Bergen gelegen, lohnt es sich, unser herrliches Departement La Loz\u00e8re in Okzitanien zu entdecken! <\/p>\n<p><strong class=\"bold color2\">Sie besuchen uns mit dem Auto?<\/strong><\/p>\n<p>F\u00fcr eine Anreise \u00fcber die Autobahn A75 nehmen Sie die Ausfahrt 39.1, Richtung Mende RN 88, Ausfahrt Balsi\u00e8ge, dann die RN 106 Richtung Florac. Am Kreisverkehr Pont du Tarn biegen Sie links ab auf die D998, schlie\u00dflich finden Sie 300 m nach dem Kreisverkehr auf der linken Seite die Einfahrt zu unserem Haus.<\/p>\n<p>Von S\u00fcden \u00fcber Al\u00e8s oder die Corniche des C\u00e9vennes kommend, bleiben Sie auf der RN 106 und fahren in Richtung Mende. Am Kreisverkehr von Pont du Tarn biegen Sie rechts ab auf die D998, schlie\u00dflich finden Sie 300 m nach dem Kreisverkehr auf der linken Seite die Einfahrt zu unserem Haus.<\/p>\n<p><strong class=\"bold color2\">Vorsicht! Der 1. Eingang bedient nur die Pizzeria!<\/strong><\/p>\n<\/div><div class=\"colonnes-wrap valign-middle \"><div class=\"element colonne \"><div class=\"element bloc-text justify \">\n\t<p>Reisen Sie mit \u00f6ffentlichen Verkehrsmitteln? <\/p>\n<p>Das Lio-Verkehrsnetz bietet Ihnen:<\/p>\n<p><strong class=\"bold color2\">Mit dem Zug:<\/strong><br \/>\n<strong class=\"bold color2\">Al\u00e8s Bahnhof<\/strong> : 70 km Mende : 25 km<br \/>\n<strong class=\"bold color2\">Gr\u00fcne Zahl<\/strong> : 3536<\/p>\n<p><strong class=\"bold color2\">Buslinie &#8222;Al\u00e8s &#8211; Florac&#8220;:<\/strong><\/p>\n<p>Regul\u00e4re und t\u00e4gliche Linie au\u00dfer an Sonn- und Feiertagen g\u00fcltig vom 15. April bis 31. Oktober.<\/p>\n<p><strong class=\"bold color2\">Buslinie &#8222;Mende &#8211; Florac&#8220;:<\/strong><\/p>\n<p>T\u00e4gliche Linie ganzj\u00e4hrig von Montag bis Samstagmorgen au\u00dfer an Feiertagen Lio Netzwerkinfo.<\/p>\n<p><strong class=\"bold color2\">Touristische Shuttles<\/strong>: vom 4. Juli bis zum 28. August erm\u00f6glichen 9 Shuttle-Linien eine einfache Fortbewegung und Entdeckung von Lozere.<\/p>\n<\/div><\/div><div class=\"element colonne \"><div class=\"carte\" data-src=\"https:\/\/www.google.com\/maps\/embed?pb=!1m18!1m12!1m3!1d129054.97068133113!2d3.4347851549294006!3d44.376951646177666!2m3!1f0!2f0!3f0!3m2!1i1024!2i768!4f13.1!3m3!1m2!1s0x12b382afaa24f647%3A0x47717d64539c9876!2sFlower%20Camping%20Le%20Pont%20du%20Tarn!5e0!3m2!1sfr!2sfr!4v1615908349753!5m2!1sfr!2sfr\"><\/div><\/div><\/div><div class=\"colonnes-wrap valign-middle \"><div class=\"element colonne \"><div class=\"formulaire-de-contact\">\n<div class=\"wpcf7 no-js\" id=\"wpcf7-f2713-o1\" lang=\"fr-FR\" dir=\"ltr\">\n<div class=\"screen-reader-response\"><p role=\"status\" aria-live=\"polite\" aria-atomic=\"true\"><\/p> <ul><\/ul><\/div>\n<form action=\"\/de\/wp-json\/wp\/v2\/pages\/2419#wpcf7-f2713-o1\" method=\"post\" class=\"wpcf7-form init\" aria-label=\"Formulaire de contact\" novalidate=\"novalidate\" data-status=\"init\">\n<div style=\"display: none;\">\n<input type=\"hidden\" name=\"_wpcf7\" value=\"2713\" \/>\n<input type=\"hidden\" name=\"_wpcf7_version\" value=\"5.9\" \/>\n<input type=\"hidden\" name=\"_wpcf7_locale\" value=\"fr_FR\" \/>\n<input type=\"hidden\" name=\"_wpcf7_unit_tag\" value=\"wpcf7-f2713-o1\" \/>\n<input type=\"hidden\" name=\"_wpcf7_container_post\" value=\"0\" \/>\n<input type=\"hidden\" name=\"_wpcf7_posted_data_hash\" value=\"\" \/>\n<input type=\"hidden\" name=\"_wpcf7_recaptcha_response\" value=\"\" \/>\n<\/div>\n<p><span class=\"wpcf7-form-control-wrap\" data-name=\"your-name\"><input size=\"40\" class=\"wpcf7-form-control wpcf7-text wpcf7-validates-as-required\" aria-required=\"true\" aria-invalid=\"false\" placeholder=\"Ihr Name...\" value=\"\" type=\"text\" name=\"your-name\" \/><\/span><span class=\"wpcf7-form-control-wrap\" data-name=\"your-email\"><input size=\"40\" class=\"wpcf7-form-control wpcf7-email wpcf7-validates-as-required wpcf7-text wpcf7-validates-as-email\" aria-required=\"true\" aria-invalid=\"false\" placeholder=\"Ihre E-Mail ...\" value=\"\" type=\"email\" name=\"your-email\" \/><\/span><span class=\"wpcf7-form-control-wrap\" data-name=\"your-subject\"><input size=\"40\" class=\"wpcf7-form-control wpcf7-text\" aria-invalid=\"false\" placeholder=\"Thema ...\" value=\"\" type=\"text\" name=\"your-subject\" \/><\/span><span class=\"wpcf7-form-control-wrap\" data-name=\"your-message\"><textarea cols=\"40\" rows=\"10\" class=\"wpcf7-form-control wpcf7-textarea\" aria-invalid=\"false\" placeholder=\"Ihre Nachricht ...\" name=\"your-message\"><\/textarea><\/span><span class=\"wpcf7-form-control-wrap\" data-name=\"acceptance-553\"><span class=\"wpcf7-form-control wpcf7-acceptance\"><span class=\"wpcf7-list-item\"><label><input type=\"checkbox\" name=\"acceptance-553\" value=\"1\" aria-invalid=\"false\" \/><span class=\"wpcf7-list-item-label\">Durch Ankreuzen dieses Feldes akzeptiere ich die <a href=\"\/de\/datenschutzerklarung\/\" rel=\"noopener\" target=\"_blank\">Datenschutzrichtlinie<\/a> dieser Seite.<\/span><\/label><\/span><\/span><\/span><input class=\"wpcf7-form-control wpcf7-submit has-spinner\" type=\"submit\" value=\"Senden\" \/>\n<\/p><div class=\"wpcf7-response-output\" aria-hidden=\"true\"><\/div>\n<\/form>\n<\/div>\n<\/div><\/div><div class=\"element colonne \"><div class=\"div-titre justify\"><h2 class=\"element section-title \">Kontakt auf dem Campingplatz<\/h2><\/div><div class=\"element bloc-text justify \">\n\t<p>Unser <a href=\"\/de\/\">Camping Le Pont du Tarn<\/a> in Okzitanien ist vom 10. April bis 3. Oktober 2021 ge\u00f6ffnet.<\/p>\n<p><strong class=\"bold color2\">Wir sind das ganze Jahr \u00fcber erreichbar.<\/strong><\/p>\n<p>Kontaktieren Sie uns auf dem Campingplatz: <\/p>\n<p><strong class=\"bold color2\">Unsere Kontaktdaten:<\/strong><br \/>\n<strong class=\"bold color2\">Adresse<\/strong> : 1 Route du Pont de Montvert D998 48400 Florac Trois Rivi\u00e8res<br \/>\n<strong class=\"bold color2\">Telefon<\/strong> : 04 66 45 18 26<br \/>\n<strong class=\"bold color2\">Mail<\/strong> : contact@camping-florac.com<\/p>\n<p>Wenn der Campingplatz geschlossen ist, danke, dass Sie den Kontakt per E-Mail bevorzugen.<\/p>\n<p>Der telefonische Empfang ist ab dem 2. Januar von 10 bis 12 Uhr und von 15 bis 17 Uhr m\u00f6glich.<\/p>\n<\/div><\/div><\/div><\/div><\/section>","protected":false},"excerpt":{"rendered":"","protected":false},"author":1,"featured_media":0,"parent":0,"menu_order":0,"comment_status":"closed","ping_status":"closed","template":"","meta":{"_acf_changed":false,"footnotes":""},"class_list":["post-2419","page","type-page","status-publish","hentry"],"acf":[],"yoast_head":"<!-- This site is optimized with the Yoast SEO plugin v22.2 - https:\/\/yoast.com\/wordpress\/plugins\/seo\/ -->\n<title>Kontakt und Zugang | Anfahrt zum Campingplatz Le Pont du Tarn in Lozere<\/title>\n<meta name=\"robots\" content=\"index, follow, max-snippet:-1, max-image-preview:large, max-video-preview:-1\" \/>\n<link rel=\"canonical\" href=\"https:\/\/www.camping-florac.com\/de\/kontakt-zugaenge\/\" \/>\n<meta property=\"og:locale\" content=\"de_DE\" \/>\n<meta property=\"og:type\" content=\"article\" \/>\n<meta property=\"og:title\" content=\"Kontakt und Zugang | Anfahrt zum Campingplatz Le Pont du Tarn in Lozere\" \/>\n<meta property=\"og:url\" content=\"https:\/\/www.camping-florac.com\/de\/kontakt-zugaenge\/\" \/>\n<meta property=\"og:site_name\" content=\"Camping Pont du Tarn\" \/>\n<meta property=\"article:modified_time\" content=\"2022-01-13T15:28:15+00:00\" \/>\n<meta name=\"twitter:card\" content=\"summary_large_image\" \/>\n<script type=\"application\/ld+json\" class=\"yoast-schema-graph\">{\"@context\":\"https:\/\/schema.org\",\"@graph\":[{\"@type\":\"WebPage\",\"@id\":\"https:\/\/www.camping-florac.com\/de\/kontakt-zugaenge\/\",\"url\":\"https:\/\/www.camping-florac.com\/de\/kontakt-zugaenge\/\",\"name\":\"Kontakt und Zugang | Anfahrt zum Campingplatz Le Pont du Tarn in Lozere\",\"isPartOf\":{\"@id\":\"https:\/\/www.camping-florac.com\/de\/#website\"},\"datePublished\":\"2021-03-15T09:14:14+00:00\",\"dateModified\":\"2022-01-13T15:28:15+00:00\",\"breadcrumb\":{\"@id\":\"https:\/\/www.camping-florac.com\/de\/kontakt-zugaenge\/#breadcrumb\"},\"inLanguage\":\"de\",\"potentialAction\":[{\"@type\":\"ReadAction\",\"target\":[\"https:\/\/www.camping-florac.com\/de\/kontakt-zugaenge\/\"]}]},{\"@type\":\"BreadcrumbList\",\"@id\":\"https:\/\/www.camping-florac.com\/de\/kontakt-zugaenge\/#breadcrumb\",\"itemListElement\":[{\"@type\":\"ListItem\",\"position\":1,\"name\":\"Camping Loz\u00e8re\",\"item\":\"https:\/\/www.camping-florac.com\/de\/\"},{\"@type\":\"ListItem\",\"position\":2,\"name\":\"Wie erreicht man den Campingplatz?\"}]},{\"@type\":\"WebSite\",\"@id\":\"https:\/\/www.camping-florac.com\/de\/#website\",\"url\":\"https:\/\/www.camping-florac.com\/de\/\",\"name\":\"Camping Pont du Tarn\",\"description\":\"\",\"potentialAction\":[{\"@type\":\"SearchAction\",\"target\":{\"@type\":\"EntryPoint\",\"urlTemplate\":\"https:\/\/www.camping-florac.com\/de\/?s={search_term_string}\"},\"query-input\":\"required name=search_term_string\"}],\"inLanguage\":\"de\"}]}<\/script>\n<!-- \/ Yoast SEO plugin. -->","yoast_head_json":{"title":"Kontakt und Zugang | Anfahrt zum Campingplatz Le Pont du Tarn in Lozere","robots":{"index":"index","follow":"follow","max-snippet":"max-snippet:-1","max-image-preview":"max-image-preview:large","max-video-preview":"max-video-preview:-1"},"canonical":"https:\/\/www.camping-florac.com\/de\/kontakt-zugaenge\/","og_locale":"de_DE","og_type":"article","og_title":"Kontakt und Zugang | Anfahrt zum Campingplatz Le Pont du Tarn in Lozere","og_url":"https:\/\/www.camping-florac.com\/de\/kontakt-zugaenge\/","og_site_name":"Camping Pont du Tarn","article_modified_time":"2022-01-13T15:28:15+00:00","twitter_card":"summary_large_image","schema":{"@context":"https:\/\/schema.org","@graph":[{"@type":"WebPage","@id":"https:\/\/www.camping-florac.com\/de\/kontakt-zugaenge\/","url":"https:\/\/www.camping-florac.com\/de\/kontakt-zugaenge\/","name":"Kontakt und Zugang | Anfahrt zum Campingplatz Le Pont du Tarn in Lozere","isPartOf":{"@id":"https:\/\/www.camping-florac.com\/de\/#website"},"datePublished":"2021-03-15T09:14:14+00:00","dateModified":"2022-01-13T15:28:15+00:00","breadcrumb":{"@id":"https:\/\/www.camping-florac.com\/de\/kontakt-zugaenge\/#breadcrumb"},"inLanguage":"de","potentialAction":[{"@type":"ReadAction","target":["https:\/\/www.camping-florac.com\/de\/kontakt-zugaenge\/"]}]},{"@type":"BreadcrumbList","@id":"https:\/\/www.camping-florac.com\/de\/kontakt-zugaenge\/#breadcrumb","itemListElement":[{"@type":"ListItem","position":1,"name":"Camping Loz\u00e8re","item":"https:\/\/www.camping-florac.com\/de\/"},{"@type":"ListItem","position":2,"name":"Wie erreicht man den Campingplatz?"}]},{"@type":"WebSite","@id":"https:\/\/www.camping-florac.com\/de\/#website","url":"https:\/\/www.camping-florac.com\/de\/","name":"Camping Pont du Tarn","description":"","potentialAction":[{"@type":"SearchAction","target":{"@type":"EntryPoint","urlTemplate":"https:\/\/www.camping-florac.com\/de\/?s={search_term_string}"},"query-input":"required name=search_term_string"}],"inLanguage":"de"}]}},"_links":{"self":[{"href":"https:\/\/www.camping-florac.com\/de\/wp-json\/wp\/v2\/pages\/2419","targetHints":{"allow":["GET"]}}],"collection":[{"href":"https:\/\/www.camping-florac.com\/de\/wp-json\/wp\/v2\/pages"}],"about":[{"href":"https:\/\/www.camping-florac.com\/de\/wp-json\/wp\/v2\/types\/page"}],"author":[{"embeddable":true,"href":"https:\/\/www.camping-florac.com\/de\/wp-json\/wp\/v2\/users\/1"}],"replies":[{"embeddable":true,"href":"https:\/\/www.camping-florac.com\/de\/wp-json\/wp\/v2\/comments?post=2419"}],"version-history":[{"count":13,"href":"https:\/\/www.camping-florac.com\/de\/wp-json\/wp\/v2\/pages\/2419\/revisions"}],"predecessor-version":[{"id":3369,"href":"https:\/\/www.camping-florac.com\/de\/wp-json\/wp\/v2\/pages\/2419\/revisions\/3369"}],"wp:attachment":[{"href":"https:\/\/www.camping-florac.com\/de\/wp-json\/wp\/v2\/media?parent=2419"}],"curies":[{"name":"wp","href":"https:\/\/api.w.org\/{rel}","templated":true}]}}