{"id":2417,"date":"2021-03-15T10:12:47","date_gmt":"2021-03-15T09:12:47","guid":{"rendered":"https:\/\/www.camping-florac.com\/tourisme-lozere\/"},"modified":"2021-04-02T09:12:19","modified_gmt":"2021-04-02T07:12:19","slug":"tourismus-lozere","status":"publish","type":"page","link":"https:\/\/www.camping-florac.com\/de\/tourismus-lozere\/","title":{"rendered":"Visiter : Nos id\u00e9es activit\u00e9s"},"content":{"rendered":"<section id=\"section-604f24cbc089b\"\" class=\"section bg-white p-b-0\" \/><div class=\"container \"><div class=\"div-titre center deco-h1\"><h1 class=\"element section-title \">Tourismus in Loz\u00e8re<\/h1><\/div><\/div><\/section>\n\n<section id=\"section-60507fed83ef3\"\" class=\"section bg-white p-t-0 p-b-0\" \/><div class=\"container  extralarge\"><div class=\"colonnes-wrap valign-middle \"><div class=\"element colonne \"><div class=\"element bloc-text justify \">\n\t<p>Von Florac Trois Rivi\u00e8res, <strong class=\"bold color2\">besuchen Sie La Loz\u00e8re in Occitanie<\/strong>, ein Departement mit tausend Quellen und grandiosen Landschaften!<\/p>\n<p>Auf einer H\u00f6he von 545 Metern profitieren Sie in Florac vom <strong class=\"bold color2\">Mediterranen Klima mit k\u00fchlen und erholsamen N\u00e4chten<\/strong>.<\/p>\n<p>Ein gr\u00fcner Ferienort, Synonym f\u00fcr Qualit\u00e4t f\u00fcr den Empfang und die Dienstleistungen, Florac ist das <strong class=\"bold color2\">nat\u00fcrliche Tor zu den Gorges du Tarn<\/strong>, den Causses und den Cevennen.<\/p>\n<p><strong class=\"bold color2\">Hauptstadt des Nationalparks Cevennen<\/strong> und Unterpr\u00e4fektur des Departements. Die Stadt mit etwa 2000 Einwohnern ist ein geographischer Knotenpunkt zwischen Gorges du Tarn, Causses und Cevennen. <\/p>\n<p>In 2 km Entfernung vom <a href=\"\/de\/\">Camping Le Pont du Tarn<\/a> k\u00f6nnen Sie das Dorfzentrum bequem zu Fu\u00df oder mit dem Fahrrad erreichen. <\/p>\n<\/div><\/div><div class=\"element colonne \"><div class=\"element images\"><div class=\"image\"><img decoding=\"async\" src=\"https:\/\/www.camping-florac.com\/wp-content\/uploads\/2021\/03\/mont-lozere-91x100.jpg\" data-src=\"https:\/\/www.camping-florac.com\/wp-content\/uploads\/2021\/03\/mont-lozere.jpg\" alt=\"mont lozere\" class=\"images_image\" \/><\/div><\/div><\/div><div class=\"element colonne p-t-8\"><div class=\"element images\"><div class=\"image\"><img decoding=\"async\" src=\"https:\/\/www.camping-florac.com\/wp-content\/uploads\/2021\/03\/lozere-village-91x100.jpg\" data-src=\"https:\/\/www.camping-florac.com\/wp-content\/uploads\/2021\/03\/lozere-village.jpg\" alt=\"lozere village\" class=\"images_image\" \/><\/div><\/div><\/div><\/div><\/div><\/section>\n\n<section id=\"section-first\"\" class=\"section bg-white p-t-0 p-b-0\" \/><div class=\"container  extralarge\"><div class=\"colonnes-wrap valign-middle \"><div class=\"element colonne p-t-8\"><div class=\"element images\"><div class=\"image\"><img decoding=\"async\" src=\"https:\/\/www.camping-florac.com\/wp-content\/uploads\/2021\/03\/marche-fruits-91x100.jpg\" data-src=\"https:\/\/www.camping-florac.com\/wp-content\/uploads\/2021\/03\/marche-fruits.jpg\" alt=\"marche fruits\" class=\"images_image\" \/><\/div><\/div><\/div><div class=\"element colonne \"><div class=\"element images\"><div class=\"image\"><img decoding=\"async\" src=\"https:\/\/www.camping-florac.com\/wp-content\/uploads\/2021\/03\/canoe-tarn-90x100.jpg\" data-src=\"https:\/\/www.camping-florac.com\/wp-content\/uploads\/2021\/03\/canoe-tarn.jpg\" alt=\"canoe tarn\" class=\"images_image\" \/><\/div><\/div><\/div><div class=\"element colonne \"><div class=\"element bloc-text justify \">\n\t<p><strong class=\"bold color2\">Die Stadt Florac<\/strong>, eingebettet zwischen dem Tarnon und den Klippen der Causse M\u00e9jean, durchquert von der Quelle des Pfirsichbaums, ist ein <strong class=\"bold color2\">unvermeidlicher Touristenort<\/strong>, klassifiziert als &#8222;Village Etape&#8220; und &#8222;Ville de m\u00e9tiers d&#8217;Art&#8220;. <\/p>\n<p>Um Florac zu besichtigen, lassen Sie sich auf einen Spaziergang ein. Ruhig, an den Kais des Vibron, am Ufer des Tarnon, vorbei am Schloss, entdecken Sie die Altstadt von Florac und ihre <strong class=\"bold color2\">bewegte Geschichte als protestantische Bastion<\/strong>.<\/p>\n<p>Florac ist auch sein <strong class=\"bold color2\">Wochenmarkt<\/strong> am Donnerstag, einer der renommiertesten in der Region. Sie k\u00f6nnen lokale Produkte, lokales Handwerk, aber auch die Atmosph\u00e4re und Gutm\u00fctigkeit der Cevennen entdecken. <\/p>\n<p>Florac ist eine <strong class=\"bold color2\">Stadt der Kunst und des historischen Handwerks<\/strong>, deren Stra\u00dfen und Gassen mit Werkst\u00e4tten von K\u00fcnstlern und Kunstschaffenden \u00fcbers\u00e4t sind: T\u00f6pferei, Siebdruck, Malerei, Lederwaren, Holz, Textilien&#8230;<\/p>\n<\/div><\/div><\/div><\/div><\/section>\n\n<section id=\"section-60507fed84214\"\" class=\"section bg-white\" \/><div class=\"container  full\"><div class=\"element images\"><div class=\"image\"><img decoding=\"async\" src=\"https:\/\/www.camping-florac.com\/wp-content\/uploads\/2021\/03\/marche-randonnee-1-100x95.jpg\" data-src=\"https:\/\/www.camping-florac.com\/wp-content\/uploads\/2021\/03\/marche-randonnee-1.jpg\" alt=\"marche randonnee\" class=\"images_image\" \/><\/div><div class=\"image\"><img decoding=\"async\" src=\"https:\/\/www.camping-florac.com\/wp-content\/uploads\/2021\/03\/marche-fruits-coque-95x100.jpg\" data-src=\"https:\/\/www.camping-florac.com\/wp-content\/uploads\/2021\/03\/marche-fruits-coque.jpg\" alt=\"marche fruits coque\" class=\"images_image\" \/><\/div><div class=\"image\"><img decoding=\"async\" src=\"https:\/\/www.camping-florac.com\/wp-content\/uploads\/2021\/03\/riviere-tarn-2-100x95.jpg\" data-src=\"https:\/\/www.camping-florac.com\/wp-content\/uploads\/2021\/03\/riviere-tarn-2.jpg\" alt=\"riviere tarn\" class=\"images_image\" \/><\/div><div class=\"image\"><img decoding=\"async\" src=\"https:\/\/www.camping-florac.com\/wp-content\/uploads\/2021\/03\/station-meteo-100x95.jpg\" data-src=\"https:\/\/www.camping-florac.com\/wp-content\/uploads\/2021\/03\/station-meteo.jpg\" alt=\"station meteo\" class=\"images_image\" \/><\/div><\/div><\/div><\/section>\n\n<section id=\"section-60507fed84658\"\" class=\"section bg-white p-t-0 p-b-0\" \/><div class=\"container  extralarge\"><div class=\"colonnes-wrap valign-middle \"><div class=\"element colonne \"><div class=\"element bloc-text justify \">\n\t<p>In der Sommersaison stellen sich <strong class=\"bold color2\">Kunsthandwerker aus<\/strong>: Nachtm\u00e4rkte, Messen&#8230; Florac Trois Rivi\u00e8res ist der ideale Ort f\u00fcr <strong class=\"bold color2\">Familienurlaub<\/strong>, weit weg von der Masse, in einer gr\u00fcnen und bewahrten Umgebung!<\/p>\n<p>Ruhe, Erholung, Tapetenwechsel, Entspannung, Geselligkeit und Sicherheit werden die Erinnerungen an Ihren <strong class=\"bold color2\">Urlaub in diesem au\u00dfergew\u00f6hnlichen Land<\/strong> sein.<\/p>\n<p>Ein Aufenthalt in Loz\u00e8re l\u00e4sst niemanden gleichg\u00fcltig und ob als Familie, als Paar, mit Freunden werden Sie <strong class=\"bold color2\">die riesige Bandbreite an M\u00f6glichkeiten genie\u00dfen, die<\/strong> diese gro\u00dfe Vielfalt an Landschaften bietet. <\/p>\n<p>Ein Paradies f\u00fcr <strong class=\"bold color2\">Liebhaber von Natur und Ruhe<\/strong>, La Loz\u00e8re ist <strong class=\"bold color2\">nat\u00fcrliche Regionen reich an Vielfalt und ohne M\u00e4\u00dfigung zu erkunden<\/strong>: Aubrac, C\u00e9vennes und Mont Loz\u00e8re, Margeride, Tarn und Jonte Gorges, Mont Aigoual, die Stadt Mende und das Lot-Tal&#8230;<\/p>\n<\/div><\/div><div class=\"element colonne \"><div class=\"element images\"><div class=\"image\"><img decoding=\"async\" src=\"https:\/\/www.camping-florac.com\/wp-content\/uploads\/2021\/03\/sainte-enimie-village-91x100.jpg\" data-src=\"https:\/\/www.camping-florac.com\/wp-content\/uploads\/2021\/03\/sainte-enimie-village.jpg\" alt=\"sainte enimie village\" class=\"images_image\" \/><\/div><\/div><\/div><div class=\"element colonne p-t-8\"><div class=\"element images\"><div class=\"image\"><img decoding=\"async\" src=\"https:\/\/www.camping-florac.com\/wp-content\/uploads\/2021\/03\/rando-lozere-90x100.jpg\" data-src=\"https:\/\/www.camping-florac.com\/wp-content\/uploads\/2021\/03\/rando-lozere.jpg\" alt=\"rando lozere\" class=\"images_image\" \/><\/div><\/div><\/div><\/div><\/div><\/section>\n\n<section id=\"section-last\"\" class=\"section bg-white p-t-0 p-b-0\" \/><div class=\"container  extralarge\"><div class=\"colonnes-wrap valign-middle \"><div class=\"element colonne p-t-8\"><div class=\"element images\"><div class=\"image\"><img decoding=\"async\" src=\"https:\/\/www.camping-florac.com\/wp-content\/uploads\/2021\/03\/gorges-jonte-vue-91x100.jpg\" data-src=\"https:\/\/www.camping-florac.com\/wp-content\/uploads\/2021\/03\/gorges-jonte-vue.jpg\" alt=\"gorges jonte vue\" class=\"images_image\" \/><\/div><\/div><\/div><div class=\"element colonne \"><div class=\"element images\"><div class=\"image\"><img decoding=\"async\" src=\"https:\/\/www.camping-florac.com\/wp-content\/uploads\/2021\/03\/chevaux-grands-causses-90x100.jpg\" data-src=\"https:\/\/www.camping-florac.com\/wp-content\/uploads\/2021\/03\/chevaux-grands-causses.jpg\" alt=\"chevaux grands causses\" class=\"images_image\" \/><\/div><\/div><\/div><div class=\"element colonne \"><div class=\"element bloc-text justify \">\n\t<p>Im Loz\u00e8re lieben wir <strong class=\"bold color2\">die Natur und leben in Harmonie mit ihr<\/strong>: 1500 km\u00b2, die zum UNESCO-Welterbe geh\u00f6ren, der Nationalpark C\u00e9vennes, die 20 Natura-2000-Gebiete, der regionale Naturpark Aubrac, die grandiosen St\u00e4tten der Schluchten von Tarn und Jonte.<\/p>\n<p>Wanderfreunden stehen 4300 km markierte Wanderwege zur Verf\u00fcgung. Kleine Wanderungen, Familienwanderungen, lange Wanderungen, bieten Ihnen atemberaubende Landschaften im Herzen von wilden, nat\u00fcrlichen und gesch\u00fctzten Gebieten.<br \/>\nLozere ist auch ein <strong class=\"bold color2\">unendlicher Spielplatz<\/strong>&#8230; Hohe Klippen zum Klettern, H\u00f6hlen und Grotten zum Erkunden, Fl\u00fcsse zum Kanufahren, Berge zum Wandern&#8230; <\/p>\n<p>Die Seen von Charpal, Moulinet, Villefort, u.a., bieten Ihnen <strong class=\"bold color2\">Momente der Entspannung<\/strong>.<\/p>\n<\/div><\/div><\/div><\/div><\/section>\n\n<section id=\"section-6050a6d7a33d2\"\" class=\"section bg-white\" \/><div class=\"container  extralarge\"><div class=\"div-titre center deco-h2\"><div class=\"element section-title \">Besichtigungen und Sehensw\u00fcrdigkeiten, die man in Loz\u00e8re nicht verpassen sollte<\/div><\/div><ul class=\"liste-de-page\"><li class=\"element call-to-action carre call-to-action--style-1 call-to-action--normal\"><a href=\"https:\/\/www.camping-florac.com\/de\/camping-gorges-du-tarn\/\"  class=\"call-to-action_link\" title=\"En savoir plus sur die gorges du tarn\"><div class=\"call-to-action_image\"><img decoding=\"async\" src=\"https:\/\/www.camping-florac.com\/wp-content\/uploads\/2021\/03\/vue-point-sublime-100x56.jpg\" data-src=\"https:\/\/www.camping-florac.com\/wp-content\/uploads\/2021\/03\/vue-point-sublime.jpg\" alt=\"vue point sublime\" class=\"normal\" \/><\/div><div class=\"call-to-action_contenu\"><div class=\"call-to-action_titre\">Die Gorges du Tarn<\/div><\/div><\/a><\/li><li class=\"element call-to-action carre call-to-action--style-1 call-to-action--normal call-to-action--style-1 call-to-action--normal\"><a href=\"https:\/\/www.camping-florac.com\/de\/camping-die-grands-causses\/\"  class=\"call-to-action_link\" title=\"En savoir plus sur die gro\u00dfen causses\"><div class=\"call-to-action_image\"><img decoding=\"async\" src=\"https:\/\/www.camping-florac.com\/wp-content\/uploads\/2021\/03\/grand-casses-tourisme-100x56.jpg\" data-src=\"https:\/\/www.camping-florac.com\/wp-content\/uploads\/2021\/03\/grand-casses-tourisme.jpg\" alt=\"grand casses tourisme\" class=\"normal\" \/><\/div><div class=\"call-to-action_contenu\"><div class=\"call-to-action_titre\">Die gro\u00dfen Causses<\/div><\/div><\/a><\/li><li class=\"element call-to-action carre call-to-action--style-1 call-to-action--normal call-to-action--style-1 call-to-action--normal call-to-action--style-1 call-to-action--normal\"><a href=\"https:\/\/www.camping-florac.com\/de\/camping-cevennes\/\"  class=\"call-to-action_link\" title=\"En savoir plus sur die cevennen\"><div class=\"call-to-action_image\"><img decoding=\"async\" src=\"https:\/\/www.camping-florac.com\/wp-content\/uploads\/2021\/03\/montagne-cevennes-100x56.jpg\" data-src=\"https:\/\/www.camping-florac.com\/wp-content\/uploads\/2021\/03\/montagne-cevennes.jpg\" alt=\"montagne cevennes\" class=\"normal\" \/><\/div><div class=\"call-to-action_contenu\"><div class=\"call-to-action_titre\">Die Cevennen<\/div><\/div><\/a><\/li><li class=\"element call-to-action carre call-to-action--style-1 call-to-action--normal call-to-action--style-1 call-to-action--normal call-to-action--style-1 call-to-action--normal call-to-action--style-1 call-to-action--normal\"><a href=\"https:\/\/www.camping-florac.com\/de\/camping-gorges-de-la-jonte\/\"  class=\"call-to-action_link\" title=\"En savoir plus sur die jonteschlucht\"><div class=\"call-to-action_image\"><img decoding=\"async\" src=\"https:\/\/www.camping-florac.com\/wp-content\/uploads\/2021\/03\/vue-gorges-jonte-100x56.jpg\" data-src=\"https:\/\/www.camping-florac.com\/wp-content\/uploads\/2021\/03\/vue-gorges-jonte.jpg\" alt=\"vue gorges jonte\" class=\"normal\" \/><\/div><div class=\"call-to-action_contenu\"><div class=\"call-to-action_titre\">Die Jonteschlucht<\/div><\/div><\/a><\/li><li class=\"element call-to-action carre call-to-action--style-1 call-to-action--normal call-to-action--style-1 call-to-action--normal call-to-action--style-1 call-to-action--normal call-to-action--style-1 call-to-action--normal call-to-action--style-1 call-to-action--normal\"><a href=\"https:\/\/www.camping-florac.com\/de\/camping-mont-aigoual\/\"  class=\"call-to-action_link\" title=\"En savoir plus sur berg aigoual\"><div class=\"call-to-action_image\"><img decoding=\"async\" src=\"https:\/\/www.camping-florac.com\/wp-content\/uploads\/2021\/03\/vue-aigoual-90x100.jpg\" data-src=\"https:\/\/www.camping-florac.com\/wp-content\/uploads\/2021\/03\/vue-aigoual.jpg\" alt=\"vue aigoual\" class=\"normal\" \/><\/div><div class=\"call-to-action_contenu\"><div class=\"call-to-action_titre\">Berg Aigoual<\/div><\/div><\/a><\/li><li class=\"element call-to-action carre call-to-action--style-1 call-to-action--normal call-to-action--style-1 call-to-action--normal call-to-action--style-1 call-to-action--normal call-to-action--style-1 call-to-action--normal call-to-action--style-1 call-to-action--normal call-to-action--style-1 call-to-action--normal\"><a href=\"https:\/\/www.camping-florac.com\/de\/camping-mont-lozere\/\"  class=\"call-to-action_link\" title=\"En savoir plus sur berg lozere\"><div class=\"call-to-action_image\"><img decoding=\"async\" src=\"https:\/\/www.camping-florac.com\/wp-content\/uploads\/2021\/03\/mont-lozere-village-100x66.jpg\" data-src=\"https:\/\/www.camping-florac.com\/wp-content\/uploads\/2021\/03\/mont-lozere-village.jpg\" alt=\"mont lozere village\" class=\"normal\" \/><\/div><div class=\"call-to-action_contenu\"><div class=\"call-to-action_titre\">Berg Lozere<\/div><\/div><\/a><\/li><\/ul><\/div><\/section>","protected":false},"excerpt":{"rendered":"","protected":false},"author":1,"featured_media":1294,"parent":0,"menu_order":0,"comment_status":"closed","ping_status":"closed","template":"","meta":{"_acf_changed":false,"footnotes":""},"class_list":["post-2417","page","type-page","status-publish","has-post-thumbnail","hentry"],"acf":[],"yoast_head":"<!-- This site is optimized with the Yoast SEO plugin v22.2 - https:\/\/yoast.com\/wordpress\/plugins\/seo\/ -->\n<title>Tourismus Lozere | Ferien in Lozere in den Gorges du Tarn<\/title>\n<meta name=\"robots\" content=\"index, follow, max-snippet:-1, max-image-preview:large, max-video-preview:-1\" \/>\n<link rel=\"canonical\" href=\"https:\/\/www.camping-florac.com\/de\/tourismus-lozere\/\" \/>\n<meta property=\"og:locale\" content=\"de_DE\" \/>\n<meta property=\"og:type\" content=\"article\" \/>\n<meta property=\"og:title\" content=\"Tourismus Lozere | Ferien in Lozere in den Gorges du Tarn\" \/>\n<meta property=\"og:url\" content=\"https:\/\/www.camping-florac.com\/de\/tourismus-lozere\/\" \/>\n<meta property=\"og:site_name\" content=\"Camping Pont du Tarn\" \/>\n<meta property=\"article:modified_time\" content=\"2021-04-02T07:12:19+00:00\" \/>\n<meta property=\"og:image\" content=\"https:\/\/www.camping-florac.com\/wp-content\/uploads\/2021\/03\/camping-lozere.jpg\" \/>\n\t<meta property=\"og:image:width\" content=\"1903\" \/>\n\t<meta property=\"og:image:height\" content=\"501\" \/>\n\t<meta property=\"og:image:type\" content=\"image\/jpeg\" \/>\n<meta name=\"twitter:card\" content=\"summary_large_image\" \/>\n<script type=\"application\/ld+json\" class=\"yoast-schema-graph\">{\"@context\":\"https:\/\/schema.org\",\"@graph\":[{\"@type\":\"WebPage\",\"@id\":\"https:\/\/www.camping-florac.com\/de\/tourismus-lozere\/\",\"url\":\"https:\/\/www.camping-florac.com\/de\/tourismus-lozere\/\",\"name\":\"Tourismus Lozere | Ferien in Lozere in den Gorges du Tarn\",\"isPartOf\":{\"@id\":\"https:\/\/www.camping-florac.com\/de\/#website\"},\"primaryImageOfPage\":{\"@id\":\"https:\/\/www.camping-florac.com\/de\/tourismus-lozere\/#primaryimage\"},\"image\":{\"@id\":\"https:\/\/www.camping-florac.com\/de\/tourismus-lozere\/#primaryimage\"},\"thumbnailUrl\":\"https:\/\/www.camping-florac.com\/wp-content\/uploads\/2021\/03\/camping-lozere.jpg\",\"datePublished\":\"2021-03-15T09:12:47+00:00\",\"dateModified\":\"2021-04-02T07:12:19+00:00\",\"breadcrumb\":{\"@id\":\"https:\/\/www.camping-florac.com\/de\/tourismus-lozere\/#breadcrumb\"},\"inLanguage\":\"de\",\"potentialAction\":[{\"@type\":\"ReadAction\",\"target\":[\"https:\/\/www.camping-florac.com\/de\/tourismus-lozere\/\"]}]},{\"@type\":\"ImageObject\",\"inLanguage\":\"de\",\"@id\":\"https:\/\/www.camping-florac.com\/de\/tourismus-lozere\/#primaryimage\",\"url\":\"https:\/\/www.camping-florac.com\/wp-content\/uploads\/2021\/03\/camping-lozere.jpg\",\"contentUrl\":\"https:\/\/www.camping-florac.com\/wp-content\/uploads\/2021\/03\/camping-lozere.jpg\",\"width\":1903,\"height\":501,\"caption\":\"camping lozere\"},{\"@type\":\"BreadcrumbList\",\"@id\":\"https:\/\/www.camping-florac.com\/de\/tourismus-lozere\/#breadcrumb\",\"itemListElement\":[{\"@type\":\"ListItem\",\"position\":1,\"name\":\"Camping Loz\u00e8re\",\"item\":\"https:\/\/www.camping-florac.com\/de\/\"},{\"@type\":\"ListItem\",\"position\":2,\"name\":\"Ferien in Lozere\"}]},{\"@type\":\"WebSite\",\"@id\":\"https:\/\/www.camping-florac.com\/de\/#website\",\"url\":\"https:\/\/www.camping-florac.com\/de\/\",\"name\":\"Camping Pont du Tarn\",\"description\":\"\",\"potentialAction\":[{\"@type\":\"SearchAction\",\"target\":{\"@type\":\"EntryPoint\",\"urlTemplate\":\"https:\/\/www.camping-florac.com\/de\/?s={search_term_string}\"},\"query-input\":\"required name=search_term_string\"}],\"inLanguage\":\"de\"}]}<\/script>\n<!-- \/ Yoast SEO plugin. -->","yoast_head_json":{"title":"Tourismus Lozere | Ferien in Lozere in den Gorges du Tarn","robots":{"index":"index","follow":"follow","max-snippet":"max-snippet:-1","max-image-preview":"max-image-preview:large","max-video-preview":"max-video-preview:-1"},"canonical":"https:\/\/www.camping-florac.com\/de\/tourismus-lozere\/","og_locale":"de_DE","og_type":"article","og_title":"Tourismus Lozere | Ferien in Lozere in den Gorges du Tarn","og_url":"https:\/\/www.camping-florac.com\/de\/tourismus-lozere\/","og_site_name":"Camping Pont du Tarn","article_modified_time":"2021-04-02T07:12:19+00:00","og_image":[{"width":1903,"height":501,"url":"https:\/\/www.camping-florac.com\/wp-content\/uploads\/2021\/03\/camping-lozere.jpg","type":"image\/jpeg"}],"twitter_card":"summary_large_image","schema":{"@context":"https:\/\/schema.org","@graph":[{"@type":"WebPage","@id":"https:\/\/www.camping-florac.com\/de\/tourismus-lozere\/","url":"https:\/\/www.camping-florac.com\/de\/tourismus-lozere\/","name":"Tourismus Lozere | Ferien in Lozere in den Gorges du Tarn","isPartOf":{"@id":"https:\/\/www.camping-florac.com\/de\/#website"},"primaryImageOfPage":{"@id":"https:\/\/www.camping-florac.com\/de\/tourismus-lozere\/#primaryimage"},"image":{"@id":"https:\/\/www.camping-florac.com\/de\/tourismus-lozere\/#primaryimage"},"thumbnailUrl":"https:\/\/www.camping-florac.com\/wp-content\/uploads\/2021\/03\/camping-lozere.jpg","datePublished":"2021-03-15T09:12:47+00:00","dateModified":"2021-04-02T07:12:19+00:00","breadcrumb":{"@id":"https:\/\/www.camping-florac.com\/de\/tourismus-lozere\/#breadcrumb"},"inLanguage":"de","potentialAction":[{"@type":"ReadAction","target":["https:\/\/www.camping-florac.com\/de\/tourismus-lozere\/"]}]},{"@type":"ImageObject","inLanguage":"de","@id":"https:\/\/www.camping-florac.com\/de\/tourismus-lozere\/#primaryimage","url":"https:\/\/www.camping-florac.com\/wp-content\/uploads\/2021\/03\/camping-lozere.jpg","contentUrl":"https:\/\/www.camping-florac.com\/wp-content\/uploads\/2021\/03\/camping-lozere.jpg","width":1903,"height":501,"caption":"camping lozere"},{"@type":"BreadcrumbList","@id":"https:\/\/www.camping-florac.com\/de\/tourismus-lozere\/#breadcrumb","itemListElement":[{"@type":"ListItem","position":1,"name":"Camping Loz\u00e8re","item":"https:\/\/www.camping-florac.com\/de\/"},{"@type":"ListItem","position":2,"name":"Ferien in Lozere"}]},{"@type":"WebSite","@id":"https:\/\/www.camping-florac.com\/de\/#website","url":"https:\/\/www.camping-florac.com\/de\/","name":"Camping Pont du Tarn","description":"","potentialAction":[{"@type":"SearchAction","target":{"@type":"EntryPoint","urlTemplate":"https:\/\/www.camping-florac.com\/de\/?s={search_term_string}"},"query-input":"required name=search_term_string"}],"inLanguage":"de"}]}},"_links":{"self":[{"href":"https:\/\/www.camping-florac.com\/de\/wp-json\/wp\/v2\/pages\/2417","targetHints":{"allow":["GET"]}}],"collection":[{"href":"https:\/\/www.camping-florac.com\/de\/wp-json\/wp\/v2\/pages"}],"about":[{"href":"https:\/\/www.camping-florac.com\/de\/wp-json\/wp\/v2\/types\/page"}],"author":[{"embeddable":true,"href":"https:\/\/www.camping-florac.com\/de\/wp-json\/wp\/v2\/users\/1"}],"replies":[{"embeddable":true,"href":"https:\/\/www.camping-florac.com\/de\/wp-json\/wp\/v2\/comments?post=2417"}],"version-history":[{"count":4,"href":"https:\/\/www.camping-florac.com\/de\/wp-json\/wp\/v2\/pages\/2417\/revisions"}],"predecessor-version":[{"id":2535,"href":"https:\/\/www.camping-florac.com\/de\/wp-json\/wp\/v2\/pages\/2417\/revisions\/2535"}],"wp:featuredmedia":[{"embeddable":true,"href":"https:\/\/www.camping-florac.com\/de\/wp-json\/wp\/v2\/media\/1294"}],"wp:attachment":[{"href":"https:\/\/www.camping-florac.com\/de\/wp-json\/wp\/v2\/media?parent=2417"}],"curies":[{"name":"wp","href":"https:\/\/api.w.org\/{rel}","templated":true}]}}